{"id":5805,"date":"2024-01-25T11:20:28","date_gmt":"2024-01-25T10:20:28","guid":{"rendered":"https:\/\/schupp.ch\/p\/bande-adhesive-en-tissu-de-verre-3\/"},"modified":"2025-11-14T14:48:27","modified_gmt":"2025-11-14T13:48:27","slug":"bande-adhesive-en-tissu-de-verre-3","status":"publish","type":"product","link":"https:\/\/schupp.ch\/fr\/p\/bande-adhesive-en-tissu-de-verre-3\/","title":{"rendered":"Ruban adh\u00e9sive en tissu de verre"},"content":{"rendered":"<p>&nbsp;<\/p>\n<p><strong>Caract\u00e9ristiques :<br \/>\n<\/strong>Adapt\u00e9 aux temp\u00e9ratures \u00e9lev\u00e9es gr\u00e2ce \u00e0 l&rsquo;adh\u00e9sif polysiloxane.<\/p>\n<p><strong>Tension de claquage :<br \/>\n<\/strong>2000 Veff<\/p>\n<p><strong>Applications : <\/strong>Construction de moteurs et de transformateurs.<\/p>\n<p>&nbsp;<\/p>\n<table width=\"647\">\n<tbody>\n<tr>\n<td width=\"133\"><strong>Num\u00e9ro principal<\/strong><\/td>\n<td width=\"170\">Mat\u00e9riel de base<\/td>\n<td width=\"155\">Couleur<\/td>\n<td width=\"85\">\u00c9paisseur [mm]<\/td>\n<td width=\"104\">Adh\u00e9sif<\/td>\n<\/tr>\n<tr>\n<td width=\"133\"><a href=\"https:\/\/nx5412.your-storageshare.de\/s\/jWTeKzTrdiXnCcJ\" target=\"_blank\" rel=\"noopener\">EK84150<\/a><\/td>\n<td width=\"170\">Tissu de verre<\/td>\n<td width=\"155\">blanc<\/td>\n<td width=\"85\">0,170\u00b110%<\/td>\n<td width=\"104\">Polysiloxane<\/td>\n<\/tr>\n<\/tbody>\n<\/table>\n<p>&nbsp;<\/p>\n<p>Les fiches techniques sont disponibles sur demande ou en cliquant sur num\u00e9ro de fiche.<\/p>\n<p>&nbsp;<\/p>\n<p><strong>Num\u00e9ro d&rsquo;article : <\/strong><\/p>\n<p>Exemple : EK65120\/025.0<br \/>\nEK65120 = num\u00e9ro de base<br \/>\n025.0 = largeur en mm<\/p>\n<p>&nbsp;<\/p>\n","protected":false},"excerpt":{"rendered":"<p>&nbsp;<\/p>\n<h5>Ruban tr\u00e8s robuste r\u00e9sistant aux hautes temp\u00e9ratures pour le regroupement et l&rsquo;isolation dans la construction de moteurs et de transformateurs<\/h5>\n<p>&nbsp;<\/p>\n<p>&nbsp;<\/p>\n","protected":false},"featured_media":4826,"template":"","meta":{"_acf_changed":false},"product_brand":[],"product_cat":[165,230],"product_tag":[],"class_list":{"0":"post-5805","1":"product","2":"type-product","3":"status-publish","4":"has-post-thumbnail","6":"product_cat-bandes-techniques","7":"product_cat-rubans-adhesifs-electriques-pour-classe-thermique-h-180-c","9":"first","10":"instock","11":"shipping-taxable","12":"purchasable","13":"product-type-simple"},"acf":[],"_links":{"self":[{"href":"https:\/\/schupp.ch\/fr\/wp-json\/wp\/v2\/product\/5805","targetHints":{"allow":["GET"]}}],"collection":[{"href":"https:\/\/schupp.ch\/fr\/wp-json\/wp\/v2\/product"}],"about":[{"href":"https:\/\/schupp.ch\/fr\/wp-json\/wp\/v2\/types\/product"}],"wp:featuredmedia":[{"embeddable":true,"href":"https:\/\/schupp.ch\/fr\/wp-json\/wp\/v2\/media\/4826"}],"wp:attachment":[{"href":"https:\/\/schupp.ch\/fr\/wp-json\/wp\/v2\/media?parent=5805"}],"wp:term":[{"taxonomy":"product_brand","embeddable":true,"href":"https:\/\/schupp.ch\/fr\/wp-json\/wp\/v2\/product_brand?post=5805"},{"taxonomy":"product_cat","embeddable":true,"href":"https:\/\/schupp.ch\/fr\/wp-json\/wp\/v2\/product_cat?post=5805"},{"taxonomy":"product_tag","embeddable":true,"href":"https:\/\/schupp.ch\/fr\/wp-json\/wp\/v2\/product_tag?post=5805"}],"curies":[{"name":"wp","href":"https:\/\/api.w.org\/{rel}","templated":true}]}}