{"id":5807,"date":"2024-01-25T11:18:15","date_gmt":"2024-01-25T10:18:15","guid":{"rendered":"https:\/\/schupp.ch\/p\/ruban-adhesif-en-nomex-aramide\/"},"modified":"2025-11-14T17:07:52","modified_gmt":"2025-11-14T16:07:52","slug":"ruban-adhesif-en-nomex-aramide","status":"publish","type":"product","link":"https:\/\/schupp.ch\/fr\/p\/ruban-adhesif-en-nomex-aramide\/","title":{"rendered":"Rubans adh\u00e9sifs en Nomex\u00ae (Aramide)"},"content":{"rendered":"<p>&nbsp;<\/p>\n<p><strong>Tension de claquage :<br \/>\n<\/strong>800 Veff -8000 Veff (selon l&rsquo;\u00e9paisseur)<\/p>\n<p><strong>Applications :<br \/>\n<\/strong>Construction de moteurs et de transformateurs<\/p>\n<p><strong>Approbation :<\/strong><br \/>\nList\u00e9 UL 510 (retardanteur de combusion)<\/p>\n<p>&nbsp;<\/p>\n<table width=\"643\">\n<tbody>\n<tr>\n<td width=\"123\"><strong>Num\u00e9ro principal<\/strong><\/td>\n<td width=\"198\">Mat\u00e9riel de base<\/td>\n<td width=\"85\">Couleur<\/td>\n<td width=\"114\">\u00c9paisseur [mm]<\/td>\n<td width=\"123\">Adh\u00e9sif<\/td>\n<\/tr>\n<tr>\n<td width=\"123\"><a href=\"https:\/\/nx5412.your-storageshare.de\/s\/PFs8qawP39mCZ6q\" target=\"_blank\" rel=\"noopener\">EK65120<\/a><\/td>\n<td width=\"198\">Nomex\u00ae 410<\/td>\n<td width=\"85\">chamois<\/td>\n<td width=\"114\">environ 0,110<\/td>\n<td width=\"123\">Acrylate<\/td>\n<\/tr>\n<tr>\n<td width=\"123\"><a href=\"https:\/\/nx5412.your-storageshare.de\/s\/iRpC8SDND2gSGqg\" target=\"_blank\" rel=\"noopener\">EK65121<\/a><\/td>\n<td width=\"198\">Nomex\u00ae 410<\/td>\n<td width=\"85\">chamois<\/td>\n<td width=\"114\">environ 0,080<\/td>\n<td width=\"123\">Acrylate<\/td>\n<\/tr>\n<tr>\n<td width=\"123\"><a href=\"https:\/\/nx5412.your-storageshare.de\/s\/Dbgbfs8qBMj5zbM\" target=\"_blank\" rel=\"noopener\">EK65123<\/a><\/td>\n<td width=\"198\">Nomex\u00ae 410<\/td>\n<td width=\"85\">chamois<\/td>\n<td width=\"114\">0,180\u00b110%<\/td>\n<td width=\"123\">Acrylate<\/td>\n<\/tr>\n<\/tbody>\n<\/table>\n<p>&nbsp;<\/p>\n","protected":false},"excerpt":{"rendered":"<p>&nbsp;<\/p>\n<h5>Rubans adh\u00e9sifs avec papier synth\u00e9tique r\u00e9sistant aux hautes temp\u00e9ratures et aux produits chimiques, avec une grande r\u00e9sistance di\u00e9lectrique, pour la construction de transformateurs et de moteurs, par exemple l&rsquo;enrobage de l&rsquo;armature ou l&rsquo;isolation de phase dans la cr\u00e9ation de la ligne de fuite et de la distance dans l&rsquo;air dans les bobines (DIN EN 61558)<\/h5>\n<p>&nbsp;<\/p>\n<p>&nbsp;<\/p>\n","protected":false},"featured_media":1502,"template":"","meta":{"_acf_changed":false},"product_brand":[],"product_cat":[165,230],"product_tag":[],"class_list":{"0":"post-5807","1":"product","2":"type-product","3":"status-publish","4":"has-post-thumbnail","6":"product_cat-bandes-techniques","7":"product_cat-rubans-adhesifs-electriques-pour-classe-thermique-h-180-c","9":"first","10":"instock","11":"shipping-taxable","12":"purchasable","13":"product-type-simple"},"acf":[],"_links":{"self":[{"href":"https:\/\/schupp.ch\/fr\/wp-json\/wp\/v2\/product\/5807","targetHints":{"allow":["GET"]}}],"collection":[{"href":"https:\/\/schupp.ch\/fr\/wp-json\/wp\/v2\/product"}],"about":[{"href":"https:\/\/schupp.ch\/fr\/wp-json\/wp\/v2\/types\/product"}],"wp:featuredmedia":[{"embeddable":true,"href":"https:\/\/schupp.ch\/fr\/wp-json\/wp\/v2\/media\/1502"}],"wp:attachment":[{"href":"https:\/\/schupp.ch\/fr\/wp-json\/wp\/v2\/media?parent=5807"}],"wp:term":[{"taxonomy":"product_brand","embeddable":true,"href":"https:\/\/schupp.ch\/fr\/wp-json\/wp\/v2\/product_brand?post=5807"},{"taxonomy":"product_cat","embeddable":true,"href":"https:\/\/schupp.ch\/fr\/wp-json\/wp\/v2\/product_cat?post=5807"},{"taxonomy":"product_tag","embeddable":true,"href":"https:\/\/schupp.ch\/fr\/wp-json\/wp\/v2\/product_tag?post=5807"}],"curies":[{"name":"wp","href":"https:\/\/api.w.org\/{rel}","templated":true}]}}