{"id":5809,"date":"2024-01-25T11:22:52","date_gmt":"2024-01-25T10:22:52","guid":{"rendered":"https:\/\/schupp.ch\/p\/rubans-adhesifs-kapton\/"},"modified":"2025-11-14T16:43:36","modified_gmt":"2025-11-14T15:43:36","slug":"rubans-adhesifs-kapton","status":"publish","type":"product","link":"https:\/\/schupp.ch\/fr\/p\/rubans-adhesifs-kapton\/","title":{"rendered":"Rubans adh\u00e9sifs Kapton\u00ae (Polyimide) avec approbation UL"},"content":{"rendered":"<p>&nbsp;<\/p>\n<p><strong>Caract\u00e9ristiques EK70100 :<br \/>\n<\/strong>Excellent film d&rsquo;isolation pour les applications les plus exigeantes. Haute rigidit\u00e9 di\u00e9lectrique, bonnes propri\u00e9t\u00e9s m\u00e9caniques m\u00eame \u00e0 des temp\u00e9ratures \u00e9lev\u00e9es. Kapton\u00ae est ignifug\u00e9 selon la norme UL 94 V0.<\/p>\n<p><strong>Tension de claquage :<br \/>\n<\/strong>7000 Veff<\/p>\n<p><strong>Applications :<br \/>\n<\/strong>Isolation peu encombrante dans la plage des hautes temp\u00e9ratures, meilleures r\u00e9serves d&rsquo;isolation en cas de surcharges occasionnelles.<\/p>\n<p><strong>Approbation:<\/strong><br \/>\nList\u00e9 UL 510<\/p>\n<table>\n<tbody>\n<tr>\n<td rowspan=\"2\" width=\"133\"><strong>Num\u00e9ro principal<\/strong><\/td>\n<td rowspan=\"2\" width=\"161\">Mat\u00e9riel de base<\/td>\n<td rowspan=\"2\" width=\"84\">Couleur<\/td>\n<td colspan=\"2\" width=\"161\">\u00c9paisseur [mm]<\/td>\n<td rowspan=\"2\" width=\"95\">Adh\u00e9sif<\/td>\n<\/tr>\n<tr>\n<td width=\"85\">sans adh\u00e9sif<\/td>\n<td width=\"76\">avec adh\u00e9sif<\/td>\n<\/tr>\n<tr>\n<td width=\"133\"><a href=\"https:\/\/nx5412.your-storageshare.de\/s\/5RnHite7R28bJEk\" target=\"_blank\" rel=\"noopener\">EK70100<\/a><\/td>\n<td width=\"161\">Kapton \u00ae (film polyimide)<\/td>\n<td width=\"84\">marron<\/td>\n<td width=\"85\">0,025\u00b110%<\/td>\n<td width=\"76\">0,055\u00b110%<\/td>\n<td width=\"95\">Acrylate<\/td>\n<\/tr>\n<\/tbody>\n<\/table>\n<p>&nbsp;<\/p>\n<p>&nbsp;<\/p>\n<p><strong>Caract\u00e9ristiques EK70105 :<br \/>\n<\/strong>Comme <strong>EK70100<\/strong>, mais r\u00e9sistance \u00e0 la tension plus \u00e9lev\u00e9e gr\u00e2ce \u00e0 un film plus \u00e9pais<\/p>\n<p><strong>Tension de claquage :<br \/>\n<\/strong>12000 Veff<\/p>\n<p><strong>Applications :<br \/>\n<\/strong>Isolation peu encombrante dans les zones \u00e0 haute temp\u00e9rature, meilleures r\u00e9serves d&rsquo;isolation en cas de surcharges occasionnelles.<\/p>\n<p><strong>Approbation:<\/strong><br \/>\nList\u00e9 UL 510<\/p>\n<table>\n<tbody>\n<tr>\n<td rowspan=\"2\" width=\"132\"><strong>Num\u00e9ro principal<\/strong><\/td>\n<td rowspan=\"2\" width=\"165\">Mat\u00e9riel de base<\/td>\n<td rowspan=\"2\" width=\"81\">Couleur<\/td>\n<td colspan=\"2\" width=\"161\">\u00c9paisseur [mm]<\/td>\n<td rowspan=\"2\" width=\"95\">Adh\u00e9sif<\/td>\n<\/tr>\n<tr>\n<td width=\"85\">sans adh\u00e9sif<\/td>\n<td width=\"76\">avec adh\u00e9sif<\/td>\n<\/tr>\n<tr>\n<td width=\"132\"><a href=\"https:\/\/nx5412.your-storageshare.de\/s\/Mey5xbRqzmcSMp7\" target=\"_blank\" rel=\"noopener\">EK70105<\/a><\/td>\n<td width=\"165\">Kapton \u00ae (film polyimide)<\/td>\n<td width=\"81\">marron<\/td>\n<td width=\"85\">0,050\u00b110%<\/td>\n<td width=\"76\">0,080\u00b110%<\/td>\n<td width=\"95\">Acrylate<\/td>\n<\/tr>\n<\/tbody>\n<\/table>\n<p>&nbsp;<\/p>\n<p>&nbsp;<\/p>\n<p><strong>Caract\u00e9ristiques\u00a0 EK70110:<br \/>\n<\/strong>Ruban adh\u00e9sif isolant universel, r\u00e9sistant aux temp\u00e9ratures \u00e9lev\u00e9es, pour les exigences les plus \u00e9lev\u00e9es<\/p>\n<p><strong>Tension de claquage :<br \/>\n<\/strong>6000 Veff<\/p>\n<p><strong>Applications : <\/strong>Industrie a\u00e9rospatiale, construction de centrales nucl\u00e9aires, couvertures dans les bains de soudure<\/p>\n<p><strong>Approbation:<\/strong><br \/>\nList\u00e9 UL 510<\/p>\n<table>\n<tbody>\n<tr>\n<td rowspan=\"2\" width=\"123\"><strong>Num\u00e9ro principal<\/strong><\/td>\n<td rowspan=\"2\" width=\"173\">Mat\u00e9riel de base<\/td>\n<td rowspan=\"2\" width=\"82\">Couleur<\/td>\n<td colspan=\"2\" width=\"161\">\u00c9paisseur [mm]<\/td>\n<td rowspan=\"2\" width=\"95\">Adh\u00e9sif<\/td>\n<\/tr>\n<tr>\n<td width=\"85\">sans adh\u00e9sif<\/td>\n<td width=\"76\">avec adh\u00e9sif<\/td>\n<\/tr>\n<tr>\n<td width=\"123\"><a href=\"https:\/\/nx5412.your-storageshare.de\/s\/9ccdLnQ783CdbdJ\" target=\"_blank\" rel=\"noopener\">EK70110<\/a><\/td>\n<td width=\"173\">Kapton \u00ae (film polyimide)<\/td>\n<td width=\"82\">marron<\/td>\n<td width=\"85\">0,025\u00b110%<\/td>\n<td width=\"76\">0,060\u00b110%<\/td>\n<td width=\"95\">Polysiloxane<\/td>\n<\/tr>\n<\/tbody>\n<\/table>\n<p>&nbsp;<\/p>\n<p>&nbsp;<\/p>\n<p><strong>Caract\u00e9ristiques EK70115 (sans approbation UL) :<br \/>\n<\/strong>Comme <strong>EK70110<\/strong>, mais r\u00e9sistance \u00e0 la tension plus \u00e9lev\u00e9e gr\u00e2ce \u00e0 un film plus \u00e9pais<\/p>\n<p><strong>Tension de claquage :<br \/>\n<\/strong>12000 Veff<\/p>\n<p><strong>Applications : <\/strong>Industrie a\u00e9rospatiale, construction de centrales nucl\u00e9aires, couvertures dans le bain de soudure<\/p>\n<table>\n<tbody>\n<tr>\n<td rowspan=\"2\" width=\"123\"><strong>Num\u00e9ro principal<\/strong><\/td>\n<td rowspan=\"2\" width=\"176\">Mat\u00e9riel de base<\/td>\n<td rowspan=\"2\" width=\"79\">Couleur<\/td>\n<td colspan=\"2\" width=\"161\">\u00c9paisseur [mm]<\/td>\n<td rowspan=\"2\" width=\"95\">Adh\u00e9sif<\/td>\n<\/tr>\n<tr>\n<td width=\"85\">sans adh\u00e9sif<\/td>\n<td width=\"76\">avec adh\u00e9sif<\/td>\n<\/tr>\n<tr>\n<td width=\"123\"><a href=\"https:\/\/nx5412.your-storageshare.de\/s\/C9sWqoqnnYq9BTM\" target=\"_blank\" rel=\"noopener\">EK70115<\/a><\/td>\n<td width=\"176\">Kapton \u00ae (film polyimide)<\/td>\n<td width=\"79\">marron<\/td>\n<td width=\"85\">0,050\u00b110%<\/td>\n<td width=\"76\">0,100\u00b110%<\/td>\n<td width=\"95\">Polysiloxane<\/td>\n<\/tr>\n<\/tbody>\n<\/table>\n<p>&nbsp;<\/p>\n<p>&nbsp;<\/p>\n<p><strong>Caract\u00e9ristiques EK70849 (sans approbation UL) :<br \/>\n<\/strong>R\u00e9sistance \u00e0 la tension plus \u00e9lev\u00e9e gr\u00e2ce \u00e0 un film plus \u00e9pais<\/p>\n<p><strong>Tension de claquage : <\/strong>12&rsquo;000 Veff<\/p>\n<p><strong>Applications : <\/strong>Industrie a\u00e9rospatiale, construction de centrales nucl\u00e9aires, couvertures dans le bain de soudure<\/p>\n<table>\n<tbody>\n<tr>\n<td rowspan=\"2\" width=\"123\"><strong>Num\u00e9ro principal<\/strong><\/td>\n<td rowspan=\"2\" width=\"176\">Mat\u00e9riel de base<\/td>\n<td rowspan=\"2\" width=\"79\">Couleur<\/td>\n<td colspan=\"2\" width=\"161\">\u00c9paisseur [mm]<\/td>\n<td rowspan=\"2\" width=\"95\">Adh\u00e9sif<\/td>\n<\/tr>\n<tr>\n<td width=\"85\">sans adh\u00e9sif<\/td>\n<td width=\"76\">avec adh\u00e9sif<\/td>\n<\/tr>\n<tr>\n<td width=\"123\"><a href=\"https:\/\/nx5412.your-storageshare.de\/s\/8Np2taqi5WGaSE2\" target=\"_blank\" rel=\"noopener\">EK70849<\/a><\/td>\n<td width=\"176\">Kapton \u00ae HN (film polyimide)<\/td>\n<td width=\"79\">marron<\/td>\n<td width=\"85\">0,125\u00b110%<\/td>\n<td width=\"76\">0,160\u00b110%<\/td>\n<td width=\"95\">Polysiloxane<\/td>\n<\/tr>\n<\/tbody>\n<\/table>\n<p>&nbsp;<\/p>\n<p>Les fiches techniques sont disponibles sur demande ou en cliquant sur le num\u00e9ro de fiche.<\/p>\n<p>&nbsp;<\/p>\n<p><strong>Num\u00e9ro d&rsquo;article : <\/strong><\/p>\n<p>Exemple : EK70115\/025.0<br \/>\nEK70115 = num\u00e9ro de base<br \/>\n025.0 = largeur en mm<\/p>\n<p>&nbsp;<\/p>\n","protected":false},"excerpt":{"rendered":"<p>&nbsp;<\/p>\n<h5>Rubans adh\u00e9sifs isolants exceptionnels pour les exigences les plus \u00e9lev\u00e9es, haute r\u00e9sistance \u00e0 la perforation et bonnes propri\u00e9t\u00e9s m\u00e9caniques, m\u00eame \u00e0 des temp\u00e9ratures \u00e9lev\u00e9es<\/h5>\n<p>&nbsp;<\/p>\n","protected":false},"featured_media":4830,"template":"","meta":{"_acf_changed":false},"product_brand":[],"product_cat":[165,230,229],"product_tag":[],"class_list":{"0":"post-5809","1":"product","2":"type-product","3":"status-publish","4":"has-post-thumbnail","6":"product_cat-bandes-techniques","7":"product_cat-rubans-adhesifs-electriques-pour-classe-thermique-h-180-c","8":"product_cat-bandes-et-applications-speciales","10":"first","11":"instock","12":"shipping-taxable","13":"purchasable","14":"product-type-simple"},"acf":[],"_links":{"self":[{"href":"https:\/\/schupp.ch\/fr\/wp-json\/wp\/v2\/product\/5809","targetHints":{"allow":["GET"]}}],"collection":[{"href":"https:\/\/schupp.ch\/fr\/wp-json\/wp\/v2\/product"}],"about":[{"href":"https:\/\/schupp.ch\/fr\/wp-json\/wp\/v2\/types\/product"}],"wp:featuredmedia":[{"embeddable":true,"href":"https:\/\/schupp.ch\/fr\/wp-json\/wp\/v2\/media\/4830"}],"wp:attachment":[{"href":"https:\/\/schupp.ch\/fr\/wp-json\/wp\/v2\/media?parent=5809"}],"wp:term":[{"taxonomy":"product_brand","embeddable":true,"href":"https:\/\/schupp.ch\/fr\/wp-json\/wp\/v2\/product_brand?post=5809"},{"taxonomy":"product_cat","embeddable":true,"href":"https:\/\/schupp.ch\/fr\/wp-json\/wp\/v2\/product_cat?post=5809"},{"taxonomy":"product_tag","embeddable":true,"href":"https:\/\/schupp.ch\/fr\/wp-json\/wp\/v2\/product_tag?post=5809"}],"curies":[{"name":"wp","href":"https:\/\/api.w.org\/{rel}","templated":true}]}}