{"id":5812,"date":"2024-01-25T11:19:13","date_gmt":"2024-01-25T10:19:13","guid":{"rendered":"https:\/\/schupp.ch\/p\/ruban-adhesif-en-nomex-aramide-2\/"},"modified":"2025-11-14T18:01:00","modified_gmt":"2025-11-14T17:01:00","slug":"ruban-adhesif-en-nomex-aramide-2","status":"publish","type":"product","link":"https:\/\/schupp.ch\/fr\/p\/ruban-adhesif-en-nomex-aramide-2\/","title":{"rendered":"Ruban adh\u00e9sif en Nomex\u00ae 356 (Aramide) Papier"},"content":{"rendered":"<p>&nbsp;<\/p>\n<p><strong>Caract\u00e9ristiques :<br \/>\n<\/strong>Papier Nomex \u00e0 peine calandr\u00e9, d&rsquo;o\u00f9 un bon effet de rembourrage et une bonne absorption de l&rsquo;impr\u00e9gnation, bien utilisable par exemple comme isolation de t\u00eate de bobine et comme pi\u00e8ces d\u00e9coup\u00e9es<\/p>\n<p><strong>Tension de claquage :<br \/>\n<\/strong>3500 Veff<\/p>\n<p><strong>Applications :<br \/>\n<\/strong>Construction de g\u00e9n\u00e9rateurs, de moteurs et de transformateurs.<\/p>\n<p>&nbsp;<\/p>\n<p>&nbsp;<\/p>\n<table width=\"643\">\n<tbody>\n<tr>\n<td width=\"132\"><strong>Num\u00e9ro principal<\/strong><\/td>\n<td width=\"170\">Mat\u00e9riel de base<\/td>\n<td width=\"161\">Couleur<\/td>\n<td width=\"76\">\u00c9paisseur [mm]<\/td>\n<td width=\"104\">Adh\u00e9sif<\/td>\n<\/tr>\n<tr>\n<td width=\"132\"><a href=\"https:\/\/nx5412.your-storageshare.de\/s\/8yJfEQPBP7iyMKf\" target=\"_blank\" rel=\"noopener\">EK65758<\/a><\/td>\n<td width=\"170\">Nomex\u00ae 356 (aramide) Papier<\/td>\n<td width=\"161\">chamois, blanc, rouge ray\u00e9<\/td>\n<td width=\"76\">0,170\u00b110%<\/td>\n<td width=\"104\">Acrylate<\/td>\n<\/tr>\n<\/tbody>\n<\/table>\n<p>&nbsp;<\/p>\n","protected":false},"excerpt":{"rendered":"<p>&nbsp;<\/p>\n<h5>Ce ruban adh\u00e9sif Nomex\u00ae convient \u00e0 une utilisation g\u00e9n\u00e9rale dans le domaine de l&rsquo;isolation pour la construction de g\u00e9n\u00e9rateurs, de moteurs et de transformateurs. Le papier support Nomes\u00ae 356 se caract\u00e9rise par une excellente absorption des agents d&rsquo;impr\u00e9gnation.<\/h5>\n<p>&nbsp;<\/p>\n<p>&nbsp;<\/p>\n","protected":false},"featured_media":4842,"template":"","meta":{"_acf_changed":false},"product_brand":[],"product_cat":[165,230],"product_tag":[],"class_list":{"0":"post-5812","1":"product","2":"type-product","3":"status-publish","4":"has-post-thumbnail","6":"product_cat-bandes-techniques","7":"product_cat-rubans-adhesifs-electriques-pour-classe-thermique-h-180-c","9":"first","10":"instock","11":"shipping-taxable","12":"purchasable","13":"product-type-simple"},"acf":[],"_links":{"self":[{"href":"https:\/\/schupp.ch\/fr\/wp-json\/wp\/v2\/product\/5812","targetHints":{"allow":["GET"]}}],"collection":[{"href":"https:\/\/schupp.ch\/fr\/wp-json\/wp\/v2\/product"}],"about":[{"href":"https:\/\/schupp.ch\/fr\/wp-json\/wp\/v2\/types\/product"}],"wp:featuredmedia":[{"embeddable":true,"href":"https:\/\/schupp.ch\/fr\/wp-json\/wp\/v2\/media\/4842"}],"wp:attachment":[{"href":"https:\/\/schupp.ch\/fr\/wp-json\/wp\/v2\/media?parent=5812"}],"wp:term":[{"taxonomy":"product_brand","embeddable":true,"href":"https:\/\/schupp.ch\/fr\/wp-json\/wp\/v2\/product_brand?post=5812"},{"taxonomy":"product_cat","embeddable":true,"href":"https:\/\/schupp.ch\/fr\/wp-json\/wp\/v2\/product_cat?post=5812"},{"taxonomy":"product_tag","embeddable":true,"href":"https:\/\/schupp.ch\/fr\/wp-json\/wp\/v2\/product_tag?post=5812"}],"curies":[{"name":"wp","href":"https:\/\/api.w.org\/{rel}","templated":true}]}}