{"id":5813,"date":"2024-01-25T11:23:41","date_gmt":"2024-01-25T10:23:41","guid":{"rendered":"https:\/\/schupp.ch\/p\/ruban-adhesif-kapton-73250-thermoconducteur\/"},"modified":"2025-11-14T15:23:25","modified_gmt":"2025-11-14T14:23:25","slug":"ruban-adhesif-kapton-73250-thermoconducteur","status":"publish","type":"product","link":"https:\/\/schupp.ch\/fr\/p\/ruban-adhesif-kapton-73250-thermoconducteur\/","title":{"rendered":"Ruban adh\u00e9sif Kapton\u00ae, thermoconducteur"},"content":{"rendered":"<p>&nbsp;<\/p>\n<p><strong>Propri\u00e9t\u00e9s :<br \/>\n<\/strong>Conducteur de temp\u00e9ratures gr\u00e2ce \u00e0 l&rsquo;inclusion de particules de c\u00e9ramique<\/p>\n<p><strong>Tension de claquage :<br \/>\n<\/strong>&gt; 5400 Veff<\/p>\n<p><strong>Applications :<br \/>\n<\/strong>\u00e0 des temp\u00e9ratures plus \u00e9lev\u00e9es<\/p>\n<p>&nbsp;<\/p>\n<table>\n<tbody>\n<tr>\n<td rowspan=\"2\" width=\"123\"><strong>Num\u00e9ro principal<\/strong><\/td>\n<td rowspan=\"2\" width=\"176\">Mat\u00e9riel de base<\/td>\n<td rowspan=\"2\" width=\"79\">Couleur<\/td>\n<td colspan=\"2\" width=\"161\">\u00c9paisseur [mm]<\/td>\n<td rowspan=\"2\" width=\"95\">Adh\u00e9sif<\/td>\n<\/tr>\n<tr>\n<td width=\"85\">Supports<\/td>\n<td width=\"76\">Total<\/td>\n<\/tr>\n<tr>\n<td width=\"123\"><strong>EK73250<\/strong><\/td>\n<td width=\"176\">Kapton \u00ae (film polyimide)<\/td>\n<td width=\"79\">marron<\/td>\n<td width=\"85\">environ 0,025<\/td>\n<td width=\"76\">environ 0,045<\/td>\n<td width=\"95\">Polysiloxane<\/td>\n<\/tr>\n<\/tbody>\n<\/table>\n<p>&nbsp;<\/p>\n","protected":false},"excerpt":{"rendered":"<p>&nbsp;<\/p>\n<h5>Ruban adh\u00e9sif thermoconducteur gr\u00e2ce \u00e0 l&rsquo;incorporation de particules c\u00e9ramiques dans l&rsquo;adh\u00e9sif<\/h5>\n<p>&nbsp;<\/p>\n<p>&nbsp;<\/p>\n","protected":false},"featured_media":4830,"template":"","meta":{"_acf_changed":false},"product_brand":[],"product_cat":[165,230,229],"product_tag":[],"class_list":{"0":"post-5813","1":"product","2":"type-product","3":"status-publish","4":"has-post-thumbnail","6":"product_cat-bandes-techniques","7":"product_cat-rubans-adhesifs-electriques-pour-classe-thermique-h-180-c","8":"product_cat-bandes-et-applications-speciales","10":"first","11":"instock","12":"shipping-taxable","13":"purchasable","14":"product-type-simple"},"acf":[],"_links":{"self":[{"href":"https:\/\/schupp.ch\/fr\/wp-json\/wp\/v2\/product\/5813","targetHints":{"allow":["GET"]}}],"collection":[{"href":"https:\/\/schupp.ch\/fr\/wp-json\/wp\/v2\/product"}],"about":[{"href":"https:\/\/schupp.ch\/fr\/wp-json\/wp\/v2\/types\/product"}],"wp:featuredmedia":[{"embeddable":true,"href":"https:\/\/schupp.ch\/fr\/wp-json\/wp\/v2\/media\/4830"}],"wp:attachment":[{"href":"https:\/\/schupp.ch\/fr\/wp-json\/wp\/v2\/media?parent=5813"}],"wp:term":[{"taxonomy":"product_brand","embeddable":true,"href":"https:\/\/schupp.ch\/fr\/wp-json\/wp\/v2\/product_brand?post=5813"},{"taxonomy":"product_cat","embeddable":true,"href":"https:\/\/schupp.ch\/fr\/wp-json\/wp\/v2\/product_cat?post=5813"},{"taxonomy":"product_tag","embeddable":true,"href":"https:\/\/schupp.ch\/fr\/wp-json\/wp\/v2\/product_tag?post=5813"}],"curies":[{"name":"wp","href":"https:\/\/api.w.org\/{rel}","templated":true}]}}