{"id":5815,"date":"2024-01-25T11:57:27","date_gmt":"2024-01-25T10:57:27","guid":{"rendered":"https:\/\/schupp.ch\/p\/rubans-adhesifs-pour-metal\/"},"modified":"2025-11-15T18:13:59","modified_gmt":"2025-11-15T17:13:59","slug":"rubans-adhesifs-pour-metal","status":"publish","type":"product","link":"https:\/\/schupp.ch\/fr\/p\/rubans-adhesifs-pour-metal\/","title":{"rendered":"Rubans adh\u00e9sifs m\u00e9taliques"},"content":{"rendered":"<p>&nbsp;<\/p>\n<p><strong>Films de cuivre et d&rsquo;aluminium<br \/>\n<\/strong>Ils conviennent parfaitement comme mat\u00e9riau de blindage pour am\u00e9liorer la compatibilit\u00e9 \u00e9lectromagn\u00e9tique des \u00e9quipements \u00e9lectroniques. M\u00eame les films les plus fines att\u00e9nuent fortement les rayonnements parasites non conducteurs. L&rsquo;adh\u00e9sif conducteur d&rsquo;\u00e9lectricit\u00e9, qui offre un \u00e9quilibre optimal entre la force d&rsquo;adh\u00e9rence et la conductivit\u00e9 \u00e9lectrique, joue un r\u00f4le important. Gr\u00e2ce \u00e0 la conductivit\u00e9, il est possible d&rsquo;effectuer facilement une connexion point \u00e0 point (par exemple, mise \u00e0 la terre).<\/p>\n<p>&nbsp;<\/p>\n<p><strong>Films m\u00e9talliques<br \/>\n<\/strong>Ils sont \u00e9galement utilis\u00e9s dans le domaine de la climatisation (par exemple comme r\u00e9flecteur de rayonnement thermique) ou comme ruban de masquage r\u00e9sistant \u00e0 la temp\u00e9rature lors du rev\u00eatement par poudre. Les films d&rsquo;aluminium sont \u00e9galement utilis\u00e9es comme pare-vapeur en raison de leur r\u00e9sistance, tandis que les feuilles de cuivre \u00e9tam\u00e9es peuvent servir de surface de contact r\u00e9sistante aux intemp\u00e9ries. D&rsquo;autres feuilles m\u00e9talliques en \u00e9tain, en acier ou en plomb peuvent \u00e9galement \u00eatre propos\u00e9es si n\u00e9cessaire. Dans la plupart des cas, les rubans adh\u00e9sifs m\u00e9talliques sont dot\u00e9s d&rsquo;un rev\u00eatement adh\u00e9sif en papier silicon\u00e9.<\/p>\n<p>&nbsp;<\/p>\n<table width=\"643\">\n<tbody>\n<tr>\n<td width=\"66\"><strong>Num\u00e9ro principal<br \/>\n<\/strong><\/td>\n<td width=\"104\">Mat\u00e9riel de base<\/td>\n<td width=\"47\">Couleur<\/td>\n<td width=\"76\">\u00c9paisseur du bande<\/p>\n<p>[mm]<\/td>\n<td width=\"76\">\u00c9paisseur totale<\/p>\n<p>[mm]<\/td>\n<td width=\"47\">Type d&rsquo;adh\u00e9sif<\/td>\n<td width=\"227\">Caract\u00e9ristiques<\/td>\n<\/tr>\n<tr>\n<td width=\"66\"><a href=\"https:\/\/nx5412.your-storageshare.de\/s\/yptZ6cLXmEYSdEW\" target=\"_blank\" rel=\"noopener\">EK90100<\/a><\/td>\n<td width=\"104\">Aluminium souple<\/td>\n<td width=\"47\">argent\u00e9<\/td>\n<td width=\"76\">0,050\u00b110%<\/td>\n<td width=\"76\">0,080\u00b110%<\/td>\n<td width=\"47\">Acrylate<\/td>\n<td width=\"227\">Film r\u00e9fl\u00e9chissant, pare-vapeur, film de protection CEM bon march\u00e9<\/td>\n<\/tr>\n<tr>\n<td width=\"66\"><a href=\"https:\/\/nx5412.your-storageshare.de\/s\/bCcKbksgFET8Ld6\" target=\"_blank\" rel=\"noopener\">EK90767<\/a><\/td>\n<td width=\"104\">Aluminium<\/td>\n<td width=\"47\">argent\u00e9<\/td>\n<td width=\"76\">0,050\u00b110%<\/td>\n<td width=\"76\">0,080\u00b110%<\/td>\n<td width=\"47\">Acrylate<\/td>\n<td width=\"227\">Blindage CEM, adh\u00e9sif \u00e9lectroconducteur<\/td>\n<\/tr>\n<tr>\n<td width=\"66\"><a href=\"https:\/\/nx5412.your-storageshare.de\/s\/6qB7DLE89Wzm8yY\" target=\"_blank\" rel=\"noopener\">EK91100<\/a><\/td>\n<td width=\"104\">Cuivre souple<\/td>\n<td width=\"47\">cuivr\u00e9<\/td>\n<td width=\"76\">0,030\u00b110%<\/td>\n<td width=\"76\">0,055\u00b110%<\/td>\n<td width=\"47\">Acrylate<\/td>\n<td width=\"227\">Blindages de tous types. Autres rubans de blindage, \u00e9galement isol\u00e9s, sur demande.<\/td>\n<\/tr>\n<tr>\n<td width=\"66\"><a href=\"https:\/\/nx5412.your-storageshare.de\/s\/z8q2ZkpF7PgYgY5\" target=\"_blank\" rel=\"noopener\">EK91743<\/a><\/td>\n<td width=\"104\">Cuivre souple<\/td>\n<td width=\"47\">cuivr\u00e9<\/td>\n<td width=\"76\">0,030\u00b110%<\/td>\n<td width=\"76\">0,065\u00b110%<\/td>\n<td width=\"47\">Acrylate<\/td>\n<td width=\"227\">Feuille de cuivre \u00e9lectrolytique avec adh\u00e9sif conducteur d&rsquo;\u00e9lectricit\u00e9 dans le sens de l&rsquo;axe Z, blindages de toutes sortes, contact facile avec le support gr\u00e2ce \u00e0 l&rsquo;adh\u00e9sif conducteur, id\u00e9al comme ruban conducteur.<\/td>\n<\/tr>\n<tr>\n<td width=\"66\"><a href=\"https:\/\/nx5412.your-storageshare.de\/s\/95aHbfGQgwzKFXS\" target=\"_blank\" rel=\"noopener\">EK91805<\/a><\/td>\n<td width=\"104\">Cuivre souple<\/td>\n<td width=\"47\">cuivr\u00e9<\/td>\n<td width=\"76\">0,035\u00b110%<\/td>\n<td width=\"76\">0,095\u00b110%<\/td>\n<td width=\"47\">Acrylate<\/td>\n<td width=\"227\">Feuille de cuivre adh\u00e9sive double face avec adh\u00e9sif conducteur \u00e9lectrique dans le sens de l&rsquo;axe Z, pour la connexion \u00e9lectrique et m\u00e9canique.<\/td>\n<\/tr>\n<tr>\n<td width=\"66\"><a href=\"https:\/\/nx5412.your-storageshare.de\/s\/cWJR6yZdL85PimE\" target=\"_blank\" rel=\"noopener\">EK91815<\/a><\/td>\n<td width=\"104\">Cuivre souple<\/p>\n<p>Plaqu\u00e9 \u00e9tain double face<\/td>\n<td width=\"47\">argent\u00e9<\/td>\n<td width=\"76\">0,035\u00b110%<\/td>\n<td width=\"76\">0,065\u00b110%<\/td>\n<td width=\"47\">Acrylate<\/td>\n<td width=\"227\">Ruban adh\u00e9sif en cuivre facilement soudable et r\u00e9sistant \u00e0 la corrosion gr\u00e2ce \u00e0 une couche d&rsquo;\u00e9tain, avec un adh\u00e9sif conducteur d&rsquo;\u00e9lectricit\u00e9 dans le sens de l&rsquo;axe Z pour les blindages et les contacts de tous types.<\/td>\n<\/tr>\n<\/tbody>\n<\/table>\n<p>&nbsp;<\/p>\n","protected":false},"excerpt":{"rendered":"<p>&nbsp;<\/p>\n<h5>Films m\u00e9talliques, par exemple films de cuivre et d&rsquo;aluminium avec adh\u00e9sif \u00e9lectriquement conducteur pour la protection contre les rayonnements parasites ou comme r\u00e9flecteur pour le rayonnement thermique.<\/h5>\n<p>&nbsp;<\/p>\n<p>&nbsp;<\/p>\n","protected":false},"featured_media":1550,"template":"","meta":{"_acf_changed":false},"product_brand":[],"product_cat":[165,167],"product_tag":[],"class_list":{"0":"post-5815","1":"product","2":"type-product","3":"status-publish","4":"has-post-thumbnail","6":"product_cat-bandes-techniques","7":"product_cat-rubans-adhesifs-pour-metal","9":"first","10":"instock","11":"shipping-taxable","12":"purchasable","13":"product-type-simple"},"acf":[],"_links":{"self":[{"href":"https:\/\/schupp.ch\/fr\/wp-json\/wp\/v2\/product\/5815","targetHints":{"allow":["GET"]}}],"collection":[{"href":"https:\/\/schupp.ch\/fr\/wp-json\/wp\/v2\/product"}],"about":[{"href":"https:\/\/schupp.ch\/fr\/wp-json\/wp\/v2\/types\/product"}],"wp:featuredmedia":[{"embeddable":true,"href":"https:\/\/schupp.ch\/fr\/wp-json\/wp\/v2\/media\/1550"}],"wp:attachment":[{"href":"https:\/\/schupp.ch\/fr\/wp-json\/wp\/v2\/media?parent=5815"}],"wp:term":[{"taxonomy":"product_brand","embeddable":true,"href":"https:\/\/schupp.ch\/fr\/wp-json\/wp\/v2\/product_brand?post=5815"},{"taxonomy":"product_cat","embeddable":true,"href":"https:\/\/schupp.ch\/fr\/wp-json\/wp\/v2\/product_cat?post=5815"},{"taxonomy":"product_tag","embeddable":true,"href":"https:\/\/schupp.ch\/fr\/wp-json\/wp\/v2\/product_tag?post=5815"}],"curies":[{"name":"wp","href":"https:\/\/api.w.org\/{rel}","templated":true}]}}