{"id":5819,"date":"2024-01-25T11:59:53","date_gmt":"2024-01-25T10:59:53","guid":{"rendered":"https:\/\/schupp.ch\/p\/ruban-adhesif-en-polyester-2\/"},"modified":"2025-11-09T14:21:24","modified_gmt":"2025-11-09T13:21:24","slug":"ruban-adhesif-en-polyester-2","status":"publish","type":"product","link":"https:\/\/schupp.ch\/fr\/p\/ruban-adhesif-en-polyester-2\/","title":{"rendered":"Ruban adh\u00e9sif en polyester avec adh\u00e9sif acrylique"},"content":{"rendered":"<p>&nbsp;<\/p>\n<table width=\"643\">\n<tbody>\n<tr>\n<td rowspan=\"2\" width=\"136\"><strong>Num\u00e9ro principal<\/strong><\/td>\n<td rowspan=\"2\" width=\"97\">Mat\u00e9riel de base<\/td>\n<td rowspan=\"2\" width=\"128\">Couleur<\/td>\n<td colspan=\"2\" width=\"165\">\u00c9paisseur [mm]<\/td>\n<td rowspan=\"2\" width=\"98\">Adh\u00e9sif<\/td>\n<\/tr>\n<tr>\n<td width=\"84\">sans adh\u00e9sif<\/td>\n<td width=\"80\">avec adh\u00e9sif<\/td>\n<\/tr>\n<tr>\n<td width=\"136\"><a href=\"https:\/\/nx5412.your-storageshare.de\/s\/GMyt2G7K5PHokPQ\" target=\"_blank\" rel=\"noopener\">EK10081<\/a><\/td>\n<td width=\"97\">Polyester<\/td>\n<td width=\"128\">bleu, transparent<\/td>\n<td width=\"84\">0,020\u00b110%<\/td>\n<td width=\"80\">0,040\u00b110%<\/td>\n<td width=\"98\">Polysiloxane<\/td>\n<\/tr>\n<\/tbody>\n<\/table>\n<p>&nbsp;<\/p>\n<p>&nbsp;<\/p>\n","protected":false},"excerpt":{"rendered":"<p>&nbsp;<\/p>\n<h5>Film de protection \u00e0 faible adh\u00e9rence, peut \u00eatre retir\u00e9 sans laisser de traces m\u00eame apr\u00e8s plusieurs semaines (m\u00eame en cas d&rsquo;exposition aux conditions climatiques ext\u00e9rieures).<\/h5>\n<p>&nbsp;<\/p>\n","protected":false},"featured_media":1557,"template":"","meta":{"_acf_changed":false},"product_brand":[],"product_cat":[165,248,232],"product_tag":[],"class_list":{"0":"post-5819","1":"product","2":"type-product","3":"status-publish","4":"has-post-thumbnail","6":"product_cat-bandes-techniques","7":"product_cat-rubans-adhesifs-electriques-pour-classe-thermique-b-130-c","8":"product_cat-rubans-et-films-adhesifs-de-protection-de-surface","10":"first","11":"instock","12":"shipping-taxable","13":"purchasable","14":"product-type-simple"},"acf":[],"_links":{"self":[{"href":"https:\/\/schupp.ch\/fr\/wp-json\/wp\/v2\/product\/5819","targetHints":{"allow":["GET"]}}],"collection":[{"href":"https:\/\/schupp.ch\/fr\/wp-json\/wp\/v2\/product"}],"about":[{"href":"https:\/\/schupp.ch\/fr\/wp-json\/wp\/v2\/types\/product"}],"wp:featuredmedia":[{"embeddable":true,"href":"https:\/\/schupp.ch\/fr\/wp-json\/wp\/v2\/media\/1557"}],"wp:attachment":[{"href":"https:\/\/schupp.ch\/fr\/wp-json\/wp\/v2\/media?parent=5819"}],"wp:term":[{"taxonomy":"product_brand","embeddable":true,"href":"https:\/\/schupp.ch\/fr\/wp-json\/wp\/v2\/product_brand?post=5819"},{"taxonomy":"product_cat","embeddable":true,"href":"https:\/\/schupp.ch\/fr\/wp-json\/wp\/v2\/product_cat?post=5819"},{"taxonomy":"product_tag","embeddable":true,"href":"https:\/\/schupp.ch\/fr\/wp-json\/wp\/v2\/product_tag?post=5819"}],"curies":[{"name":"wp","href":"https:\/\/api.w.org\/{rel}","templated":true}]}}