{"id":5822,"date":"2024-01-25T11:26:12","date_gmt":"2024-01-25T10:26:12","guid":{"rendered":"https:\/\/schupp.ch\/p\/ruban-adhesif-en-ptfe-2\/"},"modified":"2025-11-14T18:53:21","modified_gmt":"2025-11-14T17:53:21","slug":"ruban-adhesif-en-ptfe-2","status":"publish","type":"product","link":"https:\/\/schupp.ch\/fr\/p\/ruban-adhesif-en-ptfe-2\/","title":{"rendered":"Ruban adh\u00e9sif en PTFE avec tissu en fibre de verre"},"content":{"rendered":"<p>&nbsp;<\/p>\n<p><strong>Propri\u00e9t\u00e9s :<br \/>\n<\/strong>Film bien \u00e9lastique avec donc de bonnes propri\u00e9t\u00e9s pour l&rsquo;isolation entre couches, en remplacement du film pliss\u00e9, tr\u00e8s bonne r\u00e9sistance \u00e0 la corona. Film PTFE r\u00e9sistant \u00e0 la d\u00e9chirure pour les surfaces de glissement soumises \u00e0 une charge m\u00e9canique \u00e9lev\u00e9e ou \u00e0 des temp\u00e9ratures \u00e9lev\u00e9es (soudeuses de films).<\/p>\n<p><strong>Tension de claquage :<br \/>\n<\/strong>7000 Veff<\/p>\n<p><strong>Applications :<br \/>\n<\/strong>Bandages de t\u00eates de bobines, s\u00e9paration de phases et terminaison de bobines<\/p>\n<p>&nbsp;<\/p>\n<table>\n<tbody>\n<tr>\n<td rowspan=\"2\" width=\"123\"><strong>Num\u00e9ro principal<\/strong><\/td>\n<td rowspan=\"2\" width=\"170\">Mat\u00e9riel de base<\/td>\n<td rowspan=\"2\" width=\"85\">Couleur<\/td>\n<td colspan=\"2\" width=\"169\">\u00c9paisseur [mm]<\/td>\n<td rowspan=\"2\" width=\"99\">Adh\u00e9sif<\/td>\n<\/tr>\n<tr>\n<td width=\"85\">sans adh\u00e9sif<\/td>\n<td width=\"84\">avec adh\u00e9sif<\/td>\n<\/tr>\n<tr>\n<td width=\"123\"><a href=\"https:\/\/nx5412.your-storageshare.de\/s\/ocJqCS87bREqbTz\" target=\"_blank\" rel=\"noopener\"><strong>EK76700<\/strong><\/a><\/td>\n<td width=\"170\">Film PTFE<\/td>\n<td width=\"85\">gris<\/td>\n<td width=\"85\">0,130<strong><em>\u00b1<\/em><\/strong>10%<\/td>\n<td width=\"84\">0,175\u00b110%<\/td>\n<td width=\"99\">Polysiloxane<\/td>\n<\/tr>\n<\/tbody>\n<\/table>\n<p>&nbsp;<\/p>\n<p><strong>Num\u00e9ro d&rsquo;article : <\/strong><\/p>\n<p>Exemple : EK70210\/025.0<br \/>\nEK70210 = num\u00e9ro de base<br \/>\n025.0 = largeur en mm<\/p>\n<p>&nbsp;<\/p>\n","protected":false},"excerpt":{"rendered":"<p>&nbsp;<\/p>\n<h5>Ruban adh\u00e9sif puissant \u00e0 base d&rsquo;un composite PTFE et tissu de verre, enduit sur une face d&rsquo;un adh\u00e9sif silicone r\u00e9sistant aux temp\u00e9ratures \u00e9lev\u00e9es et aux milieux agressifs. Son support PTFE repoussant est pr\u00e9destin\u00e9 \u00e0 \u00eatre utilis\u00e9 comme surface de s\u00e9paration dans le thermoscellage.<\/h5>\n<p>&nbsp;<\/p>\n<p>&nbsp;<\/p>\n","protected":false},"featured_media":4833,"template":"","meta":{"_acf_changed":false},"product_brand":[],"product_cat":[165,230],"product_tag":[],"class_list":{"0":"post-5822","1":"product","2":"type-product","3":"status-publish","4":"has-post-thumbnail","6":"product_cat-bandes-techniques","7":"product_cat-rubans-adhesifs-electriques-pour-classe-thermique-h-180-c","9":"first","10":"instock","11":"shipping-taxable","12":"purchasable","13":"product-type-simple"},"acf":[],"_links":{"self":[{"href":"https:\/\/schupp.ch\/fr\/wp-json\/wp\/v2\/product\/5822","targetHints":{"allow":["GET"]}}],"collection":[{"href":"https:\/\/schupp.ch\/fr\/wp-json\/wp\/v2\/product"}],"about":[{"href":"https:\/\/schupp.ch\/fr\/wp-json\/wp\/v2\/types\/product"}],"wp:featuredmedia":[{"embeddable":true,"href":"https:\/\/schupp.ch\/fr\/wp-json\/wp\/v2\/media\/4833"}],"wp:attachment":[{"href":"https:\/\/schupp.ch\/fr\/wp-json\/wp\/v2\/media?parent=5822"}],"wp:term":[{"taxonomy":"product_brand","embeddable":true,"href":"https:\/\/schupp.ch\/fr\/wp-json\/wp\/v2\/product_brand?post=5822"},{"taxonomy":"product_cat","embeddable":true,"href":"https:\/\/schupp.ch\/fr\/wp-json\/wp\/v2\/product_cat?post=5822"},{"taxonomy":"product_tag","embeddable":true,"href":"https:\/\/schupp.ch\/fr\/wp-json\/wp\/v2\/product_tag?post=5822"}],"curies":[{"name":"wp","href":"https:\/\/api.w.org\/{rel}","templated":true}]}}