{"id":5824,"date":"2024-01-24T17:04:08","date_gmt":"2024-01-24T16:04:08","guid":{"rendered":"https:\/\/schupp.ch\/p\/dessins-cotes-des-pieces-moulees-isolantes-pour-moteurs-electriques\/"},"modified":"2025-11-20T17:55:57","modified_gmt":"2025-11-20T16:55:57","slug":"dessins-cotes-des-pieces-moulees-isolantes-pour-moteurs-electriques","status":"publish","type":"product","link":"https:\/\/schupp.ch\/fr\/p\/dessins-cotes-des-pieces-moulees-isolantes-pour-moteurs-electriques\/","title":{"rendered":"Mod\u00e8le de mesures pour des pi\u00e8ces form\u00e9es isolantes pour moteurs \u00e9lectriques"},"content":{"rendered":"<p>&nbsp;<\/p>\n<table>\n<tbody>\n<tr>\n<td rowspan=\"17\" width=\"232\">&nbsp;<\/p>\n<p><img loading=\"lazy\" decoding=\"async\" class=\"alignnone wp-image-5071\" src=\"https:\/\/schupp.ch\/wp-content\/uploads\/2024\/09\/Masszeichnung_01-300x300.jpg\" alt=\"\" width=\"639\" height=\"639\" srcset=\"https:\/\/schupp.ch\/wp-content\/uploads\/2024\/09\/Masszeichnung_01-300x300.jpg 300w, https:\/\/schupp.ch\/wp-content\/uploads\/2024\/09\/Masszeichnung_01-600x600.jpg 600w, https:\/\/schupp.ch\/wp-content\/uploads\/2024\/09\/Masszeichnung_01-900x900.jpg 900w, https:\/\/schupp.ch\/wp-content\/uploads\/2024\/09\/Masszeichnung_01-100x100.jpg 100w, https:\/\/schupp.ch\/wp-content\/uploads\/2024\/09\/Masszeichnung_01-150x150.jpg 150w, https:\/\/schupp.ch\/wp-content\/uploads\/2024\/09\/Masszeichnung_01-768x768.jpg 768w, https:\/\/schupp.ch\/wp-content\/uploads\/2024\/09\/Masszeichnung_01-1024x1024.jpg 1024w\" sizes=\"auto, (max-width: 639px) 100vw, 639px\" \/><\/p>\n<p>&nbsp;<\/td>\n<td colspan=\"2\" width=\"373\">\n<h5><strong>Isolations d\u2019encoche<\/strong><\/h5>\n<\/td>\n<\/tr>\n<tr>\n<td width=\"141\">Mat\u00e9rial<\/td>\n<td width=\"232\"><\/td>\n<\/tr>\n<tr>\n<td width=\"141\">Class de temp\u00e9rature<\/td>\n<td width=\"232\"><\/td>\n<\/tr>\n<tr>\n<td width=\"141\">\u00c9paisseur<\/td>\n<td width=\"232\"><\/td>\n<\/tr>\n<tr>\n<td width=\"141\">Quantit\u00e9<\/td>\n<td width=\"232\"><\/td>\n<\/tr>\n<tr>\n<td colspan=\"2\" width=\"373\"><strong>Dimensions en mm<\/strong><\/td>\n<\/tr>\n<tr>\n<td width=\"141\">A = Largeur totale<\/td>\n<td width=\"232\"><\/td>\n<\/tr>\n<tr>\n<td width=\"141\">B = Largeur int\u00e9rieur<\/td>\n<td width=\"232\"><\/td>\n<\/tr>\n<tr>\n<td width=\"141\">C = Longueur ext\u00e9rieure<\/td>\n<td width=\"232\"><\/td>\n<\/tr>\n<tr>\n<td width=\"141\">D = Longueur \u00e9tir\u00e9e<\/td>\n<td width=\"232\"><\/td>\n<\/tr>\n<tr>\n<td width=\"141\">E = Bord<\/td>\n<td width=\"232\"><\/td>\n<\/tr>\n<tr>\n<td width=\"141\">F = Pli (ext\u00e9rieur)<\/td>\n<td width=\"232\"><\/td>\n<\/tr>\n<tr>\n<td width=\"141\">A x B\/C\/D<\/td>\n<td width=\"232\"><\/td>\n<\/tr>\n<tr>\n<td width=\"141\">Pliage<\/td>\n<td width=\"232\"><\/td>\n<\/tr>\n<tr>\n<td colspan=\"2\" width=\"373\"><strong>Notes<\/strong><\/td>\n<\/tr>\n<tr>\n<td width=\"141\">Notre No. d\u2019article<\/td>\n<td width=\"232\"><\/td>\n<\/tr>\n<tr>\n<td width=\"141\">Votre r\u00e9f\u00e9rance de commande.<\/td>\n<td width=\"232\"><\/td>\n<\/tr>\n<\/tbody>\n<\/table>\n<p>&nbsp;<\/p>\n<p>&nbsp;<\/p>\n<table>\n<tbody>\n<tr>\n<td rowspan=\"13\" width=\"224\">&nbsp;<\/p>\n<p><img loading=\"lazy\" decoding=\"async\" class=\"alignnone wp-image-1304\" src=\"https:\/\/schupp.ch\/wp-content\/uploads\/2024\/01\/b-211x300.jpg\" alt=\"\" width=\"335\" height=\"477\" srcset=\"https:\/\/schupp.ch\/wp-content\/uploads\/2024\/01\/b-211x300.jpg 211w, https:\/\/schupp.ch\/wp-content\/uploads\/2024\/01\/b.jpg 574w\" sizes=\"auto, (max-width: 335px) 100vw, 335px\" \/><\/p>\n<p>&nbsp;<\/td>\n<td colspan=\"2\" width=\"381\">\n<h5>Fermetures d\u2019encoche et isolations interm\u00e9diaires<\/h5>\n<\/td>\n<\/tr>\n<tr>\n<td width=\"157\">Mat\u00e9rial<\/td>\n<td width=\"224\"><\/td>\n<\/tr>\n<tr>\n<td width=\"157\">Class de temp\u00e9rature<\/td>\n<td width=\"224\"><\/td>\n<\/tr>\n<tr>\n<td width=\"157\">\u00c9paisseur<\/td>\n<td width=\"224\"><\/td>\n<\/tr>\n<tr>\n<td width=\"157\">Quantit\u00e9<\/td>\n<td width=\"224\"><\/td>\n<\/tr>\n<tr>\n<td colspan=\"2\" width=\"381\"><strong>Dimensions en mm<\/strong><\/td>\n<\/tr>\n<tr>\n<td width=\"157\">A = Largeur totale<\/td>\n<td width=\"224\"><\/td>\n<\/tr>\n<tr>\n<td width=\"157\">B = Longueur<\/td>\n<td width=\"224\"><\/td>\n<\/tr>\n<tr>\n<td width=\"157\">F = Pli (ext\u00e9rieur)<\/td>\n<td width=\"224\"><\/td>\n<\/tr>\n<tr>\n<td width=\"157\">A x B<\/td>\n<td width=\"224\"><\/td>\n<\/tr>\n<tr>\n<td width=\"157\">Pliage<\/td>\n<td width=\"224\"><\/td>\n<\/tr>\n<tr>\n<td width=\"157\">Notre No. d\u2019article<\/td>\n<td width=\"224\"><\/td>\n<\/tr>\n<tr>\n<td width=\"157\">Votre r\u00e9f\u00e9rance de commande.<\/td>\n<td width=\"224\"><\/td>\n<\/tr>\n<\/tbody>\n<\/table>\n<p>&nbsp;<\/p>\n<p>&nbsp;<\/p>\n","protected":false},"excerpt":{"rendered":"<p>&nbsp;<\/p>\n<h5>Pour la production des isolations d\u2019encoche, fermertures d\u2019encoche et isolations interm\u00e9dditaires nous proposons la fabrication finale de pi\u00e8ces moul\u00e9es sp\u00e9cifiques au client. Nous vous ferons volontiers une offre.<br \/>\nVeuillez nous indiquer les dimensions au moyen du formulaire ci-dessous.<\/h5>\n<p>&nbsp;<\/p>\n","protected":false},"featured_media":1303,"template":"","meta":{"_acf_changed":false},"product_brand":[],"product_cat":[158,159,154,155],"product_tag":[],"class_list":{"0":"post-5824","1":"product","2":"type-product","3":"status-publish","4":"has-post-thumbnail","6":"product_cat-isolation-fr","7":"product_cat-pieces-moulees-isolantes-sur-mesure","8":"product_cat-isolants-electriques-flexibles","9":"product_cat-isolants-monocouches-et-multicouches","11":"first","12":"instock","13":"shipping-taxable","14":"purchasable","15":"product-type-simple"},"acf":[],"_links":{"self":[{"href":"https:\/\/schupp.ch\/fr\/wp-json\/wp\/v2\/product\/5824","targetHints":{"allow":["GET"]}}],"collection":[{"href":"https:\/\/schupp.ch\/fr\/wp-json\/wp\/v2\/product"}],"about":[{"href":"https:\/\/schupp.ch\/fr\/wp-json\/wp\/v2\/types\/product"}],"wp:featuredmedia":[{"embeddable":true,"href":"https:\/\/schupp.ch\/fr\/wp-json\/wp\/v2\/media\/1303"}],"wp:attachment":[{"href":"https:\/\/schupp.ch\/fr\/wp-json\/wp\/v2\/media?parent=5824"}],"wp:term":[{"taxonomy":"product_brand","embeddable":true,"href":"https:\/\/schupp.ch\/fr\/wp-json\/wp\/v2\/product_brand?post=5824"},{"taxonomy":"product_cat","embeddable":true,"href":"https:\/\/schupp.ch\/fr\/wp-json\/wp\/v2\/product_cat?post=5824"},{"taxonomy":"product_tag","embeddable":true,"href":"https:\/\/schupp.ch\/fr\/wp-json\/wp\/v2\/product_tag?post=5824"}],"curies":[{"name":"wp","href":"https:\/\/api.w.org\/{rel}","templated":true}]}}