{"id":5825,"date":"2024-01-25T13:13:20","date_gmt":"2024-01-25T12:13:20","guid":{"rendered":"https:\/\/schupp.ch\/p\/rubans-adhesifs-double-face-rubans-adhesifs-en-polyester\/"},"modified":"2026-02-15T16:05:45","modified_gmt":"2026-02-15T15:05:45","slug":"rubans-adhesifs-double-face-rubans-adhesifs-en-polyester","status":"publish","type":"product","link":"https:\/\/schupp.ch\/fr\/p\/rubans-adhesifs-double-face-rubans-adhesifs-en-polyester\/","title":{"rendered":"Rubans adh\u00e9sifs double face en polyester"},"content":{"rendered":"<p>&nbsp;<\/p>\n<p><img loading=\"lazy\" decoding=\"async\" class=\"alignnone wp-image-9909 size-full\" src=\"https:\/\/schupp.ch\/wp-content\/uploads\/2024\/01\/Klebebaender-doppelseitig-01_EN.jpg\" alt=\"\" width=\"744\" height=\"241\" \/><\/p>\n<p>&nbsp;<\/p>\n<p><strong>Propri\u00e9t\u00e9s :<\/strong><br \/>\nRuban double face adh\u00e9sif, par exemple pour la fixation des couches d&rsquo;enroulement.<\/p>\n<p><strong>Tension de claquage :<\/strong><br \/>\n5000 Veff.<\/p>\n<p><strong>Applications :<\/strong><br \/>\nIsolation de bobines de tous types, bandages d&rsquo;extr\u00e9mit\u00e9, isolation des noyaux et des couches interm\u00e9diaires.<\/p>\n<table>\n<tbody>\n<tr>\n<td width=\"159\"><strong>Num\u00e9ro primcipal<\/strong><\/td>\n<td width=\"159\">Mat\u00e9riel de base<\/td>\n<td width=\"159\">Couleur<\/td>\n<td width=\"159\">\u00c9pais [mm] sans colle<\/td>\n<td width=\"159\">\u00c9pais [mm] avec de la colle<\/td>\n<td width=\"159\">Adh\u00e9sif<\/td>\n<\/tr>\n<tr>\n<td width=\"159\"><a href=\"https:\/\/nx5412.your-storageshare.de\/s\/qQbHoTakG8LYMf8\" target=\"_blank\" rel=\"noopener\"><strong>EK10300<\/strong><\/a><\/td>\n<td width=\"159\">Polyester<\/td>\n<td width=\"159\">blanc<\/td>\n<td width=\"159\">0,023\u00b110%<\/td>\n<td width=\"159\">0,05\u00b110%<\/td>\n<td width=\"159\">Acrylate<\/td>\n<\/tr>\n<\/tbody>\n<\/table>\n<p>&nbsp;<\/p>\n<p>&nbsp;<\/p>\n<p><strong>Propri\u00e9t\u00e9s :<br \/>\n<\/strong>Bonne adh\u00e9rence imm\u00e9diate et bonne r\u00e9sistance au cisaillement, tr\u00e8s r\u00e9sistant au vieillissement.<\/p>\n<table width=\"643\">\n<tbody>\n<tr>\n<td rowspan=\"2\" width=\"132\"><strong>Num\u00e9ro primcipal<\/strong><\/td>\n<td rowspan=\"2\" width=\"113\">Mat\u00e9riel de base<\/td>\n<td rowspan=\"2\" width=\"161\">Couleur<\/td>\n<td colspan=\"2\" width=\"151\">\u00c9paisseur [mm]<\/td>\n<td rowspan=\"2\" width=\"85\">Adh\u00e9sif<\/td>\n<\/tr>\n<tr>\n<td width=\"76\">sans adh\u00e9sif<\/td>\n<td width=\"76\">avec adh\u00e9sif<\/td>\n<\/tr>\n<tr>\n<td width=\"132\"><a href=\"https:\/\/nx5412.your-storageshare.de\/s\/RZXWAPSAetmxLLg\" target=\"_blank\" rel=\"noopener\"><strong>EK10718<\/strong><\/a><\/td>\n<td width=\"113\">Polyester (PET)<\/td>\n<td width=\"161\">transparent<\/td>\n<td width=\"76\">0,023\u00b110%<\/td>\n<td width=\"76\">0,113\u00b110%<\/td>\n<td width=\"85\">Acrylate<\/td>\n<\/tr>\n<\/tbody>\n<\/table>\n<p>&nbsp;<\/p>\n<p>&nbsp;<\/p>\n<p><strong>Applications :<br \/>\n<\/strong>Collage de caoutchoucs de silicone, par exemple. \u00c9quipement autocollant de profil\u00e9s en caoutchouc.<\/p>\n<table width=\"643\">\n<tbody>\n<tr>\n<td rowspan=\"2\" width=\"132\"><strong>Num\u00e9ro primcipal<\/strong><\/td>\n<td rowspan=\"2\" width=\"113\">Mat\u00e9riel de base<\/td>\n<td rowspan=\"2\" width=\"161\">Couleur<\/td>\n<td colspan=\"2\" width=\"151\">\u00c9paisseur [mm]<\/td>\n<td rowspan=\"2\" width=\"85\">Adh\u00e9sif<\/td>\n<\/tr>\n<tr>\n<td width=\"76\">Porteur<\/td>\n<td width=\"76\">total<\/td>\n<\/tr>\n<tr>\n<td width=\"132\"><strong>EK10431<\/strong><\/td>\n<td width=\"113\">Polyester (PET)<\/td>\n<td width=\"161\">Face 1 : rouge avec bord<\/p>\n<p>Face 2 : trouble laiteux, incolore<\/td>\n<td width=\"76\">0,023\u00b110%<\/td>\n<td width=\"76\">0,125\u00b115%<\/td>\n<td width=\"85\">Polysiloxane<\/td>\n<\/tr>\n<\/tbody>\n<\/table>\n<p>&nbsp;<\/p>\n<p>&nbsp;<\/p>\n<p><strong>Caract\u00e9ristiques :<br \/>\n<\/strong>Diff\u00e9rentes forces d&rsquo;adh\u00e9sion &#8211; une face fortement adh\u00e9sive, l&rsquo;autre faiblement adh\u00e9sive.<\/p>\n<p><strong>Application :<br \/>\n<\/strong>Pour les applications n\u00e9cessitant une fixation temporaire avec la possibilit\u00e9 de d\u00e9coller une face du collage.<\/p>\n<table width=\"643\">\n<tbody>\n<tr>\n<td width=\"132\"><strong>Num\u00e9ro primcipal<\/strong><\/td>\n<td width=\"113\">Mat\u00e9riel de base<\/td>\n<td width=\"236\">Couleur<\/td>\n<td width=\"76\">\u00c9paisseur [mm]<\/td>\n<td width=\"85\">Adh\u00e9sif<\/td>\n<\/tr>\n<tr>\n<td width=\"132\"><a href=\"https:\/\/nx5412.your-storageshare.de\/s\/kTZrHSXgsgHz6ij\" target=\"_blank\" rel=\"noopener\"><strong>EK10911<\/strong><\/a><\/td>\n<td width=\"113\">polyester (PET)<\/td>\n<td width=\"236\">transparent<\/td>\n<td width=\"76\">0,075\u00b110%<\/td>\n<td width=\"85\">Acrylate\/Acrylique<\/td>\n<\/tr>\n<\/tbody>\n<\/table>\n<p>&nbsp;<\/p>\n<p>Les fiches techniques sont disponibles sur demande ou en cliquant sur le num\u00e9ro de fiche.<\/p>\n<p>&nbsp;<\/p>\n<p><strong>Num\u00e9ro d&rsquo;article : <\/strong>Exemple : EK10300\/025.0<br \/>\nEK10300 = num\u00e9ro de base<br \/>\n025.0 = largeur en mm<\/p>\n<p>&nbsp;<\/p>\n<p>&nbsp;<\/p>\n<p>&nbsp;<\/p>\n","protected":false},"excerpt":{"rendered":"<p>&nbsp;<\/p>\n<h5>Rubans polyester double face adh\u00e9sifs de classe thermique B (130 \u00b0C)<\/h5>\n<p>&nbsp;<\/p>\n","protected":false},"featured_media":9913,"template":"","meta":{"_acf_changed":false},"product_brand":[],"product_cat":[165,257],"product_tag":[],"class_list":{"0":"post-5825","1":"product","2":"type-product","3":"status-publish","4":"has-post-thumbnail","6":"product_cat-bandes-techniques","7":"product_cat-rubans-adhesifs-double-face","9":"first","10":"instock","11":"shipping-taxable","12":"purchasable","13":"product-type-simple"},"acf":[],"_links":{"self":[{"href":"https:\/\/schupp.ch\/fr\/wp-json\/wp\/v2\/product\/5825","targetHints":{"allow":["GET"]}}],"collection":[{"href":"https:\/\/schupp.ch\/fr\/wp-json\/wp\/v2\/product"}],"about":[{"href":"https:\/\/schupp.ch\/fr\/wp-json\/wp\/v2\/types\/product"}],"wp:featuredmedia":[{"embeddable":true,"href":"https:\/\/schupp.ch\/fr\/wp-json\/wp\/v2\/media\/9913"}],"wp:attachment":[{"href":"https:\/\/schupp.ch\/fr\/wp-json\/wp\/v2\/media?parent=5825"}],"wp:term":[{"taxonomy":"product_brand","embeddable":true,"href":"https:\/\/schupp.ch\/fr\/wp-json\/wp\/v2\/product_brand?post=5825"},{"taxonomy":"product_cat","embeddable":true,"href":"https:\/\/schupp.ch\/fr\/wp-json\/wp\/v2\/product_cat?post=5825"},{"taxonomy":"product_tag","embeddable":true,"href":"https:\/\/schupp.ch\/fr\/wp-json\/wp\/v2\/product_tag?post=5825"}],"curies":[{"name":"wp","href":"https:\/\/api.w.org\/{rel}","templated":true}]}}