{"id":5828,"date":"2024-01-25T12:02:44","date_gmt":"2024-01-25T11:02:44","guid":{"rendered":"https:\/\/schupp.ch\/p\/ruban-adhesif-kapton\/"},"modified":"2025-11-14T16:17:02","modified_gmt":"2025-11-14T15:17:02","slug":"ruban-adhesif-kapton","status":"publish","type":"product","link":"https:\/\/schupp.ch\/fr\/p\/ruban-adhesif-kapton\/","title":{"rendered":"Ruban adh\u00e9sif Kapton\u00ae (Polyimide)"},"content":{"rendered":"<p>&nbsp;<\/p>\n<table width=\"643\">\n<tbody>\n<tr>\n<td rowspan=\"2\" width=\"142\"><strong>Num\u00e9ro principal<\/strong><\/td>\n<td rowspan=\"2\" width=\"94\">Mat\u00e9riel de base<\/td>\n<td rowspan=\"2\" width=\"132\">Couleur<\/td>\n<td colspan=\"2\" width=\"170\">\u00c9paisseur [mm]<\/td>\n<td rowspan=\"2\" width=\"104\">Adh\u00e9sif<\/td>\n<\/tr>\n<tr>\n<td width=\"85\">sans adh\u00e9sif<\/td>\n<td width=\"85\">avec adh\u00e9sif<\/td>\n<\/tr>\n<tr>\n<td width=\"142\"><a href=\"https:\/\/nx5412.your-storageshare.de\/s\/RFJtHdwNeomAeNd\" target=\"_blank\" rel=\"noopener\">EK70115<\/a><\/td>\n<td width=\"94\">Kapton<\/td>\n<td width=\"132\">marron<\/td>\n<td width=\"85\">0,050\u00b110%<\/td>\n<td width=\"85\">0,110\u00b110%<\/td>\n<td width=\"104\">Polysiloxane<\/td>\n<\/tr>\n<\/tbody>\n<\/table>\n<p>&nbsp;<\/p>\n<p>&nbsp;<\/p>\n","protected":false},"excerpt":{"rendered":"<p>&nbsp;<\/p>\n<h5>Ce ruban adh\u00e9sif Kapton \u00e0 base de Kapton 200HN de DuPont avec une couche adh\u00e9sive en silicone est un ruban adh\u00e9sif tr\u00e8s r\u00e9sistant \u00e0 la temp\u00e9rature qui conserve ses performances m\u00eame \u00e0 une temp\u00e9rature d&rsquo;utilisation constante de 180 \u00b0C. Le ruban peut \u00eatre retir\u00e9 sans laisser de r\u00e9sidus et est utilis\u00e9, par exemple, comme masque de soudure temporaire.<\/h5>\n<p>&nbsp;<\/p>\n<p>&nbsp;<\/p>\n","protected":false},"featured_media":4830,"template":"","meta":{"_acf_changed":false},"product_brand":[],"product_cat":[165,230,232],"product_tag":[],"class_list":{"0":"post-5828","1":"product","2":"type-product","3":"status-publish","4":"has-post-thumbnail","6":"product_cat-bandes-techniques","7":"product_cat-rubans-adhesifs-electriques-pour-classe-thermique-h-180-c","8":"product_cat-rubans-et-films-adhesifs-de-protection-de-surface","10":"first","11":"instock","12":"shipping-taxable","13":"purchasable","14":"product-type-simple"},"acf":[],"_links":{"self":[{"href":"https:\/\/schupp.ch\/fr\/wp-json\/wp\/v2\/product\/5828","targetHints":{"allow":["GET"]}}],"collection":[{"href":"https:\/\/schupp.ch\/fr\/wp-json\/wp\/v2\/product"}],"about":[{"href":"https:\/\/schupp.ch\/fr\/wp-json\/wp\/v2\/types\/product"}],"wp:featuredmedia":[{"embeddable":true,"href":"https:\/\/schupp.ch\/fr\/wp-json\/wp\/v2\/media\/4830"}],"wp:attachment":[{"href":"https:\/\/schupp.ch\/fr\/wp-json\/wp\/v2\/media?parent=5828"}],"wp:term":[{"taxonomy":"product_brand","embeddable":true,"href":"https:\/\/schupp.ch\/fr\/wp-json\/wp\/v2\/product_brand?post=5828"},{"taxonomy":"product_cat","embeddable":true,"href":"https:\/\/schupp.ch\/fr\/wp-json\/wp\/v2\/product_cat?post=5828"},{"taxonomy":"product_tag","embeddable":true,"href":"https:\/\/schupp.ch\/fr\/wp-json\/wp\/v2\/product_tag?post=5828"}],"curies":[{"name":"wp","href":"https:\/\/api.w.org\/{rel}","templated":true}]}}