{"id":5829,"date":"2024-01-25T13:14:52","date_gmt":"2024-01-25T12:14:52","guid":{"rendered":"https:\/\/schupp.ch\/p\/rubans-adhesifs-en-polyester-double-face\/"},"modified":"2026-02-15T16:15:00","modified_gmt":"2026-02-15T15:15:00","slug":"rubans-adhesifs-en-polyester-double-face","status":"publish","type":"product","link":"https:\/\/schupp.ch\/fr\/p\/rubans-adhesifs-en-polyester-double-face\/","title":{"rendered":"Rubans adh\u00e9sifs en polyester, double face"},"content":{"rendered":"<p>&nbsp;<\/p>\n<p><img loading=\"lazy\" decoding=\"async\" class=\"alignnone wp-image-9910 size-full\" src=\"https:\/\/schupp.ch\/wp-content\/uploads\/2024\/01\/Klebebaender-doppelseitig-01_EN.jpg\" alt=\"\" width=\"744\" height=\"241\" \/><\/p>\n<p>&nbsp;<\/p>\n<p><strong>EK12064<\/strong><br \/>\nRuban polyester double face avec une adh\u00e9rence \u00e9lev\u00e9e et permanente des deux c\u00f4t\u00e9s<\/p>\n<table width=\"643\">\n<tbody>\n<tr>\n<td width=\"132\"><strong>Num\u00e9ro principal<\/strong><\/td>\n<td width=\"104\">Mat\u00e9riel de base<\/td>\n<td width=\"113\">Couleur<\/td>\n<td colspan=\"2\" width=\"170\">\u00c9paisseur [mm]<\/td>\n<td width=\"123\">Adh\u00e9siv<\/td>\n<\/tr>\n<tr>\n<td width=\"132\"><strong>EK12063<\/strong><\/td>\n<td width=\"104\">Polyester<\/td>\n<td width=\"113\">incolore<\/td>\n<td width=\"85\">0,012\u00b110%<\/td>\n<td width=\"85\">0,092\u00b110%<\/td>\n<td width=\"123\">Caoutchouc\/acrylate<\/td>\n<\/tr>\n<tr>\n<td width=\"132\"><a href=\"https:\/\/nx5412.your-storageshare.de\/s\/zJiGZ8dBejjypka?dir=\/&amp;editing=false&amp;openfile=true\" target=\"_blank\" rel=\"noopener\"><strong>EK12064<\/strong><\/a><\/td>\n<td width=\"104\">Polyester<\/td>\n<td width=\"113\">incolore<\/td>\n<td width=\"85\">0,012\u00b110%<\/td>\n<td width=\"85\">0,092\u00b110%<\/td>\n<td width=\"123\">Acrylate\/Acrylique<\/td>\n<\/tr>\n<\/tbody>\n<\/table>\n<p>&nbsp;<\/p>\n<p><strong>EK12096<\/strong><br \/>\nRuban adh\u00e9sif double face avec support PET pour la stabilisation. L&rsquo;adh\u00e9sif haute r\u00e9sistance offre une bonne r\u00e9sistance aux rayons UV, aux contraintes thermiques, aux produits chimiques et \u00e0 l&rsquo;humidit\u00e9. Excellente adh\u00e9rence permanente sur de nombreuses surfaces, y compris les surfaces LSE. Convient aux surfaces rugueuses ou textur\u00e9es gr\u00e2ce \u00e0 son application en masse \u00e9lev\u00e9e.<\/p>\n<p><strong>EK12100<\/strong><br \/>\nRuban adh\u00e9sif double face pour les applications de raccordement. Un c\u00f4t\u00e9 du ruban est recouvert d&rsquo;un adh\u00e9sif polysiloxane vert con\u00e7u pour une adh\u00e9rence initiale \u00e9lev\u00e9e. L&rsquo;autre c\u00f4t\u00e9 est recouvert d&rsquo;un adh\u00e9sif acrylate qui offre g\u00e9n\u00e9ralement une bonne adh\u00e9rence sur les surfaces \u00e0 faible \u00e9nergie et a tendance \u00e0 durcir \u00e0 la chaleur.<\/p>\n<table width=\"643\">\n<tbody>\n<tr>\n<td width=\"132\"><strong>Num\u00e9ro principal<\/strong><\/td>\n<td width=\"104\">Mat\u00e9riel de base<\/td>\n<td width=\"113\">Couleur<\/td>\n<td colspan=\"2\" width=\"170\">\u00c9paisseur [mm]<\/td>\n<td width=\"123\">Colle<\/td>\n<\/tr>\n<tr>\n<td width=\"132\"><strong><a href=\"https:\/\/nx5412.your-storageshare.de\/s\/tJzyX6N238QBxkg?dir=\/&amp;editing=false&amp;openfile=true\" target=\"_blank\" rel=\"noopener\">EK12096<\/a><\/strong><\/td>\n<td width=\"104\">Polyester<\/td>\n<td width=\"113\">incolore<\/td>\n<td width=\"85\">environ 0,012<\/td>\n<td width=\"85\">environ . 0,210<\/td>\n<td width=\"123\">Acrylate<\/td>\n<\/tr>\n<tr>\n<td width=\"132\"><strong>EK12099<\/strong><\/td>\n<td width=\"104\">Polyester<\/td>\n<td width=\"113\">rouge<\/td>\n<td width=\"85\">0,023\u00b110%<\/td>\n<td width=\"85\">0,065\u00b110%<\/td>\n<td width=\"123\">Acrylate\/Acrylique<\/td>\n<\/tr>\n<tr>\n<td width=\"132\"><a href=\"https:\/\/nx5412.your-storageshare.de\/s\/AkabBn53ppHBGLi?dir=\/&amp;editing=false&amp;openfile=true\" target=\"_blank\" rel=\"noopener\"><strong>EK12100<\/strong><\/a><\/td>\n<td width=\"104\">Polyester<\/td>\n<td width=\"113\">Colle verte<\/td>\n<td width=\"85\">0,050\u00b110%<\/td>\n<td width=\"85\">0,145\u00b110%<\/td>\n<td width=\"123\">Polysiloxane<\/td>\n<\/tr>\n<\/tbody>\n<\/table>\n<p>&nbsp;<\/p>\n","protected":false},"excerpt":{"rendered":"<p>&nbsp;<\/p>\n<h5>Rubans adh\u00e9sifs double face en polyester de classe thermique B (130 \u00b0C) avec des adh\u00e9sifs partiellement diff\u00e9rents pour diverses applications<\/h5>\n<p>&nbsp;<\/p>\n","protected":false},"featured_media":9913,"template":"","meta":{"_acf_changed":false},"product_brand":[],"product_cat":[165,257],"product_tag":[],"class_list":{"0":"post-5829","1":"product","2":"type-product","3":"status-publish","4":"has-post-thumbnail","6":"product_cat-bandes-techniques","7":"product_cat-rubans-adhesifs-double-face","9":"first","10":"instock","11":"shipping-taxable","12":"purchasable","13":"product-type-simple"},"acf":[],"_links":{"self":[{"href":"https:\/\/schupp.ch\/fr\/wp-json\/wp\/v2\/product\/5829","targetHints":{"allow":["GET"]}}],"collection":[{"href":"https:\/\/schupp.ch\/fr\/wp-json\/wp\/v2\/product"}],"about":[{"href":"https:\/\/schupp.ch\/fr\/wp-json\/wp\/v2\/types\/product"}],"wp:featuredmedia":[{"embeddable":true,"href":"https:\/\/schupp.ch\/fr\/wp-json\/wp\/v2\/media\/9913"}],"wp:attachment":[{"href":"https:\/\/schupp.ch\/fr\/wp-json\/wp\/v2\/media?parent=5829"}],"wp:term":[{"taxonomy":"product_brand","embeddable":true,"href":"https:\/\/schupp.ch\/fr\/wp-json\/wp\/v2\/product_brand?post=5829"},{"taxonomy":"product_cat","embeddable":true,"href":"https:\/\/schupp.ch\/fr\/wp-json\/wp\/v2\/product_cat?post=5829"},{"taxonomy":"product_tag","embeddable":true,"href":"https:\/\/schupp.ch\/fr\/wp-json\/wp\/v2\/product_tag?post=5829"}],"curies":[{"name":"wp","href":"https:\/\/api.w.org\/{rel}","templated":true}]}}