{"id":5833,"date":"2024-01-25T13:18:00","date_gmt":"2024-01-25T12:18:00","guid":{"rendered":"https:\/\/schupp.ch\/p\/ruban-adhesif-double-face-kapton-classe-h-180c\/"},"modified":"2025-11-15T13:58:42","modified_gmt":"2025-11-15T12:58:42","slug":"ruban-adhesif-double-face-kapton-classe-h-180c","status":"publish","type":"product","link":"https:\/\/schupp.ch\/fr\/p\/ruban-adhesif-double-face-kapton-classe-h-180c\/","title":{"rendered":"Ruban adh\u00e9sif double face Kapton\u00ae classe H (180\u00b0C)"},"content":{"rendered":"<p>&nbsp;<\/p>\n<p><strong>Caract\u00e9ristiques :<br \/>\n<\/strong>Ruban adh\u00e9sif double face pour les temp\u00e9ratures les plus \u00e9lev\u00e9es, peut \u00e9galement \u00eatre coll\u00e9 sur des surfaces en silicone.<\/p>\n<p><strong>Tension de claquage :<\/strong><br \/>\nEnv. 7000 V<\/p>\n<table>\n<tbody>\n<tr>\n<td width=\"159\">Num\u00e9ro principal<\/td>\n<td width=\"159\">Mat\u00e9riel de base<\/td>\n<td width=\"159\">Couleur<\/td>\n<td width=\"159\">\u00c9paisseur (mm)<br \/>\nsans adh\u00e9sif<\/td>\n<td width=\"159\">Avec de la colle<\/td>\n<td width=\"159\">Adh\u00e9sif<\/td>\n<\/tr>\n<tr>\n<td width=\"159\"><a href=\"https:\/\/nx5412.your-storageshare.de\/s\/JpXqoN7RM3rrfxg\" target=\"_blank\" rel=\"noopener\"><strong>EK70752<\/strong><\/a><\/td>\n<td width=\"159\">Kapton\u00ae (polyimide)<\/td>\n<td width=\"159\">marron<\/td>\n<td width=\"159\">0,025\u00b110%<\/td>\n<td width=\"159\">0,140\u00b117%<\/td>\n<td width=\"159\">Polysiloxane<\/td>\n<\/tr>\n<\/tbody>\n<\/table>\n<p>&nbsp;<\/p>\n<p><strong>Num\u00e9ro d&rsquo;article : <\/strong><\/p>\n<p>Exemple : EK12063\/025.0<br \/>\nEK12063 = num\u00e9ro de fiche<br \/>\n025.0 = largeur en mm<\/p>\n<p>&nbsp;<\/p>\n","protected":false},"excerpt":{"rendered":"<p>&nbsp;<\/p>\n<h5>Rubans adh\u00e9sifs double face pour temp\u00e9ratures les plus \u00e9lev\u00e9es, peuvent \u00e9galement \u00eatre coll\u00e9s sur des surfaces en silicone.<\/h5>\n<p>&nbsp;<\/p>\n<p>&nbsp;<\/p>\n","protected":false},"featured_media":9913,"template":"","meta":{"_acf_changed":false},"product_brand":[],"product_cat":[165,230,257],"product_tag":[],"class_list":{"0":"post-5833","1":"product","2":"type-product","3":"status-publish","4":"has-post-thumbnail","6":"product_cat-bandes-techniques","7":"product_cat-rubans-adhesifs-electriques-pour-classe-thermique-h-180-c","8":"product_cat-rubans-adhesifs-double-face","10":"first","11":"instock","12":"shipping-taxable","13":"purchasable","14":"product-type-simple"},"acf":[],"_links":{"self":[{"href":"https:\/\/schupp.ch\/fr\/wp-json\/wp\/v2\/product\/5833","targetHints":{"allow":["GET"]}}],"collection":[{"href":"https:\/\/schupp.ch\/fr\/wp-json\/wp\/v2\/product"}],"about":[{"href":"https:\/\/schupp.ch\/fr\/wp-json\/wp\/v2\/types\/product"}],"wp:featuredmedia":[{"embeddable":true,"href":"https:\/\/schupp.ch\/fr\/wp-json\/wp\/v2\/media\/9913"}],"wp:attachment":[{"href":"https:\/\/schupp.ch\/fr\/wp-json\/wp\/v2\/media?parent=5833"}],"wp:term":[{"taxonomy":"product_brand","embeddable":true,"href":"https:\/\/schupp.ch\/fr\/wp-json\/wp\/v2\/product_brand?post=5833"},{"taxonomy":"product_cat","embeddable":true,"href":"https:\/\/schupp.ch\/fr\/wp-json\/wp\/v2\/product_cat?post=5833"},{"taxonomy":"product_tag","embeddable":true,"href":"https:\/\/schupp.ch\/fr\/wp-json\/wp\/v2\/product_tag?post=5833"}],"curies":[{"name":"wp","href":"https:\/\/api.w.org\/{rel}","templated":true}]}}