{"id":5836,"date":"2024-01-25T14:04:56","date_gmt":"2024-01-25T13:04:56","guid":{"rendered":"https:\/\/schupp.ch\/p\/dogbones-et-profiles-dangle\/"},"modified":"2025-11-28T13:37:48","modified_gmt":"2025-11-28T12:37:48","slug":"dogbones-et-profiles-dangle","status":"publish","type":"product","link":"https:\/\/schupp.ch\/fr\/p\/dogbones-et-profiles-dangle\/","title":{"rendered":"Profil\u00e9s PRV renforc\u00e9s de fibres de verre en polyester"},"content":{"rendered":"<h4><\/h4>\n<p><strong>Mat\u00e9riaux:<br \/>\n<\/strong>Ces profil\u00e9s PRV de haute qualit\u00e9 sont fabriqu\u00e9s en polyester pultrud\u00e9, renforc\u00e9 de nattes de fibres de verre. Ils poss\u00e8dent une r\u00e9sistance m\u00e9canique excellente.<\/p>\n<p><strong>Classe de temp\u00e9rature:<br \/>\n<\/strong>H (180\u00b0C)<\/p>\n<p><strong>Rigidit\u00e9 di\u00e9lectrique:<br \/>\n<\/strong>Transversal 12 kV\/mm, longitudinal 50 kV\/mm<\/p>\n<p><strong>Contenance en fibres de verre:<br \/>\n<\/strong>50 &#8211; 60 %<\/p>\n<p><strong>Masse volumique:<br \/>\n<\/strong>1,8 g\/cm3<\/p>\n<p><strong>Dilatation thermique:<br \/>\n<\/strong>8 x 10-6 mm\/\u00b0C<\/p>\n<p><strong>Longueur standard<br \/>\n<\/strong>2000 &#8211; 2500 mm<\/p>\n<p>Les dogbones peuvent \u00eatre coup\u00e9s \u00e0 une longueur individuelle que vous souhaitez.<\/p>\n<p>&nbsp;<\/p>\n<h4><strong>Dogbones<\/strong><\/h4>\n<h2><img loading=\"lazy\" decoding=\"async\" class=\"alignnone wp-image-3010\" src=\"https:\/\/schupp.ch\/wp-content\/uploads\/2024\/04\/wefwrfrge.png\" alt=\"\" width=\"209\" height=\"209\" srcset=\"https:\/\/schupp.ch\/wp-content\/uploads\/2024\/04\/wefwrfrge-600x600.png 600w, https:\/\/schupp.ch\/wp-content\/uploads\/2024\/04\/wefwrfrge-900x900.png 900w, https:\/\/schupp.ch\/wp-content\/uploads\/2024\/04\/wefwrfrge-100x100.png 100w, https:\/\/schupp.ch\/wp-content\/uploads\/2024\/04\/wefwrfrge-150x150.png 150w, https:\/\/schupp.ch\/wp-content\/uploads\/2024\/04\/wefwrfrge-300x300.png 300w, https:\/\/schupp.ch\/wp-content\/uploads\/2024\/04\/wefwrfrge-768x768.png 768w, https:\/\/schupp.ch\/wp-content\/uploads\/2024\/04\/wefwrfrge-1024x1024.png 1024w\" sizes=\"auto, (max-width: 209px) 100vw, 209px\" \/> <img loading=\"lazy\" decoding=\"async\" class=\"alignnone wp-image-3007\" src=\"https:\/\/schupp.ch\/wp-content\/uploads\/2024\/04\/ergarberbb.jpg\" alt=\"\" width=\"297\" height=\"195\" \/><\/h2>\n<h2><\/h2>\n<p>&nbsp;<\/p>\n<table>\n<tbody>\n<tr>\n<td width=\"72\"><strong>Num\u00e9ro d&rsquo;article<\/strong><\/td>\n<td width=\"67\">Type<\/td>\n<td width=\"19\"><\/td>\n<td width=\"51\">Hauteur H [mm]<\/td>\n<td width=\"53\">Largeur B [mm]<\/td>\n<td width=\"49\">Poids [g\/m]<\/td>\n<td width=\"74\"><strong>Num\u00e9ro d&rsquo;article<\/strong><\/td>\n<td width=\"15\"><\/td>\n<td width=\"66\">Type<\/td>\n<td width=\"45\">Hauteur H [mm]<\/td>\n<td width=\"61\">Largeur B [mm]<\/td>\n<td width=\"55\">Poids [g\/m]<\/td>\n<\/tr>\n<tr>\n<td width=\"72\"><strong>GPDB8060<\/strong><\/td>\n<td width=\"67\">DB 8 x 6<\/td>\n<td width=\"19\"><span style=\"color: #ff6600;\">\u2666<\/span><\/td>\n<td width=\"51\">8<\/td>\n<td width=\"53\">6<\/td>\n<td width=\"49\">77<\/td>\n<td width=\"74\"><strong>GPDB1614<\/strong><\/td>\n<td width=\"15\"><span style=\"color: #ff6600;\">\u2666<\/span><\/td>\n<td width=\"66\">DB 16 x 14<\/td>\n<td width=\"45\">16<\/td>\n<td width=\"61\">14<\/td>\n<td width=\"55\">320<\/td>\n<\/tr>\n<tr>\n<td width=\"72\"><strong>GPDB1080<\/strong><\/td>\n<td width=\"67\">DB 10 x 8<\/td>\n<td width=\"19\"><span style=\"color: #ff6600;\">\u2666<\/span><\/td>\n<td width=\"51\">10<\/td>\n<td width=\"53\">8<\/td>\n<td width=\"49\">130<\/td>\n<td width=\"74\"><strong>GPDB1814<\/strong><\/td>\n<td width=\"15\"><span style=\"color: #ff6600;\">\u2666<\/span><\/td>\n<td width=\"66\">DB 18 x 14<\/td>\n<td width=\"45\">18<\/td>\n<td width=\"61\">14<\/td>\n<td width=\"55\">388<\/td>\n<\/tr>\n<tr>\n<td width=\"72\"><strong>GPDB1110<\/strong><\/td>\n<td width=\"67\">DB 11 x 10<\/td>\n<td width=\"19\"><span style=\"color: #ff6600;\">\u2666<\/span><\/td>\n<td width=\"51\">11<\/td>\n<td width=\"53\">10<\/td>\n<td width=\"49\">135<\/td>\n<td width=\"74\"><strong>GPDB18 16<\/strong><\/td>\n<td width=\"15\"><span style=\"color: #ff6600;\">\u2666<\/span><\/td>\n<td width=\"66\">DB 18 x 16<\/td>\n<td width=\"45\">18<\/td>\n<td width=\"61\">16<\/td>\n<td width=\"55\">430<\/td>\n<\/tr>\n<tr>\n<td width=\"72\"><strong>GPDB1210<\/strong><\/td>\n<td width=\"67\">DB 12 x 10<\/td>\n<td width=\"19\"><span style=\"color: #ff6600;\">\u2666<\/span><\/td>\n<td width=\"51\">12<\/td>\n<td width=\"53\">10<\/td>\n<td width=\"49\">159<\/td>\n<td width=\"74\"><strong>GPDB1910<\/strong><\/td>\n<td width=\"15\"><span style=\"color: #ff6600;\">\u2666<\/span><\/td>\n<td width=\"66\">DB 19 x 10<\/td>\n<td width=\"45\">19<\/td>\n<td width=\"61\">10<\/td>\n<td width=\"55\">285<\/td>\n<\/tr>\n<tr>\n<td width=\"72\"><strong>GPDB1310<\/strong><\/td>\n<td width=\"67\">DB 13 x 10<\/td>\n<td width=\"19\"><span style=\"color: #ff6600;\">\u2666<\/span><\/td>\n<td width=\"51\">13<\/td>\n<td width=\"53\">10<\/td>\n<td width=\"49\">180<\/td>\n<td width=\"74\"><strong>GPDB1912<\/strong><\/td>\n<td width=\"15\"><span style=\"color: #ff6600;\">\u2666<\/span><\/td>\n<td width=\"66\">DB 19 x 12<\/td>\n<td width=\"45\">19<\/td>\n<td width=\"61\">12<\/td>\n<td width=\"55\">320<\/td>\n<\/tr>\n<tr>\n<td width=\"72\"><strong>GPDB1410<\/strong><\/td>\n<td width=\"67\">DB 14 x 10<\/td>\n<td width=\"19\"><span style=\"color: #ff6600;\">\u2666<\/span><\/td>\n<td width=\"51\">14<\/td>\n<td width=\"53\">10<\/td>\n<td width=\"49\">190<\/td>\n<td width=\"74\"><strong>GPDB2016<\/strong><\/td>\n<td width=\"15\"><span style=\"color: #ff6600;\">\u2666<\/span><\/td>\n<td width=\"66\">DB 20 x 16<\/td>\n<td width=\"45\">20<\/td>\n<td width=\"61\">16<\/td>\n<td width=\"55\">400<\/td>\n<\/tr>\n<tr>\n<td width=\"72\"><strong>GPDB1510<\/strong><\/td>\n<td width=\"67\">DB 15 x 10<\/td>\n<td width=\"19\"><span style=\"color: #ff6600;\">\u2666<\/span><\/td>\n<td width=\"51\">15<\/td>\n<td width=\"53\">10<\/td>\n<td width=\"49\">195<\/td>\n<td width=\"74\"><strong>GPDB2220<\/strong><\/td>\n<td width=\"15\"><span style=\"color: #ff6600;\">\u2666<\/span><\/td>\n<td width=\"66\">DB 22 x 20<\/td>\n<td width=\"45\">22<\/td>\n<td width=\"61\">20<\/td>\n<td width=\"55\">645<\/td>\n<\/tr>\n<tr>\n<td width=\"72\"><strong>GPDB1610<\/strong><\/td>\n<td width=\"67\">DB 16 x 10<\/td>\n<td width=\"19\"><span style=\"color: #ff6600;\">\u2666<\/span><\/td>\n<td width=\"51\">16<\/td>\n<td width=\"53\">10<\/td>\n<td width=\"49\">236<\/td>\n<td width=\"74\"><strong>GPDB2416<\/strong><\/td>\n<td width=\"15\"><span style=\"color: #ff6600;\">\u2666<\/span><\/td>\n<td width=\"66\">DB 24 x 16<\/td>\n<td width=\"45\">24<\/td>\n<td width=\"61\">16<\/td>\n<td width=\"55\">565<\/td>\n<\/tr>\n<tr>\n<td width=\"72\"><strong>GPDB1612<\/strong><\/td>\n<td width=\"67\">DB 16 x 12<\/td>\n<td width=\"19\"><span style=\"color: #ff6600;\">\u2666<\/span><\/td>\n<td width=\"51\">16<\/td>\n<td width=\"53\">12<\/td>\n<td width=\"49\">261<\/td>\n<td width=\"74\"><strong>GPDB2522<\/strong><\/td>\n<td width=\"15\"><span style=\"color: #ff6600;\">\u2666<\/span><\/td>\n<td width=\"66\">DB 25 x 22<\/td>\n<td width=\"45\">25<\/td>\n<td width=\"61\">22<\/td>\n<td width=\"55\">674<\/td>\n<\/tr>\n<tr>\n<td width=\"72\"><strong>GPDB1613<\/strong><\/td>\n<td width=\"67\">DB 16 x 13<\/td>\n<td width=\"19\"><span style=\"color: #ff6600;\">\u2666<\/span><\/td>\n<td width=\"51\">16<\/td>\n<td width=\"53\">13<\/td>\n<td width=\"49\">305<\/td>\n<td colspan=\"2\" width=\"88\"><\/td>\n<td width=\"66\"><\/td>\n<td width=\"45\"><\/td>\n<td width=\"61\"><\/td>\n<td width=\"55\"><\/td>\n<\/tr>\n<\/tbody>\n<\/table>\n<p>&nbsp;<\/p>\n<p>\u2666 <span style=\"color: #ff6600;\">s<\/span>ur demande<\/p>\n<p>&nbsp;<\/p>\n<p>&nbsp;<\/p>\n<h4><strong>Profil\u00e9s d&rsquo;angle<\/strong><\/h4>\n<h2><img loading=\"lazy\" decoding=\"async\" class=\"alignnone wp-image-3017\" src=\"https:\/\/schupp.ch\/wp-content\/uploads\/2024\/04\/kergerhret.png\" alt=\"\" width=\"189\" height=\"169\" \/> <img loading=\"lazy\" decoding=\"async\" class=\"alignnone wp-image-3014\" src=\"https:\/\/schupp.ch\/wp-content\/uploads\/2024\/04\/jdfedfgbh.jpg\" alt=\"\" width=\"246\" height=\"175\" \/><\/h2>\n<p>&nbsp;<\/p>\n<table>\n<tbody>\n<tr>\n<td colspan=\"2\" width=\"96\"><strong>Num\u00e9ro d&rsquo;article<\/strong><\/td>\n<td width=\"72\">Type A x B [mm]<\/td>\n<td width=\"83\">Hauteur H<br \/>\n[mm]<\/td>\n<td width=\"68\">Poids<br \/>\n[g\/m]<\/td>\n<td colspan=\"2\" width=\"83\"><strong>Num\u00e9ro d&rsquo;article<\/strong><\/td>\n<td width=\"78\">Type A x B [mm]<\/td>\n<td width=\"76\">Hauteur H<br \/>\n[mm]<\/td>\n<td width=\"69\">Poids<br \/>\n[g\/m]<\/td>\n<\/tr>\n<tr>\n<td width=\"75\"><strong>GPEP4949<\/strong><\/td>\n<td width=\"20\"><span style=\"color: #ff6600;\">\u2666<\/span><\/td>\n<td width=\"72\">EP 4,9 x 4,9<\/td>\n<td width=\"83\">3,5<\/td>\n<td width=\"68\">59<\/td>\n<td width=\"68\"><strong>EP9090<\/strong><\/td>\n<td width=\"16\"><span style=\"color: #ff6600;\">\u2666<\/span><\/td>\n<td width=\"78\">EP 9 x 9<\/td>\n<td width=\"76\">7,5<\/td>\n<td width=\"69\">282<\/td>\n<\/tr>\n<tr>\n<td width=\"75\"><strong>GPEP6060<\/strong><\/td>\n<td width=\"20\"><span style=\"color: #ff6600;\">\u2666<\/span><\/td>\n<td width=\"72\">EP 6 x 6<\/td>\n<td width=\"83\">6,0<\/td>\n<td width=\"68\">165<\/td>\n<td width=\"68\"><strong>EP1010<\/strong><\/td>\n<td width=\"16\"><span style=\"color: #ff6600;\">\u2666<\/span><\/td>\n<td width=\"78\">EP 10 x 10<\/td>\n<td width=\"76\">10<\/td>\n<td width=\"69\">470<\/td>\n<\/tr>\n<tr>\n<td width=\"75\"><strong>GPEP7070<\/strong><\/td>\n<td width=\"20\"><span style=\"color: #ff6600;\">\u2666<\/span><\/td>\n<td width=\"72\">EP 7 x 7<\/td>\n<td width=\"83\">7,0<\/td>\n<td width=\"68\">220<\/td>\n<td width=\"68\"><strong>EP1212<\/strong><\/td>\n<td width=\"16\"><span style=\"color: #ff6600;\">\u2666<\/span><\/td>\n<td width=\"78\">EP 12 x 12<\/td>\n<td width=\"76\">12<\/td>\n<td width=\"69\">570<\/td>\n<\/tr>\n<tr>\n<td width=\"75\"><strong>GPEP7171<\/strong><\/td>\n<td width=\"20\"><span style=\"color: #ff6600;\">\u2666<\/span><\/td>\n<td width=\"72\">EP 7,1 x 7,1<\/td>\n<td width=\"83\">5,0<\/td>\n<td width=\"68\">125<\/td>\n<td width=\"68\"><strong>EP1616<\/strong><\/td>\n<td width=\"16\"><span style=\"color: #ff6600;\">\u2666<\/span><\/td>\n<td width=\"78\">EP 16 x 16<\/td>\n<td width=\"76\">17<\/td>\n<td width=\"69\">1267<\/td>\n<\/tr>\n<tr>\n<td width=\"75\"><strong>GPEP8080<\/strong><\/td>\n<td width=\"20\"><span style=\"color: #ff6600;\">\u2666<\/span><\/td>\n<td width=\"72\">EP 8 x 8<\/td>\n<td width=\"83\">8,0<\/td>\n<td width=\"68\">295<\/td>\n<td colspan=\"2\" width=\"83\"><\/td>\n<td width=\"78\"><\/td>\n<td width=\"76\"><\/td>\n<td width=\"69\"><\/td>\n<\/tr>\n<\/tbody>\n<\/table>\n<p>&nbsp;<\/p>\n<p>\u2666 <span style=\"color: #ff6600;\">s<\/span>ur demande<\/p>\n<p>&nbsp;<\/p>\n<p>Les\u00a0Profil\u00e9s d&rsquo;angle\u00a0peuvent \u00eatre coup\u00e9s \u00e0 une longueur individuelle que vous souhaitez.<\/p>\n<p>&nbsp;<\/p>\n","protected":false},"excerpt":{"rendered":"<p>&nbsp;<\/p>\n<h5><strong>Les profil\u00e9s Dogbone<\/strong> sont fabriqu\u00e9s en mat\u00e9riaux composites (PRV &#8211; PRFC), renforc\u00e9s de fibres de verre et\/ou de carbone et font partie de la production de profil\u00e9s pultrud\u00e9s.\u00a0Disponibles partiellement de stock, nos profil\u00e9s pultrud\u00e9s sont irrempla\u00e7ables pour <strong>la construction d&rsquo;appareils \u00e9lectriques comme les transformateurs secs, les moteurs \u00e9lectriques et les bobines<\/strong>.<\/h5>\n<h5><\/h5>\n<p>&nbsp;<\/p>\n<h5>L&rsquo;un des avantages des composants Dog Bone est leur <strong>tr\u00e8s bonne isolation \u00e9lectrique<\/strong>. Cette propri\u00e9t\u00e9 fait de ce produit un composant parfait pour les produits \u00e9num\u00e9r\u00e9s ci-dessus, car celui-ci est soumis \u00e0 des tensions tr\u00e8s \u00e9lev\u00e9es.<\/h5>\n<h5><\/h5>\n<p>&nbsp;<\/p>\n<h5>Sur demande, il est \u00e9galement possible de fabriquer les composants selon <strong>la norme UL 94V<\/strong> en tant que produits ignifuges sans halog\u00e8ne.<\/h5>\n<p>&nbsp;<\/p>\n","protected":false},"featured_media":3094,"template":"","meta":{"_acf_changed":false},"product_brand":[],"product_cat":[142,268],"product_tag":[],"class_list":{"0":"post-5836","1":"product","2":"type-product","3":"status-publish","4":"has-post-thumbnail","6":"product_cat-technique-de-bobinage","7":"product_cat-profiles-en-prv","9":"first","10":"instock","11":"shipping-taxable","12":"purchasable","13":"product-type-simple"},"acf":[],"_links":{"self":[{"href":"https:\/\/schupp.ch\/fr\/wp-json\/wp\/v2\/product\/5836","targetHints":{"allow":["GET"]}}],"collection":[{"href":"https:\/\/schupp.ch\/fr\/wp-json\/wp\/v2\/product"}],"about":[{"href":"https:\/\/schupp.ch\/fr\/wp-json\/wp\/v2\/types\/product"}],"wp:featuredmedia":[{"embeddable":true,"href":"https:\/\/schupp.ch\/fr\/wp-json\/wp\/v2\/media\/3094"}],"wp:attachment":[{"href":"https:\/\/schupp.ch\/fr\/wp-json\/wp\/v2\/media?parent=5836"}],"wp:term":[{"taxonomy":"product_brand","embeddable":true,"href":"https:\/\/schupp.ch\/fr\/wp-json\/wp\/v2\/product_brand?post=5836"},{"taxonomy":"product_cat","embeddable":true,"href":"https:\/\/schupp.ch\/fr\/wp-json\/wp\/v2\/product_cat?post=5836"},{"taxonomy":"product_tag","embeddable":true,"href":"https:\/\/schupp.ch\/fr\/wp-json\/wp\/v2\/product_tag?post=5836"}],"curies":[{"name":"wp","href":"https:\/\/api.w.org\/{rel}","templated":true}]}}