{"id":5837,"date":"2024-01-25T13:20:51","date_gmt":"2024-01-25T12:20:51","guid":{"rendered":"https:\/\/schupp.ch\/p\/ruban-adhesif-en-polyester-non-tisse-2\/"},"modified":"2025-11-09T12:32:11","modified_gmt":"2025-11-09T11:32:11","slug":"ruban-adhesif-en-polyester-non-tisse-2","status":"publish","type":"product","link":"https:\/\/schupp.ch\/fr\/p\/ruban-adhesif-en-polyester-non-tisse-2\/","title":{"rendered":"Ruban adh\u00e9sif en polyester non-tiss\u00e9"},"content":{"rendered":"<p>&nbsp;<\/p>\n<p>&nbsp;<\/p>\n<table width=\"643\">\n<tbody>\n<tr>\n<td width=\"130\"><strong>Num\u00e9ro principal<\/strong><\/td>\n<td width=\"139\">Mat\u00e9riau de base<\/td>\n<td width=\"185\">Couleur<\/td>\n<td width=\"84\">\u00c9paisseur avec adhesif<\/td>\n<td width=\"93\">Adh\u00e9sif<\/td>\n<\/tr>\n<tr>\n<td width=\"130\"><a href=\"https:\/\/nx5412.your-storageshare.de\/s\/yXPNfCg5zxc25td\" target=\"_blank\" rel=\"noopener\"><strong>EK80808<\/strong><\/a><\/td>\n<td width=\"139\">Non-tiss\u00e9 de polyester<\/td>\n<td width=\"185\">blanc<\/td>\n<td width=\"84\">environ 0,130<\/td>\n<td width=\"93\">Acrylate<\/td>\n<\/tr>\n<\/tbody>\n<\/table>\n<p>&nbsp;<\/p>\n<p>Les fiches techniques sont disponibles sur demande ou en cliquant sur le num\u00e9ro de fiche.<\/p>\n<p>&nbsp;<\/p>\n<p><strong>Num\u00e9ro d&rsquo;article :<br \/>\n<\/strong>Exemple : EK80808\/025.0<br \/>\nEK80808 = num\u00e9ro principal<br \/>\n025.0 = largeur en mm<\/p>\n<p>&nbsp;<\/p>\n","protected":false},"excerpt":{"rendered":"<p>&nbsp;<\/p>\n<p>&nbsp;<\/p>\n<h5>Ruban adh\u00e9sif polyvalent \u00e9conomique avec de tr\u00e8s bonnes propri\u00e9t\u00e9s adh\u00e9sives. Large \u00e9paisseur d&rsquo;adh\u00e9sif (0,130 mm) et tr\u00e8s bonne adh\u00e9rence initiale, m\u00eame sur des surfaces l\u00e9g\u00e8rement rugueuses.<\/h5>\n<p>&nbsp;<\/p>\n<p>&nbsp;<\/p>\n","protected":false},"featured_media":4839,"template":"","meta":{"_acf_changed":false},"product_brand":[],"product_cat":[165,255],"product_tag":[],"class_list":{"0":"post-5837","1":"product","2":"type-product","3":"status-publish","4":"has-post-thumbnail","6":"product_cat-bandes-techniques","7":"product_cat-rubans-adhesifs-electriques-pour-classe-de-chaleur-e-120-c","9":"first","10":"instock","11":"shipping-taxable","12":"purchasable","13":"product-type-simple"},"acf":[],"_links":{"self":[{"href":"https:\/\/schupp.ch\/fr\/wp-json\/wp\/v2\/product\/5837","targetHints":{"allow":["GET"]}}],"collection":[{"href":"https:\/\/schupp.ch\/fr\/wp-json\/wp\/v2\/product"}],"about":[{"href":"https:\/\/schupp.ch\/fr\/wp-json\/wp\/v2\/types\/product"}],"wp:featuredmedia":[{"embeddable":true,"href":"https:\/\/schupp.ch\/fr\/wp-json\/wp\/v2\/media\/4839"}],"wp:attachment":[{"href":"https:\/\/schupp.ch\/fr\/wp-json\/wp\/v2\/media?parent=5837"}],"wp:term":[{"taxonomy":"product_brand","embeddable":true,"href":"https:\/\/schupp.ch\/fr\/wp-json\/wp\/v2\/product_brand?post=5837"},{"taxonomy":"product_cat","embeddable":true,"href":"https:\/\/schupp.ch\/fr\/wp-json\/wp\/v2\/product_cat?post=5837"},{"taxonomy":"product_tag","embeddable":true,"href":"https:\/\/schupp.ch\/fr\/wp-json\/wp\/v2\/product_tag?post=5837"}],"curies":[{"name":"wp","href":"https:\/\/api.w.org\/{rel}","templated":true}]}}