{"id":5841,"date":"2024-01-25T13:29:08","date_gmt":"2024-01-25T12:29:08","guid":{"rendered":"https:\/\/schupp.ch\/p\/adhesifs-de-transfert-couches-adhesives-sans-support\/"},"modified":"2025-11-16T13:31:59","modified_gmt":"2025-11-16T12:31:59","slug":"adhesifs-de-transfert-couches-adhesives-sans-support","status":"publish","type":"product","link":"https:\/\/schupp.ch\/fr\/p\/adhesifs-de-transfert-couches-adhesives-sans-support\/","title":{"rendered":"Rubans d&rsquo;adh\u00e9sifs de transfert, couches adh\u00e9sives sans support"},"content":{"rendered":"<p>&nbsp;<\/p>\n<p><strong>Propri\u00e9t\u00e9s :<br \/>\n<\/strong>Couche d&rsquo;adh\u00e9sif tr\u00e8s fine avec un bon pouvoir adh\u00e9sif, pour l&rsquo;appr\u00eat de mat\u00e9riaux de surface avec de l&rsquo;adh\u00e9sif ou pour la fabrication de lamin\u00e9s.<\/p>\n<p><strong>Classe de temp\u00e9rature :<\/strong><br \/>\nH (180 \u00b0C)<\/p>\n<p>&nbsp;<\/p>\n<table width=\"636\">\n<tbody>\n<tr>\n<td rowspan=\"2\" width=\"132\"><strong>Num\u00e9ro principal<\/strong><\/td>\n<td rowspan=\"2\" width=\"111\">Mat\u00e9riel de base<\/td>\n<td rowspan=\"2\" width=\"220\">Couleur<\/td>\n<td width=\"85\">\u00c9paisseur [mm]<\/td>\n<td rowspan=\"2\" width=\"88\">Adh\u00e9sif<\/td>\n<\/tr>\n<tr>\n<td width=\"85\">avec de la colle<\/td>\n<\/tr>\n<tr>\n<td width=\"132\"><a href=\"https:\/\/nx5412.your-storageshare.de\/s\/y9TCCn5YiMx7ex9\" target=\"_blank\" rel=\"noopener\"><strong>EK15577<\/strong><\/a><\/td>\n<td width=\"111\">sans film de support<\/td>\n<td width=\"220\">incolore transparent<\/td>\n<td width=\"85\">0,030\u00b115%<\/td>\n<td width=\"88\">Acrylate<\/td>\n<\/tr>\n<\/tbody>\n<\/table>\n<p>&nbsp;<\/p>\n<table width=\"636\">\n<tbody>\n<tr>\n<td rowspan=\"2\" width=\"132\"><strong>Num\u00e9ro principal<\/strong><\/td>\n<td rowspan=\"2\" width=\"111\">Mat\u00e9riel de base<\/td>\n<td rowspan=\"2\" width=\"220\">Couleur<\/td>\n<td width=\"85\">\u00c9paisseur [mm]<\/td>\n<td rowspan=\"2\" width=\"88\">Adh\u00e9sif<\/td>\n<\/tr>\n<tr>\n<td width=\"85\">avec de la colle<\/td>\n<\/tr>\n<tr>\n<td width=\"132\"><a href=\"https:\/\/nx5412.your-storageshare.de\/s\/ZZYtMKcZzS9PCBK\" target=\"_blank\" rel=\"noopener\"><strong>EK15581<\/strong><\/a><\/td>\n<td width=\"111\">sans film de support<\/td>\n<td width=\"220\">incolore transparent<\/td>\n<td width=\"85\">0,050\u00b110%<\/td>\n<td width=\"88\">Acrylate<\/td>\n<\/tr>\n<\/tbody>\n<\/table>\n<p>&nbsp;<\/p>\n<p>Les fiches techniques sont disponibles sur demande ou en cliquant sur le num\u00e9ro de fiche.<\/p>\n<p>&nbsp;<\/p>\n<p><strong>Num\u00e9ro d&rsquo;article :<br \/>\n<\/strong>Exemple : EK70752\/025.0<br \/>\nEK70752 = num\u00e9ro de base<br \/>\n025.0 = largeur en mm<\/p>\n<p>&nbsp;<\/p>\n","protected":false},"excerpt":{"rendered":"<p>&nbsp;<\/p>\n<h5>Film adh\u00e9sif \u00e9lectriquement conducteur pour l&rsquo;\u00e9quipement autocollant de feuilles m\u00e9talliques par exemple. L&rsquo;adh\u00e9sif est hautement conducteur \u00e0 travers la couche adh\u00e9sive.<\/h5>\n<p>&nbsp;<\/p>\n","protected":false},"featured_media":5168,"template":"","meta":{"_acf_changed":false},"product_brand":[],"product_cat":[165,271,229],"product_tag":[],"class_list":{"0":"post-5841","1":"product","2":"type-product","3":"status-publish","4":"has-post-thumbnail","6":"product_cat-bandes-techniques","7":"product_cat-adhesifs-de-transfert-couches-adhesives-sans-support","8":"product_cat-bandes-et-applications-speciales","10":"first","11":"instock","12":"shipping-taxable","13":"purchasable","14":"product-type-simple"},"acf":[],"_links":{"self":[{"href":"https:\/\/schupp.ch\/fr\/wp-json\/wp\/v2\/product\/5841","targetHints":{"allow":["GET"]}}],"collection":[{"href":"https:\/\/schupp.ch\/fr\/wp-json\/wp\/v2\/product"}],"about":[{"href":"https:\/\/schupp.ch\/fr\/wp-json\/wp\/v2\/types\/product"}],"wp:featuredmedia":[{"embeddable":true,"href":"https:\/\/schupp.ch\/fr\/wp-json\/wp\/v2\/media\/5168"}],"wp:attachment":[{"href":"https:\/\/schupp.ch\/fr\/wp-json\/wp\/v2\/media?parent=5841"}],"wp:term":[{"taxonomy":"product_brand","embeddable":true,"href":"https:\/\/schupp.ch\/fr\/wp-json\/wp\/v2\/product_brand?post=5841"},{"taxonomy":"product_cat","embeddable":true,"href":"https:\/\/schupp.ch\/fr\/wp-json\/wp\/v2\/product_cat?post=5841"},{"taxonomy":"product_tag","embeddable":true,"href":"https:\/\/schupp.ch\/fr\/wp-json\/wp\/v2\/product_tag?post=5841"}],"curies":[{"name":"wp","href":"https:\/\/api.w.org\/{rel}","templated":true}]}}