{"id":5846,"date":"2024-01-25T14:57:00","date_gmt":"2024-01-25T13:57:00","guid":{"rendered":"https:\/\/schupp.ch\/p\/coulisseau\/"},"modified":"2025-12-02T15:43:46","modified_gmt":"2025-12-02T14:43:46","slug":"coulisseau","status":"publish","type":"product","link":"https:\/\/schupp.ch\/fr\/p\/coulisseau\/","title":{"rendered":"Mortaiseurs d\u2018encoche"},"content":{"rendered":"<p><img loading=\"lazy\" decoding=\"async\" class=\"alignnone wp-image-8070\" src=\"https:\/\/schupp.ch\/wp-content\/uploads\/2024\/01\/Nutenstemmer_02-300x300.jpg\" alt=\"\" width=\"407\" height=\"184\" \/><\/p>\n<p><strong>Dimensions<\/strong><\/p>\n<table width=\"643\">\n<tbody>\n<tr>\n<td rowspan=\"2\" width=\"110\"><strong>Art. No.<\/strong><\/td>\n<td colspan=\"6\" width=\"533\">Dimensions [mm]<\/td>\n<\/tr>\n<tr>\n<td width=\"87\">a<\/td>\n<td width=\"81\">b<\/td>\n<td width=\"82\">c<\/td>\n<td width=\"88\">d<\/td>\n<td width=\"91\">e<\/td>\n<td width=\"102\">f<\/td>\n<\/tr>\n<tr>\n<td width=\"110\"><strong>WWNSTM030<\/strong><\/td>\n<td width=\"87\">3<\/td>\n<td width=\"81\">30<\/td>\n<td width=\"82\">2<\/td>\n<td width=\"88\">20<\/td>\n<td width=\"91\">50<\/td>\n<td width=\"102\">8<\/td>\n<\/tr>\n<tr>\n<td width=\"110\"><strong>WWNSTM045<\/strong><\/td>\n<td width=\"87\">4,5<\/td>\n<td width=\"81\">30<\/td>\n<td width=\"82\">2<\/td>\n<td width=\"88\">20<\/td>\n<td width=\"91\">50<\/td>\n<td width=\"102\">8<\/td>\n<\/tr>\n<tr>\n<td width=\"110\"><strong>WWNSTM055<\/strong><\/td>\n<td width=\"87\">5,5<\/td>\n<td width=\"81\">30<\/td>\n<td width=\"82\">2,5<\/td>\n<td width=\"88\">20<\/td>\n<td width=\"91\">50<\/td>\n<td width=\"102\">8<\/td>\n<\/tr>\n<tr>\n<td width=\"110\"><strong>WWNSTM065<\/strong><\/td>\n<td width=\"87\">6,5<\/td>\n<td width=\"81\">45<\/td>\n<td width=\"82\">2,5<\/td>\n<td width=\"88\">20<\/td>\n<td width=\"91\">50<\/td>\n<td width=\"102\">10<\/td>\n<\/tr>\n<tr>\n<td width=\"110\"><strong>WWNSTM075<\/strong><\/td>\n<td width=\"87\">7,5<\/td>\n<td width=\"81\">45<\/td>\n<td width=\"82\">2,5<\/td>\n<td width=\"88\">20<\/td>\n<td width=\"91\">50<\/td>\n<td width=\"102\">10<\/td>\n<\/tr>\n<tr>\n<td width=\"110\"><strong>WWNSTM085<\/strong><\/td>\n<td width=\"87\">8,5<\/td>\n<td width=\"81\">45<\/td>\n<td width=\"82\">2,5<\/td>\n<td width=\"88\">20<\/td>\n<td width=\"91\">50<\/td>\n<td width=\"102\">10<\/td>\n<\/tr>\n<tr>\n<td width=\"110\"><strong>WWNSTM095<\/strong><\/td>\n<td width=\"87\">9,5<\/td>\n<td width=\"81\">45<\/td>\n<td width=\"82\">2,5<\/td>\n<td width=\"88\">20<\/td>\n<td width=\"91\">50<\/td>\n<td width=\"102\">10<\/td>\n<\/tr>\n<tr>\n<td width=\"110\"><strong>WWNSTM100<\/strong><\/td>\n<td width=\"87\">10<\/td>\n<td width=\"81\">45<\/td>\n<td width=\"82\">2,5<\/td>\n<td width=\"88\">20<\/td>\n<td width=\"91\">50<\/td>\n<td width=\"102\">10<\/td>\n<\/tr>\n<tr>\n<td width=\"110\"><strong>WWNSTM110<\/strong><\/td>\n<td width=\"87\">11<\/td>\n<td width=\"81\">45<\/td>\n<td width=\"82\">2,5<\/td>\n<td width=\"88\">20<\/td>\n<td width=\"91\">50<\/td>\n<td width=\"102\">10<\/td>\n<\/tr>\n<tr>\n<td width=\"110\"><strong>WWNSTM120<\/strong><\/td>\n<td width=\"87\">12<\/td>\n<td width=\"81\">45<\/td>\n<td width=\"82\">2,5<\/td>\n<td width=\"88\">20<\/td>\n<td width=\"91\">50<\/td>\n<td width=\"102\">10<\/td>\n<\/tr>\n<\/tbody>\n<\/table>\n<p>&nbsp;<\/p>\n","protected":false},"excerpt":{"rendered":"<p>&nbsp;<\/p>\n<h5>Ces mortaiseuses robustes sont utilis\u00e9es pour enfoncer les fils dans les rainures des stators et des rotors. Elles sont frais\u00e9es en acier, chrom\u00e9es et disponibles en 10 tailles diff\u00e9rentes de 3 \u00e0 12 mm.<\/h5>\n<p>&nbsp;<\/p>\n","protected":false},"featured_media":1721,"template":"","meta":{"_acf_changed":false},"product_brand":[],"product_cat":[142,201],"product_tag":[],"class_list":{"0":"post-5846","1":"product","2":"type-product","3":"status-publish","4":"has-post-thumbnail","6":"product_cat-technique-de-bobinage","7":"product_cat-outils-et-equipements-de-bobinage","9":"first","10":"instock","11":"shipping-taxable","12":"purchasable","13":"product-type-simple"},"acf":[],"_links":{"self":[{"href":"https:\/\/schupp.ch\/fr\/wp-json\/wp\/v2\/product\/5846","targetHints":{"allow":["GET"]}}],"collection":[{"href":"https:\/\/schupp.ch\/fr\/wp-json\/wp\/v2\/product"}],"about":[{"href":"https:\/\/schupp.ch\/fr\/wp-json\/wp\/v2\/types\/product"}],"wp:featuredmedia":[{"embeddable":true,"href":"https:\/\/schupp.ch\/fr\/wp-json\/wp\/v2\/media\/1721"}],"wp:attachment":[{"href":"https:\/\/schupp.ch\/fr\/wp-json\/wp\/v2\/media?parent=5846"}],"wp:term":[{"taxonomy":"product_brand","embeddable":true,"href":"https:\/\/schupp.ch\/fr\/wp-json\/wp\/v2\/product_brand?post=5846"},{"taxonomy":"product_cat","embeddable":true,"href":"https:\/\/schupp.ch\/fr\/wp-json\/wp\/v2\/product_cat?post=5846"},{"taxonomy":"product_tag","embeddable":true,"href":"https:\/\/schupp.ch\/fr\/wp-json\/wp\/v2\/product_tag?post=5846"}],"curies":[{"name":"wp","href":"https:\/\/api.w.org\/{rel}","templated":true}]}}