{"id":5847,"date":"2024-01-25T14:41:47","date_gmt":"2024-01-25T13:41:47","guid":{"rendered":"https:\/\/schupp.ch\/p\/pince-a-bobines\/"},"modified":"2026-01-22T17:09:58","modified_gmt":"2026-01-22T16:09:58","slug":"pince-a-bobines","status":"publish","type":"product","link":"https:\/\/schupp.ch\/fr\/p\/pince-a-bobines\/","title":{"rendered":"Serres-bobinage et pousses-bobinage"},"content":{"rendered":"<h4>Serres &#8211; Bobinage<\/h4>\n<p>&nbsp;<\/p>\n<p><img loading=\"lazy\" decoding=\"async\" class=\"alignnone size-full wp-image-1708\" src=\"https:\/\/schupp.ch\/wp-content\/uploads\/2024\/01\/gbfbf-1.jpg\" alt=\"\" width=\"244\" height=\"184\" \/> <img loading=\"lazy\" decoding=\"async\" class=\"alignnone wp-image-4429\" src=\"https:\/\/schupp.ch\/wp-content\/uploads\/2024\/01\/Wickelstemmer_Masse.jpg\" alt=\"\" width=\"95\" height=\"177\" \/><\/p>\n<p>&nbsp;<\/p>\n<p><strong>Dimensions<\/strong><\/p>\n<table>\n<tbody>\n<tr>\n<td width=\"118\"><strong>Art. No.<\/strong><\/td>\n<td width=\"59\">Taille<\/td>\n<td width=\"57\">b [mm]<\/td>\n<td width=\"57\">a [mm]<\/td>\n<td width=\"57\">Longueur [mm]<\/td>\n<\/tr>\n<tr>\n<td width=\"118\"><strong>WWWST1<\/strong><\/td>\n<td width=\"59\">1<\/td>\n<td width=\"57\">3<\/td>\n<td width=\"57\">1,2<\/td>\n<td width=\"57\">20<\/td>\n<\/tr>\n<tr>\n<td width=\"118\"><strong>WWWST2<\/strong><\/td>\n<td width=\"59\">2<\/td>\n<td width=\"57\">4<\/td>\n<td width=\"57\">1,5<\/td>\n<td width=\"57\">24<\/td>\n<\/tr>\n<tr>\n<td width=\"118\"><strong>WWWST3<\/strong><\/td>\n<td width=\"59\">3<\/td>\n<td width=\"57\">5<\/td>\n<td width=\"57\">1,8<\/td>\n<td width=\"57\">28<\/td>\n<\/tr>\n<tr>\n<td width=\"118\"><strong>WWWST4<\/strong><\/td>\n<td width=\"59\">4<\/td>\n<td width=\"57\">6<\/td>\n<td width=\"57\">2<\/td>\n<td width=\"57\">32<\/td>\n<\/tr>\n<tr>\n<td width=\"118\"><strong>WWWST5<\/strong><\/td>\n<td width=\"59\">5<\/td>\n<td width=\"57\">8<\/td>\n<td width=\"57\">2,5<\/td>\n<td width=\"57\">36<\/td>\n<\/tr>\n<tr>\n<td width=\"118\"><strong>WWWSTSATZ<\/strong><\/td>\n<td width=\"59\">1-5<\/td>\n<td width=\"57\"><\/td>\n<td width=\"57\"><\/td>\n<td width=\"57\"><\/td>\n<\/tr>\n<\/tbody>\n<\/table>\n<p>Ces outils peuvent aussi \u00eatre command\u00e9s individuellement.<\/p>\n<p>&nbsp;<\/p>\n<h4>Pousses &#8211; Bobinage<\/h4>\n<p>&nbsp;<\/p>\n<p><img loading=\"lazy\" decoding=\"async\" class=\"alignnone wp-image-8072\" src=\"https:\/\/schupp.ch\/wp-content\/uploads\/2024\/01\/Wickelschieber_250521-300x300.jpg\" alt=\"\" width=\"250\" height=\"250\" srcset=\"https:\/\/schupp.ch\/wp-content\/uploads\/2024\/01\/Wickelschieber_250521-300x300.jpg 300w, https:\/\/schupp.ch\/wp-content\/uploads\/2024\/01\/Wickelschieber_250521-600x600.jpg 600w, https:\/\/schupp.ch\/wp-content\/uploads\/2024\/01\/Wickelschieber_250521-900x900.jpg 900w, https:\/\/schupp.ch\/wp-content\/uploads\/2024\/01\/Wickelschieber_250521-100x100.jpg 100w, https:\/\/schupp.ch\/wp-content\/uploads\/2024\/01\/Wickelschieber_250521-150x150.jpg 150w, https:\/\/schupp.ch\/wp-content\/uploads\/2024\/01\/Wickelschieber_250521-768x768.jpg 768w, https:\/\/schupp.ch\/wp-content\/uploads\/2024\/01\/Wickelschieber_250521-1024x1024.jpg 1024w\" sizes=\"auto, (max-width: 250px) 100vw, 250px\" \/><\/p>\n<p>&nbsp;<\/p>\n<p><strong>Dimensions<\/strong><\/p>\n<table width=\"643\">\n<tbody>\n<tr>\n<td width=\"109\"><strong>Art. No.<\/strong><\/td>\n<td width=\"59\">Taille<\/td>\n<td width=\"57\">Largeur [mm]<\/td>\n<td width=\"57\">Hauteur [mm]<\/td>\n<td width=\"89\">Longueur d\u00e8s poign\u00e9e [mm]<\/td>\n<\/tr>\n<tr>\n<td width=\"109\"><strong>WWWSCH025<\/strong><\/td>\n<td width=\"59\">2,5<\/td>\n<td width=\"57\">2,5<\/td>\n<td width=\"57\">1,7<\/td>\n<td width=\"89\">150<\/td>\n<\/tr>\n<tr>\n<td width=\"109\"><strong>WWWSCH030<\/strong><\/td>\n<td width=\"59\">3<\/td>\n<td width=\"57\">3,0<\/td>\n<td width=\"57\">2,0<\/td>\n<td width=\"89\">165<\/td>\n<\/tr>\n<tr>\n<td width=\"109\"><strong>WWWSCH035<\/strong><\/td>\n<td width=\"59\">3,5<\/td>\n<td width=\"57\">3,5<\/td>\n<td width=\"57\">2,4<\/td>\n<td width=\"89\">185<\/td>\n<\/tr>\n<tr>\n<td width=\"109\"><strong>WWWSCH040<\/strong><\/td>\n<td width=\"59\">4<\/td>\n<td width=\"57\">4,0<\/td>\n<td width=\"57\">2,7<\/td>\n<td width=\"89\">200<\/td>\n<\/tr>\n<tr>\n<td width=\"109\"><strong>WWWSCH045<\/strong><\/td>\n<td width=\"59\">4,5<\/td>\n<td width=\"57\">4,5<\/td>\n<td width=\"57\">3,0<\/td>\n<td width=\"89\">215<\/td>\n<\/tr>\n<tr>\n<td width=\"109\"><strong>WWWSCH050<\/strong><\/td>\n<td width=\"59\">5<\/td>\n<td width=\"57\">5,0<\/td>\n<td width=\"57\">3,4<\/td>\n<td width=\"89\">230<\/td>\n<\/tr>\n<tr>\n<td width=\"109\"><strong>WWWSCH055<\/strong><\/td>\n<td width=\"59\">5,5<\/td>\n<td width=\"57\">5,5<\/td>\n<td width=\"57\"><\/td>\n<td width=\"89\">240<\/td>\n<\/tr>\n<tr>\n<td width=\"109\"><strong>WWWSCH060<\/strong><\/td>\n<td width=\"59\">6<\/td>\n<td width=\"57\">6,0<\/td>\n<td width=\"57\">4,0<\/td>\n<td width=\"89\">250<\/td>\n<\/tr>\n<tr>\n<td width=\"109\"><strong>WWWSCH065<\/strong><\/td>\n<td width=\"59\">6,5<\/td>\n<td width=\"57\">6,5<\/td>\n<td width=\"57\"><\/td>\n<td width=\"89\">260<\/td>\n<\/tr>\n<tr>\n<td width=\"109\"><strong>WWWSCH070<\/strong><\/td>\n<td width=\"59\">7<\/td>\n<td width=\"57\">7,0<\/td>\n<td width=\"57\">4,7<\/td>\n<td width=\"89\">275<\/td>\n<\/tr>\n<tr>\n<td width=\"109\"><strong>WWWSCH080<\/strong><\/td>\n<td width=\"59\">8<\/td>\n<td width=\"57\">8,0<\/td>\n<td width=\"57\">5,4<\/td>\n<td width=\"89\">290<\/td>\n<\/tr>\n<tr>\n<td width=\"109\"><strong>WWWSCH100<\/strong><\/td>\n<td width=\"59\">10<\/td>\n<td width=\"57\">10,0<\/td>\n<td width=\"57\">7,0<\/td>\n<td width=\"89\">315<\/td>\n<\/tr>\n<\/tbody>\n<\/table>\n<p>Ces outils peuvent aussi \u00eatre command\u00e9s individuellement.<\/p>\n","protected":false},"excerpt":{"rendered":"<h5><\/h5>\n<blockquote><p><strong>&gt;&gt;&gt;\u00a0 Ces outils ne sont actuellement pas disponibles\u00a0 &lt;&lt;&lt;<\/strong><\/p><\/blockquote>\n<p>&nbsp;<\/p>\n<h5><strong>Les serres-bobinage servent \u00e0 serrer le bobinage ins\u00e9r\u00e9 dans le stator afin de pouvoir glisser les fermetures et cales d\u2018encoche. Les serres-bobinage sont fabriqu\u00e9s en acier inoxydable avec poign\u00e9e en plastique. Un jeu est compos\u00e9 de 5 tailles (tailles 1 \u2013 5) et est livr\u00e9 avec une plaque d\u2019accrochage.\u00a0<\/strong><\/h5>\n<h5><strong>\u00a0<\/strong><\/h5>\n<h5><strong>Les pousses-bobinage servent \u00e0 presser le bobinage ins\u00e9r\u00e9 dans le stator afin de pouvoir glisser les fermetures et cales d\u2019encoche. Ils sont en acier ressort jusqu\u2019\u00e0 la taille 5 et en acier d\u2019am\u00e9lioration d\u00e8s la taille 6, et sont pourvues d\u2019une poign\u00e9e en plastique. Un jeu est compos\u00e9 de 10\u00a0 tailles (2,5 \u2013 10, sans les tailles 5,5 et 6,5) est livr\u00e9 avec une plaque d\u2019accrochage.\u00a0<\/strong><\/h5>\n<h5><\/h5>\n","protected":false},"featured_media":1700,"template":"","meta":{"_acf_changed":false},"product_brand":[],"product_cat":[142,201],"product_tag":[],"class_list":{"0":"post-5847","1":"product","2":"type-product","3":"status-publish","4":"has-post-thumbnail","6":"product_cat-technique-de-bobinage","7":"product_cat-outils-et-equipements-de-bobinage","9":"first","10":"instock","11":"shipping-taxable","12":"purchasable","13":"product-type-simple"},"acf":[],"_links":{"self":[{"href":"https:\/\/schupp.ch\/fr\/wp-json\/wp\/v2\/product\/5847","targetHints":{"allow":["GET"]}}],"collection":[{"href":"https:\/\/schupp.ch\/fr\/wp-json\/wp\/v2\/product"}],"about":[{"href":"https:\/\/schupp.ch\/fr\/wp-json\/wp\/v2\/types\/product"}],"wp:featuredmedia":[{"embeddable":true,"href":"https:\/\/schupp.ch\/fr\/wp-json\/wp\/v2\/media\/1700"}],"wp:attachment":[{"href":"https:\/\/schupp.ch\/fr\/wp-json\/wp\/v2\/media?parent=5847"}],"wp:term":[{"taxonomy":"product_brand","embeddable":true,"href":"https:\/\/schupp.ch\/fr\/wp-json\/wp\/v2\/product_brand?post=5847"},{"taxonomy":"product_cat","embeddable":true,"href":"https:\/\/schupp.ch\/fr\/wp-json\/wp\/v2\/product_cat?post=5847"},{"taxonomy":"product_tag","embeddable":true,"href":"https:\/\/schupp.ch\/fr\/wp-json\/wp\/v2\/product_tag?post=5847"}],"curies":[{"name":"wp","href":"https:\/\/api.w.org\/{rel}","templated":true}]}}