{"id":5850,"date":"2024-01-25T14:59:21","date_gmt":"2024-01-25T13:59:21","guid":{"rendered":"https:\/\/schupp.ch\/p\/limes-a-rainurer-avec-manche\/"},"modified":"2025-12-02T15:08:36","modified_gmt":"2025-12-02T14:08:36","slug":"limes-a-rainurer-avec-manche","status":"publish","type":"product","link":"https:\/\/schupp.ch\/fr\/p\/limes-a-rainurer-avec-manche\/","title":{"rendered":"Limes d\u2018encoche avec manche de s\u00e9curit\u00e9, car\u00e9e"},"content":{"rendered":"<p>&nbsp;<\/p>\n<p><strong>Propri\u00e9t\u00e9s<\/strong><\/p>\n<table>\n<tbody>\n<tr>\n<td width=\"113\"><strong>Art. No.<\/strong><\/td>\n<td width=\"71\">Longueur approximative<\/td>\n<td width=\"63\">Largeur approximative<\/td>\n<td width=\"66\">\u00c9paisseur approximative<\/td>\n<td width=\"20\"><\/td>\n<td width=\"115\"><strong>Art. No.<\/strong><\/td>\n<td width=\"73\">Longueur approximative<\/td>\n<td width=\"61\">Largeur approximative<\/td>\n<td width=\"62\">\u00c9paisseur approximative<\/td>\n<\/tr>\n<tr>\n<td width=\"113\"><strong>WWNF1230035<\/strong><\/td>\n<td width=\"71\">300<\/td>\n<td width=\"63\">12<\/td>\n<td width=\"66\">3,5<\/td>\n<td width=\"20\"><\/td>\n<td width=\"115\"><strong>WWNF2040040<\/strong><\/td>\n<td width=\"73\">400<\/td>\n<td width=\"61\">20<\/td>\n<td width=\"62\">4,0<\/td>\n<\/tr>\n<tr>\n<td width=\"113\"><strong>WWNF1240030<\/strong><\/td>\n<td width=\"71\">400<\/td>\n<td width=\"63\">12<\/td>\n<td width=\"66\">3,0<\/td>\n<td width=\"20\"><\/td>\n<td width=\"115\"><strong>WWNF1650040<\/strong><\/td>\n<td width=\"73\">500<\/td>\n<td width=\"61\">16<\/td>\n<td width=\"62\">4,0<\/td>\n<\/tr>\n<tr>\n<td width=\"113\"><strong>WWNF1640040<\/strong><\/td>\n<td width=\"71\">400<\/td>\n<td width=\"63\">16<\/td>\n<td width=\"66\">4,0<\/td>\n<td width=\"20\"><\/td>\n<td width=\"115\"><strong>WWNF2550065<\/strong><\/td>\n<td width=\"73\">500<\/td>\n<td width=\"61\">25<\/td>\n<td width=\"62\">6,5<\/td>\n<\/tr>\n<\/tbody>\n<\/table>\n<p>&nbsp;<\/p>\n","protected":false},"excerpt":{"rendered":"<p>&nbsp;<\/p>\n<h5>Les limes \u00e0 rainurer avec un manche taill\u00e9 sur 4 c\u00f4t\u00e9s sont disponibles en six tailles diff\u00e9rentes et sont utilis\u00e9es pour nettoyer les rainures dans les induits et les stators.<\/h5>\n<p>&nbsp;<\/p>\n","protected":false},"featured_media":3644,"template":"","meta":{"_acf_changed":false},"product_brand":[],"product_cat":[142,201],"product_tag":[],"class_list":{"0":"post-5850","1":"product","2":"type-product","3":"status-publish","4":"has-post-thumbnail","6":"product_cat-technique-de-bobinage","7":"product_cat-outils-et-equipements-de-bobinage","9":"first","10":"instock","11":"shipping-taxable","12":"purchasable","13":"product-type-simple"},"acf":[],"_links":{"self":[{"href":"https:\/\/schupp.ch\/fr\/wp-json\/wp\/v2\/product\/5850","targetHints":{"allow":["GET"]}}],"collection":[{"href":"https:\/\/schupp.ch\/fr\/wp-json\/wp\/v2\/product"}],"about":[{"href":"https:\/\/schupp.ch\/fr\/wp-json\/wp\/v2\/types\/product"}],"wp:featuredmedia":[{"embeddable":true,"href":"https:\/\/schupp.ch\/fr\/wp-json\/wp\/v2\/media\/3644"}],"wp:attachment":[{"href":"https:\/\/schupp.ch\/fr\/wp-json\/wp\/v2\/media?parent=5850"}],"wp:term":[{"taxonomy":"product_brand","embeddable":true,"href":"https:\/\/schupp.ch\/fr\/wp-json\/wp\/v2\/product_brand?post=5850"},{"taxonomy":"product_cat","embeddable":true,"href":"https:\/\/schupp.ch\/fr\/wp-json\/wp\/v2\/product_cat?post=5850"},{"taxonomy":"product_tag","embeddable":true,"href":"https:\/\/schupp.ch\/fr\/wp-json\/wp\/v2\/product_tag?post=5850"}],"curies":[{"name":"wp","href":"https:\/\/api.w.org\/{rel}","templated":true}]}}