{"id":5851,"date":"2024-01-25T14:43:25","date_gmt":"2024-01-25T13:43:25","guid":{"rendered":"https:\/\/schupp.ch\/p\/pince-dinsertion-de-coulisseau-de-rainure\/"},"modified":"2025-12-02T14:50:54","modified_gmt":"2025-12-02T13:50:54","slug":"pince-dinsertion-de-coulisseau-de-rainure","status":"publish","type":"product","link":"https:\/\/schupp.ch\/fr\/p\/pince-dinsertion-de-coulisseau-de-rainure\/","title":{"rendered":"Pince \u00e0 enfiler les fermetures d\u2019encoche"},"content":{"rendered":"<p>&nbsp;<\/p>\n<p><strong>Propri\u00e9t\u00e9s<\/strong><\/p>\n<ul>\n<li>Poign\u00e9es recouvertes de PVC<\/li>\n<li>Longueur 200 mm, largeur 13 mm<\/li>\n<li>Num\u00e9ro d&rsquo;article: WWNKEZ2070<\/li>\n<\/ul>\n<p>&nbsp;<\/p>\n","protected":false},"excerpt":{"rendered":"<h5><\/h5>\n<h5>Pince \u00e0 enfiler les fermetures avec des machoires bomb\u00e9es et une surface de pincement avec structures sp\u00e9ciaux, garantissant un bon maintien des fermetures d\u2019encoche, lors de la mise en place de celles-ci.<\/h5>\n<p>&nbsp;<\/p>\n","protected":false},"featured_media":1713,"template":"","meta":{"_acf_changed":false},"product_brand":[],"product_cat":[142,201],"product_tag":[],"class_list":{"0":"post-5851","1":"product","2":"type-product","3":"status-publish","4":"has-post-thumbnail","6":"product_cat-technique-de-bobinage","7":"product_cat-outils-et-equipements-de-bobinage","9":"first","10":"instock","11":"shipping-taxable","12":"purchasable","13":"product-type-simple"},"acf":[],"_links":{"self":[{"href":"https:\/\/schupp.ch\/fr\/wp-json\/wp\/v2\/product\/5851","targetHints":{"allow":["GET"]}}],"collection":[{"href":"https:\/\/schupp.ch\/fr\/wp-json\/wp\/v2\/product"}],"about":[{"href":"https:\/\/schupp.ch\/fr\/wp-json\/wp\/v2\/types\/product"}],"wp:featuredmedia":[{"embeddable":true,"href":"https:\/\/schupp.ch\/fr\/wp-json\/wp\/v2\/media\/1713"}],"wp:attachment":[{"href":"https:\/\/schupp.ch\/fr\/wp-json\/wp\/v2\/media?parent=5851"}],"wp:term":[{"taxonomy":"product_brand","embeddable":true,"href":"https:\/\/schupp.ch\/fr\/wp-json\/wp\/v2\/product_brand?post=5851"},{"taxonomy":"product_cat","embeddable":true,"href":"https:\/\/schupp.ch\/fr\/wp-json\/wp\/v2\/product_cat?post=5851"},{"taxonomy":"product_tag","embeddable":true,"href":"https:\/\/schupp.ch\/fr\/wp-json\/wp\/v2\/product_tag?post=5851"}],"curies":[{"name":"wp","href":"https:\/\/api.w.org\/{rel}","templated":true}]}}