{"id":5853,"date":"2024-01-25T15:00:57","date_gmt":"2024-01-25T14:00:57","guid":{"rendered":"https:\/\/schupp.ch\/p\/outils-de-formage-denroulements\/"},"modified":"2025-12-02T16:39:00","modified_gmt":"2025-12-02T15:39:00","slug":"outils-de-formage-denroulements","status":"publish","type":"product","link":"https:\/\/schupp.ch\/fr\/p\/outils-de-formage-denroulements\/","title":{"rendered":"Outils de mise en forme de bobines"},"content":{"rendered":"<p>&nbsp;<\/p>\n<p><strong>Dimensions<\/strong><\/p>\n<table>\n<tbody>\n<tr>\n<td width=\"201\"><strong>No. d&rsquo;article<\/strong><\/td>\n<td width=\"201\">Taille<\/td>\n<td width=\"201\">Longueur (mm)<\/td>\n<\/tr>\n<tr>\n<td width=\"201\"><strong>WWATR31<\/strong><\/td>\n<td width=\"201\">1<\/td>\n<td width=\"201\">180<\/td>\n<\/tr>\n<tr>\n<td width=\"201\"><strong>WWATR32<\/strong><\/td>\n<td width=\"201\">2<\/td>\n<td width=\"201\">190<\/td>\n<\/tr>\n<tr>\n<td width=\"201\"><strong>WWATR33<\/strong><\/td>\n<td width=\"201\">3<\/td>\n<td width=\"201\">200<\/td>\n<\/tr>\n<tr>\n<td width=\"201\"><strong>WWATR34<\/strong><\/td>\n<td width=\"201\">4<\/td>\n<td width=\"201\">260<\/td>\n<\/tr>\n<tr>\n<td width=\"201\"><strong>WWATR35<\/strong><\/td>\n<td width=\"201\">5<\/td>\n<td width=\"201\">310<\/td>\n<\/tr>\n<\/tbody>\n<\/table>\n<p>&nbsp;<\/p>\n","protected":false},"excerpt":{"rendered":"<p>&nbsp;<\/p>\n<h5>Ces outils de mise en forme de bobines sont fabriqu\u00e9s en nylon pr\u00e9form\u00e9 et sont une aide rationnelles pour la mise en place des fils dans les encoches et pour le fa\u00e7onnage et l\u2019enrubannage des t\u00eates de bobines.<\/h5>\n<p>&nbsp;<\/p>\n","protected":false},"featured_media":1726,"template":"","meta":{"_acf_changed":false},"product_brand":[],"product_cat":[142,201],"product_tag":[],"class_list":{"0":"post-5853","1":"product","2":"type-product","3":"status-publish","4":"has-post-thumbnail","6":"product_cat-technique-de-bobinage","7":"product_cat-outils-et-equipements-de-bobinage","9":"first","10":"instock","11":"shipping-taxable","12":"purchasable","13":"product-type-simple"},"acf":[],"_links":{"self":[{"href":"https:\/\/schupp.ch\/fr\/wp-json\/wp\/v2\/product\/5853","targetHints":{"allow":["GET"]}}],"collection":[{"href":"https:\/\/schupp.ch\/fr\/wp-json\/wp\/v2\/product"}],"about":[{"href":"https:\/\/schupp.ch\/fr\/wp-json\/wp\/v2\/types\/product"}],"wp:featuredmedia":[{"embeddable":true,"href":"https:\/\/schupp.ch\/fr\/wp-json\/wp\/v2\/media\/1726"}],"wp:attachment":[{"href":"https:\/\/schupp.ch\/fr\/wp-json\/wp\/v2\/media?parent=5853"}],"wp:term":[{"taxonomy":"product_brand","embeddable":true,"href":"https:\/\/schupp.ch\/fr\/wp-json\/wp\/v2\/product_brand?post=5853"},{"taxonomy":"product_cat","embeddable":true,"href":"https:\/\/schupp.ch\/fr\/wp-json\/wp\/v2\/product_cat?post=5853"},{"taxonomy":"product_tag","embeddable":true,"href":"https:\/\/schupp.ch\/fr\/wp-json\/wp\/v2\/product_tag?post=5853"}],"curies":[{"name":"wp","href":"https:\/\/api.w.org\/{rel}","templated":true}]}}