{"id":5855,"date":"2024-01-25T15:09:31","date_gmt":"2024-01-25T14:09:31","guid":{"rendered":"https:\/\/schupp.ch\/p\/pinces-a-bobines-en-plastique\/"},"modified":"2025-12-02T15:57:47","modified_gmt":"2025-12-02T14:57:47","slug":"pinces-a-bobines-en-plastique","status":"publish","type":"product","link":"https:\/\/schupp.ch\/fr\/p\/pinces-a-bobines-en-plastique\/","title":{"rendered":"Agrafes de bobines en plastique"},"content":{"rendered":"<p>&nbsp;<\/p>\n<p><img loading=\"lazy\" decoding=\"async\" class=\"alignnone wp-image-1746\" src=\"https:\/\/schupp.ch\/wp-content\/uploads\/2024\/01\/655.png\" alt=\"\" width=\"138\" height=\"203\" \/><\/p>\n<p>&nbsp;<\/p>\n<p><strong>Propri\u00e9t\u00e9s<\/strong><\/p>\n<table>\n<tbody>\n<tr>\n<td width=\"82\"><strong>No. d&rsquo;article<\/strong><\/td>\n<td width=\"73\">Taille<\/td>\n<td width=\"109\">Couleur<\/td>\n<td width=\"57\">b [mm]<\/td>\n<td width=\"57\">h [mm]<\/td>\n<td width=\"87\">\u00d81)<\/p>\n<p>[mm]<\/td>\n<\/tr>\n<tr>\n<td width=\"82\"><strong>WWKSK3<\/strong><\/td>\n<td width=\"73\">3<\/td>\n<td width=\"109\">blanc<\/td>\n<td width=\"57\">8,5<\/td>\n<td width=\"57\">20<\/td>\n<td width=\"87\">3,5 &#8211; 6,0<\/td>\n<\/tr>\n<tr>\n<td width=\"82\"><strong>WWKSK4<\/strong><\/td>\n<td width=\"73\">4<\/td>\n<td width=\"109\">blanc<\/td>\n<td width=\"57\">12<\/td>\n<td width=\"57\">25<\/td>\n<td width=\"87\">6,5 &#8211; 9,0<\/td>\n<\/tr>\n<tr>\n<td width=\"82\"><strong>WWKSK5<\/strong><\/td>\n<td width=\"73\">5<\/td>\n<td width=\"109\">blanc<\/td>\n<td width=\"57\">15<\/td>\n<td width=\"57\">30<\/td>\n<td width=\"87\">10 &#8211; 12,0<\/td>\n<\/tr>\n<tr>\n<td width=\"82\"><strong>WWKSK6<\/strong><\/td>\n<td width=\"73\">6<\/td>\n<td width=\"109\">blanc<\/td>\n<td width=\"57\">19<\/td>\n<td width=\"57\">35<\/td>\n<td width=\"87\">13,5 &#8211; 16,0<\/td>\n<\/tr>\n<tr>\n<td width=\"82\"><strong>WWKSK7<\/strong><\/td>\n<td width=\"73\">7<\/td>\n<td width=\"109\">blanc<\/td>\n<td width=\"57\">23<\/td>\n<td width=\"57\">40<\/td>\n<td width=\"87\">17,5 &#8211; 20,0<\/td>\n<\/tr>\n<tr>\n<td width=\"82\"><strong>WWKSK8<\/strong><\/td>\n<td width=\"73\">8<\/td>\n<td width=\"109\">blanc<\/td>\n<td width=\"57\">30<\/td>\n<td width=\"57\">46<\/td>\n<td width=\"87\">25 &#8211; 27,5<\/td>\n<\/tr>\n<\/tbody>\n<\/table>\n<p>&nbsp;<\/p>\n<p>\u00d81) Diam\u00e8tre pour l&rsquo;enroulement<\/p>\n<p>Montage simple et r\u00e9utilisables \u00e0 plusieurs reprises<\/p>\n<p>Quantit\u00e9 minimale = 1000 pi\u00e8ces<\/p>\n<p>&nbsp;<\/p>\n","protected":false},"excerpt":{"rendered":"<h5><\/h5>\n<h5>Ces agrafes pour bobines sont des \u00e9l\u00e9ments de fixation sp\u00e9cialement adapt\u00e9s \u00e0 l&rsquo;industrie \u00e9lectrique et \u00e9lectronique. Ils sont fabriqu\u00e9s en polyamide 6.6 et r\u00e9sistent \u00e0 des temp\u00e9ratures comprises entre -40 \u00b0C et +100 \u00b0C.<\/h5>\n<p>&nbsp;<\/p>\n","protected":false},"featured_media":1745,"template":"","meta":{"_acf_changed":false},"product_brand":[],"product_cat":[142,201],"product_tag":[],"class_list":{"0":"post-5855","1":"product","2":"type-product","3":"status-publish","4":"has-post-thumbnail","6":"product_cat-technique-de-bobinage","7":"product_cat-outils-et-equipements-de-bobinage","9":"first","10":"instock","11":"shipping-taxable","12":"purchasable","13":"product-type-simple"},"acf":[],"_links":{"self":[{"href":"https:\/\/schupp.ch\/fr\/wp-json\/wp\/v2\/product\/5855","targetHints":{"allow":["GET"]}}],"collection":[{"href":"https:\/\/schupp.ch\/fr\/wp-json\/wp\/v2\/product"}],"about":[{"href":"https:\/\/schupp.ch\/fr\/wp-json\/wp\/v2\/types\/product"}],"wp:featuredmedia":[{"embeddable":true,"href":"https:\/\/schupp.ch\/fr\/wp-json\/wp\/v2\/media\/1745"}],"wp:attachment":[{"href":"https:\/\/schupp.ch\/fr\/wp-json\/wp\/v2\/media?parent=5855"}],"wp:term":[{"taxonomy":"product_brand","embeddable":true,"href":"https:\/\/schupp.ch\/fr\/wp-json\/wp\/v2\/product_brand?post=5855"},{"taxonomy":"product_cat","embeddable":true,"href":"https:\/\/schupp.ch\/fr\/wp-json\/wp\/v2\/product_cat?post=5855"},{"taxonomy":"product_tag","embeddable":true,"href":"https:\/\/schupp.ch\/fr\/wp-json\/wp\/v2\/product_tag?post=5855"}],"curies":[{"name":"wp","href":"https:\/\/api.w.org\/{rel}","templated":true}]}}