{"id":5860,"date":"2024-01-25T15:10:50","date_gmt":"2024-01-25T14:10:50","guid":{"rendered":"https:\/\/schupp.ch\/p\/ciseaux-a-main-disolation\/"},"modified":"2025-12-02T13:39:46","modified_gmt":"2025-12-02T12:39:46","slug":"ciseaux-a-main-disolation","status":"publish","type":"product","link":"https:\/\/schupp.ch\/fr\/p\/ciseaux-a-main-disolation\/","title":{"rendered":"Ciseaux \u00e0 main pour isolants souples \/ Ciseaux pour couper les cales d\u2019encoche en bois"},"content":{"rendered":"<p>&nbsp;<\/p>\n<h4>Ciseaux \u00e0 main pour isolants souples<\/h4>\n<p>&nbsp;<\/p>\n<p><strong>Ciseaux \u00e0 main d&rsquo;isolation souple \/ Version courbe :<\/strong><br \/>\nParticuli\u00e8rement adapt\u00e9s pour la coupe circulaire d&rsquo;isolations de souples.<\/p>\n<p><strong>Ciseaux \u00e0 main d&rsquo;isolation souple <\/strong><strong>\/ <\/strong><strong>Version droites :<\/strong><br \/>\nCes ciseaux sont \u00e9galement particuli\u00e8rement recommand\u00e9es dans la fabrication de moteurs, car elles sont non seulement parfaitement adapt\u00e9es \u00e0 la d\u00e9coupe d&rsquo;isolations souples et de bandes, mais sont \u00e9galement dot\u00e9es d&rsquo;un dispositif de coupe de fil.<\/p>\n<p><img loading=\"lazy\" decoding=\"async\" class=\"alignnone wp-image-1750\" src=\"https:\/\/schupp.ch\/wp-content\/uploads\/2024\/01\/356-300x300.png\" alt=\"\" width=\"352\" height=\"352\" srcset=\"https:\/\/schupp.ch\/wp-content\/uploads\/2024\/01\/356-300x300.png 300w, https:\/\/schupp.ch\/wp-content\/uploads\/2024\/01\/356-600x600.png 600w, https:\/\/schupp.ch\/wp-content\/uploads\/2024\/01\/356-900x900.png 900w, https:\/\/schupp.ch\/wp-content\/uploads\/2024\/01\/356-100x100.png 100w, https:\/\/schupp.ch\/wp-content\/uploads\/2024\/01\/356-150x150.png 150w, https:\/\/schupp.ch\/wp-content\/uploads\/2024\/01\/356-768x768.png 768w, https:\/\/schupp.ch\/wp-content\/uploads\/2024\/01\/356-1024x1024.png 1024w\" sizes=\"auto, (max-width: 352px) 100vw, 352px\" \/><\/p>\n<table width=\"643\">\n<tbody>\n<tr>\n<td width=\"131\"><strong>Art. No.<\/strong><\/td>\n<td width=\"221\">Version<\/td>\n<td width=\"76\">Image<\/td>\n<td width=\"110\">Longueur [mm]<\/td>\n<td width=\"105\">Largeur [mm]<\/td>\n<\/tr>\n<tr>\n<td width=\"131\"><strong>WWPS1123<\/strong><\/td>\n<td width=\"221\">courb\u00e9<\/td>\n<td width=\"76\">2<\/td>\n<td width=\"110\">160<\/td>\n<td width=\"105\">8<\/td>\n<\/tr>\n<tr>\n<td width=\"131\"><strong>WWPS1490\/5<\/strong><\/td>\n<td width=\"221\">droit, avec coupe-fil<\/td>\n<td width=\"76\">1<\/td>\n<td width=\"110\">128<\/td>\n<td width=\"105\">9<\/td>\n<\/tr>\n<tr>\n<td width=\"131\"><strong>WWGS1875<\/strong><\/td>\n<td width=\"221\">courb\u00e9<\/td>\n<td width=\"76\">4<\/td>\n<td width=\"110\">180<\/td>\n<td width=\"105\">7<\/td>\n<\/tr>\n<tr>\n<td width=\"131\"><strong>WWGS1874<\/strong><\/td>\n<td width=\"221\">droit<\/td>\n<td width=\"76\">3<\/td>\n<td width=\"110\">180<\/td>\n<td width=\"105\">7<\/td>\n<\/tr>\n<\/tbody>\n<\/table>\n<p>&nbsp;<\/p>\n<p>&nbsp;<\/p>\n<h4>Ciseaux pour calles d&rsquo;encoche en bois<\/h4>\n<p>&nbsp;<\/p>\n<p><strong>Ciseau pour calles d&rsquo;encoche en bois<br \/>\n<\/strong>Cet outil coupe proprement et sans bavures tous les profil\u00e9s de cales d\u2019encoche en bois. Pour l\u2019obtention de la longueur d\u00e9sir\u00e9e, la butt\u00e9e se laisse r\u00e9gler facilement et rapidement.<\/p>\n<p><img loading=\"lazy\" decoding=\"async\" class=\"alignnone wp-image-1762\" src=\"https:\/\/schupp.ch\/wp-content\/uploads\/2024\/01\/4242-300x300.png\" alt=\"\" width=\"352\" height=\"264\" \/><\/p>\n<table width=\"643\">\n<tbody>\n<tr>\n<td width=\"88\"><strong>Art. No.<\/strong><\/td>\n<td width=\"244\">D\u00e9signation<\/td>\n<td width=\"100\">Longueur [mm]<\/td>\n<td width=\"92\">Largeur [mm]<\/td>\n<td width=\"119\">Hauteur [mm]<\/td>\n<\/tr>\n<tr>\n<td width=\"88\"><strong>WWNSTO<\/strong><\/td>\n<td width=\"244\">Ciseaux calles d&rsquo;encoche<\/td>\n<td width=\"100\">200<\/td>\n<td width=\"92\">55<\/td>\n<td width=\"119\">20<\/td>\n<\/tr>\n<tr>\n<td width=\"88\"><strong>WWNSMA<\/strong><\/td>\n<td width=\"244\">Outil calibration de longuer<\/td>\n<td width=\"100\">310<\/td>\n<td width=\"92\">47<\/td>\n<td width=\"119\">30<\/td>\n<\/tr>\n<\/tbody>\n<\/table>\n<p>&nbsp;<\/p>\n","protected":false},"excerpt":{"rendered":"<p>&nbsp;<\/p>\n<h5>Les ciseaux \u00e0 main pour isolants souples et les ciseaux pour couper les cales d&rsquo;encoche en bois\u00a0 sont des produits sp\u00e9ciaux dans notre vaste gamme d&rsquo;outils pour le bobinage de moteurs el\u00e9ctriques.<\/h5>\n<p>&nbsp;<\/p>\n","protected":false},"featured_media":1752,"template":"","meta":{"_acf_changed":false},"product_brand":[],"product_cat":[142,201],"product_tag":[],"class_list":{"0":"post-5860","1":"product","2":"type-product","3":"status-publish","4":"has-post-thumbnail","6":"product_cat-technique-de-bobinage","7":"product_cat-outils-et-equipements-de-bobinage","9":"first","10":"instock","11":"shipping-taxable","12":"purchasable","13":"product-type-simple"},"acf":[],"_links":{"self":[{"href":"https:\/\/schupp.ch\/fr\/wp-json\/wp\/v2\/product\/5860","targetHints":{"allow":["GET"]}}],"collection":[{"href":"https:\/\/schupp.ch\/fr\/wp-json\/wp\/v2\/product"}],"about":[{"href":"https:\/\/schupp.ch\/fr\/wp-json\/wp\/v2\/types\/product"}],"wp:featuredmedia":[{"embeddable":true,"href":"https:\/\/schupp.ch\/fr\/wp-json\/wp\/v2\/media\/1752"}],"wp:attachment":[{"href":"https:\/\/schupp.ch\/fr\/wp-json\/wp\/v2\/media?parent=5860"}],"wp:term":[{"taxonomy":"product_brand","embeddable":true,"href":"https:\/\/schupp.ch\/fr\/wp-json\/wp\/v2\/product_brand?post=5860"},{"taxonomy":"product_cat","embeddable":true,"href":"https:\/\/schupp.ch\/fr\/wp-json\/wp\/v2\/product_cat?post=5860"},{"taxonomy":"product_tag","embeddable":true,"href":"https:\/\/schupp.ch\/fr\/wp-json\/wp\/v2\/product_tag?post=5860"}],"curies":[{"name":"wp","href":"https:\/\/api.w.org\/{rel}","templated":true}]}}