{"id":5861,"date":"2024-01-25T15:04:17","date_gmt":"2024-01-25T14:04:17","guid":{"rendered":"https:\/\/schupp.ch\/p\/brosses-de-nettoyage-des-rainures\/"},"modified":"2025-12-02T15:28:29","modified_gmt":"2025-12-02T14:28:29","slug":"brosses-de-nettoyage-des-rainures","status":"publish","type":"product","link":"https:\/\/schupp.ch\/fr\/p\/brosses-de-nettoyage-des-rainures\/","title":{"rendered":"Brosses de nettoyage d\u2018encoches"},"content":{"rendered":"<p>&nbsp;<\/p>\n<p><strong>Brosses rondes<\/strong><\/p>\n<p>&nbsp;<\/p>\n<p><img loading=\"lazy\" decoding=\"async\" class=\"alignnone wp-image-1691\" src=\"https:\/\/schupp.ch\/wp-content\/uploads\/2024\/01\/mzjm.jpg\" alt=\"\" width=\"308\" height=\"232\" \/><\/p>\n<p>&nbsp;<\/p>\n<p><strong>Dimensions<\/strong><\/p>\n<table width=\"642\">\n<tbody>\n<tr>\n<td width=\"99\"><strong>No. d&rsquo;article<\/strong><\/td>\n<td width=\"93\">\u00d8\/Dimensions [mm]<\/td>\n<td width=\"92\">Longueur totale [mm]<\/td>\n<td width=\"74\">\u00d8\u00a0 fils<br \/>\n[mm]<\/td>\n<\/tr>\n<tr>\n<td width=\"99\"><strong>WWRHB0512<\/strong><\/td>\n<td width=\"93\">5\/120<\/td>\n<td width=\"92\">360<\/td>\n<td width=\"74\">0,12<\/td>\n<\/tr>\n<tr>\n<td width=\"99\"><strong>WWRHB0612<\/strong><\/td>\n<td width=\"93\">6\/120<\/td>\n<td width=\"92\">370<\/td>\n<td width=\"74\">0,12<\/td>\n<\/tr>\n<tr>\n<td width=\"99\"><strong>WWRHB0812<\/strong><\/td>\n<td width=\"93\">8\/120<\/td>\n<td width=\"92\">370<\/td>\n<td width=\"74\">0,12<\/td>\n<\/tr>\n<tr>\n<td width=\"99\"><strong>WWRHB1512<\/strong><\/td>\n<td width=\"93\">15\/120<\/td>\n<td width=\"92\">440<\/td>\n<td width=\"74\">0,15<\/td>\n<\/tr>\n<tr>\n<td width=\"99\"><strong>WWRHB2012<\/strong><\/td>\n<td width=\"93\">20\/115<\/td>\n<td width=\"92\">460<\/td>\n<td width=\"74\">0,20<\/td>\n<\/tr>\n<tr>\n<td width=\"99\"><strong>WWRHB2512<\/strong><\/td>\n<td width=\"93\">25\/115<\/td>\n<td width=\"92\">460<\/td>\n<td width=\"74\">0,20<\/td>\n<\/tr>\n<tr>\n<td width=\"99\"><strong>WWRHB3012<\/strong><\/td>\n<td width=\"93\">30\/115<\/td>\n<td width=\"92\">460<\/td>\n<td width=\"74\">0,20<\/td>\n<\/tr>\n<\/tbody>\n<\/table>\n<p>&nbsp;<\/p>\n<p>&nbsp;<\/p>\n<p><strong>Brosses plates<\/strong><\/p>\n<p>&nbsp;<\/p>\n<p><img loading=\"lazy\" decoding=\"async\" class=\"alignnone size-medium wp-image-1735\" src=\"https:\/\/schupp.ch\/wp-content\/uploads\/2024\/01\/grrh-300x226.png\" alt=\"\" width=\"300\" height=\"226\" srcset=\"https:\/\/schupp.ch\/wp-content\/uploads\/2024\/01\/grrh-300x226.png 300w, https:\/\/schupp.ch\/wp-content\/uploads\/2024\/01\/grrh.png 395w\" sizes=\"auto, (max-width: 300px) 100vw, 300px\" \/><\/p>\n<p>&nbsp;<\/p>\n<p><strong>Dimensions<\/strong><\/p>\n<table>\n<tbody>\n<tr>\n<td width=\"151\"><strong>No. d&rsquo;article<\/strong><\/td>\n<td width=\"151\">Dimensions [mm]<\/td>\n<td width=\"151\">Longueur totale [mm]<\/td>\n<td width=\"151\">\u00d8\u00a0 fils [mm]<\/td>\n<\/tr>\n<tr>\n<td width=\"151\"><strong>WWFHB0410<\/strong><\/td>\n<td width=\"151\">4 x 10 x 100<\/td>\n<td width=\"151\">350<\/td>\n<td width=\"151\">0,15<\/td>\n<\/tr>\n<tr>\n<td width=\"151\"><strong>WWFHB0710<\/strong><\/td>\n<td width=\"151\">7 x 10 x 100<\/td>\n<td width=\"151\">350<\/td>\n<td width=\"151\">0,15<\/td>\n<\/tr>\n<tr>\n<td width=\"151\"><strong>WWFHB0812<\/strong><\/td>\n<td width=\"151\">8 x 12 x 100<\/td>\n<td width=\"151\">350<\/td>\n<td width=\"151\">0,15<\/td>\n<\/tr>\n<tr>\n<td width=\"151\"><strong>WWFHB0815<\/strong><\/td>\n<td width=\"151\">8 x 15 x 100<\/td>\n<td width=\"151\">350<\/td>\n<td width=\"151\">0,15<\/td>\n<\/tr>\n<tr>\n<td width=\"151\"><strong>WWFHB1018<\/strong><\/td>\n<td width=\"151\">10 x 18 x 100<\/td>\n<td width=\"151\">350<\/td>\n<td width=\"151\">0,20<\/td>\n<\/tr>\n<tr>\n<td width=\"151\"><strong>WWFHB1022<\/strong><\/td>\n<td width=\"151\">10 x 22 x 100<\/td>\n<td width=\"151\">350<\/td>\n<td width=\"151\">0,20<\/td>\n<\/tr>\n<tr>\n<td width=\"151\"><strong>WWFHB1226<\/strong><\/td>\n<td width=\"151\">12 x 26 x 100<\/td>\n<td width=\"151\">350<\/td>\n<td width=\"151\">0,20<\/td>\n<\/tr>\n<\/tbody>\n<\/table>\n<p>&nbsp;<\/p>\n","protected":false},"excerpt":{"rendered":"<p>&nbsp;<\/p>\n<h5>Les brosses de nettoyage d\u2018encoches sont utilis\u00e9es pour \u00e9liminer proprement et rationnellement les r\u00e9sidus d\u2019isolation dans les encoches.<\/h5>\n<p>&nbsp;<\/p>\n","protected":false},"featured_media":1734,"template":"","meta":{"_acf_changed":false},"product_brand":[],"product_cat":[142,201],"product_tag":[],"class_list":{"0":"post-5861","1":"product","2":"type-product","3":"status-publish","4":"has-post-thumbnail","6":"product_cat-technique-de-bobinage","7":"product_cat-outils-et-equipements-de-bobinage","9":"first","10":"instock","11":"shipping-taxable","12":"purchasable","13":"product-type-simple"},"acf":[],"_links":{"self":[{"href":"https:\/\/schupp.ch\/fr\/wp-json\/wp\/v2\/product\/5861","targetHints":{"allow":["GET"]}}],"collection":[{"href":"https:\/\/schupp.ch\/fr\/wp-json\/wp\/v2\/product"}],"about":[{"href":"https:\/\/schupp.ch\/fr\/wp-json\/wp\/v2\/types\/product"}],"wp:featuredmedia":[{"embeddable":true,"href":"https:\/\/schupp.ch\/fr\/wp-json\/wp\/v2\/media\/1734"}],"wp:attachment":[{"href":"https:\/\/schupp.ch\/fr\/wp-json\/wp\/v2\/media?parent=5861"}],"wp:term":[{"taxonomy":"product_brand","embeddable":true,"href":"https:\/\/schupp.ch\/fr\/wp-json\/wp\/v2\/product_brand?post=5861"},{"taxonomy":"product_cat","embeddable":true,"href":"https:\/\/schupp.ch\/fr\/wp-json\/wp\/v2\/product_cat?post=5861"},{"taxonomy":"product_tag","embeddable":true,"href":"https:\/\/schupp.ch\/fr\/wp-json\/wp\/v2\/product_tag?post=5861"}],"curies":[{"name":"wp","href":"https:\/\/api.w.org\/{rel}","templated":true}]}}