{"id":5863,"date":"2024-01-25T15:12:08","date_gmt":"2024-01-25T14:12:08","guid":{"rendered":"https:\/\/schupp.ch\/p\/pince-a-gratter-pour-peinture\/"},"modified":"2025-12-02T14:31:52","modified_gmt":"2025-12-02T13:31:52","slug":"pince-a-gratter-pour-peinture","status":"publish","type":"product","link":"https:\/\/schupp.ch\/fr\/p\/pince-a-gratter-pour-peinture\/","title":{"rendered":"Pince \u00e0 gratter le vernis"},"content":{"rendered":"<p>&nbsp;<\/p>\n<p><strong>Propri\u00e9t\u00e9s<\/strong><\/p>\n<p>Longueur 130 mm, largeur 5 mm.<\/p>\n<p>&nbsp;<\/p>\n<table width=\"643\">\n<tbody>\n<tr>\n<td width=\"184\"><strong>No. d&rsquo;article<\/strong><\/td>\n<td width=\"127\"><strong>pour fils \u00d8 [mm]<\/strong><\/td>\n<td width=\"324\"><strong>N\u00b0 d\u2019article paires de couteaux<\/strong><\/td>\n<\/tr>\n<tr>\n<td rowspan=\"4\" width=\"184\"><strong>WWLP5906<\/strong><\/td>\n<td width=\"127\">0,5<\/td>\n<td width=\"324\"><strong>WWLM5905<\/strong><\/td>\n<\/tr>\n<tr>\n<td width=\"127\">0,6<\/td>\n<td width=\"324\"><strong>WWLM5906<\/strong><\/td>\n<\/tr>\n<tr>\n<td width=\"127\">0,8<\/td>\n<td width=\"324\"><strong>WWLM5908<\/strong><\/td>\n<\/tr>\n<tr>\n<td width=\"127\">1,0<\/td>\n<td width=\"324\"><strong>WWLM5910<\/strong><\/td>\n<\/tr>\n<\/tbody>\n<\/table>\n<p>&nbsp;<\/p>\n<p>La pincette est toujours \u00e9quip\u00e9e en standard d&rsquo;une paire de lames WWLM5906<\/p>\n<p>&nbsp;<\/p>\n","protected":false},"excerpt":{"rendered":"<p>&nbsp;<\/p>\n<h5>Cette pince pour gratter ou d\u00e9nuder des fils ronds avec des couteaux interchangeables en acier \u00e0 ressort est utilis\u00e9 pour \u00e9liminer les r\u00e9sidus de vernis.<\/h5>\n<p>&nbsp;<\/p>\n","protected":false},"featured_media":1756,"template":"","meta":{"_acf_changed":false},"product_brand":[],"product_cat":[142,201],"product_tag":[],"class_list":{"0":"post-5863","1":"product","2":"type-product","3":"status-publish","4":"has-post-thumbnail","6":"product_cat-technique-de-bobinage","7":"product_cat-outils-et-equipements-de-bobinage","9":"first","10":"instock","11":"shipping-taxable","12":"purchasable","13":"product-type-simple"},"acf":[],"_links":{"self":[{"href":"https:\/\/schupp.ch\/fr\/wp-json\/wp\/v2\/product\/5863","targetHints":{"allow":["GET"]}}],"collection":[{"href":"https:\/\/schupp.ch\/fr\/wp-json\/wp\/v2\/product"}],"about":[{"href":"https:\/\/schupp.ch\/fr\/wp-json\/wp\/v2\/types\/product"}],"wp:featuredmedia":[{"embeddable":true,"href":"https:\/\/schupp.ch\/fr\/wp-json\/wp\/v2\/media\/1756"}],"wp:attachment":[{"href":"https:\/\/schupp.ch\/fr\/wp-json\/wp\/v2\/media?parent=5863"}],"wp:term":[{"taxonomy":"product_brand","embeddable":true,"href":"https:\/\/schupp.ch\/fr\/wp-json\/wp\/v2\/product_brand?post=5863"},{"taxonomy":"product_cat","embeddable":true,"href":"https:\/\/schupp.ch\/fr\/wp-json\/wp\/v2\/product_cat?post=5863"},{"taxonomy":"product_tag","embeddable":true,"href":"https:\/\/schupp.ch\/fr\/wp-json\/wp\/v2\/product_tag?post=5863"}],"curies":[{"name":"wp","href":"https:\/\/api.w.org\/{rel}","templated":true}]}}