{"id":5870,"date":"2024-01-25T15:18:39","date_gmt":"2024-01-25T14:18:39","guid":{"rendered":"https:\/\/schupp.ch\/p\/fils-isoles-une-et-plusieurs-fois-avec-de-letfe-modifie-classe-f\/"},"modified":"2026-02-17T13:56:07","modified_gmt":"2026-02-17T12:56:07","slug":"fils-isoles-une-et-plusieurs-fois-avec-de-letfe-modifie-classe-f","status":"publish","type":"product","link":"https:\/\/schupp.ch\/fr\/p\/fils-isoles-une-et-plusieurs-fois-avec-de-letfe-modifie-classe-f\/","title":{"rendered":"Fils, isol\u00e9s une et plusieurs fois avec de l&rsquo;ETFE modifi\u00e9, classe F"},"content":{"rendered":"<p>&nbsp;<\/p>\n<p><img loading=\"lazy\" decoding=\"async\" class=\"alignnone wp-image-9930 \" src=\"https:\/\/schupp.ch\/wp-content\/uploads\/2024\/01\/Mehrfachisolierte-Leiter-01_EN.jpg\" alt=\"\" width=\"680\" height=\"387\" \/><\/p>\n<p>&nbsp;<\/p>\n<p><strong>Fils, isol\u00e9s une et plusieurs fois avec de l&rsquo;ETFE modifi\u00e9, classe F<\/strong><\/p>\n<table width=\"919\">\n<tbody>\n<tr>\n<td colspan=\"3\" width=\"115\"><strong>Mat\u00e9riau du conducteur :<\/strong><\/td>\n<td colspan=\"3\" width=\"206\">cuivre \u00e9tam\u00e9<\/td>\n<td colspan=\"5\" width=\"308\">cuivre \u00e9tam\u00e9<\/td>\n<td colspan=\"5\" width=\"280\">cuivre \u00e9tam\u00e9<\/td>\n<\/tr>\n<tr>\n<td colspan=\"3\" width=\"115\"><strong>Isolation :<\/strong><\/td>\n<td colspan=\"3\" width=\"206\">ETFE modifi\u00e9<\/td>\n<td colspan=\"5\" width=\"308\">ETFE modifi\u00e9<\/td>\n<td colspan=\"5\" width=\"280\">ETFE modifi\u00e9<\/td>\n<\/tr>\n<tr>\n<td colspan=\"3\" width=\"115\"><strong>Nombre de couches :<\/strong><\/td>\n<td colspan=\"3\" width=\"206\">1<\/td>\n<td colspan=\"5\" width=\"308\">2<\/td>\n<td colspan=\"5\" width=\"280\">3<\/td>\n<\/tr>\n<tr>\n<td colspan=\"3\" width=\"115\"><strong>\u00c9paisseur de l&rsquo;isolation\/ couche :<\/strong><\/td>\n<td colspan=\"3\" width=\"206\">0,025 mm<\/td>\n<td colspan=\"5\" width=\"308\">0,038 mm<\/td>\n<td colspan=\"5\" width=\"280\">0,038 mm<\/td>\n<\/tr>\n<tr>\n<td colspan=\"3\" width=\"115\"><strong>Couleur standard :<\/strong><\/td>\n<td colspan=\"3\" width=\"206\">orange<\/td>\n<td colspan=\"5\" width=\"308\">bleu<\/td>\n<td colspan=\"5\" width=\"280\">grise<\/td>\n<\/tr>\n<tr>\n<td colspan=\"16\" width=\"915\"><strong>Autres couleurs sur demande<\/strong><\/td>\n<\/tr>\n<tr>\n<td colspan=\"3\" width=\"115\"><strong>Temperature class:<\/strong><\/td>\n<td colspan=\"3\" width=\"206\">F (155\u00b0 C)<\/td>\n<td colspan=\"5\" width=\"308\">F (155\u00b0 C)<\/td>\n<td colspan=\"5\" width=\"280\">F (155\u00b0 C)<\/td>\n<\/tr>\n<tr>\n<td colspan=\"3\" width=\"115\"><strong>Tension de fonctionnement :<\/strong><\/td>\n<td colspan=\"3\" width=\"206\">UL: 600 V, VDE:1000 V<\/td>\n<td colspan=\"5\" width=\"308\">UL: 600 V, VDE:1000 V<\/td>\n<td colspan=\"5\" width=\"280\">UL: 1500 V ( (707 V medic), VDE:1000 V<\/td>\n<\/tr>\n<tr>\n<td colspan=\"3\" width=\"115\"><strong>R\u00e9sistance \u00e0 la traction :<\/strong><\/td>\n<td colspan=\"3\" width=\"206\">45 N\/mm2 (6500 psi)<\/td>\n<td colspan=\"5\" width=\"308\">45 N\/mm2 (6500 psi)<\/td>\n<td colspan=\"5\" width=\"280\">45 N\/mm2 (6500 psi)<\/td>\n<\/tr>\n<tr>\n<td colspan=\"3\" width=\"115\"><strong>Tension de claquage :<\/strong><\/td>\n<td colspan=\"3\" width=\"206\">ca. 2000 V<\/td>\n<td colspan=\"5\" width=\"308\">ca. 4500 V<\/td>\n<td colspan=\"5\" width=\"280\">ca. 7000 V<\/td>\n<\/tr>\n<tr>\n<td colspan=\"3\" width=\"115\"><strong>Soudabilit\u00e9 de la soudure :<\/strong><\/td>\n<td colspan=\"13\" width=\"798\">ca. 380 \u00b0C avec flux<\/td>\n<\/tr>\n<tr>\n<td colspan=\"3\" width=\"115\"><strong>Inflammabilit\u00e9 :<\/strong><\/td>\n<td colspan=\"13\" width=\"798\">V-0<\/td>\n<\/tr>\n<tr>\n<td colspan=\"3\" rowspan=\"2\" width=\"115\"><strong>Conformity:<\/strong><\/td>\n<td colspan=\"13\" width=\"798\">UL OBJT2 File No. E206198 UL\/IEC60950-1 (Ed.3), Annex U. UL 2601, IEC 61558-2-16<\/td>\n<\/tr>\n<tr>\n<td colspan=\"8\" width=\"517\">VDE-Recognation Nr. 40000223: Klasse F<\/td>\n<td colspan=\"5\" width=\"280\">VDE Recognation Nr. 136743: Classe F<\/td>\n<\/tr>\n<tr>\n<td colspan=\"16\" width=\"915\"><strong>Dimensions \/ Tol\u00e9rances:<\/strong><\/td>\n<\/tr>\n<tr>\n<td colspan=\"3\" width=\"115\"><strong>AWG<\/strong><\/td>\n<td width=\"82\"><\/td>\n<td colspan=\"2\" width=\"122\">&#8212;<\/td>\n<td colspan=\"2\" width=\"72\">18 &#8211; 24<\/td>\n<td colspan=\"3\" width=\"234\">+ 0,038 \/ &#8211; 0,038 mm<\/td>\n<td colspan=\"2\" width=\"76\">18 &#8211; 24<\/td>\n<td colspan=\"3\" width=\"201\">+ 0,038 \/ &#8211; 0,025 mm<\/td>\n<\/tr>\n<tr>\n<td colspan=\"3\" width=\"115\"><strong>AWG<\/strong><\/td>\n<td width=\"82\">26 &#8211; 40<\/td>\n<td colspan=\"2\" width=\"122\">+ 0,025 \/ &#8211; 0,012 mm<\/td>\n<td colspan=\"2\" width=\"72\">25 &#8211; 40<\/td>\n<td colspan=\"3\" width=\"234\">+ 0,025 \/ &#8211; 0,025 mm<\/td>\n<td colspan=\"2\" width=\"76\">25 &#8211; 40<\/td>\n<td colspan=\"3\" width=\"201\">+ 0,025 \/ &#8211; 0,025 mm<\/td>\n<\/tr>\n<tr>\n<td colspan=\"16\" width=\"915\"><strong>Dimensions:<\/strong><\/td>\n<\/tr>\n<tr>\n<td width=\"40\"><strong>AWG<\/strong><\/td>\n<td colspan=\"2\" width=\"72\"><strong>Typ<\/strong><\/td>\n<td width=\"82\"><strong>Conducteur-\u00d8<\/strong><\/td>\n<td width=\"67\"><strong>Ext\u00e9rieur-\u00d8<\/strong><\/td>\n<td width=\"54\"><strong>Poids* [kg\/km]<\/strong><\/td>\n<td colspan=\"2\" width=\"72\"><strong>Typ<\/strong><\/td>\n<td width=\"77\"><strong>Conducteur -\u00d8<\/strong><\/td>\n<td width=\"67\"><strong>Ext\u00e9rieur-\u00d8<\/strong><\/td>\n<td width=\"86\"><strong>Poids*kg\/km<\/strong><\/td>\n<td colspan=\"2\" width=\"76\"><strong>Typ<\/strong><\/td>\n<td width=\"77\"><strong>Conducteur -\u00d8<\/strong><\/td>\n<td width=\"67\"><strong>Ext\u00e9rieur-\u00d8<\/strong><\/td>\n<td width=\"54\"><strong>Poids* [kg\/km]<\/strong><\/td>\n<\/tr>\n<tr>\n<td width=\"40\">18<\/td>\n<td width=\"64\"><strong>&#8212;<\/strong><\/td>\n<td width=\"6\"><\/td>\n<td width=\"82\">&#8212;-<\/td>\n<td width=\"67\">&#8212;<\/td>\n<td width=\"54\">&#8212;<\/td>\n<td width=\"64\"><strong>TCA2\/18<\/strong><\/td>\n<td width=\"6\"><\/td>\n<td width=\"77\">1,02<\/td>\n<td width=\"67\">1,176<\/td>\n<td width=\"86\">7,77<\/td>\n<td width=\"64\"><strong>TCA3\/18<\/strong><\/td>\n<td width=\"10\">\u2666<\/td>\n<td width=\"77\">1,024<\/td>\n<td width=\"67\">1,252<\/td>\n<td width=\"54\">8,02<\/td>\n<\/tr>\n<tr>\n<td width=\"40\">19<\/td>\n<td width=\"64\"><strong>&#8212;<\/strong><\/td>\n<td width=\"6\"><\/td>\n<td width=\"82\">&#8212;-<\/td>\n<td width=\"67\">&#8212;<\/td>\n<td width=\"54\">&#8212;<\/td>\n<td width=\"64\"><strong>TCA2\/19<\/strong><\/td>\n<td width=\"6\"><\/td>\n<td width=\"77\">0,91<\/td>\n<td width=\"67\">1,064<\/td>\n<td width=\"86\">6,21<\/td>\n<td width=\"64\"><strong>TCA3\/19<\/strong><\/td>\n<td width=\"10\"><\/td>\n<td width=\"77\">0.912<\/td>\n<td width=\"67\">1,140<\/td>\n<td width=\"54\">6,43<\/td>\n<\/tr>\n<tr>\n<td width=\"40\">20<\/td>\n<td width=\"64\"><strong>&#8212;<\/strong><\/td>\n<td width=\"6\"><\/td>\n<td width=\"82\">&#8212;-<\/td>\n<td width=\"67\">&#8212;<\/td>\n<td width=\"54\">&#8212;<\/td>\n<td width=\"64\"><strong>TCA2\/20<\/strong><\/td>\n<td width=\"6\"><\/td>\n<td width=\"77\">0,81<\/td>\n<td width=\"67\">0,965<\/td>\n<td width=\"86\">4,96<\/td>\n<td width=\"64\"><strong>TCA3\/20<\/strong><\/td>\n<td width=\"10\">\u2666<\/td>\n<td width=\"77\">0,813<\/td>\n<td width=\"67\">1,041<\/td>\n<td width=\"54\">5,17<\/td>\n<\/tr>\n<tr>\n<td width=\"40\">21<\/td>\n<td width=\"64\"><strong>&#8212;<\/strong><\/td>\n<td width=\"6\"><\/td>\n<td width=\"82\">&#8212;-<\/td>\n<td width=\"67\">&#8212;<\/td>\n<td width=\"54\">&#8212;<\/td>\n<td width=\"64\"><strong>TCA2\/21<\/strong><\/td>\n<td width=\"6\"><\/td>\n<td width=\"77\">0,72<\/td>\n<td width=\"67\">0,876<\/td>\n<td width=\"86\">3,99<\/td>\n<td width=\"64\"><strong>TCA3\/21<\/strong><\/td>\n<td width=\"10\"><\/td>\n<td width=\"77\">0,724<\/td>\n<td width=\"67\">0,952<\/td>\n<td width=\"54\">4,17<\/td>\n<\/tr>\n<tr>\n<td width=\"40\">22<\/td>\n<td width=\"64\"><strong>&#8212;<\/strong><\/td>\n<td width=\"6\"><\/td>\n<td width=\"82\">&#8212;-<\/td>\n<td width=\"67\">&#8212;<\/td>\n<td width=\"54\">&#8212;<\/td>\n<td width=\"64\"><strong>TCA2\/22<\/strong><\/td>\n<td width=\"6\"><\/td>\n<td width=\"77\">0,64<\/td>\n<td width=\"67\">0,795<\/td>\n<td width=\"86\">3,19<\/td>\n<td width=\"64\"><strong>TCA3\/22<\/strong><\/td>\n<td width=\"10\">\u2666<\/td>\n<td width=\"77\">0,643<\/td>\n<td width=\"67\">0,871<\/td>\n<td width=\"54\">3,35<\/td>\n<\/tr>\n<tr>\n<td width=\"40\">23<\/td>\n<td width=\"64\"><strong>&#8212;<\/strong><\/td>\n<td width=\"6\"><\/td>\n<td width=\"82\">&#8212;-<\/td>\n<td width=\"67\">&#8212;<\/td>\n<td width=\"54\">&#8212;<\/td>\n<td width=\"64\"><strong>TCA2\/23<\/strong><\/td>\n<td width=\"6\"><\/td>\n<td width=\"77\">0,57<\/td>\n<td width=\"67\">0,726<\/td>\n<td width=\"86\">2,58<\/td>\n<td width=\"64\"><strong>TCA3\/23<\/strong><\/td>\n<td width=\"10\"><\/td>\n<td width=\"77\">0,574<\/td>\n<td width=\"67\">0,802<\/td>\n<td width=\"54\">2,58<\/td>\n<\/tr>\n<tr>\n<td width=\"40\">24<\/td>\n<td width=\"64\"><strong>&#8212;<\/strong><\/td>\n<td width=\"6\"><\/td>\n<td width=\"82\">&#8212;-<\/td>\n<td width=\"67\">&#8212;<\/td>\n<td width=\"54\">&#8212;<\/td>\n<td width=\"64\"><strong>TCA2\/24<\/strong><\/td>\n<td width=\"6\"><\/td>\n<td width=\"77\">0,51<\/td>\n<td width=\"67\">0,663<\/td>\n<td width=\"86\">2,06<\/td>\n<td width=\"64\"><strong>TCA3\/24<\/strong><\/td>\n<td width=\"10\">\u2666<\/td>\n<td width=\"77\">0,511<\/td>\n<td width=\"67\">0,739<\/td>\n<td width=\"54\">2,05<\/td>\n<\/tr>\n<tr>\n<td width=\"40\">25<\/td>\n<td width=\"64\"><strong>&#8212;<\/strong><\/td>\n<td width=\"6\"><\/td>\n<td width=\"82\">&#8212;-<\/td>\n<td width=\"67\">&#8212;<\/td>\n<td width=\"54\">&#8212;<\/td>\n<td width=\"64\"><strong>TCA2\/25<\/strong><\/td>\n<td width=\"6\"><\/td>\n<td width=\"77\">0,45<\/td>\n<td width=\"67\">0,607<\/td>\n<td width=\"86\">1,67<\/td>\n<td width=\"64\"><strong>TCA3\/25<\/strong><\/td>\n<td width=\"10\"><\/td>\n<td width=\"77\">0,455<\/td>\n<td width=\"67\">0,683<\/td>\n<td width=\"54\">1,79<\/td>\n<\/tr>\n<tr>\n<td width=\"40\">26<\/td>\n<td width=\"64\"><strong>TCA1\/26<\/strong><\/td>\n<td width=\"6\"><\/td>\n<td width=\"82\">0,404<\/td>\n<td width=\"67\">0,480<\/td>\n<td width=\"54\">1,24<\/td>\n<td width=\"64\"><strong>TCA2\/26<\/strong><\/td>\n<td width=\"6\"><\/td>\n<td width=\"77\">0,40<\/td>\n<td width=\"67\">0,556<\/td>\n<td width=\"86\">1,34<\/td>\n<td width=\"64\"><strong>TCA3\/26<\/strong><\/td>\n<td width=\"10\">\u2666<\/td>\n<td width=\"77\">0,404<\/td>\n<td width=\"67\">0,632<\/td>\n<td width=\"54\">1,45<\/td>\n<\/tr>\n<tr>\n<td width=\"40\">27<\/td>\n<td width=\"64\"><strong>TCA1\/27<\/strong><\/td>\n<td width=\"6\"><\/td>\n<td width=\"82\">0,361<\/td>\n<td width=\"67\">0,437<\/td>\n<td width=\"54\">0,98<\/td>\n<td width=\"64\"><strong>TCA2\/27<\/strong><\/td>\n<td width=\"6\"><\/td>\n<td width=\"77\">0,36<\/td>\n<td width=\"67\">0,513<\/td>\n<td width=\"86\">1,09<\/td>\n<td width=\"64\"><strong>TCA3\/27<\/strong><\/td>\n<td width=\"10\"><\/td>\n<td width=\"77\">0,361<\/td>\n<td width=\"67\">0,589<\/td>\n<td width=\"54\">1,19<\/td>\n<\/tr>\n<tr>\n<td width=\"40\">28<\/td>\n<td width=\"64\"><strong>TCA1\/28<\/strong><\/td>\n<td width=\"6\"><\/td>\n<td width=\"82\">0,327<\/td>\n<td width=\"67\">0,396<\/td>\n<td width=\"54\">0,79<\/td>\n<td width=\"64\"><strong>TCA2\/28<\/strong><\/td>\n<td width=\"6\"><\/td>\n<td width=\"77\">0,32<\/td>\n<td width=\"67\">0,472<\/td>\n<td width=\"86\">0,88<\/td>\n<td width=\"64\"><strong>TCA3\/28<\/strong><\/td>\n<td width=\"10\">\u2666<\/td>\n<td width=\"77\">0,327<\/td>\n<td width=\"67\">0,549<\/td>\n<td width=\"54\">0,98<\/td>\n<\/tr>\n<tr>\n<td width=\"40\">29<\/td>\n<td width=\"64\"><strong>TCA1\/29<\/strong><\/td>\n<td width=\"6\"><\/td>\n<td width=\"82\">0,287<\/td>\n<td width=\"67\">0,363<\/td>\n<td width=\"54\">0,64<\/td>\n<td width=\"64\"><strong>TCA2\/29<\/strong><\/td>\n<td width=\"6\"><\/td>\n<td width=\"77\">0,28<\/td>\n<td width=\"67\">0,439<\/td>\n<td width=\"86\">0,73<\/td>\n<td width=\"64\"><strong>TCA3\/29<\/strong><\/td>\n<td width=\"10\"><\/td>\n<td width=\"77\">0,287<\/td>\n<td width=\"67\">0,516<\/td>\n<td width=\"54\">0,82<\/td>\n<\/tr>\n<tr>\n<td width=\"40\">30<\/td>\n<td width=\"64\"><strong>TCA1\/30<\/strong><\/td>\n<td width=\"6\"><\/td>\n<td width=\"82\">0,254<\/td>\n<td width=\"67\">0,330<\/td>\n<td width=\"54\">0,51<\/td>\n<td width=\"64\"><strong>TCA2\/30<\/strong><\/td>\n<td width=\"6\"><\/td>\n<td width=\"77\">0,25<\/td>\n<td width=\"67\">0,406<\/td>\n<td width=\"86\">0,58<\/td>\n<td width=\"64\"><strong>TCA3\/30<\/strong><\/td>\n<td width=\"10\">\u2666<\/td>\n<td width=\"77\">0,254<\/td>\n<td width=\"67\">0,483<\/td>\n<td width=\"54\">0,67<\/td>\n<\/tr>\n<tr>\n<td width=\"40\">31<\/td>\n<td width=\"64\"><strong>TCA1\/31<\/strong><\/td>\n<td width=\"6\"><\/td>\n<td width=\"82\">0,226<\/td>\n<td width=\"67\">0,302<\/td>\n<td width=\"54\">0,42<\/td>\n<td width=\"64\"><strong>TCA2\/31<\/strong><\/td>\n<td width=\"6\"><\/td>\n<td width=\"77\">0,22<\/td>\n<td width=\"67\">0,378<\/td>\n<td width=\"86\">0,48<\/td>\n<td width=\"64\"><strong>TCA3\/31<\/strong><\/td>\n<td width=\"10\"><\/td>\n<td width=\"77\">0,226<\/td>\n<td width=\"67\">0,455<\/td>\n<td width=\"54\">0,57<\/td>\n<\/tr>\n<tr>\n<td width=\"40\">32<\/td>\n<td width=\"64\"><strong>TCA1\/32<\/strong><\/td>\n<td width=\"6\"><\/td>\n<td width=\"82\">0,203<\/td>\n<td width=\"67\">0,279<\/td>\n<td width=\"54\">0,34<\/td>\n<td width=\"64\"><strong>TCA2\/32<\/strong><\/td>\n<td width=\"6\"><\/td>\n<td width=\"77\">0,20<\/td>\n<td width=\"67\">0,356<\/td>\n<td width=\"86\">0,40<\/td>\n<td width=\"64\"><strong>TCA3\/32<\/strong><\/td>\n<td width=\"10\">\u2666<\/td>\n<td width=\"77\">0,203<\/td>\n<td width=\"67\">0,432<\/td>\n<td width=\"54\">0,48<\/td>\n<\/tr>\n<tr>\n<td width=\"40\">33<\/td>\n<td width=\"64\"><strong>TCA1\/33<\/strong><\/td>\n<td width=\"6\"><\/td>\n<td width=\"82\">0,178<\/td>\n<td width=\"67\">0,257<\/td>\n<td width=\"54\">0,27<\/td>\n<td width=\"64\"><strong>TCA2\/33<\/strong><\/td>\n<td width=\"6\"><\/td>\n<td width=\"77\">0,18<\/td>\n<td width=\"67\">0,307<\/td>\n<td width=\"86\">0,34<\/td>\n<td width=\"64\"><strong>TCA3\/33<\/strong><\/td>\n<td width=\"10\"><\/td>\n<td width=\"77\">0,178<\/td>\n<td width=\"67\">0,409<\/td>\n<td width=\"54\">0,40<\/td>\n<\/tr>\n<tr>\n<td width=\"40\">34<\/td>\n<td width=\"64\"><strong>TCA1\/34<\/strong><\/td>\n<td width=\"6\"><\/td>\n<td width=\"82\">0,160<\/td>\n<td width=\"67\">0,236<\/td>\n<td width=\"54\">0,22<\/td>\n<td width=\"64\"><strong>TCA2\/34<\/strong><\/td>\n<td width=\"6\"><\/td>\n<td width=\"77\">0,160<\/td>\n<td width=\"67\">0,287<\/td>\n<td width=\"86\">0,28<\/td>\n<td width=\"64\"><strong>TCA3\/34<\/strong><\/td>\n<td width=\"10\">\u2666<\/td>\n<td width=\"77\">0,160<\/td>\n<td width=\"67\">0,389<\/td>\n<td width=\"54\">0,34<\/td>\n<\/tr>\n<tr>\n<td width=\"40\">35<\/td>\n<td width=\"64\"><strong>TCA1\/35<\/strong><\/td>\n<td width=\"6\"><\/td>\n<td width=\"82\">0,142<\/td>\n<td width=\"67\">0,218<\/td>\n<td width=\"54\">0,18<\/td>\n<td width=\"64\"><strong>TCA2\/35<\/strong><\/td>\n<td width=\"6\"><\/td>\n<td width=\"77\">0,142<\/td>\n<td width=\"67\">0,269<\/td>\n<td width=\"86\">0,24<\/td>\n<td width=\"64\"><strong>TCA3\/35<\/strong><\/td>\n<td width=\"10\"><\/td>\n<td width=\"77\">0,142<\/td>\n<td width=\"67\">0,371<\/td>\n<td width=\"54\">0,30<\/td>\n<\/tr>\n<tr>\n<td width=\"40\">36<\/td>\n<td width=\"64\"><strong>TCA1\/36<\/strong><\/td>\n<td width=\"6\"><\/td>\n<td width=\"82\">0,127<\/td>\n<td width=\"67\">0,203<\/td>\n<td width=\"54\">0,15<\/td>\n<td width=\"64\"><strong>TCA2\/36<\/strong><\/td>\n<td width=\"6\"><\/td>\n<td width=\"77\">0,127<\/td>\n<td width=\"67\">0,254<\/td>\n<td width=\"86\">0,19<\/td>\n<td width=\"64\"><strong>TCA3\/36<\/strong><\/td>\n<td width=\"10\"><\/td>\n<td width=\"77\">0,127<\/td>\n<td width=\"67\">0,356<\/td>\n<td width=\"54\">0,25<\/td>\n<\/tr>\n<tr>\n<td width=\"40\">37<\/td>\n<td width=\"64\"><strong>TCA1\/37<\/strong><\/td>\n<td width=\"6\"><\/td>\n<td width=\"82\">0,114<\/td>\n<td width=\"67\">0,191<\/td>\n<td width=\"54\">0,12<\/td>\n<td width=\"64\"><strong>TCA2\/37<\/strong><\/td>\n<td width=\"6\"><\/td>\n<td width=\"77\">0,114<\/td>\n<td width=\"67\">0,241<\/td>\n<td width=\"86\">0,16<\/td>\n<td width=\"64\"><strong>TCA3\/37<\/strong><\/td>\n<td width=\"10\"><\/td>\n<td width=\"77\">0,114<\/td>\n<td width=\"67\">0,343<\/td>\n<td width=\"54\">0,24<\/td>\n<\/tr>\n<tr>\n<td width=\"40\">38<\/td>\n<td width=\"64\"><strong>TCA1\/38<\/strong><\/td>\n<td width=\"6\"><\/td>\n<td width=\"82\">0,102<\/td>\n<td width=\"67\">0,178<\/td>\n<td width=\"54\">0,10<\/td>\n<td width=\"64\"><strong>TCA2\/38<\/strong><\/td>\n<td width=\"6\"><\/td>\n<td width=\"77\">0,102<\/td>\n<td width=\"67\">0,229<\/td>\n<td width=\"86\">0,15<\/td>\n<td width=\"64\"><strong>TCA3\/38<\/strong><\/td>\n<td width=\"10\"><\/td>\n<td width=\"77\">0,102<\/td>\n<td width=\"67\">0,330<\/td>\n<td width=\"54\">0,21<\/td>\n<\/tr>\n<tr>\n<td width=\"40\">39<\/td>\n<td width=\"64\"><strong>TCA1\/39<\/strong><\/td>\n<td width=\"6\"><\/td>\n<td width=\"82\">0,089<\/td>\n<td width=\"67\">0,165<\/td>\n<td width=\"54\">0,07<\/td>\n<td width=\"64\"><strong>TCA2\/39<\/strong><\/td>\n<td width=\"6\"><\/td>\n<td width=\"77\">0,089<\/td>\n<td width=\"67\">0,216<\/td>\n<td width=\"86\">0,12<\/td>\n<td width=\"64\"><strong>TCA3\/39<\/strong><\/td>\n<td width=\"10\"><\/td>\n<td width=\"77\">0,089<\/td>\n<td width=\"67\">0,318<\/td>\n<td width=\"54\">0,18<\/td>\n<\/tr>\n<tr>\n<td width=\"40\">40<\/td>\n<td width=\"64\"><strong>TCA1\/40<\/strong><\/td>\n<td width=\"6\"><\/td>\n<td width=\"82\">0,079<\/td>\n<td width=\"67\">0,155<\/td>\n<td width=\"54\">0,07<\/td>\n<td width=\"64\"><strong>TCA2\/40<\/strong><\/td>\n<td width=\"6\"><\/td>\n<td width=\"77\">0,079<\/td>\n<td width=\"67\">0,206<\/td>\n<td width=\"86\">0,10<\/td>\n<td width=\"64\"><strong>TCA3\/40<\/strong><\/td>\n<td width=\"10\"><\/td>\n<td width=\"77\">0,079<\/td>\n<td width=\"67\">0,307<\/td>\n<td width=\"54\">0,16<\/td>\n<\/tr>\n<\/tbody>\n<\/table>\n<p>\u2666\u00a0 disponible de stock<\/p>\n<p>&nbsp;<\/p>\n","protected":false},"excerpt":{"rendered":"<p>&nbsp;<\/p>\n<h5>Les fils, isol\u00e9s plusieurs fois avec des plastiques fluor\u00e9s, permettent de construire des transformateurs compacts sans isolation interm\u00e9diaire entre l&rsquo;enroulement primaire et l&rsquo;enroulement secondaire en raison de leur rigidit\u00e9 di\u00e9lectrique. Il en r\u00e9sulte un meilleur couplage magn\u00e9tique entre les enroulements, ce qui permet de r\u00e9duire les inductances parasites.<\/h5>\n<p>&nbsp;<\/p>\n<p>&nbsp;<\/p>\n<table style=\"height: 163px;\" width=\"926\">\n<tbody>\n<tr>\n<td width=\"302\"><img loading=\"lazy\" decoding=\"async\" class=\"alignnone wp-image-9933 size-full\" src=\"https:\/\/schupp.ch\/wp-content\/uploads\/2024\/01\/Mehrfachisolierte-Leiter-02-EN.jpg\" alt=\"\" width=\"680\" height=\"316\" \/><\/td>\n<td width=\"302\"><img loading=\"lazy\" decoding=\"async\" class=\"alignnone wp-image-9936 size-full\" src=\"https:\/\/schupp.ch\/wp-content\/uploads\/2024\/01\/Mehrfachisolierte-Leiter-03-EN.jpg\" alt=\"\" width=\"755\" height=\"294\" \/><\/td>\n<\/tr>\n<\/tbody>\n<\/table>\n<p>&nbsp;<\/p>\n<p>&nbsp;<\/p>\n","protected":false},"featured_media":9925,"template":"","meta":{"_acf_changed":false},"product_brand":[],"product_cat":[274,148],"product_tag":[],"class_list":{"0":"post-5870","1":"product","2":"type-product","3":"status-publish","4":"has-post-thumbnail","6":"product_cat-fils-de-bobinage-multi-isoles","7":"product_cat-fils-de-bobinage","9":"first","10":"instock","11":"shipping-taxable","12":"purchasable","13":"product-type-simple"},"acf":[],"_links":{"self":[{"href":"https:\/\/schupp.ch\/fr\/wp-json\/wp\/v2\/product\/5870","targetHints":{"allow":["GET"]}}],"collection":[{"href":"https:\/\/schupp.ch\/fr\/wp-json\/wp\/v2\/product"}],"about":[{"href":"https:\/\/schupp.ch\/fr\/wp-json\/wp\/v2\/types\/product"}],"wp:featuredmedia":[{"embeddable":true,"href":"https:\/\/schupp.ch\/fr\/wp-json\/wp\/v2\/media\/9925"}],"wp:attachment":[{"href":"https:\/\/schupp.ch\/fr\/wp-json\/wp\/v2\/media?parent=5870"}],"wp:term":[{"taxonomy":"product_brand","embeddable":true,"href":"https:\/\/schupp.ch\/fr\/wp-json\/wp\/v2\/product_brand?post=5870"},{"taxonomy":"product_cat","embeddable":true,"href":"https:\/\/schupp.ch\/fr\/wp-json\/wp\/v2\/product_cat?post=5870"},{"taxonomy":"product_tag","embeddable":true,"href":"https:\/\/schupp.ch\/fr\/wp-json\/wp\/v2\/product_tag?post=5870"}],"curies":[{"name":"wp","href":"https:\/\/api.w.org\/{rel}","templated":true}]}}