{"id":5871,"date":"2024-01-25T15:20:22","date_gmt":"2024-01-25T14:20:22","guid":{"rendered":"https:\/\/schupp.ch\/p\/fils-et-torons-triplement-isoles-avec-etfe-tefzel-classe-f\/"},"modified":"2026-02-17T13:19:25","modified_gmt":"2026-02-17T12:19:25","slug":"fils-et-torons-triplement-isoles-avec-etfe-tefzel-classe-f","status":"publish","type":"product","link":"https:\/\/schupp.ch\/fr\/p\/fils-et-torons-triplement-isoles-avec-etfe-tefzel-classe-f\/","title":{"rendered":"Fils et torons triplement isol\u00e9s avec ETFE Tefzel\u00ae, classe F"},"content":{"rendered":"<p>&nbsp;<\/p>\n<p><img loading=\"lazy\" decoding=\"async\" class=\"alignnone wp-image-9930 \" src=\"https:\/\/schupp.ch\/wp-content\/uploads\/2024\/01\/Mehrfachisolierte-Leiter-01_EN.jpg\" alt=\"\" width=\"598\" height=\"340\" \/><\/p>\n<p>&nbsp;<\/p>\n<table width=\"643\">\n<tbody>\n<tr>\n<td width=\"122\"><strong>Mat\u00e9riau du conducteur :<\/strong><\/td>\n<td colspan=\"3\" width=\"515\">cuivre \u00e9tam\u00e9<\/td>\n<\/tr>\n<tr>\n<td width=\"122\"><strong>Isolation :<\/strong><\/td>\n<td colspan=\"3\" width=\"515\">Tefzel\u00ae (ETFE)<\/td>\n<\/tr>\n<tr>\n<td width=\"122\"><strong>Nombre de couches :<\/strong><\/td>\n<td colspan=\"3\" width=\"515\">3<\/td>\n<\/tr>\n<tr>\n<td width=\"122\"><strong>Couleur standard :<\/strong><\/td>\n<td colspan=\"3\" width=\"515\">&#8212;-<\/td>\n<\/tr>\n<tr>\n<td width=\"122\"><strong>Classe de temp\u00e9rature :<\/strong><\/td>\n<td colspan=\"3\" width=\"515\">F (155\u00b0 C)<\/td>\n<\/tr>\n<tr>\n<td width=\"122\"><strong>Tension de fonctionnement :<\/strong><\/td>\n<td colspan=\"3\" width=\"515\">1000 V<\/td>\n<\/tr>\n<tr>\n<td width=\"122\"><strong>R\u00e9sistance \u00e0 la traction :<\/strong><\/td>\n<td colspan=\"3\" width=\"515\">45 N\/mm2 (6500 psi)<\/td>\n<\/tr>\n<tr>\n<td width=\"122\"><strong>\u00c9paisseur d&rsquo;isolation par couche :<\/strong><\/td>\n<td width=\"189\">0,025mm (0.001&Prime;)<\/td>\n<td width=\"125\"><strong>\u00c9paisseur d&rsquo;isolation par couche :<\/strong><\/td>\n<td width=\"196\">0,038mm (0.0015&Prime;)<\/td>\n<\/tr>\n<tr>\n<td width=\"122\"><strong>Tension de fonctionnement :<\/strong><\/td>\n<td width=\"189\">1000 V<\/td>\n<td width=\"125\"><strong>Tension de fonctionnement :<\/strong><\/td>\n<td width=\"196\">UL : 1500 V (707 V m\u00e9dic.), VDE : 1000 V<\/td>\n<\/tr>\n<tr>\n<td width=\"122\"><strong>Tension de claquage :<\/strong><\/td>\n<td width=\"189\">environ 4500 V<\/p>\n<p>&nbsp;<\/td>\n<td width=\"125\"><strong>Tension de claquage :<\/strong><\/td>\n<td width=\"196\">env. 7000 V<\/td>\n<\/tr>\n<tr>\n<td width=\"122\"><strong>l&rsquo;inflammabilit\u00e9 :<\/strong><\/td>\n<td width=\"189\">&#8212;<\/td>\n<td width=\"125\"><strong>Inflammabilit\u00e9 :<\/strong><\/td>\n<td width=\"196\">V-0<\/td>\n<\/tr>\n<tr>\n<td width=\"122\"><strong>Conformit\u00e9 avec les normes :<\/strong><\/td>\n<td width=\"189\">UL OBJT2 File No. E206198 UL\/IEC60950-1 (Ed.2), Annexe U<\/p>\n<p>&nbsp;<\/td>\n<td width=\"125\"><strong>Conformit\u00e9 avec les normes<\/strong>:<\/td>\n<td width=\"196\">ULOBJT2FileNo.E206198 UL\/IEC60950-1(Ed.2) AnnexU.UL2601, IEC61558-2-16,<br \/>\n60601-1(Ed.3), 61010-1(Ed.3),<br \/>\nReconnaissance VDENo.136743:ClasseF<\/td>\n<\/tr>\n<\/tbody>\n<\/table>\n<p>&nbsp;<\/p>\n<table width=\"643\">\n<tbody>\n<tr>\n<td colspan=\"3\" width=\"316\"><strong>Tol\u00e9rances dimensionnelles<\/strong><\/td>\n<td colspan=\"3\" width=\"321\"><strong>Tol\u00e9rances dimensionnelles<\/strong><\/td>\n<\/tr>\n<tr>\n<td width=\"120\">AWG<\/td>\n<td width=\"56\">&#8212;<\/td>\n<td width=\"137\">&#8212;-<\/td>\n<td width=\"124\">AWG<\/td>\n<td width=\"55\">18 -24<\/td>\n<td width=\"138\">+ 0,038 \/ &#8211; 0,025 mm<\/td>\n<\/tr>\n<tr>\n<td width=\"120\">AWG<\/td>\n<td width=\"56\">30 &#8211; 40<\/td>\n<td width=\"137\">+ 0,025 \/- 0,013 mm<\/td>\n<td width=\"124\">AWG<\/td>\n<td width=\"55\">25 -40<\/td>\n<td width=\"138\">+ 0,025 \/- 0,025 mm<\/td>\n<\/tr>\n<\/tbody>\n<\/table>\n<p>&nbsp;<\/p>\n<table width=\"710\">\n<tbody>\n<tr>\n<td colspan=\"5\" width=\"356\"><strong>Dimensions<\/strong><\/td>\n<td colspan=\"5\" width=\"348\"><strong>Dimensions<\/strong><\/td>\n<\/tr>\n<tr>\n<td rowspan=\"2\" width=\"40\"><strong>AWG<\/strong><\/td>\n<td rowspan=\"2\" width=\"107\"><strong>Type<\/strong><\/td>\n<td width=\"73\"><strong>\u00d8 du conducteur<\/strong><\/td>\n<td width=\"59\"><strong>\u00d8 ext\u00e9rieur<\/strong><\/td>\n<td width=\"69\"><strong>Poids* de l&rsquo;appareil<\/strong><\/td>\n<td rowspan=\"2\" width=\"40\"><strong>AWG<\/strong><\/td>\n<td rowspan=\"2\" width=\"107\"><strong>Type<\/strong><\/td>\n<td width=\"73\"><strong>\u00d8 du conducteur<\/strong><\/td>\n<td width=\"59\"><strong>\u00d8 ext\u00e9rieur<\/strong><\/td>\n<td width=\"61\"><strong>Poids* de l&rsquo;appareil<\/strong><\/td>\n<\/tr>\n<tr>\n<td width=\"73\"><strong>[mm]<\/strong><\/td>\n<td width=\"59\"><strong>[mm]<\/strong><\/td>\n<td width=\"69\"><strong>[kg\/km]<\/strong><\/td>\n<td width=\"73\"><strong>[mm]<\/strong><\/td>\n<td width=\"59\"><strong>[mm]<\/strong><\/td>\n<td width=\"61\"><strong>[kg\/km]<\/strong><\/td>\n<\/tr>\n<tr>\n<td width=\"40\">18<\/td>\n<td width=\"107\"><strong>&#8212;<\/strong><\/td>\n<td width=\"73\">&#8212;<\/td>\n<td width=\"59\">&#8212;<\/td>\n<td width=\"69\">&#8212;<\/td>\n<td width=\"40\">18<\/td>\n<td width=\"107\"><strong>T18A01TXXX-1.5<\/strong><\/td>\n<td width=\"73\">1,024<\/td>\n<td width=\"59\">1,252<\/td>\n<td width=\"61\">8,02<\/td>\n<\/tr>\n<tr>\n<td width=\"40\">19<\/td>\n<td width=\"107\"><strong>&#8212;<\/strong><\/td>\n<td width=\"73\">&#8212;<\/td>\n<td width=\"59\">&#8212;<\/td>\n<td width=\"69\">&#8212;<\/td>\n<td width=\"40\">19<\/td>\n<td width=\"107\"><strong>&#8212;<\/strong><\/td>\n<td width=\"73\">&#8212;<\/td>\n<td width=\"59\">&#8212;<\/td>\n<td width=\"61\">&#8212;<\/td>\n<\/tr>\n<tr>\n<td width=\"40\">20<\/td>\n<td width=\"107\"><strong>T20A01TXXX-1<\/strong><\/td>\n<td width=\"73\">0,813<\/td>\n<td width=\"59\">0,965<\/td>\n<td width=\"69\">4,95<\/td>\n<td width=\"40\">20<\/td>\n<td width=\"107\"><strong>T20A01TXXX-1.5<\/strong><\/td>\n<td width=\"73\">0,813<\/td>\n<td width=\"59\">1,041<\/td>\n<td width=\"61\">5,16<\/td>\n<\/tr>\n<tr>\n<td width=\"40\">21<\/td>\n<td width=\"107\"><strong>T21A01TXXX-1<\/strong><\/td>\n<td width=\"73\">0,724<\/td>\n<td width=\"59\">0,876<\/td>\n<td width=\"69\">3,98<\/td>\n<td width=\"40\">21<\/td>\n<td width=\"107\"><strong>T21A01TXXX-1.5<\/strong><\/td>\n<td width=\"73\">0,724<\/td>\n<td width=\"59\">0,953<\/td>\n<td width=\"61\">4,16<\/td>\n<\/tr>\n<tr>\n<td width=\"40\">22<\/td>\n<td width=\"107\"><strong>T22A01TXXX-1<\/strong><\/td>\n<td width=\"73\">0,643<\/td>\n<td width=\"59\">0,795<\/td>\n<td width=\"69\">3,18<\/td>\n<td width=\"40\">22<\/td>\n<td width=\"107\"><strong>T22A01TXXX-1.5<\/strong><\/td>\n<td width=\"73\">0,643<\/td>\n<td width=\"59\">0,871<\/td>\n<td width=\"61\">3,34<\/td>\n<\/tr>\n<tr>\n<td width=\"40\">23<\/td>\n<td width=\"107\"><strong>T23A01TXXX-1<\/strong><\/td>\n<td width=\"73\">0,574<\/td>\n<td width=\"59\">0,726<\/td>\n<td width=\"69\">2,57<\/td>\n<td width=\"40\">23<\/td>\n<td width=\"107\"><strong>T23A01TXXX-1.5<\/strong><\/td>\n<td width=\"73\">0,574<\/td>\n<td width=\"59\">0,803<\/td>\n<td width=\"61\">2,72<\/td>\n<\/tr>\n<tr>\n<td width=\"40\">24<\/td>\n<td width=\"107\"><strong>T24A01TXXX-1<\/strong><\/td>\n<td width=\"73\">0,511<\/td>\n<td width=\"59\">0,663<\/td>\n<td width=\"69\">2,05<\/td>\n<td width=\"40\">24<\/td>\n<td width=\"107\"><strong>T24A01TXXX-1.5<\/strong><\/td>\n<td width=\"73\">0,511<\/td>\n<td width=\"59\">0,739<\/td>\n<td width=\"61\">2,20<\/td>\n<\/tr>\n<tr>\n<td width=\"40\">25<\/td>\n<td width=\"107\"><strong>T25A01TXXX-1<\/strong><\/td>\n<td width=\"73\">0,455<\/td>\n<td width=\"59\">0,607<\/td>\n<td width=\"69\">1,67<\/td>\n<td width=\"40\">25<\/td>\n<td width=\"107\"><strong>T25A01TXXX-1.5<\/strong><\/td>\n<td width=\"73\">0,455<\/td>\n<td width=\"59\">0,683<\/td>\n<td width=\"61\">1,78<\/td>\n<\/tr>\n<tr>\n<td width=\"40\">26<\/td>\n<td width=\"107\"><strong>T26A01TXXX-1<\/strong><\/td>\n<td width=\"73\">0,404<\/td>\n<td width=\"59\">0,556<\/td>\n<td width=\"69\">1,34<\/td>\n<td width=\"40\">26<\/td>\n<td width=\"107\"><strong>T26A01TXXX-1.5<\/strong><\/td>\n<td width=\"73\">0,404<\/td>\n<td width=\"59\">0,632<\/td>\n<td width=\"61\">1,46<\/td>\n<\/tr>\n<tr>\n<td width=\"40\">27<\/td>\n<td width=\"107\"><strong>T27A01TXXX-1<\/strong><\/td>\n<td width=\"73\">0,361<\/td>\n<td width=\"59\">0,513<\/td>\n<td width=\"69\">1.09<\/td>\n<td width=\"40\">27<\/td>\n<td width=\"107\"><strong>T27A01TXXX-1.5<\/strong><\/td>\n<td width=\"73\">0,361<\/td>\n<td width=\"59\">0,589<\/td>\n<td width=\"61\">1,19<\/td>\n<\/tr>\n<tr>\n<td width=\"40\">28<\/td>\n<td width=\"107\"><strong>T28A01TXXX-1<\/strong><\/td>\n<td width=\"73\">0,320<\/td>\n<td width=\"59\">0,472<\/td>\n<td width=\"69\">0,88<\/td>\n<td width=\"40\">28<\/td>\n<td width=\"107\"><strong>T28A01TXXX-1.5<\/strong><\/td>\n<td width=\"73\">0,320<\/td>\n<td width=\"59\">0,549<\/td>\n<td width=\"61\">0,98<\/td>\n<\/tr>\n<tr>\n<td width=\"40\">29<\/td>\n<td width=\"107\"><strong>T29A01TXXX-1<\/strong><\/td>\n<td width=\"73\">0,287<\/td>\n<td width=\"59\">0,439<\/td>\n<td width=\"69\">0,73<\/td>\n<td width=\"40\">29<\/td>\n<td width=\"107\"><strong>T29A01TXXX-1.5<\/strong><\/td>\n<td width=\"73\">0,287<\/td>\n<td width=\"59\">0,516<\/td>\n<td width=\"61\">0,82<\/td>\n<\/tr>\n<tr>\n<td width=\"40\">30<\/td>\n<td width=\"107\"><strong>T30A01TXXX-1<\/strong><\/td>\n<td width=\"73\">0,254<\/td>\n<td width=\"59\">0,406<\/td>\n<td width=\"69\">0,58<\/td>\n<td width=\"40\">30<\/td>\n<td width=\"107\"><strong>T30A01TXXX-1.5<\/strong><\/td>\n<td width=\"73\">0,254<\/td>\n<td width=\"59\">0,483<\/td>\n<td width=\"61\">0,68<\/td>\n<\/tr>\n<tr>\n<td width=\"40\">31<\/td>\n<td width=\"107\"><strong>T31A01TXXX-1<\/strong><\/td>\n<td width=\"73\">0,226<\/td>\n<td width=\"59\">0,378<\/td>\n<td width=\"69\">0,48<\/td>\n<td width=\"40\">31<\/td>\n<td width=\"107\"><strong>T31A01TXXX-1.5<\/strong><\/td>\n<td width=\"73\">0,226<\/td>\n<td width=\"59\">0,455<\/td>\n<td width=\"61\">0,57<\/td>\n<\/tr>\n<tr>\n<td width=\"40\">32<\/td>\n<td width=\"107\"><strong>T32A01TXXX-1<\/strong><\/td>\n<td width=\"73\">0,203<\/td>\n<td width=\"59\">0,356<\/td>\n<td width=\"69\">0,41<\/td>\n<td width=\"40\">32<\/td>\n<td width=\"107\"><strong>T32A01TXXX-1.5<\/strong><\/td>\n<td width=\"73\">0,203<\/td>\n<td width=\"59\">0,432<\/td>\n<td width=\"61\">0,48<\/td>\n<\/tr>\n<tr>\n<td width=\"40\">33<\/td>\n<td width=\"107\"><strong>T33A01TXXX-1<\/strong><\/td>\n<td width=\"73\">0,180<\/td>\n<td width=\"59\">0,333<\/td>\n<td width=\"69\">0,34<\/td>\n<td width=\"40\">33<\/td>\n<td width=\"107\"><strong>T33A01TXXX-1.5<\/strong><\/td>\n<td width=\"73\">0,180<\/td>\n<td width=\"59\">0,409<\/td>\n<td width=\"61\">0,40<\/td>\n<\/tr>\n<tr>\n<td width=\"40\">34<\/td>\n<td width=\"107\"><strong>T34A01TXXX-1<\/strong><\/td>\n<td width=\"73\">0,160<\/td>\n<td width=\"59\">0,312<\/td>\n<td width=\"69\">0,28<\/td>\n<td width=\"40\">34<\/td>\n<td width=\"107\"><strong>T34A01TXXX-1.5<\/strong><\/td>\n<td width=\"73\">0,160<\/td>\n<td width=\"59\">0,389<\/td>\n<td width=\"61\">0,34<\/td>\n<\/tr>\n<tr>\n<td width=\"40\">35<\/td>\n<td width=\"107\"><strong>T35A01TXXX-1<\/strong><\/td>\n<td width=\"73\">0,142<\/td>\n<td width=\"59\">0,295<\/td>\n<td width=\"69\">0,23<\/td>\n<td width=\"40\">35<\/td>\n<td width=\"107\"><strong>T35A01TXXX-1.5<\/strong><\/td>\n<td width=\"73\">0,142<\/td>\n<td width=\"59\">0,371<\/td>\n<td width=\"61\">0,30<\/td>\n<\/tr>\n<tr>\n<td width=\"40\">36<\/td>\n<td width=\"107\"><strong>T36A01TXXX-1<\/strong><\/td>\n<td width=\"73\">0,127<\/td>\n<td width=\"59\">0,279<\/td>\n<td width=\"69\">0,20<\/td>\n<td width=\"40\">36<\/td>\n<td width=\"107\"><strong>T36A01TXXX-1.5<\/strong><\/td>\n<td width=\"73\">0,127<\/td>\n<td width=\"59\">0,356<\/td>\n<td width=\"61\">0,25<\/td>\n<\/tr>\n<tr>\n<td width=\"40\">37<\/td>\n<td width=\"107\"><strong>T37A01TXXX-1<\/strong><\/td>\n<td width=\"73\">0,114<\/td>\n<td width=\"59\">0,267<\/td>\n<td width=\"69\">0,17<\/td>\n<td width=\"40\">37<\/td>\n<td width=\"107\"><strong>T37A01TXXX-1.5<\/strong><\/td>\n<td width=\"73\">0,114<\/td>\n<td width=\"59\">0,343<\/td>\n<td width=\"61\">0,24<\/td>\n<\/tr>\n<tr>\n<td width=\"40\">38<\/td>\n<td width=\"107\"><strong>T38A01TXXX-1<\/strong><\/td>\n<td width=\"73\">0,102<\/td>\n<td width=\"59\">0,254<\/td>\n<td width=\"69\">0,15<\/td>\n<td width=\"40\">38<\/td>\n<td width=\"107\"><strong>T38A01TXXX-1.5<\/strong><\/td>\n<td width=\"73\">0,102<\/td>\n<td width=\"59\">0,330<\/td>\n<td width=\"61\">0,20<\/td>\n<\/tr>\n<tr>\n<td width=\"40\">39<\/td>\n<td width=\"107\"><strong>T39A01TXXX-1<\/strong><\/td>\n<td width=\"73\">0,089<\/td>\n<td width=\"59\">0,241<\/td>\n<td width=\"69\">0,12<\/td>\n<td width=\"40\">39<\/td>\n<td width=\"107\"><strong>T39A01TXXX-1.5<\/strong><\/td>\n<td width=\"73\">0,089<\/td>\n<td width=\"59\">0,318<\/td>\n<td width=\"61\">0,18<\/td>\n<\/tr>\n<tr>\n<td width=\"40\">40<\/td>\n<td width=\"107\"><strong>T40A01TXXX-1<\/strong><\/td>\n<td width=\"73\">0,079<\/td>\n<td width=\"59\">0,231<\/td>\n<td width=\"69\">0,11<\/td>\n<td width=\"40\">40<\/td>\n<td width=\"107\"><strong>T40A01TXXX-1.5<\/strong><\/td>\n<td width=\"73\">0,079<\/td>\n<td width=\"59\">0,307<\/td>\n<td width=\"61\">0,16<\/td>\n<\/tr>\n<\/tbody>\n<\/table>\n<p>* poids approximatif<\/p>\n<p><strong>Num\u00e9ro d&rsquo;article :<br \/>\n<\/strong>Exemple : FLT20A01TXXX-1<br \/>\nFL= pr\u00e9fixe<br \/>\nT = = triple isolation<br \/>\n20 = AWG<br \/>\nA = mat\u00e9riau du conducteur Cu \u00e9tam\u00e9<br \/>\n01 = conducteur 01 = fil<\/p>\n<p>&nbsp;<\/p>\n<table width=\"643\">\n<tbody>\n<tr>\n<td width=\"127\"><strong>Mat\u00e9riau du conducteur :<\/strong><\/td>\n<td colspan=\"3\" width=\"510\">cuivre \u00e9tam\u00e9<\/td>\n<\/tr>\n<tr>\n<td width=\"127\"><strong>Isolation :<\/strong><\/td>\n<td colspan=\"3\" width=\"510\">Tefzel\u00ae (ETFE)<\/td>\n<\/tr>\n<tr>\n<td width=\"127\"><strong>Nombre de couches :<\/strong><\/td>\n<td colspan=\"3\" width=\"510\">3<\/td>\n<\/tr>\n<tr>\n<td width=\"127\"><strong>couleur standard :<\/strong><\/td>\n<td colspan=\"3\" width=\"510\">&#8212;<\/td>\n<\/tr>\n<tr>\n<td width=\"127\"><strong>Classe de <\/strong><strong>temp\u00e9rature :<\/strong><\/td>\n<td colspan=\"3\" width=\"510\">F (155\u00b0 C)<\/td>\n<\/tr>\n<tr>\n<td width=\"127\"><strong>Tension de fonctionnement :<\/strong><\/td>\n<td colspan=\"3\" width=\"510\">UL : 1500 V (707V m\u00e9dic.), VDE : 1000 V<\/td>\n<\/tr>\n<tr>\n<td width=\"127\"><strong>R\u00e9sistance \u00e0 la traction :<\/strong><\/td>\n<td colspan=\"3\" width=\"510\">45 N\/mm2 (6500 psi)<\/td>\n<\/tr>\n<tr>\n<td width=\"127\"><strong>Inflammabilit\u00e9 :<\/strong><\/td>\n<td colspan=\"3\" width=\"510\">V-0<\/td>\n<\/tr>\n<tr>\n<td width=\"127\"><strong>\u00c9paisseur\/couche :<\/strong><\/td>\n<td width=\"173\">0,051 mm (0.002&Prime;)<\/td>\n<td width=\"150\"><strong>\u00c9paisseur\/couche :<\/strong><\/td>\n<td width=\"183\">0,076 mm (0.003&Prime;)<\/td>\n<\/tr>\n<tr>\n<td width=\"127\"><strong>Tension de claquage :<\/strong><\/td>\n<td width=\"173\">environ 9000 V<\/td>\n<td width=\"150\"><strong>Tension de claquage :<\/strong><\/td>\n<td width=\"183\">env. 13000 V<\/td>\n<\/tr>\n<\/tbody>\n<\/table>\n<p>&nbsp;<\/p>\n<table width=\"643\">\n<tbody>\n<tr>\n<td colspan=\"3\" width=\"306\"><strong>Tol\u00e9rances dimensionnelles<\/strong><\/td>\n<td colspan=\"3\" width=\"331\"><strong>Tol\u00e9rances dimensionnelles<\/strong><\/td>\n<\/tr>\n<tr>\n<td width=\"40\">AWG<\/td>\n<td width=\"91\">&#8212;<\/td>\n<td width=\"171\">&#8212;<\/td>\n<td width=\"56\">AWG<\/td>\n<td width=\"90\">10 &#8211; 17<\/td>\n<td width=\"181\">+ 0,076 \/ &#8211; 0,051 mm<\/td>\n<\/tr>\n<tr>\n<td width=\"40\">AWG<\/td>\n<td width=\"91\">18 &#8211; 24<\/td>\n<td width=\"171\">+ 0,038 \/ &#8211; 0,025 mm<\/td>\n<td width=\"56\">AWG<\/td>\n<td width=\"90\">18 &#8211; 24<\/td>\n<td width=\"181\">+ 0,051 \/ &#8211; 0,025 mm<\/td>\n<\/tr>\n<tr>\n<td width=\"40\">AWG<\/td>\n<td width=\"91\">25 &#8211; 40<\/td>\n<td width=\"171\">+ 0,025 \/ &#8211; 0,025 mm<\/td>\n<td width=\"56\">AWG<\/td>\n<td width=\"90\">25 &#8211; 40<\/td>\n<td width=\"181\">+ 0,025 \/ &#8211; 0,025 mm<\/td>\n<\/tr>\n<\/tbody>\n<\/table>\n<p>&nbsp;<\/p>\n<table width=\"720\">\n<tbody>\n<tr>\n<td colspan=\"5\" width=\"349\"><strong>Dimensions<\/strong><\/td>\n<td colspan=\"5\" width=\"366\"><strong>Dimensions<\/strong><\/td>\n<\/tr>\n<tr>\n<td width=\"40\"><strong>AWG<\/strong><\/td>\n<td width=\"107\"><strong>Type<\/strong><\/td>\n<td width=\"73\"><strong>\u00d8 du conducteur [mm]<\/strong><\/td>\n<td width=\"59\"><strong>\u00d8 ext\u00e9rieur<\/strong><br \/>\n<strong>[mm]<\/strong><\/td>\n<td width=\"62\"><strong>Poids* [kg\/km]<\/strong><\/td>\n<td width=\"65\"><strong>AWG<\/strong><\/td>\n<td width=\"107\"><strong>Type<\/strong><\/td>\n<td width=\"73\"><strong>\u00d8 du conducteur [mm]<\/strong><\/td>\n<td width=\"59\"><strong>\u00d8 ext\u00e9rieur<\/strong><br \/>\n<strong>[mm]<\/strong><\/td>\n<td width=\"54\"><strong>Poids* [kg\/km]<\/strong><\/td>\n<\/tr>\n<tr>\n<td width=\"40\">14<\/td>\n<td width=\"107\"><strong>T14A01TXXX-2<\/strong><\/td>\n<td width=\"73\">1,628<\/td>\n<td width=\"59\">1,93<\/td>\n<td width=\"62\">19,95<\/td>\n<td width=\"65\">10<\/td>\n<td width=\"107\"><strong>T10A01TXXX-3<\/strong><\/td>\n<td width=\"73\">2,588<\/td>\n<td width=\"59\">3,045<\/td>\n<td width=\"54\">50,21<\/td>\n<\/tr>\n<tr>\n<td width=\"40\">15<\/td>\n<td width=\"107\"><strong>T15A01TXXX-2<\/strong><\/td>\n<td width=\"73\">1,45<\/td>\n<td width=\"59\">1.76<\/td>\n<td width=\"62\">16,03<\/td>\n<td width=\"65\">10(37\/26)<\/td>\n<td width=\"107\"><strong>T10A37TXXX-3<\/strong><\/td>\n<td width=\"73\">2,718<\/td>\n<td width=\"59\">3,175<\/td>\n<td width=\"54\">46,58<\/td>\n<\/tr>\n<tr>\n<td width=\"40\">16<\/td>\n<td width=\"107\"><strong>T16A01TXXX-2<\/strong><\/td>\n<td width=\"73\">1,290<\/td>\n<td width=\"59\">1,595<\/td>\n<td width=\"62\">12,80<\/td>\n<td width=\"65\">12<\/td>\n<td width=\"107\"><strong>T12A01TXXX-3<\/strong><\/td>\n<td width=\"73\">2,052<\/td>\n<td width=\"59\">2,510<\/td>\n<td width=\"54\">32,25<\/td>\n<\/tr>\n<tr>\n<td width=\"40\">17<\/td>\n<td width=\"107\"><strong>T17A01TXXX-2<\/strong><\/td>\n<td width=\"73\">1,151<\/td>\n<td width=\"59\">1,455<\/td>\n<td width=\"62\">10,30<\/td>\n<td width=\"65\">12(19\/25)<\/td>\n<td width=\"107\"><strong>T12A19TXXX-3<\/strong><\/td>\n<td width=\"73\">2,189<\/td>\n<td width=\"59\">2,647<\/td>\n<td width=\"54\">30,92<\/td>\n<\/tr>\n<tr>\n<td width=\"40\">18<\/td>\n<td width=\"107\"><strong>T18A01TXXX-2<\/strong><\/td>\n<td width=\"73\">1,024<\/td>\n<td width=\"59\">1,328<\/td>\n<td width=\"62\">8,27<\/td>\n<td width=\"65\">14<\/td>\n<td width=\"107\"><strong>T14A01TXXX-3<\/strong><\/td>\n<td width=\"73\">1,628<\/td>\n<td width=\"59\">2,085<\/td>\n<td width=\"54\">20,72<\/td>\n<\/tr>\n<tr>\n<td width=\"40\">19<\/td>\n<td width=\"107\"><strong>T19A01TXXX-2<\/strong><\/td>\n<td width=\"73\">0,912<\/td>\n<td width=\"59\">1,217<\/td>\n<td width=\"62\">6,67<\/td>\n<td width=\"65\">14(19\/27)<\/td>\n<td width=\"107\"><strong>T14A19TXXX-3<\/strong><\/td>\n<td width=\"73\">1,725<\/td>\n<td width=\"59\">2,182<\/td>\n<td width=\"54\">19,94<\/td>\n<\/tr>\n<tr>\n<td width=\"40\">20<\/td>\n<td width=\"107\"><strong>T20A01TXXX-2<\/strong><\/td>\n<td width=\"73\">0,813<\/td>\n<td width=\"59\">1,118<\/td>\n<td width=\"62\">5,39<\/td>\n<td width=\"65\">16<\/td>\n<td width=\"107\"><strong>T16A01TXXX-3<\/strong><\/td>\n<td width=\"73\">1,290<\/td>\n<td width=\"59\">1,748<\/td>\n<td width=\"54\">13,48<\/td>\n<\/tr>\n<tr>\n<td width=\"40\">21<\/td>\n<td width=\"107\"><strong>T21A01TXXX-2<\/strong><\/td>\n<td width=\"73\">0,724<\/td>\n<td width=\"59\">1,029<\/td>\n<td width=\"62\">3,53<\/td>\n<td width=\"65\">16(19\/29)<\/td>\n<td width=\"107\"><strong>T16A19TXXX-3<\/strong><\/td>\n<td width=\"73\">1,369<\/td>\n<td width=\"59\">1,826<\/td>\n<td width=\"54\">13,05<\/td>\n<\/tr>\n<tr>\n<td width=\"40\">22<\/td>\n<td width=\"107\"><strong>T22A01TXXX-2<\/strong><\/td>\n<td width=\"73\">0,643<\/td>\n<td width=\"59\">0,947<\/td>\n<td width=\"62\">2,90<\/td>\n<td width=\"65\">18<\/td>\n<td width=\"107\"><strong>T18A01TXXX-3<\/strong><\/td>\n<td width=\"73\">1,024<\/td>\n<td width=\"59\">1,481<\/td>\n<td width=\"54\">8,86<\/td>\n<\/tr>\n<tr>\n<td width=\"40\">23<\/td>\n<td width=\"107\"><strong>T23A01TXXX-2<\/strong><\/td>\n<td width=\"73\">0,574<\/td>\n<td width=\"59\">0,879<\/td>\n<td width=\"62\">2,35<\/td>\n<td width=\"65\">18(19\/30)<\/td>\n<td width=\"107\"><strong>T18A19TXXX-3<\/strong><\/td>\n<td width=\"73\">1,209<\/td>\n<td width=\"59\">1,666<\/td>\n<td width=\"54\">10,49<\/td>\n<\/tr>\n<tr>\n<td width=\"40\">24<\/td>\n<td width=\"107\"><strong>T24A01TXXX-2<\/strong><\/td>\n<td width=\"73\">0,511<\/td>\n<td width=\"59\">0,815<\/td>\n<td width=\"62\">1,93<\/td>\n<td width=\"65\">20<\/td>\n<td width=\"107\"><strong>T20A01TXXX-3<\/strong><\/td>\n<td width=\"73\">0,813<\/td>\n<td width=\"59\">1,270<\/td>\n<td width=\"54\">5,86<\/td>\n<\/tr>\n<tr>\n<td width=\"40\">25<\/td>\n<td width=\"107\"><strong>T25A01TXXX-2<\/strong><\/td>\n<td width=\"73\">0,455<\/td>\n<td width=\"59\">0,759<\/td>\n<td width=\"62\">1,59<\/td>\n<td width=\"65\">20(19\/32)<\/td>\n<td width=\"107\"><strong>T20A19TXXX-3<\/strong><\/td>\n<td width=\"73\">0,978<\/td>\n<td width=\"59\">1,435<\/td>\n<td width=\"54\">7,05<\/td>\n<\/tr>\n<tr>\n<td width=\"40\">26<\/td>\n<td width=\"107\"><strong>T26A01TXXX-2<\/strong><\/td>\n<td width=\"73\">0,404<\/td>\n<td width=\"59\">0,709<\/td>\n<td width=\"62\">1,32<\/td>\n<td width=\"65\">22<\/td>\n<td width=\"107\"><strong>T22A01TXXX-3<\/strong><\/td>\n<td width=\"73\">0,643<\/td>\n<td width=\"59\">1,100<\/td>\n<td width=\"54\">3,94<\/td>\n<\/tr>\n<tr>\n<td width=\"40\">27<\/td>\n<td width=\"107\"><strong>T27A01TXXX-2<\/strong><\/td>\n<td width=\"73\">0,361<\/td>\n<td width=\"59\">0,665<\/td>\n<td width=\"62\">1,10<\/td>\n<td width=\"65\">22(19\/34)<\/td>\n<td width=\"107\"><strong>T22A19TXXX-3<\/strong><\/td>\n<td width=\"73\">0,749<\/td>\n<td width=\"59\">1,207<\/td>\n<td width=\"54\">4,66<\/td>\n<\/tr>\n<tr>\n<td width=\"40\">28<\/td>\n<td width=\"107\"><strong>T28A01TXXX-2<\/strong><\/td>\n<td width=\"73\">0,320<\/td>\n<td width=\"59\">0,625<\/td>\n<td width=\"62\">0,94<\/td>\n<td width=\"65\">24<\/td>\n<td width=\"107\"><strong>T24A01TXXX-3<\/strong><\/td>\n<td width=\"73\">0,511<\/td>\n<td width=\"59\">0,968<\/td>\n<td width=\"54\">2,72<\/td>\n<\/tr>\n<tr>\n<td width=\"40\">29<\/td>\n<td width=\"107\"><strong>T29A01TXXX-2<\/strong><\/td>\n<td width=\"73\">0,287<\/td>\n<td width=\"59\">0,592<\/td>\n<td width=\"62\">0,79<\/td>\n<td width=\"65\">24(19\/36)<\/td>\n<td width=\"107\"><strong>T24A19TXXX-3<\/strong><\/td>\n<td width=\"73\">0,615<\/td>\n<td width=\"59\">1,072<\/td>\n<td width=\"54\">3,21<\/td>\n<\/tr>\n<tr>\n<td width=\"40\">30<\/td>\n<td width=\"107\"><strong>T30A01TXXX-2<\/strong><\/td>\n<td width=\"73\">0,254<\/td>\n<td width=\"59\">0,559<\/td>\n<td width=\"62\">0,67<\/td>\n<td width=\"65\">26<\/td>\n<td width=\"107\"><strong>T26A01TXXX-3<\/strong><\/td>\n<td width=\"73\">0,404<\/td>\n<td width=\"59\">0,861<\/td>\n<td width=\"54\">1,91<\/td>\n<\/tr>\n<tr>\n<td width=\"40\">31<\/td>\n<td width=\"107\"><strong>T31A01TXXX-2<\/strong><\/td>\n<td width=\"73\">0,226<\/td>\n<td width=\"59\">0,531<\/td>\n<td width=\"62\">0,58<\/td>\n<td width=\"65\">28<\/td>\n<td width=\"107\"><strong>T28A01TXXX-3<\/strong><\/td>\n<td width=\"73\">0,320<\/td>\n<td width=\"59\">0,777<\/td>\n<td width=\"54\">1,38<\/td>\n<\/tr>\n<tr>\n<td width=\"40\">32<\/td>\n<td width=\"107\"><strong>T32A01TXXX-2<\/strong><\/td>\n<td width=\"73\">0,203<\/td>\n<td width=\"59\">0,508<\/td>\n<td width=\"62\">0,49<\/td>\n<td width=\"65\">30<\/td>\n<td width=\"107\"><strong>T30A01TXXX-3<\/strong><\/td>\n<td width=\"73\">0,254<\/td>\n<td width=\"59\">0,711<\/td>\n<td width=\"54\">1,04<\/td>\n<\/tr>\n<tr>\n<td width=\"40\">33<\/td>\n<td width=\"107\"><strong>T33A01TXXX-2<\/strong><\/td>\n<td width=\"73\">0,180<\/td>\n<td width=\"59\">0,485<\/td>\n<td width=\"62\">0,43<\/td>\n<td width=\"65\">32<\/td>\n<td width=\"107\"><strong>T32A01TXXX-3<\/strong><\/td>\n<td width=\"73\">0,203<\/td>\n<td width=\"59\">0,660<\/td>\n<td width=\"54\">0,82<\/td>\n<\/tr>\n<\/tbody>\n<\/table>\n<ul>\n<li>poids approximatif<\/li>\n<\/ul>\n<p>&nbsp;<\/p>\n<p><img loading=\"lazy\" decoding=\"async\" class=\"alignnone size-full wp-image-4387\" src=\"https:\/\/schupp.ch\/wp-content\/uploads\/2024\/01\/Logo_Halogenfrei.jpg\" alt=\"\" width=\"172\" height=\"166\" \/><\/p>\n<p>&nbsp;<\/p>\n","protected":false},"excerpt":{"rendered":"<p>&nbsp;<\/p>\n<h5>Les fils, isol\u00e9s plusieurs fois avec des plastiques fluor\u00e9s, permettent de construire des transformateurs compacts sans isolation interm\u00e9diaire entre l&rsquo;enroulement primaire et l&rsquo;enroulement secondaire en raison de leur rigidit\u00e9 di\u00e9lectrique. Il en r\u00e9sulte un meilleur couplage magn\u00e9tique entre les enroulements, ce qui permet de r\u00e9duire les inductances parasites.<\/h5>\n<h5>Ces fils conviennent \u00e9galement parfaitement aux applications dans les appareils \u00e9lectriques m\u00e9dicaux, car la tension de claquage de l&rsquo;isolation est sup\u00e9rieure \u00e0 4250 volts, ce qui est exig\u00e9 par UL pour la protection des personnes.<\/h5>\n<p>&nbsp;<\/p>\n<p>&nbsp;<\/p>\n<table style=\"height: 220px;\" width=\"781\">\n<tbody>\n<tr>\n<td width=\"302\"><img loading=\"lazy\" decoding=\"async\" class=\"alignnone wp-image-9933 size-full\" src=\"https:\/\/schupp.ch\/wp-content\/uploads\/2024\/01\/Mehrfachisolierte-Leiter-02-EN.jpg\" alt=\"\" width=\"680\" height=\"316\" \/><\/td>\n<td width=\"302\"><img loading=\"lazy\" decoding=\"async\" class=\"alignnone wp-image-9936 size-full\" src=\"https:\/\/schupp.ch\/wp-content\/uploads\/2024\/01\/Mehrfachisolierte-Leiter-03-EN.jpg\" alt=\"\" width=\"755\" height=\"294\" \/><\/td>\n<\/tr>\n<\/tbody>\n<\/table>\n<p>&nbsp;<\/p>\n<p>&nbsp;<\/p>\n","protected":false},"featured_media":9925,"template":"","meta":{"_acf_changed":false},"product_brand":[],"product_cat":[274,148],"product_tag":[],"class_list":{"0":"post-5871","1":"product","2":"type-product","3":"status-publish","4":"has-post-thumbnail","6":"product_cat-fils-de-bobinage-multi-isoles","7":"product_cat-fils-de-bobinage","9":"first","10":"instock","11":"shipping-taxable","12":"purchasable","13":"product-type-simple"},"acf":[],"_links":{"self":[{"href":"https:\/\/schupp.ch\/fr\/wp-json\/wp\/v2\/product\/5871","targetHints":{"allow":["GET"]}}],"collection":[{"href":"https:\/\/schupp.ch\/fr\/wp-json\/wp\/v2\/product"}],"about":[{"href":"https:\/\/schupp.ch\/fr\/wp-json\/wp\/v2\/types\/product"}],"wp:featuredmedia":[{"embeddable":true,"href":"https:\/\/schupp.ch\/fr\/wp-json\/wp\/v2\/media\/9925"}],"wp:attachment":[{"href":"https:\/\/schupp.ch\/fr\/wp-json\/wp\/v2\/media?parent=5871"}],"wp:term":[{"taxonomy":"product_brand","embeddable":true,"href":"https:\/\/schupp.ch\/fr\/wp-json\/wp\/v2\/product_brand?post=5871"},{"taxonomy":"product_cat","embeddable":true,"href":"https:\/\/schupp.ch\/fr\/wp-json\/wp\/v2\/product_cat?post=5871"},{"taxonomy":"product_tag","embeddable":true,"href":"https:\/\/schupp.ch\/fr\/wp-json\/wp\/v2\/product_tag?post=5871"}],"curies":[{"name":"wp","href":"https:\/\/api.w.org\/{rel}","templated":true}]}}