{"id":5877,"date":"2024-01-25T15:31:23","date_gmt":"2024-01-25T14:31:23","guid":{"rendered":"https:\/\/schupp.ch\/p\/fils-et-torons-triplement-isoles-avec-fep-teflon-classe-f\/"},"modified":"2026-02-17T13:28:21","modified_gmt":"2026-02-17T12:28:21","slug":"fils-et-torons-triplement-isoles-avec-fep-teflon-classe-f","status":"publish","type":"product","link":"https:\/\/schupp.ch\/fr\/p\/fils-et-torons-triplement-isoles-avec-fep-teflon-classe-f\/","title":{"rendered":"Fils et torons triplement isol\u00e9s avec FEP Teflon\u00ae, classe F"},"content":{"rendered":"<p>&nbsp;<\/p>\n<p><img loading=\"lazy\" decoding=\"async\" class=\"alignnone wp-image-9930 \" src=\"https:\/\/schupp.ch\/wp-content\/uploads\/2024\/01\/Mehrfachisolierte-Leiter-01_EN.jpg\" alt=\"\" width=\"599\" height=\"341\" \/><\/p>\n<p>&nbsp;<\/p>\n<table width=\"643\">\n<tbody>\n<tr>\n<td width=\"132\"><strong>Mat\u00e9riau du conducteur :<\/strong><\/td>\n<td colspan=\"3\" width=\"510\">cuivre \u00e9tam\u00e9<\/td>\n<\/tr>\n<tr>\n<td width=\"132\"><strong>Isolation :<\/strong><\/td>\n<td colspan=\"3\" width=\"510\">T\u00e9flon\u00ae (FEP)<\/td>\n<\/tr>\n<tr>\n<td width=\"132\"><strong>Nombre de couches :<\/strong><\/td>\n<td colspan=\"3\" width=\"510\">3<\/td>\n<\/tr>\n<tr>\n<td width=\"132\"><strong>Couleur standard :<\/strong><\/td>\n<td colspan=\"3\" width=\"510\">&#8212;<\/td>\n<\/tr>\n<tr>\n<td width=\"132\"><strong>Classe de temp\u00e9rature :<\/strong><\/td>\n<td colspan=\"3\" width=\"510\">F (155\u00b0 C)<\/td>\n<\/tr>\n<tr>\n<td width=\"132\"><strong>R\u00e9sistance \u00e0 la traction :<\/strong><\/td>\n<td colspan=\"3\" width=\"510\">20,7 N\/mm2 (3000 psi)<\/td>\n<\/tr>\n<tr>\n<td width=\"132\"><strong>Inflammabilit\u00e9 :<\/strong><\/td>\n<td colspan=\"3\" width=\"510\">V-0<\/td>\n<\/tr>\n<tr>\n<td width=\"132\"><strong>Conformit\u00e9 aux normes :<\/strong><\/td>\n<td colspan=\"3\" width=\"510\">UL OBJT2 File No. E206198 UL\/IEC60950-1 (Ed.2), Annexe U. UL 2601<\/p>\n<p>IEC 61558-2-16, 60601-1 (Ed.3), 61010-1 (Ed.3), Reconnaissance VDE No. 136743 : Classe F<\/td>\n<\/tr>\n<tr>\n<td width=\"132\"><strong>Soudabilit\u00e9 :<\/strong><\/td>\n<td colspan=\"3\" width=\"510\">convient pour le soudage par refusion en raison de la r\u00e9sistance \u00e0 la temp\u00e9rature<\/td>\n<\/tr>\n<tr>\n<td width=\"132\"><strong>\u00c9paisseur d&rsquo;isolation \/couche :<\/strong><\/td>\n<td width=\"94\">0,051 mm (0.002&Prime;)<\/td>\n<td width=\"198\">0,076 mm (0.003&Prime;)<\/td>\n<td width=\"217\">0,13 mm (0.005&Prime;)<\/td>\n<\/tr>\n<tr>\n<td width=\"132\"><strong>Tension de fonctionnement :<\/strong><\/td>\n<td width=\"94\">1000 V<\/td>\n<td width=\"198\">1000 V<\/td>\n<td width=\"217\">1000 V<\/td>\n<\/tr>\n<tr>\n<td width=\"132\"><strong>Tension de claquage :<\/strong><\/td>\n<td width=\"94\">env. 9000 V<\/td>\n<td width=\"198\">env. 12000 V<\/td>\n<td width=\"217\">env. 15000 V<\/td>\n<\/tr>\n<\/tbody>\n<\/table>\n<p>&nbsp;<\/p>\n<table width=\"643\">\n<tbody>\n<tr>\n<td colspan=\"9\" width=\"643\"><strong>Tol\u00e9rances dimensionnelles<\/strong><\/td>\n<\/tr>\n<tr>\n<td width=\"57\">AWG<\/td>\n<td width=\"47\">&#8212;<\/td>\n<td width=\"123\">&#8212;<\/td>\n<td width=\"28\">AWG<\/td>\n<td width=\"47\">&#8212;<\/td>\n<td width=\"132\">&#8212;<\/td>\n<td width=\"28\">AWG<\/td>\n<td width=\"47\">8 -18<\/td>\n<td width=\"132\">+ 0,051 \/ &#8211; 0,051 mm<\/td>\n<\/tr>\n<tr>\n<td width=\"57\">AWG<\/td>\n<td width=\"47\">18 &#8211; 24<\/td>\n<td width=\"123\">+ 0,038\/ &#8211; 0,038 mm<\/td>\n<td width=\"28\">AWG<\/td>\n<td width=\"47\">10 -24<\/td>\n<td width=\"132\">+ 0,038\/ &#8211; 0,038 mm<\/td>\n<td width=\"28\">AWG<\/td>\n<td width=\"47\">20 -30<\/td>\n<td width=\"132\">+ 0,025 \/ &#8211; 0,025 mm<\/td>\n<\/tr>\n<tr>\n<td width=\"57\">AWG<\/td>\n<td width=\"47\">25 &#8211; 40<\/td>\n<td width=\"123\">+ 0,025\/ &#8211; 0,025 mm<\/td>\n<td width=\"28\">AWG<\/td>\n<td width=\"47\">25 -36<\/td>\n<td width=\"132\">+ 0,025 \/ &#8211; 0,025 mm<\/td>\n<td width=\"28\">AWG<\/td>\n<td width=\"47\">&#8212;<\/td>\n<td width=\"132\">&#8212;-<\/td>\n<\/tr>\n<\/tbody>\n<\/table>\n<p>&nbsp;<\/p>\n<table width=\"643\">\n<tbody>\n<tr>\n<td colspan=\"13\" width=\"643\"><strong>Dimensions<\/strong><\/td>\n<\/tr>\n<tr>\n<td rowspan=\"2\" width=\"27\"><strong>AWG<\/strong><\/td>\n<td rowspan=\"2\" width=\"77\"><strong>Type<\/strong><\/td>\n<td width=\"41\"><strong>\u00d8 du conducteur<\/strong><\/td>\n<td width=\"44\"><strong>\u00d8 ext\u00e9rieur<\/strong><\/td>\n<td width=\"38\"><strong>Poids*<\/strong><\/td>\n<td rowspan=\"2\" width=\"85\"><strong>Type<\/strong><\/td>\n<td width=\"38\"><strong>\u00d8 du conducteur<\/strong><\/td>\n<td width=\"38\"><strong>\u00d8 ext\u00e9rieur<\/strong><\/td>\n<td width=\"47\"><strong>Poids*<\/strong><\/td>\n<td rowspan=\"2\" width=\"85\"><strong>Type<\/strong><\/td>\n<td width=\"28\"><strong>\u00d8 du conducteur<\/strong><\/td>\n<td width=\"47\"><strong>\u00d8 ext\u00e9rieur<\/strong><\/td>\n<td width=\"47\"><strong>Poids*<\/strong><\/td>\n<\/tr>\n<tr>\n<td width=\"41\"><strong>[mm]<\/strong><\/td>\n<td width=\"44\"><strong>[mm]<\/strong><\/td>\n<td width=\"38\"><strong>[kg\/km]<\/strong><\/td>\n<td width=\"38\"><strong>[mm]<\/strong><\/td>\n<td width=\"38\"><strong>[mm]<\/strong><\/td>\n<td width=\"47\"><strong>[kg\/km]<\/strong><\/td>\n<td width=\"28\"><strong>[mm]<\/strong><\/td>\n<td width=\"47\"><strong>[mm]<\/strong><\/td>\n<td width=\"47\"><strong>[kg\/km]<\/strong><\/td>\n<\/tr>\n<tr>\n<td width=\"27\">10<\/td>\n<td width=\"77\"><strong>&#8212;<\/strong><\/td>\n<td width=\"41\">&#8212;<\/td>\n<td width=\"44\">&#8212;<\/td>\n<td width=\"38\">&#8212;<\/td>\n<td width=\"85\"><strong>T10A37FXXX-3<\/strong><\/td>\n<td width=\"38\">2,718<\/td>\n<td width=\"38\">3,175<\/td>\n<td width=\"47\">47,63<\/td>\n<td width=\"85\"><strong>T10A37FXXX-5<\/strong><\/td>\n<td width=\"28\">2,718<\/td>\n<td width=\"47\">3,480<\/td>\n<td width=\"47\">51,18<\/td>\n<\/tr>\n<tr>\n<td width=\"27\">12<\/td>\n<td width=\"77\"><strong>&#8212;<\/strong><\/td>\n<td width=\"41\">&#8212;<\/td>\n<td width=\"44\">&#8212;<\/td>\n<td width=\"38\">&#8212;<\/td>\n<td width=\"85\"><strong>T12A19FXXX-3<\/strong><\/td>\n<td width=\"38\">2,189<\/td>\n<td width=\"38\">2,647<\/td>\n<td width=\"47\">31,82<\/td>\n<td width=\"85\"><strong>T12A19FXXX-5<\/strong><\/td>\n<td width=\"28\">2,189<\/td>\n<td width=\"47\">2,951<\/td>\n<td width=\"47\">34,77<\/td>\n<\/tr>\n<tr>\n<td width=\"27\">14<\/td>\n<td width=\"77\"><strong>&#8212;<\/strong><\/td>\n<td width=\"41\">&#8212;<\/td>\n<td width=\"44\">&#8212;<\/td>\n<td width=\"38\">&#8212;<\/td>\n<td width=\"85\"><strong>T14A19FXXX-3<\/strong><\/td>\n<td width=\"38\">1,725<\/td>\n<td width=\"38\">2,182<\/td>\n<td width=\"47\">20,67<\/td>\n<td width=\"85\"><strong>T14A19FXXX-5<\/strong><\/td>\n<td width=\"28\">1,725<\/td>\n<td width=\"47\">2,487<\/td>\n<td width=\"47\">23,12<\/td>\n<\/tr>\n<tr>\n<td width=\"27\">16<\/td>\n<td width=\"77\"><strong>&#8212;<\/strong><\/td>\n<td width=\"41\">&#8212;<\/td>\n<td width=\"44\">&#8212;<\/td>\n<td width=\"38\">&#8212;<\/td>\n<td width=\"85\"><strong>T16A01FXXX-3<\/strong><\/td>\n<td width=\"38\">1,290<\/td>\n<td width=\"38\">1,748<\/td>\n<td width=\"47\">14,02<\/td>\n<td width=\"85\"><strong>T16A01FXXX-5<\/strong><\/td>\n<td width=\"28\">1,290<\/td>\n<td width=\"47\">2,052<\/td>\n<td width=\"47\">16,04<\/td>\n<\/tr>\n<tr>\n<td width=\"27\">16<\/td>\n<td width=\"77\"><strong>&#8212;<\/strong><\/td>\n<td width=\"41\">&#8212;<\/td>\n<td width=\"44\">&#8212;<\/td>\n<td width=\"38\">&#8212;<\/td>\n<td width=\"85\"><strong>T18A19FXXX-3<\/strong><\/td>\n<td width=\"38\">1,369<\/td>\n<td width=\"38\">1,826<\/td>\n<td width=\"47\">13,68<\/td>\n<td width=\"85\"><strong>T16A19FXXX-5<\/strong><\/td>\n<td width=\"28\">1,369<\/td>\n<td width=\"47\">2,131<\/td>\n<td width=\"47\">15,77<\/td>\n<\/tr>\n<tr>\n<td width=\"27\">18<\/td>\n<td width=\"77\"><strong>T18A01FXXX-2<\/strong><\/td>\n<td width=\"41\">1,024<\/td>\n<td width=\"44\">1,252<\/td>\n<td width=\"38\">8,56<\/td>\n<td width=\"85\"><strong>T18A01FXXX-3<\/strong><\/td>\n<td width=\"38\">1,024<\/td>\n<td width=\"38\">1,481<\/td>\n<td width=\"47\">9,30<\/td>\n<td width=\"85\"><strong>T18A01FXXX-5<\/strong><\/td>\n<td width=\"28\">1,024<\/td>\n<td width=\"47\">1,786<\/td>\n<td width=\"47\">11,03<\/td>\n<\/tr>\n<tr>\n<td width=\"27\">18<\/td>\n<td width=\"77\"><strong>T18A19FXXX-2<\/strong><\/td>\n<td width=\"41\">1,209<\/td>\n<td width=\"44\">1,514<\/td>\n<td width=\"38\">10,16<\/td>\n<td width=\"85\"><strong>T18A19FXXX-3<\/strong><\/td>\n<td width=\"38\">1,209<\/td>\n<td width=\"38\">1,666<\/td>\n<td width=\"47\">11,01<\/td>\n<td width=\"85\"><strong>T18A19FXXX-5<\/strong><\/td>\n<td width=\"28\">1,209<\/td>\n<td width=\"47\">1,971<\/td>\n<td width=\"47\">12,93<\/td>\n<\/tr>\n<tr>\n<td width=\"27\">20<\/td>\n<td width=\"77\"><strong>T20A01FXXX-2<\/strong><\/td>\n<td width=\"41\">0,813<\/td>\n<td width=\"44\">1,118<\/td>\n<td width=\"38\">6,61<\/td>\n<td width=\"85\"><strong>T20A01FXXX-3<\/strong><\/td>\n<td width=\"38\">0,813<\/td>\n<td width=\"38\">1,270<\/td>\n<td width=\"47\">6,25<\/td>\n<td width=\"85\"><strong>T20A01FXXX-5<\/strong><\/td>\n<td width=\"28\">0,813<\/td>\n<td width=\"47\">1,575<\/td>\n<td width=\"47\">7,75<\/td>\n<\/tr>\n<tr>\n<td width=\"27\">20<\/td>\n<td width=\"77\"><strong>T20A19FXXX-2<\/strong><\/td>\n<td width=\"41\">0,978<\/td>\n<td width=\"44\">1,283<\/td>\n<td width=\"38\">6,77<\/td>\n<td width=\"85\"><strong>T20A19FXXX-3<\/strong><\/td>\n<td width=\"38\">0,978<\/td>\n<td width=\"38\">1,435<\/td>\n<td width=\"47\">7,49<\/td>\n<td width=\"85\"><strong>T20A19FXXX-5<\/strong><\/td>\n<td width=\"28\">0,978<\/td>\n<td width=\"47\">1,740<\/td>\n<td width=\"47\">9,17<\/td>\n<\/tr>\n<tr>\n<td width=\"27\">22<\/td>\n<td width=\"77\"><strong>T22A01FXXX-2<\/strong><\/td>\n<td width=\"41\">0,643<\/td>\n<td width=\"44\">0,871<\/td>\n<td width=\"38\">3,72<\/td>\n<td width=\"85\"><strong>T22A01FXXX-3<\/strong><\/td>\n<td width=\"38\">0,643<\/td>\n<td width=\"38\">1,100<\/td>\n<td width=\"47\">4,27<\/td>\n<td width=\"85\"><strong>T22A01FXXX-5<\/strong><\/td>\n<td width=\"28\">0,643<\/td>\n<td width=\"47\">1,405<\/td>\n<td width=\"47\">6,44<\/td>\n<\/tr>\n<tr>\n<td width=\"27\">22<\/td>\n<td width=\"77\"><strong>T20A19FXXX-2<\/strong><\/td>\n<td width=\"41\">0,749<\/td>\n<td width=\"44\">1,054<\/td>\n<td width=\"38\">4,42<\/td>\n<td width=\"85\"><strong>T22A19FXXX-3<\/strong><\/td>\n<td width=\"38\">0,749<\/td>\n<td width=\"38\">1,207<\/td>\n<td width=\"47\">5,02<\/td>\n<td width=\"85\"><strong>T22A19FXXX-5<\/strong><\/td>\n<td width=\"28\">0,749<\/td>\n<td width=\"47\">1,511<\/td>\n<td width=\"47\">4,17<\/td>\n<\/tr>\n<tr>\n<td width=\"27\">24<\/td>\n<td width=\"77\"><strong>T24A01FXXX-2<\/strong><\/td>\n<td width=\"41\">0,511<\/td>\n<td width=\"44\">0,815<\/td>\n<td width=\"38\">2,52<\/td>\n<td width=\"85\"><strong>T24A01FXXX-3<\/strong><\/td>\n<td width=\"38\">0,511<\/td>\n<td width=\"38\">0,968<\/td>\n<td width=\"47\">2,99<\/td>\n<td width=\"85\"><strong>T24A01FXXX-5<\/strong><\/td>\n<td width=\"28\">0,511<\/td>\n<td width=\"47\">1,273<\/td>\n<td width=\"47\">4,81<\/td>\n<\/tr>\n<tr>\n<td width=\"27\">24<\/td>\n<td width=\"77\"><strong>T24A19FXXX-2<\/strong><\/td>\n<td width=\"41\">0,615<\/td>\n<td width=\"44\">0,919<\/td>\n<td width=\"38\">2,99<\/td>\n<td width=\"85\"><strong>T24A19FXXX-3<\/strong><\/td>\n<td width=\"38\">0,615<\/td>\n<td width=\"38\">1,072<\/td>\n<td width=\"47\">3,53<\/td>\n<td width=\"85\"><strong>T24A19FXXX-5<\/strong><\/td>\n<td width=\"28\">0,615<\/td>\n<td width=\"47\">1,377<\/td>\n<td width=\"47\">3,21<\/td>\n<\/tr>\n<tr>\n<td width=\"27\">25<\/td>\n<td width=\"77\"><strong>T25A01FXXX-2<\/strong><\/td>\n<td width=\"41\">0,455<\/td>\n<td width=\"44\">0,759<\/td>\n<td width=\"38\">2,08<\/td>\n<td width=\"85\"><strong>&#8212;<\/strong><\/td>\n<td width=\"38\">&#8212;<\/td>\n<td width=\"38\">&#8212;<\/td>\n<td width=\"47\">&#8212;<\/td>\n<td width=\"85\"><strong>&#8212;<\/strong><\/td>\n<td width=\"28\">&#8212;<\/td>\n<td width=\"47\">&#8212;<\/td>\n<td width=\"47\">&#8212;<\/td>\n<\/tr>\n<tr>\n<td width=\"27\">26<\/td>\n<td width=\"77\"><strong>T26A01FXXX-2<\/strong><\/td>\n<td width=\"41\">0,404<\/td>\n<td width=\"44\">0.709<\/td>\n<td width=\"38\">1,73<\/td>\n<td width=\"85\"><strong>T26A01FXXX-3<\/strong><\/td>\n<td width=\"38\">0,404<\/td>\n<td width=\"38\">0,861<\/td>\n<td width=\"47\">2,14<\/td>\n<td width=\"85\"><strong>T26A01FXXX-5<\/strong><\/td>\n<td width=\"28\">0,404<\/td>\n<td width=\"47\">1,166<\/td>\n<td width=\"47\">3,21<\/td>\n<\/tr>\n<tr>\n<td width=\"27\">26<\/td>\n<td width=\"77\"><strong>&#8212;<\/strong><\/td>\n<td width=\"41\">&#8212;<\/td>\n<td width=\"44\">&#8212;<\/td>\n<td width=\"38\">&#8212;<\/td>\n<td width=\"85\"><strong>T26A19FXXX-3<\/strong><\/td>\n<td width=\"38\">0,483<\/td>\n<td width=\"38\">0,940<\/td>\n<td width=\"47\">2,46<\/td>\n<td width=\"85\"><strong>T26A19FXXX-5<\/strong><\/td>\n<td width=\"28\">0,483<\/td>\n<td width=\"47\">1,245<\/td>\n<td width=\"47\">3,60<\/td>\n<\/tr>\n<tr>\n<td width=\"27\">27<\/td>\n<td width=\"77\"><strong>T27A01FXXX-2<\/strong><\/td>\n<td width=\"41\">0,361<\/td>\n<td width=\"44\">0,665<\/td>\n<td width=\"38\">1,44<\/td>\n<td width=\"85\"><strong>&#8212;<\/strong><\/td>\n<td width=\"38\">&#8212;<\/td>\n<td width=\"38\">&#8212;<\/td>\n<td width=\"47\">&#8212;<\/td>\n<td width=\"85\"><strong>&#8212;<\/strong><\/td>\n<td width=\"28\">&#8212;<\/td>\n<td width=\"47\">&#8212;<\/td>\n<td width=\"47\">&#8212;<\/td>\n<\/tr>\n<tr>\n<td width=\"27\">28<\/td>\n<td width=\"77\"><strong>T28A01FXXX-2<\/strong><\/td>\n<td width=\"41\">0,320<\/td>\n<td width=\"44\">0,625<\/td>\n<td width=\"38\">1,22<\/td>\n<td width=\"85\"><strong>T28A01FXXX-3<\/strong><\/td>\n<td width=\"38\">0,320<\/td>\n<td width=\"38\">0,777<\/td>\n<td width=\"47\">1,58<\/td>\n<td width=\"85\"><strong>T28A01FXXX-5<\/strong><\/td>\n<td width=\"28\">0,320<\/td>\n<td width=\"47\">1,082<\/td>\n<td width=\"47\">2,56<\/td>\n<\/tr>\n<tr>\n<td width=\"27\">28<\/td>\n<td width=\"77\"><strong>&#8212;<\/strong><\/td>\n<td width=\"41\">&#8212;<\/td>\n<td width=\"44\">&#8212;<\/td>\n<td width=\"38\">&#8212;<\/td>\n<td width=\"85\"><strong>T28A19FXXX-3<\/strong><\/td>\n<td width=\"38\">0,386<\/td>\n<td width=\"38\">0,843<\/td>\n<td width=\"47\">1,82<\/td>\n<td width=\"85\"><strong>T28A19FXXX-5<\/strong><\/td>\n<td width=\"28\">0,386<\/td>\n<td width=\"47\">1,148<\/td>\n<td width=\"47\">2,87<\/td>\n<\/tr>\n<tr>\n<td width=\"27\">29<\/td>\n<td width=\"77\"><strong>T29A01FXXX-2<\/strong><\/td>\n<td width=\"41\">0,287<\/td>\n<td width=\"44\">0,592<\/td>\n<td width=\"38\">1,04<\/td>\n<td width=\"85\"><strong>&#8212;<\/strong><\/td>\n<td width=\"38\">&#8212;<\/td>\n<td width=\"38\">&#8212;<\/td>\n<td width=\"47\">&#8212;-<\/td>\n<td width=\"85\"><strong>&#8212;<\/strong><\/td>\n<td width=\"28\">&#8212;<\/td>\n<td width=\"47\">&#8212;<\/td>\n<td width=\"47\">&#8212;-<\/td>\n<\/tr>\n<tr>\n<td width=\"27\">30<\/td>\n<td width=\"77\"><strong>T30A01FXXX-2<\/strong><\/td>\n<td width=\"41\">0,254<\/td>\n<td width=\"44\">0,559<\/td>\n<td width=\"38\">0,88<\/td>\n<td width=\"85\"><strong>T30A01FXXX-3<\/strong><\/td>\n<td width=\"38\">0,254<\/td>\n<td width=\"38\">0,711<\/td>\n<td width=\"47\">1,22<\/td>\n<td width=\"85\"><strong>T30A01FXXX-5<\/strong><\/td>\n<td width=\"28\">0,254<\/td>\n<td width=\"47\">1,02<\/td>\n<td width=\"47\">2,13<\/td>\n<\/tr>\n<tr>\n<td width=\"27\">31<\/td>\n<td width=\"77\"><strong>T31A01FXXX-2<\/strong><\/td>\n<td width=\"41\">0,226<\/td>\n<td width=\"44\">0,531<\/td>\n<td width=\"38\">0,76<\/td>\n<td width=\"85\"><strong>&#8212;<\/strong><\/td>\n<td width=\"38\">&#8212;<\/td>\n<td width=\"38\">&#8212;<\/td>\n<td width=\"47\">&#8212;<\/td>\n<td width=\"85\">&#8212;<\/td>\n<td width=\"28\">&#8212;<\/td>\n<td width=\"47\">&#8212;<\/td>\n<td width=\"47\">&#8212;<\/td>\n<\/tr>\n<tr>\n<td width=\"27\">32<\/td>\n<td width=\"77\"><strong>T32A01FXXX-2<\/strong><\/td>\n<td width=\"41\">0,203<\/td>\n<td width=\"44\">0,508<\/td>\n<td width=\"38\">0,67<\/td>\n<td width=\"85\"><strong>&#8212;<\/strong><\/td>\n<td width=\"38\">&#8212;<\/td>\n<td width=\"38\">&#8212;<\/td>\n<td width=\"47\">&#8212;<\/td>\n<td width=\"85\">&#8212;<\/td>\n<td width=\"28\">&#8212;<\/td>\n<td width=\"47\">&#8212;<\/td>\n<td width=\"47\">&#8212;<\/td>\n<\/tr>\n<tr>\n<td width=\"27\">33<\/td>\n<td width=\"77\"><strong>T33A01FXXX-2<\/strong><\/td>\n<td width=\"41\">0,180<\/td>\n<td width=\"44\">0,485<\/td>\n<td width=\"38\">0,58<\/td>\n<td width=\"85\"><strong>&#8212;<\/strong><\/td>\n<td width=\"38\">&#8212;<\/td>\n<td width=\"38\">&#8212;<\/td>\n<td width=\"47\">&#8212;<\/td>\n<td width=\"85\">&#8212;<\/td>\n<td width=\"28\">&#8212;<\/td>\n<td width=\"47\">&#8212;<\/td>\n<td width=\"47\">&#8212;<\/td>\n<\/tr>\n<tr>\n<td width=\"27\">34<\/td>\n<td width=\"77\"><strong>T34A01FXXX-2<\/strong><\/td>\n<td width=\"41\">0,160<\/td>\n<td width=\"44\">0,465<\/td>\n<td width=\"38\">0,51<\/td>\n<td width=\"85\"><strong>&#8212;<\/strong><\/td>\n<td width=\"38\">&#8212;<\/td>\n<td width=\"38\">&#8212;<\/td>\n<td width=\"47\">&#8212;<\/td>\n<td width=\"85\">&#8212;<\/td>\n<td width=\"28\">&#8212;<\/td>\n<td width=\"47\">&#8212;<\/td>\n<td width=\"47\">&#8212;<\/td>\n<\/tr>\n<tr>\n<td width=\"27\">35<\/td>\n<td width=\"77\"><strong>T35A01FXXX-2<\/strong><\/td>\n<td width=\"41\">0,142<\/td>\n<td width=\"44\">0,447<\/td>\n<td width=\"38\">0,45<\/td>\n<td width=\"85\"><strong>&#8212;<\/strong><\/td>\n<td width=\"38\">&#8212;<\/td>\n<td width=\"38\">&#8212;<\/td>\n<td width=\"47\">&#8212;<\/td>\n<td width=\"85\">&#8212;<\/td>\n<td width=\"28\">&#8212;<\/td>\n<td width=\"47\">&#8212;<\/td>\n<td width=\"47\">&#8212;<\/td>\n<\/tr>\n<tr>\n<td width=\"27\">36<\/td>\n<td width=\"77\"><strong>T36A01FXXX-2<\/strong><\/td>\n<td width=\"41\">0,127<\/td>\n<td width=\"44\">0,432<\/td>\n<td width=\"38\">0,41<\/td>\n<td width=\"85\"><strong>&#8212;<\/strong><\/td>\n<td width=\"38\">&#8212;<\/td>\n<td width=\"38\">&#8212;-<\/td>\n<td width=\"47\">&#8212;-<\/td>\n<td width=\"85\">&#8212;<\/td>\n<td width=\"28\">&#8212;<\/td>\n<td width=\"47\">&#8212;<\/td>\n<td width=\"47\">&#8212;<\/td>\n<\/tr>\n<\/tbody>\n<\/table>\n<p>&nbsp;<\/p>\n<p><img loading=\"lazy\" decoding=\"async\" class=\"alignnone size-full wp-image-4387\" src=\"https:\/\/schupp.ch\/wp-content\/uploads\/2024\/01\/Logo_Halogenfrei.jpg\" alt=\"\" width=\"172\" height=\"166\" \/><\/p>\n<p>&nbsp;<\/p>\n","protected":false},"excerpt":{"rendered":"<p>&nbsp;<\/p>\n<h5>Les fils, isol\u00e9s plusieurs fois avec des plastiques fluor\u00e9s, permettent de construire des transformateurs compacts sans isolation interm\u00e9diaire entre l&rsquo;enroulement primaire et l&rsquo;enroulement secondaire en raison de leur rigidit\u00e9 di\u00e9lectrique. Il en r\u00e9sulte un meilleur couplage magn\u00e9tique entre les enroulements, ce qui permet de r\u00e9duire les inductances parasites.<\/h5>\n<h5>Ces fils conviennent \u00e9galement parfaitement aux applications dans les appareils \u00e9lectriques m\u00e9dicaux, car la tension de claquage de l&rsquo;isolation est sup\u00e9rieure \u00e0 4250 volts, ce qui est exig\u00e9 par UL pour la protection des personnes.<\/h5>\n<p>&nbsp;<\/p>\n<p>&nbsp;<\/p>\n<table style=\"height: 112px;\" width=\"774\">\n<tbody>\n<tr>\n<td width=\"302\"><img loading=\"lazy\" decoding=\"async\" class=\"alignnone wp-image-9933 size-full\" src=\"https:\/\/schupp.ch\/wp-content\/uploads\/2024\/01\/Mehrfachisolierte-Leiter-02-EN.jpg\" alt=\"\" width=\"680\" height=\"316\" \/><\/td>\n<td width=\"302\"><img loading=\"lazy\" decoding=\"async\" class=\"alignnone wp-image-9936 size-full\" src=\"https:\/\/schupp.ch\/wp-content\/uploads\/2024\/01\/Mehrfachisolierte-Leiter-03-EN.jpg\" alt=\"\" width=\"755\" height=\"294\" \/><\/td>\n<\/tr>\n<\/tbody>\n<\/table>\n<p>&nbsp;<\/p>\n<p>&nbsp;<\/p>\n<p>&nbsp;<\/p>\n","protected":false},"featured_media":1787,"template":"","meta":{"_acf_changed":false},"product_brand":[],"product_cat":[274,148],"product_tag":[],"class_list":{"0":"post-5877","1":"product","2":"type-product","3":"status-publish","4":"has-post-thumbnail","6":"product_cat-fils-de-bobinage-multi-isoles","7":"product_cat-fils-de-bobinage","9":"first","10":"instock","11":"shipping-taxable","12":"purchasable","13":"product-type-simple"},"acf":[],"_links":{"self":[{"href":"https:\/\/schupp.ch\/fr\/wp-json\/wp\/v2\/product\/5877","targetHints":{"allow":["GET"]}}],"collection":[{"href":"https:\/\/schupp.ch\/fr\/wp-json\/wp\/v2\/product"}],"about":[{"href":"https:\/\/schupp.ch\/fr\/wp-json\/wp\/v2\/types\/product"}],"wp:featuredmedia":[{"embeddable":true,"href":"https:\/\/schupp.ch\/fr\/wp-json\/wp\/v2\/media\/1787"}],"wp:attachment":[{"href":"https:\/\/schupp.ch\/fr\/wp-json\/wp\/v2\/media?parent=5877"}],"wp:term":[{"taxonomy":"product_brand","embeddable":true,"href":"https:\/\/schupp.ch\/fr\/wp-json\/wp\/v2\/product_brand?post=5877"},{"taxonomy":"product_cat","embeddable":true,"href":"https:\/\/schupp.ch\/fr\/wp-json\/wp\/v2\/product_cat?post=5877"},{"taxonomy":"product_tag","embeddable":true,"href":"https:\/\/schupp.ch\/fr\/wp-json\/wp\/v2\/product_tag?post=5877"}],"curies":[{"name":"wp","href":"https:\/\/api.w.org\/{rel}","templated":true}]}}