{"id":5880,"date":"2024-01-25T15:34:03","date_gmt":"2024-01-25T14:34:03","guid":{"rendered":"https:\/\/schupp.ch\/p\/jeu-de-cles-a-douilles-triangulaires\/"},"modified":"2025-12-01T17:43:39","modified_gmt":"2025-12-01T16:43:39","slug":"jeu-de-cles-a-douilles-triangulaires","status":"publish","type":"product","link":"https:\/\/schupp.ch\/fr\/p\/jeu-de-cles-a-douilles-triangulaires\/","title":{"rendered":"Jeu de cl\u00e9s \u00e0 douilles triangulaires"},"content":{"rendered":"<p>&nbsp;<\/p>\n<p><strong>Propri\u00e9t\u00e9s<\/strong><\/p>\n<p>mod\u00e8le tremp\u00e9, zingu\u00e9 brillant.<\/p>\n<p>&nbsp;<\/p>\n<table>\n<tbody>\n<tr>\n<td width=\"168\"><strong>No. d&rsquo;article<\/strong><\/td>\n<td width=\"251\">pour vis<\/td>\n<\/tr>\n<tr>\n<td width=\"168\"><strong>WWDSSS002<\/strong><\/td>\n<td width=\"251\">M4, 5, 6, 8, 10, 12, 16<\/td>\n<\/tr>\n<tr>\n<td width=\"168\"><strong>WWDSSS003<\/strong><\/td>\n<td width=\"251\">M4, 5, 6, 8, 10, 12<\/td>\n<\/tr>\n<\/tbody>\n<\/table>\n<p>&nbsp;<\/p>\n<p>&nbsp;<\/p>\n","protected":false},"excerpt":{"rendered":"<p>&nbsp;<\/p>\n<h5>Ce jeu de cl\u00e9s \u00e0 douilles triangulaires covient pour la plus part des \u00e9crous triangulaires. Il est petit, maniable et pliable pour un gain de place.<\/h5>\n<p>&nbsp;<\/p>\n","protected":false},"featured_media":1795,"template":"","meta":{"_acf_changed":false},"product_brand":[],"product_cat":[142,201],"product_tag":[],"class_list":{"0":"post-5880","1":"product","2":"type-product","3":"status-publish","4":"has-post-thumbnail","6":"product_cat-technique-de-bobinage","7":"product_cat-outils-et-equipements-de-bobinage","9":"first","10":"instock","11":"shipping-taxable","12":"purchasable","13":"product-type-simple"},"acf":[],"_links":{"self":[{"href":"https:\/\/schupp.ch\/fr\/wp-json\/wp\/v2\/product\/5880","targetHints":{"allow":["GET"]}}],"collection":[{"href":"https:\/\/schupp.ch\/fr\/wp-json\/wp\/v2\/product"}],"about":[{"href":"https:\/\/schupp.ch\/fr\/wp-json\/wp\/v2\/types\/product"}],"wp:featuredmedia":[{"embeddable":true,"href":"https:\/\/schupp.ch\/fr\/wp-json\/wp\/v2\/media\/1795"}],"wp:attachment":[{"href":"https:\/\/schupp.ch\/fr\/wp-json\/wp\/v2\/media?parent=5880"}],"wp:term":[{"taxonomy":"product_brand","embeddable":true,"href":"https:\/\/schupp.ch\/fr\/wp-json\/wp\/v2\/product_brand?post=5880"},{"taxonomy":"product_cat","embeddable":true,"href":"https:\/\/schupp.ch\/fr\/wp-json\/wp\/v2\/product_cat?post=5880"},{"taxonomy":"product_tag","embeddable":true,"href":"https:\/\/schupp.ch\/fr\/wp-json\/wp\/v2\/product_tag?post=5880"}],"curies":[{"name":"wp","href":"https:\/\/api.w.org\/{rel}","templated":true}]}}