{"id":5884,"date":"2024-01-25T15:34:53","date_gmt":"2024-01-25T14:34:53","guid":{"rendered":"https:\/\/schupp.ch\/p\/fils-doublement-isoles-avec-pfa-teflon-classe-h\/"},"modified":"2026-02-17T13:47:11","modified_gmt":"2026-02-17T12:47:11","slug":"fils-doublement-isoles-avec-pfa-teflon-classe-h","status":"publish","type":"product","link":"https:\/\/schupp.ch\/fr\/p\/fils-doublement-isoles-avec-pfa-teflon-classe-h\/","title":{"rendered":"Fils doublement isol\u00e9s avec PFA Teflon\u00ae, classe H"},"content":{"rendered":"<p>&nbsp;<\/p>\n<p><img loading=\"lazy\" decoding=\"async\" class=\"alignnone wp-image-9930 \" src=\"https:\/\/schupp.ch\/wp-content\/uploads\/2024\/01\/Mehrfachisolierte-Leiter-01_EN.jpg\" alt=\"\" width=\"629\" height=\"358\" \/><\/p>\n<p>&nbsp;<\/p>\n<p><strong>Pour les applications o\u00f9 l&rsquo;espace pour les enroulements est limit\u00e9 et o\u00f9 une rigidit\u00e9 di\u00e9lectrique l\u00e9g\u00e8rement inf\u00e9rieure est suffisante.<\/strong><\/p>\n<p>&nbsp;<\/p>\n<table width=\"643\">\n<tbody>\n<tr>\n<td width=\"134\"><strong>Mat\u00e9riau du conducteur :<\/strong><\/td>\n<td width=\"508\">cuivre \u00e9tam\u00e9<\/td>\n<\/tr>\n<tr>\n<td width=\"134\"><strong>Isolation :<\/strong><\/td>\n<td width=\"508\">T\u00e9flon\u00ae (FEP)<\/td>\n<\/tr>\n<tr>\n<td width=\"134\"><strong>Nombre de couches :<\/strong><\/td>\n<td width=\"508\">2<\/td>\n<\/tr>\n<tr>\n<td width=\"134\"><strong>Couleur standard :<\/strong><\/td>\n<td width=\"508\">&#8212;<\/td>\n<\/tr>\n<tr>\n<td width=\"134\"><strong>Classe de temp\u00e9rature :<\/strong><\/td>\n<td width=\"508\">F (155\u00b0 C)<\/td>\n<\/tr>\n<tr>\n<td width=\"134\"><strong>R\u00e9sistance \u00e0 la traction :<\/strong><\/td>\n<td width=\"508\">20,7 N\/mm2 (3000 psi)<\/td>\n<\/tr>\n<tr>\n<td width=\"134\"><strong>Conformit\u00e9 :<\/strong><\/td>\n<td width=\"508\">UL OBJT2 File No. E206198 UL\/IEC60950-1 (Ed.2), Annexe U, IEC 61010-1 (Ed.3), Reconnaissance VDE No. 6715 : Classe F<\/td>\n<\/tr>\n<tr>\n<td width=\"134\"><strong>Soudabilit\u00e9 :<\/strong><\/td>\n<td width=\"508\">convient pour le soudage par refusion en raison de la r\u00e9sistance \u00e0 la temp\u00e9rature<\/td>\n<\/tr>\n<\/tbody>\n<\/table>\n<p>&nbsp;<\/p>\n<table width=\"642\">\n<tbody>\n<tr>\n<td colspan=\"2\" width=\"123\"><strong>\u00c9paisseur d\u2019isolation\/couche:<\/strong><\/td>\n<td colspan=\"3\" width=\"113\">0,038 mm (0.0015\u201c)<\/td>\n<td colspan=\"4\" width=\"200\">0,51 mm (0.002\u201c)<\/td>\n<td colspan=\"4\" width=\"207\">0,76 mm (0.003\u201c)<\/td>\n<\/tr>\n<tr>\n<td colspan=\"2\" width=\"123\"><strong>Tension de service:<\/strong><\/td>\n<td colspan=\"3\" width=\"113\">1000<\/td>\n<td colspan=\"4\" width=\"200\">1000 V<\/td>\n<td colspan=\"4\" width=\"207\">1000 V<\/td>\n<\/tr>\n<tr>\n<td colspan=\"2\" width=\"123\"><strong>Tension de claquage:<\/strong><\/td>\n<td colspan=\"3\" width=\"113\">ca. 8000 V<\/td>\n<td colspan=\"4\" width=\"200\">ca. 10000 V<\/td>\n<td colspan=\"4\" width=\"207\">ca. 13000 V<\/td>\n<\/tr>\n<tr>\n<td colspan=\"13\" width=\"642\"><strong>Tol\u00e9rances:<\/strong><\/td>\n<\/tr>\n<tr>\n<td width=\"28\">AWG<\/td>\n<td width=\"95\">18 &#8211; 24<\/td>\n<td colspan=\"3\" width=\"113\">+ 0,025\/ &#8211; 0,025 mm<\/td>\n<td width=\"85\">18 &#8211; 24<\/td>\n<td colspan=\"3\" width=\"114\">+ 0,025\/ &#8211; 0,025 m<\/td>\n<td width=\"81\">18 &#8211; 24<\/td>\n<td colspan=\"3\" width=\"126\">+ 0,025 \/ &#8211; 0,025 mm<\/td>\n<\/tr>\n<tr>\n<td width=\"28\">AWG<\/td>\n<td width=\"95\">25 &#8211; 40<\/td>\n<td colspan=\"3\" width=\"113\">+ 0,025\/ &#8211; 0,025 mm<\/td>\n<td width=\"85\">25 &#8211; 40<\/td>\n<td colspan=\"3\" width=\"114\">+ 0,025 \/ &#8211; 0,025 m<\/td>\n<td width=\"81\">25 -32<\/td>\n<td colspan=\"3\" width=\"126\">+ 0,025 \/ &#8211; 0,025 mm<\/td>\n<\/tr>\n<tr>\n<td colspan=\"13\" width=\"642\"><strong>Dimensions:<\/strong><\/td>\n<\/tr>\n<tr>\n<td rowspan=\"2\" width=\"28\"><strong>AWG<\/strong><\/td>\n<td rowspan=\"2\" width=\"95\"><strong>Type<\/strong><\/td>\n<td width=\"38\"><strong>Conducteur-\u00d8<\/strong><\/td>\n<td width=\"38\"><strong>Ext\u00e9rieur-\u00d8<\/strong><\/td>\n<td width=\"38\"><strong>Poids*<\/strong><\/td>\n<td rowspan=\"2\" width=\"85\"><strong>Type<\/strong><\/td>\n<td width=\"31\"><strong>Conductor-\u00d8<\/strong><\/td>\n<td width=\"43\"><strong>Ext\u00e9rieur -\u00d8<\/strong><\/td>\n<td width=\"39\"><strong>Poids*<\/strong><\/td>\n<td rowspan=\"2\" width=\"81\"><strong>Type<\/strong><\/td>\n<td width=\"34\"><strong>Conductor-\u00d8<\/strong><\/td>\n<td width=\"48\"><strong>Ext\u00e9rieur -\u00d8<\/strong><\/td>\n<td width=\"44\"><strong>Poids*<\/strong><\/td>\n<\/tr>\n<tr>\n<td width=\"38\"><strong>[mm]<\/strong><\/td>\n<td width=\"38\"><strong>[mm]<\/strong><\/td>\n<td width=\"38\"><strong>[kg\/km]<\/strong><\/td>\n<td width=\"31\"><strong>[mm]<\/strong><\/td>\n<td width=\"43\"><strong>[mm]<\/strong><\/td>\n<td width=\"39\"><strong>[kg\/km]<\/strong><\/td>\n<td width=\"34\"><strong>[mm]<\/strong><\/td>\n<td width=\"48\"><strong>[mm]<\/strong><\/td>\n<td width=\"44\"><strong>[kg\/km]<\/strong><\/td>\n<\/tr>\n<tr>\n<td width=\"28\">10<\/td>\n<td width=\"95\"><strong>&#8212;<\/strong><\/td>\n<td width=\"38\">&#8212;<\/td>\n<td width=\"38\">&#8212;<\/td>\n<td width=\"38\">&#8212;<\/td>\n<td width=\"85\"><strong>&#8212;<\/strong><\/td>\n<td width=\"31\">&#8212;<\/td>\n<td width=\"43\">&#8212;<\/td>\n<td width=\"39\">&#8212;<\/td>\n<td width=\"81\"><strong>T10A01PXXX-3<\/strong><\/td>\n<td width=\"34\">2,588<\/td>\n<td width=\"48\">3,045<\/td>\n<td width=\"44\">51,25<\/td>\n<\/tr>\n<tr>\n<td width=\"28\">11<\/td>\n<td width=\"95\"><strong>&#8212;<\/strong><\/td>\n<td width=\"38\">&#8212;<\/td>\n<td width=\"38\">&#8212;<\/td>\n<td width=\"38\">&#8212;<\/td>\n<td width=\"85\"><strong>&#8212;<\/strong><\/td>\n<td width=\"31\">&#8212;<\/td>\n<td width=\"43\">&#8212;<\/td>\n<td width=\"39\">&#8212;<\/td>\n<td width=\"81\"><strong>T11A01PXXX-3<\/strong><\/td>\n<td width=\"34\">2.304<\/td>\n<td width=\"48\">2,761<\/td>\n<td width=\"44\">41,08<\/td>\n<\/tr>\n<tr>\n<td width=\"28\">12<\/td>\n<td width=\"95\"><strong>&#8212;<\/strong><\/td>\n<td width=\"38\">&#8212;<\/td>\n<td width=\"38\">&#8212;<\/td>\n<td width=\"38\">&#8212;<\/td>\n<td width=\"85\"><strong>&#8212;<\/strong><\/td>\n<td width=\"31\">&#8212;<\/td>\n<td width=\"43\">&#8212;<\/td>\n<td width=\"39\">&#8212;<\/td>\n<td width=\"81\"><strong>T12A01PXXX-3<\/strong><\/td>\n<td width=\"34\">2,052<\/td>\n<td width=\"48\">2,510<\/td>\n<td width=\"44\">33,09<\/td>\n<\/tr>\n<tr>\n<td width=\"28\">13<\/td>\n<td width=\"95\"><strong>&#8212;<\/strong><\/td>\n<td width=\"38\">&#8212;<\/td>\n<td width=\"38\">&#8212;<\/td>\n<td width=\"38\">&#8212;<\/td>\n<td width=\"85\"><strong>&#8212;<\/strong><\/td>\n<td width=\"31\">&#8212;<\/td>\n<td width=\"43\">&#8212;<\/td>\n<td width=\"39\">&#8212;<\/td>\n<td width=\"81\"><strong>T13A01PXXX-3<\/strong><\/td>\n<td width=\"34\">1,829<\/td>\n<td width=\"48\">2,286<\/td>\n<td width=\"44\">26,64<\/td>\n<\/tr>\n<tr>\n<td width=\"28\">14<\/td>\n<td width=\"95\"><strong>&#8212;<\/strong><\/td>\n<td width=\"38\">&#8212;<\/td>\n<td width=\"38\">&#8212;<\/td>\n<td width=\"38\">&#8212;<\/td>\n<td width=\"85\"><strong>&#8212;<\/strong><\/td>\n<td width=\"31\">&#8212;<\/td>\n<td width=\"43\">&#8212;<\/td>\n<td width=\"39\">&#8212;<\/td>\n<td width=\"81\"><strong>T14A01PXXX-3<\/strong><\/td>\n<td width=\"34\">1,628<\/td>\n<td width=\"48\">2,085<\/td>\n<td width=\"44\">21,40<\/td>\n<\/tr>\n<tr>\n<td width=\"28\">15<\/td>\n<td width=\"95\"><strong>&#8212;<\/strong><\/td>\n<td width=\"38\">&#8212;<\/td>\n<td width=\"38\">&#8212;<\/td>\n<td width=\"38\">&#8212;<\/td>\n<td width=\"85\"><strong>&#8212;<\/strong><\/td>\n<td width=\"31\">&#8212;<\/td>\n<td width=\"43\">&#8212;<\/td>\n<td width=\"39\">&#8212;<\/td>\n<td width=\"81\"><strong>T15A01PXXX-3<\/strong><\/td>\n<td width=\"34\">1,450<\/td>\n<td width=\"48\">1,908<\/td>\n<td width=\"44\">17,35<\/td>\n<\/tr>\n<tr>\n<td width=\"28\">16<\/td>\n<td width=\"95\"><strong>T16A01PXXX-1.5<\/strong><\/td>\n<td width=\"38\">1,290<\/td>\n<td width=\"38\">1,519<\/td>\n<td width=\"38\">12,74<\/td>\n<td width=\"85\"><strong>&#8212;<\/strong><\/td>\n<td width=\"31\">&#8212;<\/td>\n<td width=\"43\">&#8212;<\/td>\n<td width=\"39\">&#8212;<\/td>\n<td width=\"81\"><strong>T16A01PXXX-3<\/strong><\/td>\n<td width=\"34\">1.290<\/td>\n<td width=\"48\">1,748<\/td>\n<td width=\"44\">14,02<\/td>\n<\/tr>\n<tr>\n<td width=\"28\">17<\/td>\n<td width=\"95\"><strong>T17A01PXXX-1.5<\/strong><\/td>\n<td width=\"38\">1,151<\/td>\n<td width=\"38\">1,379<\/td>\n<td width=\"38\">10,24<\/td>\n<td width=\"85\"><strong>&#8212;<\/strong><\/td>\n<td width=\"31\">&#8212;<\/td>\n<td width=\"43\">&#8212;<\/td>\n<td width=\"39\">&#8212;<\/td>\n<td width=\"81\"><strong>T17A01PXXX-3<\/strong><\/td>\n<td width=\"34\">1,151<\/td>\n<td width=\"48\">1,608<\/td>\n<td width=\"44\">11,44<\/td>\n<\/tr>\n<tr>\n<td width=\"28\">18<\/td>\n<td width=\"95\"><strong>T18A01PXXX-1.5<\/strong><\/td>\n<td width=\"38\">1,024<\/td>\n<td width=\"38\">1,252<\/td>\n<td width=\"38\">8,02<\/td>\n<td width=\"85\"><strong>T18A01PXXX-2<\/strong><\/td>\n<td width=\"31\">1,024<\/td>\n<td width=\"43\">1,328<\/td>\n<td width=\"39\">8,56<\/td>\n<td width=\"81\"><strong>T18A01PXXX-3<\/strong><\/td>\n<td width=\"34\">1,024<\/td>\n<td width=\"48\">1,481<\/td>\n<td width=\"44\">9,31<\/td>\n<\/tr>\n<tr>\n<td width=\"28\">19<\/td>\n<td width=\"95\"><strong>T19A01PXXX-1.5<\/strong><\/td>\n<td width=\"38\">0,912<\/td>\n<td width=\"38\">1,140<\/td>\n<td width=\"38\">6,62<\/td>\n<td width=\"85\"><strong>T19A01PXXX-2<\/strong><\/td>\n<td width=\"31\">0,912<\/td>\n<td width=\"43\">1,217<\/td>\n<td width=\"39\">6,92<\/td>\n<td width=\"81\"><strong>T19A01PXXX-3<\/strong><\/td>\n<td width=\"34\">0,912<\/td>\n<td width=\"48\">1,369<\/td>\n<td width=\"44\">7,61<\/td>\n<\/tr>\n<tr>\n<td width=\"28\">20<\/td>\n<td width=\"95\"><strong>T20A01PXXX-1.5<\/strong><\/td>\n<td width=\"38\">0,813<\/td>\n<td width=\"38\">1,041<\/td>\n<td width=\"38\">5,16<\/td>\n<td width=\"85\"><strong>T20A01PXXX-2<\/strong><\/td>\n<td width=\"31\">0,813<\/td>\n<td width=\"43\">1,118<\/td>\n<td width=\"39\">5,61<\/td>\n<td width=\"81\"><strong>T20A01PXXX-3<\/strong><\/td>\n<td width=\"34\">0,813<\/td>\n<td width=\"48\">1,270<\/td>\n<td width=\"44\">6,25<\/td>\n<\/tr>\n<tr>\n<td width=\"28\">21<\/td>\n<td width=\"95\"><strong>T21A01PXXX-1.5<\/strong><\/td>\n<td width=\"38\">0,724<\/td>\n<td width=\"38\">0,953<\/td>\n<td width=\"38\">4,16<\/td>\n<td width=\"85\"><strong>T21A01PXXX-2<\/strong><\/td>\n<td width=\"31\">0,724<\/td>\n<td width=\"43\">1,029<\/td>\n<td width=\"39\">4,58<\/td>\n<td width=\"81\"><strong>T21A01PXXX-3<\/strong><\/td>\n<td width=\"34\">0,724<\/td>\n<td width=\"48\">1,181<\/td>\n<td width=\"44\">5,16<\/td>\n<\/tr>\n<tr>\n<td width=\"28\">22<\/td>\n<td width=\"95\"><strong>T22A01PXXX-1.5<\/strong><\/td>\n<td width=\"38\">0,643<\/td>\n<td width=\"38\">0,871<\/td>\n<td width=\"38\">3,34<\/td>\n<td width=\"85\"><strong>T22A01PXXX-2<\/strong><\/td>\n<td width=\"31\">0,643<\/td>\n<td width=\"43\">0,947<\/td>\n<td width=\"39\">3,72<\/td>\n<td width=\"81\"><strong>T22A01PXXX-3<\/strong><\/td>\n<td width=\"34\">0,643<\/td>\n<td width=\"48\">1,100<\/td>\n<td width=\"44\">4,27<\/td>\n<\/tr>\n<tr>\n<td width=\"28\">23<\/td>\n<td width=\"95\"><strong>T23A01PXXX-1.5<\/strong><\/td>\n<td width=\"38\">0,574<\/td>\n<td width=\"38\">0,803<\/td>\n<td width=\"38\">2,72<\/td>\n<td width=\"85\"><strong>T23A01PXXX-2<\/strong><\/td>\n<td width=\"31\">0,574<\/td>\n<td width=\"43\">0,879<\/td>\n<td width=\"39\">3,10<\/td>\n<td width=\"81\"><strong>T23A01PXXX-3<\/strong><\/td>\n<td width=\"34\">0,574<\/td>\n<td width=\"48\">1,031<\/td>\n<td width=\"44\">3,57<\/td>\n<\/tr>\n<tr>\n<td width=\"28\">24<\/td>\n<td width=\"95\"><strong>T24A01PXXX-1.5<\/strong><\/td>\n<td width=\"38\">0,511<\/td>\n<td width=\"38\">0,739<\/td>\n<td width=\"38\">2,20<\/td>\n<td width=\"85\"><strong>T24A01PXXX-2<\/strong><\/td>\n<td width=\"31\">0,511<\/td>\n<td width=\"43\">0,815<\/td>\n<td width=\"39\">2,51<\/td>\n<td width=\"81\"><strong>T24A01PXXX-3<\/strong><\/td>\n<td width=\"34\">0,511<\/td>\n<td width=\"48\">0,968<\/td>\n<td width=\"44\">2,99<\/td>\n<\/tr>\n<tr>\n<td width=\"28\">25<\/td>\n<td width=\"95\"><strong>T25A01PXXX-1.5<\/strong><\/td>\n<td width=\"38\">0,455<\/td>\n<td width=\"38\">0,683<\/td>\n<td width=\"38\">1,79<\/td>\n<td width=\"85\"><strong>T25A01PXXX-2<\/strong><\/td>\n<td width=\"31\">0,455<\/td>\n<td width=\"43\">0,759<\/td>\n<td width=\"39\">2,08<\/td>\n<td width=\"81\"><strong>T25A01PXXX-3<\/strong><\/td>\n<td width=\"34\">0,455<\/td>\n<td width=\"48\">0,912<\/td>\n<td width=\"44\">2,53<\/td>\n<\/tr>\n<tr>\n<td width=\"28\">26<\/td>\n<td width=\"95\"><strong>T26A01PXXX-1.5<\/strong><\/td>\n<td width=\"38\">0,404<\/td>\n<td width=\"38\">0,632<\/td>\n<td width=\"38\">1,46<\/td>\n<td width=\"85\"><strong>T26A01PXXX-2<\/strong><\/td>\n<td width=\"31\">0,404<\/td>\n<td width=\"43\">0,709<\/td>\n<td width=\"39\">1,73<\/td>\n<td width=\"81\"><strong>T26A01PXXX-3<\/strong><\/td>\n<td width=\"34\">0,404<\/td>\n<td width=\"48\">0,861<\/td>\n<td width=\"44\">2,14<\/td>\n<\/tr>\n<tr>\n<td width=\"28\">27<\/td>\n<td width=\"95\"><strong>T27A01PXXX-1.5<\/strong><\/td>\n<td width=\"38\">0,361<\/td>\n<td width=\"38\">0,589<\/td>\n<td width=\"38\">1,19<\/td>\n<td width=\"85\"><strong>T27A01PXXX-2<\/strong><\/td>\n<td width=\"31\">0,361<\/td>\n<td width=\"43\">0,665<\/td>\n<td width=\"39\">1,44<\/td>\n<td width=\"81\"><strong>T27A01PXXX-3<\/strong><\/td>\n<td width=\"34\">0,361<\/td>\n<td width=\"48\">0,818<\/td>\n<td width=\"44\">1,85<\/td>\n<\/tr>\n<tr>\n<td width=\"28\">28<\/td>\n<td width=\"95\"><strong>T28A01PXXX-1.5<\/strong><\/td>\n<td width=\"38\">0,320<\/td>\n<td width=\"38\">0,549<\/td>\n<td width=\"38\">0,98<\/td>\n<td width=\"85\"><strong>T28A01PXXX-2<\/strong><\/td>\n<td width=\"31\">0,320<\/td>\n<td width=\"43\">0,625<\/td>\n<td width=\"39\">1,22<\/td>\n<td width=\"81\"><strong>T28A01PXXX-3<\/strong><\/td>\n<td width=\"34\">0,320<\/td>\n<td width=\"48\">0,777<\/td>\n<td width=\"44\">1,58<\/td>\n<\/tr>\n<tr>\n<td width=\"28\">29<\/td>\n<td width=\"95\"><strong>T29A01PXXX-1.5<\/strong><\/td>\n<td width=\"38\">0,287<\/td>\n<td width=\"38\">0,516<\/td>\n<td width=\"38\">0,82<\/td>\n<td width=\"85\"><strong>T29A01PXXX-2<\/strong><\/td>\n<td width=\"31\">0,287<\/td>\n<td width=\"43\">0,592<\/td>\n<td width=\"39\">1,04<\/td>\n<td width=\"81\"><strong>T29A01PXXX-3<\/strong><\/td>\n<td width=\"34\">0,287<\/td>\n<td width=\"48\">0,744<\/td>\n<td width=\"44\">1,40<\/td>\n<\/tr>\n<tr>\n<td width=\"28\">30<\/td>\n<td width=\"95\"><strong>T30A01PXXX-1.5<\/strong><\/td>\n<td width=\"38\">0,254<\/td>\n<td width=\"38\">0,483<\/td>\n<td width=\"38\">0,67<\/td>\n<td width=\"85\"><strong>T30A01PXXX-2<\/strong><\/td>\n<td width=\"31\">0,254<\/td>\n<td width=\"43\">0,559<\/td>\n<td width=\"39\">0,88<\/td>\n<td width=\"81\"><strong>T30A01PXXX-3<\/strong><\/td>\n<td width=\"34\">0,254<\/td>\n<td width=\"48\">0,711<\/td>\n<td width=\"44\">1,22<\/td>\n<\/tr>\n<tr>\n<td width=\"28\">31<\/td>\n<td width=\"95\"><strong>T31A01PXXX-1.5<\/strong><\/td>\n<td width=\"38\">0,226<\/td>\n<td width=\"38\">0,455<\/td>\n<td width=\"38\">0,57<\/td>\n<td width=\"85\"><strong>T31A01PXXX-2<\/strong><\/td>\n<td width=\"31\">0,226<\/td>\n<td width=\"43\">0,531<\/td>\n<td width=\"39\">0,76<\/td>\n<td width=\"81\"><strong>&#8212;<\/strong><\/td>\n<td width=\"34\">&#8212;<\/td>\n<td width=\"48\">&#8212;<\/td>\n<td width=\"44\">&#8212;<\/td>\n<\/tr>\n<tr>\n<td width=\"28\">32<\/td>\n<td width=\"95\"><strong>T32A01PXXX-1.5<\/strong><\/td>\n<td width=\"38\">0,203<\/td>\n<td width=\"38\">0,432<\/td>\n<td width=\"38\">0,48<\/td>\n<td width=\"85\"><strong>T32A01PXXX-2<\/strong><\/td>\n<td width=\"31\">0,203<\/td>\n<td width=\"43\">0,508<\/td>\n<td width=\"39\">0,67<\/td>\n<td width=\"81\"><strong>&#8212;<\/strong><\/td>\n<td width=\"34\">&#8212;<\/td>\n<td width=\"48\">&#8212;<\/td>\n<td width=\"44\">&#8212;<\/td>\n<\/tr>\n<tr>\n<td width=\"28\">33<\/td>\n<td width=\"95\"><strong>T33A01PXXX-1.5<\/strong><\/td>\n<td width=\"38\">0,180<\/td>\n<td width=\"38\">0,409<\/td>\n<td width=\"38\">0,41<\/td>\n<td width=\"85\"><strong>&#8212;<\/strong><\/td>\n<td width=\"31\">&#8212;<\/td>\n<td width=\"43\">&#8212;<\/td>\n<td width=\"39\">&#8212;<\/td>\n<td width=\"81\"><strong>&#8212;<\/strong><\/td>\n<td width=\"34\">&#8212;<\/td>\n<td width=\"48\">&#8212;<\/td>\n<td width=\"44\">&#8212;<\/td>\n<\/tr>\n<tr>\n<td width=\"28\">34<\/td>\n<td width=\"95\"><strong>T34A01PXXX-1.5<\/strong><\/td>\n<td width=\"38\">0,160<\/td>\n<td width=\"38\">0,389<\/td>\n<td width=\"38\">0,34<\/td>\n<td width=\"85\"><strong>&#8212;<\/strong><\/td>\n<td width=\"31\">&#8212;<\/td>\n<td width=\"43\">&#8212;<\/td>\n<td width=\"39\">&#8212;<\/td>\n<td width=\"81\"><strong>&#8212;<\/strong><\/td>\n<td width=\"34\">&#8212;<\/td>\n<td width=\"48\">&#8212;<\/td>\n<td width=\"44\">&#8212;<\/td>\n<\/tr>\n<tr>\n<td width=\"28\">35<\/td>\n<td width=\"95\"><strong>T35A01PXXX-1.5<\/strong><\/td>\n<td width=\"38\">0,142<\/td>\n<td width=\"38\">0,371<\/td>\n<td width=\"38\">0,30<\/td>\n<td width=\"85\"><strong>&#8212;<\/strong><\/td>\n<td width=\"31\">&#8212;<\/td>\n<td width=\"43\">&#8212;<\/td>\n<td width=\"39\">&#8212;<\/td>\n<td width=\"81\"><strong>&#8212;<\/strong><\/td>\n<td width=\"34\">&#8212;<\/td>\n<td width=\"48\">&#8212;<\/td>\n<td width=\"44\">&#8212;<\/td>\n<\/tr>\n<tr>\n<td width=\"28\">36<\/td>\n<td width=\"95\"><strong>T36A01PXXX-1.5<\/strong><\/td>\n<td width=\"38\">0,127<\/td>\n<td width=\"38\">0,356<\/td>\n<td width=\"38\">0,25<\/td>\n<td width=\"85\"><strong>&#8212;<\/strong><\/td>\n<td width=\"31\">&#8212;<\/td>\n<td width=\"43\">&#8212;<\/td>\n<td width=\"39\">&#8212;<\/td>\n<td width=\"81\"><strong>&#8212;<\/strong><\/td>\n<td width=\"34\">&#8212;<\/td>\n<td width=\"48\">&#8212;<\/td>\n<td width=\"44\">&#8212;<\/td>\n<\/tr>\n<tr>\n<td width=\"28\">37<\/td>\n<td width=\"95\"><strong>T37A01PXXX-1.5<\/strong><\/td>\n<td width=\"38\">0,114<\/td>\n<td width=\"38\">0,343<\/td>\n<td width=\"38\">0,24<\/td>\n<td width=\"85\"><strong>&#8212;<\/strong><\/td>\n<td width=\"31\">&#8212;<\/td>\n<td width=\"43\">&#8212;<\/td>\n<td width=\"39\">&#8212;<\/td>\n<td width=\"81\"><strong>&#8212;<\/strong><\/td>\n<td width=\"34\">&#8212;<\/td>\n<td width=\"48\">&#8212;<\/td>\n<td width=\"44\">&#8212;<\/td>\n<\/tr>\n<tr>\n<td width=\"28\">38<\/td>\n<td width=\"95\"><strong>T38A01PXXX-1.5<\/strong><\/td>\n<td width=\"38\">0,102<\/td>\n<td width=\"38\">0,330<\/td>\n<td width=\"38\">0,21<\/td>\n<td width=\"85\"><strong>&#8212;<\/strong><\/td>\n<td width=\"31\">&#8212;<\/td>\n<td width=\"43\">&#8212;<\/td>\n<td width=\"39\">&#8212;<\/td>\n<td width=\"81\"><strong>&#8212;<\/strong><\/td>\n<td width=\"34\">&#8212;<\/td>\n<td width=\"48\">&#8212;<\/td>\n<td width=\"44\">&#8212;<\/td>\n<\/tr>\n<tr>\n<td width=\"28\">39<\/td>\n<td width=\"95\"><strong>T39A01PXXX-1.5<\/strong><\/td>\n<td width=\"38\">0,089<\/td>\n<td width=\"38\">0,318<\/td>\n<td width=\"38\">0,18<\/td>\n<td width=\"85\"><strong>&#8212;<\/strong><\/td>\n<td width=\"31\">&#8212;<\/td>\n<td width=\"43\">&#8212;<\/td>\n<td width=\"39\">&#8212;<\/td>\n<td width=\"81\"><strong>&#8212;<\/strong><\/td>\n<td width=\"34\">&#8212;<\/td>\n<td width=\"48\">&#8212;<\/td>\n<td width=\"44\">&#8212;<\/td>\n<\/tr>\n<tr>\n<td width=\"28\">40<\/td>\n<td width=\"95\"><strong>T40A01PXXX-1.5<\/strong><\/td>\n<td width=\"38\">0,079<\/td>\n<td width=\"38\">0,307<\/td>\n<td width=\"38\">0,16<\/td>\n<td width=\"85\"><strong>&#8212;<\/strong><\/td>\n<td width=\"31\">&#8212;<\/td>\n<td width=\"43\">&#8212;<\/td>\n<td width=\"39\">&#8212;<\/td>\n<td width=\"81\"><strong>&#8212;<\/strong><\/td>\n<td width=\"34\">&#8212;<\/td>\n<td width=\"48\">&#8212;<\/td>\n<td width=\"44\">&#8212;<\/td>\n<\/tr>\n<\/tbody>\n<\/table>\n<p>&nbsp;<\/p>\n<p>Certaines dimensions AWG sont \u00e9galement disponibles en toron.<\/p>\n<p>&nbsp;<\/p>\n<p><img loading=\"lazy\" decoding=\"async\" class=\"wp-image-4387 aligncenter\" src=\"https:\/\/schupp.ch\/wp-content\/uploads\/2024\/01\/Logo_Halogenfrei.jpg\" alt=\"\" width=\"124\" height=\"120\" \/><\/p>\n<p>&nbsp;<\/p>\n<p>&nbsp;<\/p>\n","protected":false},"excerpt":{"rendered":"<p>&nbsp;<\/p>\n<h5>Les fils, isol\u00e9s plusieurs fois avec des plastiques fluor\u00e9s, permettent de construire des transformateurs compacts sans isolation interm\u00e9diaire entre l&rsquo;enroulement primaire et l&rsquo;enroulement secondaire en raison de leur rigidit\u00e9 di\u00e9lectrique. Il en r\u00e9sulte un meilleur couplage magn\u00e9tique entre les enroulements, ce qui permet de r\u00e9duire les inductances parasites.<\/h5>\n<p>&nbsp;<\/p>\n<p>&nbsp;<\/p>\n<table style=\"height: 146px;\" width=\"785\">\n<tbody>\n<tr>\n<td width=\"302\"><img loading=\"lazy\" decoding=\"async\" class=\"alignnone wp-image-9933 size-full\" src=\"https:\/\/schupp.ch\/wp-content\/uploads\/2024\/01\/Mehrfachisolierte-Leiter-02-EN.jpg\" alt=\"\" width=\"680\" height=\"316\" \/><\/td>\n<td width=\"302\"><img loading=\"lazy\" decoding=\"async\" class=\"aligncenter wp-image-3633 size-full\" src=\"https:\/\/schupp.ch\/wp-content\/uploads\/2024\/01\/wefwefwgg.png\" alt=\"\" width=\"1012\" height=\"370\" srcset=\"https:\/\/schupp.ch\/wp-content\/uploads\/2024\/01\/wefwefwgg.png 1012w, https:\/\/schupp.ch\/wp-content\/uploads\/2024\/01\/wefwefwgg-600x219.png 600w, https:\/\/schupp.ch\/wp-content\/uploads\/2024\/01\/wefwefwgg-900x329.png 900w, https:\/\/schupp.ch\/wp-content\/uploads\/2024\/01\/wefwefwgg-300x110.png 300w, https:\/\/schupp.ch\/wp-content\/uploads\/2024\/01\/wefwefwgg-768x281.png 768w\" sizes=\"auto, (max-width: 1012px) 100vw, 1012px\" \/><\/td>\n<\/tr>\n<\/tbody>\n<\/table>\n<p>&nbsp;<\/p>\n<p>&nbsp;<\/p>\n","protected":false},"featured_media":9928,"template":"","meta":{"_acf_changed":false},"product_brand":[],"product_cat":[274,148],"product_tag":[],"class_list":{"0":"post-5884","1":"product","2":"type-product","3":"status-publish","4":"has-post-thumbnail","6":"product_cat-fils-de-bobinage-multi-isoles","7":"product_cat-fils-de-bobinage","9":"first","10":"instock","11":"shipping-taxable","12":"purchasable","13":"product-type-simple"},"acf":[],"_links":{"self":[{"href":"https:\/\/schupp.ch\/fr\/wp-json\/wp\/v2\/product\/5884","targetHints":{"allow":["GET"]}}],"collection":[{"href":"https:\/\/schupp.ch\/fr\/wp-json\/wp\/v2\/product"}],"about":[{"href":"https:\/\/schupp.ch\/fr\/wp-json\/wp\/v2\/types\/product"}],"wp:featuredmedia":[{"embeddable":true,"href":"https:\/\/schupp.ch\/fr\/wp-json\/wp\/v2\/media\/9928"}],"wp:attachment":[{"href":"https:\/\/schupp.ch\/fr\/wp-json\/wp\/v2\/media?parent=5884"}],"wp:term":[{"taxonomy":"product_brand","embeddable":true,"href":"https:\/\/schupp.ch\/fr\/wp-json\/wp\/v2\/product_brand?post=5884"},{"taxonomy":"product_cat","embeddable":true,"href":"https:\/\/schupp.ch\/fr\/wp-json\/wp\/v2\/product_cat?post=5884"},{"taxonomy":"product_tag","embeddable":true,"href":"https:\/\/schupp.ch\/fr\/wp-json\/wp\/v2\/product_tag?post=5884"}],"curies":[{"name":"wp","href":"https:\/\/api.w.org\/{rel}","templated":true}]}}