{"id":5885,"date":"2024-01-25T16:24:16","date_gmt":"2024-01-25T15:24:16","guid":{"rendered":"https:\/\/schupp.ch\/p\/fils-hf-simple-isolation-avec-fep-ou-etfe\/"},"modified":"2025-12-28T14:35:52","modified_gmt":"2025-12-28T13:35:52","slug":"fils-hf-simple-isolation-avec-fep-ou-etfe","status":"publish","type":"product","link":"https:\/\/schupp.ch\/fr\/p\/fils-hf-simple-isolation-avec-fep-ou-etfe\/","title":{"rendered":"Fils HF, simple isolation avec FEP ou ETFE"},"content":{"rendered":"<p>&nbsp;<\/p>\n<table width=\"730\">\n<tbody>\n<tr>\n<td width=\"131\"><strong>FEP<\/strong><\/td>\n<td width=\"131\"><strong>ETFE<\/strong><\/td>\n<td colspan=\"7\" rowspan=\"13\" width=\"460\"><strong><br \/>\nApplications<\/strong><\/p>\n<p><span style=\"font-family: inherit; font-size: inherit;\">&gt; Installations solaires<\/span><\/p>\n<p><span style=\"font-family: inherit; font-size: inherit;\">&gt; <\/span><span style=\"font-family: inherit; font-size: inherit;\">Ballasts<\/span><\/p>\n<p><span style=\"font-family: inherit; font-size: inherit;\">&gt; Appareils auditifs<\/span><\/p>\n<p>&gt; Syst\u00e8mes d&rsquo;identification<\/p>\n<p>&gt; \u00c9l\u00e9ments de chauffage inductif<\/p>\n<p>&gt; Alimentations \u00e9lectriques<\/p>\n<p>&gt; D\u00e9tecteur de proximit\u00e9<\/p>\n<p>&gt; Bobines<\/p>\n<p>&gt; Transformateurs<\/p>\n<p>&gt; G\u00e9n\u00e9rateur d&rsquo;ultrasons<\/p>\n<p>&nbsp;<\/td>\n<\/tr>\n<tr>\n<td colspan=\"2\" width=\"265\"><strong>Conducteur<\/strong><\/td>\n<\/tr>\n<tr>\n<td width=\"131\">Nema MW 79<\/td>\n<td width=\"131\">Nema MW 79<\/td>\n<\/tr>\n<tr>\n<td colspan=\"2\" width=\"265\"><strong>Classe de temp\u00e9rature<\/strong><\/td>\n<\/tr>\n<tr>\n<td colspan=\"2\" width=\"265\">F\u00a0 \/\u00a0 155 \u00b0C<\/td>\n<\/tr>\n<tr>\n<td colspan=\"2\" width=\"265\"><strong>R\u00e9sistance \u00e0 la traction<\/strong><\/td>\n<\/tr>\n<tr>\n<td width=\"131\">20&rsquo;000 N\/mm2<\/td>\n<td width=\"131\">45&rsquo;000 N\/mm2<\/td>\n<\/tr>\n<tr>\n<td colspan=\"2\" width=\"265\"><strong>Tension de service<\/strong><\/td>\n<\/tr>\n<tr>\n<td width=\"131\">600 V<\/td>\n<td width=\"131\">UL \u2013 600 V<br \/>\nVDE \u2013 1000 V<\/td>\n<\/tr>\n<tr>\n<td colspan=\"2\" width=\"265\"><strong>Isolation<\/strong><\/td>\n<\/tr>\n<tr>\n<td width=\"131\">FEP<\/td>\n<td width=\"131\">DuPont ETFE Tefzel\u00ae<\/td>\n<\/tr>\n<tr>\n<td colspan=\"2\" width=\"265\"><strong>Approbations UL<\/strong><\/td>\n<\/tr>\n<tr>\n<td colspan=\"2\" width=\"265\">UL60950-1 (\u00e9dition 2), annexe U<br \/>\nApprobation du syst\u00e8me UL1446 RXT-2, classe F<\/td>\n<\/tr>\n<tr>\n<td width=\"131\"><strong>Num\u00e9ro d\u2019article<\/strong><\/td>\n<td width=\"131\"><strong>Num\u00e9ro d\u2019article<\/strong><\/td>\n<td width=\"44\">Equiv. AWG<\/td>\n<td width=\"46\">Conducteur-\u00d8 [mm]<\/td>\n<td width=\"84\">Section [mm2]<\/td>\n<td width=\"49\">Nombre de fils<\/td>\n<td width=\"49\">AWG des fils<\/td>\n<td width=\"58\">-\u00d8 \u00a0ext\u00e9rieur [mm]<\/td>\n<td width=\"118\">Gamme de fr\u00e9quences recommand\u00e9e<\/td>\n<\/tr>\n<tr>\n<td width=\"131\"><strong>HFSXXL825\/44FX-3<\/strong><\/td>\n<td width=\"131\"><strong>HFSXXL825\/44FX-3<\/strong><\/td>\n<td width=\"44\">13<\/td>\n<td width=\"46\">1,67<\/td>\n<td width=\"84\">2,13<\/td>\n<td width=\"49\">825<\/td>\n<td width=\"49\">44<\/td>\n<td width=\"58\">2,30<\/td>\n<td width=\"118\">400 &#8211; 850 kHz<\/td>\n<\/tr>\n<tr>\n<td width=\"131\"><strong>HFSXXL120\/38FX-2<\/strong><\/td>\n<td width=\"131\"><strong>HFSXXL120\/38TX-2<\/strong><\/td>\n<td width=\"44\">15<\/td>\n<td width=\"46\">0,97<\/td>\n<td width=\"84\">1,24<\/td>\n<td width=\"49\">120<\/td>\n<td width=\"49\">38<\/td>\n<td width=\"58\">1,54<\/td>\n<td width=\"118\">50 &#8211; 100 kHz<\/td>\n<\/tr>\n<tr>\n<td width=\"131\"><strong>HFSXXL120\/38FX-3<\/strong><\/td>\n<td width=\"131\"><strong>HFSXXL120\/38TX-3<\/strong><\/td>\n<td width=\"44\">15<\/td>\n<td width=\"46\">0,97<\/td>\n<td width=\"84\">1,24<\/td>\n<td width=\"49\">120<\/td>\n<td width=\"49\">38<\/td>\n<td width=\"58\">1,59<\/td>\n<td width=\"118\">50 &#8211; 100 kHz<\/td>\n<\/tr>\n<tr>\n<td width=\"131\"><strong>HFSXXL550\/44FX-2<\/strong><\/td>\n<td width=\"131\"><strong>HFSXXL550\/44TX-2<\/strong><\/td>\n<td width=\"44\">16<\/td>\n<td width=\"46\">1,11<\/td>\n<td width=\"84\">1,42<\/td>\n<td width=\"49\">550<\/td>\n<td width=\"49\">44<\/td>\n<td width=\"58\">1,85<\/td>\n<td width=\"118\">400 &#8211; 850 kHz<\/td>\n<\/tr>\n<tr>\n<td width=\"131\"><strong>HFSXXL550\/44FX-3<\/strong><\/td>\n<td width=\"131\"><strong>HFSXXL550\/44TX-3<\/strong><\/td>\n<td width=\"44\">16<\/td>\n<td width=\"46\">1,11<\/td>\n<td width=\"84\">1,42<\/td>\n<td width=\"49\">550<\/td>\n<td width=\"49\">44<\/td>\n<td width=\"58\">1,90<\/td>\n<td width=\"118\">400 &#8211; 850 kHz<\/td>\n<\/tr>\n<tr>\n<td width=\"131\"><strong>HFSXXL100\/38FX-2<\/strong><\/td>\n<td width=\"131\"><strong>HFSXXL100\/38TX-2<\/strong><\/td>\n<td width=\"44\">16<\/td>\n<td width=\"46\">1,03<\/td>\n<td width=\"84\">1,03<\/td>\n<td width=\"49\">100<\/td>\n<td width=\"49\">38<\/td>\n<td width=\"58\">1,49<\/td>\n<td width=\"118\">50 &#8211; 100 kHz<\/td>\n<\/tr>\n<tr>\n<td width=\"131\"><strong>HFSXXL100\/38FX-3<\/strong><\/td>\n<td width=\"131\"><strong>HFSXXL100\/38TX-3<\/strong><\/td>\n<td width=\"44\">16<\/td>\n<td width=\"46\">1,03<\/td>\n<td width=\"84\">1,03<\/td>\n<td width=\"49\">100<\/td>\n<td width=\"49\">38<\/td>\n<td width=\"58\">1,47<\/td>\n<td width=\"118\">50 &#8211; 100 kHz<\/td>\n<\/tr>\n<tr>\n<td width=\"131\"><strong>HFSXXL07\/28FX-2<\/strong><\/td>\n<td width=\"131\"><strong>HFSXXL07\/28TX-2<\/strong><\/td>\n<td width=\"44\">18<\/td>\n<td width=\"46\">0,81<\/td>\n<td width=\"84\">0,72<\/td>\n<td width=\"49\">7<\/td>\n<td width=\"49\">28<\/td>\n<td width=\"58\">1,15<\/td>\n<td width=\"118\">60 Hz &#8211; 1 kHz<\/td>\n<\/tr>\n<tr>\n<td width=\"131\"><strong>HFSXXL07\/28FX-3<\/strong><\/td>\n<td width=\"131\"><strong>HFSXXL07\/28TX-3<\/strong><\/td>\n<td width=\"44\">18<\/td>\n<td width=\"46\">0,81<\/td>\n<td width=\"84\">0,72<\/td>\n<td width=\"49\">7<\/td>\n<td width=\"49\">28<\/td>\n<td width=\"58\">1,20<\/td>\n<td width=\"118\">60 Hz &#8211; 1 kHz<\/td>\n<\/tr>\n<tr>\n<td width=\"131\"><strong>HFSXXL66\/38FX-2<\/strong><\/td>\n<td width=\"131\"><strong>HFSXXL66\/38TX-2<\/strong><\/td>\n<td width=\"44\">18<\/td>\n<td width=\"46\">0,54<\/td>\n<td width=\"84\">0,68<\/td>\n<td width=\"49\">66<\/td>\n<td width=\"49\">38<\/td>\n<td width=\"58\">1,17<\/td>\n<td width=\"118\">50 &#8211; 100 kHz<\/td>\n<\/tr>\n<tr>\n<td width=\"131\"><strong>HFSXXL66\/38FX-3<\/strong><\/td>\n<td width=\"131\"><strong>HFSXXL66\/38TX-3<\/strong><\/td>\n<td width=\"44\">18<\/td>\n<td width=\"46\">0,54<\/td>\n<td width=\"84\">0,68<\/td>\n<td width=\"49\">66<\/td>\n<td width=\"49\">38<\/td>\n<td width=\"58\">1,22<\/td>\n<td width=\"118\">50 &#8211; 100 kHz<\/td>\n<\/tr>\n<tr>\n<td width=\"131\"><strong>HFSXXL360\/44FX-2<\/strong><\/td>\n<td width=\"131\"><strong>HFSXXL360\/44TX-2<\/strong><\/td>\n<td width=\"44\">18<\/td>\n<td width=\"46\">0,73<\/td>\n<td width=\"84\">0,93<\/td>\n<td width=\"49\">360<\/td>\n<td width=\"49\">44<\/td>\n<td width=\"58\">1,52<\/td>\n<td width=\"118\">400 &#8211; 850 kHz<\/td>\n<\/tr>\n<tr>\n<td width=\"131\"><strong>HFSXXL360\/44FX-3<\/strong><\/td>\n<td width=\"131\"><strong>HFSXXL360\/44TX-3<\/strong><\/td>\n<td width=\"44\">18<\/td>\n<td width=\"46\">0,73<\/td>\n<td width=\"84\">0,93<\/td>\n<td width=\"49\">360<\/td>\n<td width=\"49\">44<\/td>\n<td width=\"58\">1,57<\/td>\n<td width=\"118\">400 &#8211; 850 kHz<\/td>\n<\/tr>\n<tr>\n<td width=\"131\"><strong>HFSXXL20\/34FX-2<\/strong><\/td>\n<td width=\"131\"><strong>HFSXXL20\/34TX-2<\/strong><\/td>\n<td width=\"44\">19<\/td>\n<td width=\"46\">0,40<\/td>\n<td width=\"84\">0,51<\/td>\n<td width=\"49\">20<\/td>\n<td width=\"49\">34<\/td>\n<td width=\"58\">1,02<\/td>\n<td width=\"118\">20 kHz<\/td>\n<\/tr>\n<tr>\n<td width=\"131\"><strong>HFSXXL20\/34FX-3<\/strong><\/td>\n<td width=\"131\"><strong>HFSXXL20\/34TX-3<\/strong><\/td>\n<td width=\"44\">19<\/td>\n<td width=\"46\">0,40<\/td>\n<td width=\"84\">0,51<\/td>\n<td width=\"49\">20<\/td>\n<td width=\"49\">34<\/td>\n<td width=\"58\">1,07<\/td>\n<td width=\"118\">20 kHz<\/td>\n<\/tr>\n<tr>\n<td width=\"131\"><strong>HFSXXL07\/30FX-2<\/strong><\/td>\n<td width=\"131\"><strong>HFSXXL07\/30TX-2<\/strong><\/td>\n<td width=\"44\">20<\/td>\n<td width=\"46\">0,35<\/td>\n<td width=\"84\">0,45<\/td>\n<td width=\"49\">7<\/td>\n<td width=\"49\">30<\/td>\n<td width=\"58\">0,94<\/td>\n<td width=\"118\">1- 10 kHz<\/td>\n<\/tr>\n<tr>\n<td width=\"131\"><strong>HFSXXL07\/30FX-3<\/strong><\/td>\n<td width=\"131\"><strong>HFSXXL07\/30TX-3<\/strong><\/td>\n<td width=\"44\">20<\/td>\n<td width=\"46\">0,35<\/td>\n<td width=\"84\">0,45<\/td>\n<td width=\"49\">7<\/td>\n<td width=\"49\">30<\/td>\n<td width=\"58\">0,99<\/td>\n<td width=\"118\">1- 10 kHz<\/td>\n<\/tr>\n<tr>\n<td width=\"131\"><strong>HFSXXL19\/36FX-2<\/strong><\/td>\n<td width=\"131\"><strong>HFSXXL19\/36TX-2<\/strong><\/td>\n<td width=\"44\">21.5<\/td>\n<td width=\"46\">0,24<\/td>\n<td width=\"84\">0,31<\/td>\n<td width=\"49\">19<\/td>\n<td width=\"49\">36<\/td>\n<td width=\"58\">0,81<\/td>\n<td width=\"118\">20 &#8211; 50 kHz<\/td>\n<\/tr>\n<tr>\n<td width=\"131\"><strong>HFSXXL19\/36FX-3<\/strong><\/td>\n<td width=\"131\"><strong>HFSXXL19\/36TX-3<\/strong><\/td>\n<td width=\"44\">21.5<\/td>\n<td width=\"46\">0,24<\/td>\n<td width=\"84\">0,31<\/td>\n<td width=\"49\">19<\/td>\n<td width=\"49\">36<\/td>\n<td width=\"58\">0,87<\/td>\n<td width=\"118\">20 &#8211; 50 kHz<\/td>\n<\/tr>\n<tr>\n<td width=\"131\"><strong>HFSXXL07\/32FX-2<\/strong><\/td>\n<td width=\"131\"><strong>HFSXXL07\/32TX-2<\/strong><\/td>\n<td width=\"44\">21.5<\/td>\n<td width=\"46\">0,23<\/td>\n<td width=\"84\">0,29<\/td>\n<td width=\"49\">7<\/td>\n<td width=\"49\">32<\/td>\n<td width=\"58\">0,78<\/td>\n<td width=\"118\">10 kHz<\/td>\n<\/tr>\n<tr>\n<td width=\"131\"><strong>HFSXXL07\/32FX-3<\/strong><\/td>\n<td width=\"131\"><strong>HFSXXL07\/32TX-3<\/strong><\/td>\n<td width=\"44\">21.5<\/td>\n<td width=\"46\">0,23<\/td>\n<td width=\"84\">0,29<\/td>\n<td width=\"49\">7<\/td>\n<td width=\"49\">32<\/td>\n<td width=\"58\">0,83<\/td>\n<td width=\"118\">10 kHz<\/td>\n<\/tr>\n<tr>\n<td width=\"131\"><strong>HFSXXL40\/40FX-2<\/strong><\/td>\n<td width=\"131\"><strong>HFSXXL40\/40TX-2<\/strong><\/td>\n<td width=\"44\">22<\/td>\n<td width=\"46\">0,20<\/td>\n<td width=\"84\">0,25<\/td>\n<td width=\"49\">40<\/td>\n<td width=\"49\">40<\/td>\n<td width=\"58\">0,75<\/td>\n<td width=\"118\">100 &#8211; 200 kHz<\/td>\n<\/tr>\n<tr>\n<td width=\"131\"><strong>HFSXXL230\/44FX-2<\/strong><\/td>\n<td width=\"131\"><strong>HFSXXL230\/44TX-2<\/strong><\/td>\n<td width=\"44\">22<\/td>\n<td width=\"46\">0,47<\/td>\n<td width=\"84\">0,60<\/td>\n<td width=\"49\">230<\/td>\n<td width=\"49\">44<\/td>\n<td width=\"58\">1,23<\/td>\n<td width=\"118\">400 &#8211; 850 kHz<\/td>\n<\/tr>\n<tr>\n<td width=\"131\"><strong>HFSXXL230\/44FX-3<\/strong><\/td>\n<td width=\"131\"><strong>HFSXXL230\/44TX-3<\/strong><\/td>\n<td width=\"44\">22<\/td>\n<td width=\"46\">0,47<\/td>\n<td width=\"84\">0,60<\/td>\n<td width=\"49\">230<\/td>\n<td width=\"49\">44<\/td>\n<td width=\"58\">1,28<\/td>\n<td width=\"118\">400 &#8211; 850 kHz<\/td>\n<\/tr>\n<tr>\n<td colspan=\"9\" width=\"726\">&nbsp;<\/p>\n<p><strong><br \/>\nNotes :<br \/>\n<\/strong>Les dimensions indiqu\u00e9es ne repr\u00e9sentent qu&rsquo;une petite s\u00e9lection. Comme tous les torons pr\u00e9sentent des tol\u00e9rances dans leur structure, toutes les dimensions sont donn\u00e9es \u00e0 titre indicatif. Pour d&rsquo;autres dimensions ou des exigences de tol\u00e9rance sp\u00e9ciales, veuillez nous contacter pour plus de d\u00e9tails.<\/p>\n<p>&nbsp;<\/td>\n<\/tr>\n<\/tbody>\n<\/table>\n<p>&nbsp;<\/p>\n","protected":false},"excerpt":{"rendered":"<p>&nbsp;<\/p>\n<h5>Ces fils HF sont fabriqu\u00e9s en torsadant plusieurs brins de fil isol\u00e9 par un vernis. Cela permet d&rsquo;\u00e9liminer en grande partie l&rsquo;effet de peau qui se produit \u00e0 des fr\u00e9quences plus \u00e9lev\u00e9es.<\/h5>\n<p>&nbsp;<\/p>\n","protected":false},"featured_media":1842,"template":"","meta":{"_acf_changed":false},"product_brand":[],"product_cat":[148,275],"product_tag":[],"class_list":{"0":"post-5885","1":"product","2":"type-product","3":"status-publish","4":"has-post-thumbnail","6":"product_cat-fils-de-bobinage","7":"product_cat-torons-haute-frequence","9":"first","10":"instock","11":"shipping-taxable","12":"purchasable","13":"product-type-simple"},"acf":[],"_links":{"self":[{"href":"https:\/\/schupp.ch\/fr\/wp-json\/wp\/v2\/product\/5885","targetHints":{"allow":["GET"]}}],"collection":[{"href":"https:\/\/schupp.ch\/fr\/wp-json\/wp\/v2\/product"}],"about":[{"href":"https:\/\/schupp.ch\/fr\/wp-json\/wp\/v2\/types\/product"}],"wp:featuredmedia":[{"embeddable":true,"href":"https:\/\/schupp.ch\/fr\/wp-json\/wp\/v2\/media\/1842"}],"wp:attachment":[{"href":"https:\/\/schupp.ch\/fr\/wp-json\/wp\/v2\/media?parent=5885"}],"wp:term":[{"taxonomy":"product_brand","embeddable":true,"href":"https:\/\/schupp.ch\/fr\/wp-json\/wp\/v2\/product_brand?post=5885"},{"taxonomy":"product_cat","embeddable":true,"href":"https:\/\/schupp.ch\/fr\/wp-json\/wp\/v2\/product_cat?post=5885"},{"taxonomy":"product_tag","embeddable":true,"href":"https:\/\/schupp.ch\/fr\/wp-json\/wp\/v2\/product_tag?post=5885"}],"curies":[{"name":"wp","href":"https:\/\/api.w.org\/{rel}","templated":true}]}}