{"id":5888,"date":"2024-01-25T15:36:23","date_gmt":"2024-01-25T14:36:23","guid":{"rendered":"https:\/\/schupp.ch\/p\/marteaux-a-enrubanner\/"},"modified":"2025-12-02T16:03:18","modified_gmt":"2025-12-02T15:03:18","slug":"marteaux-a-enrubanner","status":"publish","type":"product","link":"https:\/\/schupp.ch\/fr\/p\/marteaux-a-enrubanner\/","title":{"rendered":"Marteaux \u00e0 bobinage"},"content":{"rendered":"<p>&nbsp;<\/p>\n<p><strong>Propri\u00e9t\u00e9s<\/strong><\/p>\n<table>\n<tbody>\n<tr>\n<td width=\"121\"><strong>No. d&rsquo;article<\/strong><\/td>\n<td width=\"56\">Taille<\/td>\n<td width=\"96\">Poids [g]<\/td>\n<\/tr>\n<tr>\n<td width=\"121\"><strong>WWWH1<\/strong><\/td>\n<td width=\"56\">1<\/td>\n<td width=\"96\">150<\/td>\n<\/tr>\n<tr>\n<td width=\"121\"><strong>WWWH2<\/strong><\/td>\n<td width=\"56\">2<\/td>\n<td width=\"96\">300<\/td>\n<\/tr>\n<tr>\n<td width=\"121\"><strong>WWWH3<\/strong><\/td>\n<td width=\"56\">3<\/td>\n<td width=\"96\">600<\/td>\n<\/tr>\n<\/tbody>\n<\/table>\n<p>&nbsp;<\/p>\n","protected":false},"excerpt":{"rendered":"<p>&nbsp;<\/p>\n<h5>Les marteaux \u00e0 bobinage sont disponibles en trois tailles (1 \u2013 3) et servent \u00e0 divers travaux lors de la mise en place et le fa\u00e7onnage des bobinages. Ils sont en acier inoxydable avec poign\u00e9e en plastique.<\/h5>\n<p>&nbsp;<\/p>\n","protected":false},"featured_media":1800,"template":"","meta":{"_acf_changed":false},"product_brand":[],"product_cat":[142,201],"product_tag":[],"class_list":{"0":"post-5888","1":"product","2":"type-product","3":"status-publish","4":"has-post-thumbnail","6":"product_cat-technique-de-bobinage","7":"product_cat-outils-et-equipements-de-bobinage","9":"first","10":"instock","11":"shipping-taxable","12":"purchasable","13":"product-type-simple"},"acf":[],"_links":{"self":[{"href":"https:\/\/schupp.ch\/fr\/wp-json\/wp\/v2\/product\/5888","targetHints":{"allow":["GET"]}}],"collection":[{"href":"https:\/\/schupp.ch\/fr\/wp-json\/wp\/v2\/product"}],"about":[{"href":"https:\/\/schupp.ch\/fr\/wp-json\/wp\/v2\/types\/product"}],"wp:featuredmedia":[{"embeddable":true,"href":"https:\/\/schupp.ch\/fr\/wp-json\/wp\/v2\/media\/1800"}],"wp:attachment":[{"href":"https:\/\/schupp.ch\/fr\/wp-json\/wp\/v2\/media?parent=5888"}],"wp:term":[{"taxonomy":"product_brand","embeddable":true,"href":"https:\/\/schupp.ch\/fr\/wp-json\/wp\/v2\/product_brand?post=5888"},{"taxonomy":"product_cat","embeddable":true,"href":"https:\/\/schupp.ch\/fr\/wp-json\/wp\/v2\/product_cat?post=5888"},{"taxonomy":"product_tag","embeddable":true,"href":"https:\/\/schupp.ch\/fr\/wp-json\/wp\/v2\/product_tag?post=5888"}],"curies":[{"name":"wp","href":"https:\/\/api.w.org\/{rel}","templated":true}]}}