{"id":5889,"date":"2024-01-25T16:26:26","date_gmt":"2024-01-25T15:26:26","guid":{"rendered":"https:\/\/schupp.ch\/p\/fils-hf-double-isolation-avec-fep-ou-etfe\/"},"modified":"2025-12-28T13:24:50","modified_gmt":"2025-12-28T12:24:50","slug":"fils-hf-double-isolation-avec-fep-ou-etfe","status":"publish","type":"product","link":"https:\/\/schupp.ch\/fr\/p\/fils-hf-double-isolation-avec-fep-ou-etfe\/","title":{"rendered":"Fils HF, double isolation avec FEP ou ETFE"},"content":{"rendered":"<p>&nbsp;<\/p>\n<p>&nbsp;<\/p>\n<table width=\"778\">\n<tbody>\n<tr>\n<td width=\"142\"><strong>FEP<\/strong><\/td>\n<td width=\"142\"><strong>ETFE<\/strong><\/td>\n<td colspan=\"7\" rowspan=\"13\" width=\"485\"><strong><br \/>\nApplications<\/strong><\/p>\n<p><span style=\"font-family: inherit; font-size: inherit;\">&gt; Installations solaires<\/span><\/p>\n<p><span style=\"font-family: inherit; font-size: inherit;\">&gt; Ballasts<\/span><\/p>\n<p>&gt; Appareils auditifs<\/p>\n<p>&gt; Syst\u00e8mes d&rsquo;identification<\/p>\n<p>&gt; \u00c9l\u00e9ments de chauffage inductif<\/p>\n<p>&gt; Alimentations \u00e9lectriques<\/p>\n<p>&gt; D\u00e9tecteur de proximit\u00e9<\/p>\n<p>&gt; Bobines<\/p>\n<p>&gt; Transformateurs<\/p>\n<p>&gt; G\u00e9n\u00e9rateur d&rsquo;ultrasons<\/td>\n<\/tr>\n<tr>\n<td colspan=\"2\" width=\"286\"><strong>Conducteur<\/strong><\/td>\n<\/tr>\n<tr>\n<td width=\"142\">Nema MW 79<\/td>\n<td width=\"142\">Nema MW 79<\/td>\n<\/tr>\n<tr>\n<td colspan=\"2\" width=\"286\"><strong>Classe de temp\u00e9rature<\/strong><\/td>\n<\/tr>\n<tr>\n<td colspan=\"2\" width=\"286\">155 \u00b0C<\/td>\n<\/tr>\n<tr>\n<td colspan=\"2\" width=\"286\"><strong>R\u00e9sistance \u00e0 la traction<\/strong><\/td>\n<\/tr>\n<tr>\n<td width=\"142\">20&rsquo;000 N\/mm2<\/td>\n<td width=\"142\">45&rsquo;000 N\/mm2<\/td>\n<\/tr>\n<tr>\n<td colspan=\"2\" width=\"286\"><strong>Tension de service<\/strong><\/td>\n<\/tr>\n<tr>\n<td width=\"142\">600 V<\/td>\n<td width=\"142\">UL : 600 V<\/p>\n<p>VDE : 1000 V<\/td>\n<\/tr>\n<tr>\n<td colspan=\"2\" width=\"286\"><strong>Isolation<\/strong><\/td>\n<\/tr>\n<tr>\n<td width=\"142\">FEP<\/td>\n<td width=\"142\">DuPont ETFE Tefzel<\/td>\n<\/tr>\n<tr>\n<td colspan=\"2\" width=\"286\"><strong>Approbations UL<\/strong><\/td>\n<\/tr>\n<tr>\n<td colspan=\"2\" width=\"286\">UL60950-1 (\u00e9dition 2), annexe U Approbation du syst\u00e8me UL1446 RXT-2, classe F<\/td>\n<\/tr>\n<tr>\n<td width=\"142\"><strong>Num\u00e9ro d&rsquo;article<\/strong><\/td>\n<td width=\"142\"><strong>Num\u00e9ro d&rsquo;article<\/strong><\/td>\n<td width=\"75\">\u00c9quivalent AWG<\/td>\n<td width=\"82\">\u00d8 du conducteur [mm]<\/td>\n<td width=\"55\">Section [mm2]<\/td>\n<td width=\"58\">Nombre de fils<\/td>\n<td width=\"37\">AWG des fils<\/td>\n<td width=\"63\">\u00d8 ext\u00e9rieur [mm]<\/td>\n<td width=\"103\">Gamme de fr\u00e9quences recommand\u00e9e<\/td>\n<\/tr>\n<tr>\n<td width=\"142\"><strong>HFDXXL825\/44FXX-3<\/strong><\/td>\n<td width=\"142\"><strong>HFDXXL825\/44TXX-3<\/strong><\/td>\n<td width=\"75\">13<\/td>\n<td width=\"82\">2,14<\/td>\n<td width=\"55\">1,67<\/td>\n<td width=\"58\">825<\/td>\n<td width=\"37\">44<\/td>\n<td width=\"63\">2,45<\/td>\n<td width=\"103\">400 &#8211; 850 kHz<\/td>\n<\/tr>\n<tr>\n<td width=\"142\"><strong>HFDXXL120\/38FXX-2<\/strong><\/td>\n<td width=\"142\"><strong>HFDXXL120\/38TXX-2<\/strong><\/td>\n<td width=\"75\">15<\/td>\n<td width=\"82\">1,44<\/td>\n<td width=\"55\">0,97<\/td>\n<td width=\"58\">120<\/td>\n<td width=\"37\">38<\/td>\n<td width=\"63\">1,64<\/td>\n<td width=\"103\">50 &#8211; 100 kHz<\/td>\n<\/tr>\n<tr>\n<td width=\"142\"><strong>HFDXXL120\/38FXX-3<\/strong><\/td>\n<td width=\"142\"><strong>HFDXXL120\/38TXX-3<\/strong><\/td>\n<td width=\"75\">15<\/td>\n<td width=\"82\">1,44<\/td>\n<td width=\"55\">0,97<\/td>\n<td width=\"58\">120<\/td>\n<td width=\"37\">38<\/td>\n<td width=\"63\">1,75<\/td>\n<td width=\"103\">50 &#8211; 100 kHz<\/td>\n<\/tr>\n<tr>\n<td width=\"142\"><strong>HFDXXL550\/44FXX-3<\/strong><\/td>\n<td width=\"142\"><strong>HFDXXL550\/44TXX-3<\/strong><\/td>\n<td width=\"75\">16<\/td>\n<td width=\"82\">1,75<\/td>\n<td width=\"55\">1,11<\/td>\n<td width=\"58\">550<\/td>\n<td width=\"37\">44<\/td>\n<td width=\"63\">2,06<\/td>\n<td width=\"103\">400 &#8211; 850 kHz<\/td>\n<\/tr>\n<tr>\n<td width=\"142\"><strong>HFDXXL100\/38FXX-2<\/strong><\/td>\n<td width=\"142\"><strong>HFDXXL100\/38TXX-2<\/strong><\/td>\n<td width=\"75\">16<\/td>\n<td width=\"82\">1,31<\/td>\n<td width=\"55\">0,81<\/td>\n<td width=\"58\">100<\/td>\n<td width=\"37\">38<\/td>\n<td width=\"63\">1,52<\/td>\n<td width=\"103\">50 -100 kHz<\/td>\n<\/tr>\n<tr>\n<td width=\"142\"><strong>HFDXXL100\/38FXX-3<\/strong><\/td>\n<td width=\"142\"><strong>HFDXXL100\/38TXX-3<\/strong><\/td>\n<td width=\"75\">16<\/td>\n<td width=\"82\">1,31<\/td>\n<td width=\"55\">0,81<\/td>\n<td width=\"58\">100<\/td>\n<td width=\"37\">38<\/td>\n<td width=\"63\">1,62<\/td>\n<td width=\"103\">50 &#8211; 100 kHz<\/td>\n<\/tr>\n<tr>\n<td width=\"142\"><strong>HFDXXL07\/28FXX-2<\/strong><\/td>\n<td width=\"142\"><strong>HFDXXL07\/28TXX-2<\/strong><\/td>\n<td width=\"75\">18<\/td>\n<td width=\"82\">1,05<\/td>\n<td width=\"55\">0,56<\/td>\n<td width=\"58\">7<\/td>\n<td width=\"37\">28<\/td>\n<td width=\"63\">1,25<\/td>\n<td width=\"103\">60 Hz -1 kHz<\/td>\n<\/tr>\n<tr>\n<td width=\"142\"><strong>HFDXXL07\/28FXX-3<\/strong><\/td>\n<td width=\"142\"><strong>HFDXXL07\/28TXX-3<\/strong><\/td>\n<td width=\"75\">18<\/td>\n<td width=\"82\">1,05<\/td>\n<td width=\"55\">0,56<\/td>\n<td width=\"58\">7<\/td>\n<td width=\"37\">28<\/td>\n<td width=\"63\">1,35<\/td>\n<td width=\"103\">60 Hz -1 kHz<\/td>\n<\/tr>\n<tr>\n<td width=\"142\"><strong>HFDXXL66\/38FXX-2<\/strong><\/td>\n<td width=\"142\"><strong>HFDXXL66\/38TXX-2<\/strong><\/td>\n<td width=\"75\">18<\/td>\n<td width=\"82\">1,07<\/td>\n<td width=\"55\">0,54<\/td>\n<td width=\"58\">66<\/td>\n<td width=\"37\">38<\/td>\n<td width=\"63\">1,27<\/td>\n<td width=\"103\">50 &#8211; 100 kHz<\/td>\n<\/tr>\n<tr>\n<td width=\"142\"><strong>HFDXXL66\/38FXX-3<\/strong><\/td>\n<td width=\"142\"><strong>HFDXXL66\/38TXX-3<\/strong><\/td>\n<td width=\"75\">18<\/td>\n<td width=\"82\">1,07<\/td>\n<td width=\"55\">0,54<\/td>\n<td width=\"58\">66<\/td>\n<td width=\"37\">38<\/td>\n<td width=\"63\">1,37<\/td>\n<td width=\"103\">50 &#8211; 100 kHz<\/td>\n<\/tr>\n<tr>\n<td width=\"142\"><strong>HFDXXL360\/44FXX-2<\/strong><\/td>\n<td width=\"142\"><strong>HFDXXL360\/44TXX-2<\/strong><\/td>\n<td width=\"75\">18<\/td>\n<td width=\"82\">1,46<\/td>\n<td width=\"55\">0,73<\/td>\n<td width=\"58\">360<\/td>\n<td width=\"37\">44<\/td>\n<td width=\"63\">1,62<\/td>\n<td width=\"103\">400 &#8211; 850 kHz<\/td>\n<\/tr>\n<tr>\n<td width=\"142\"><strong>HFDXXL360\/44FXX-3<\/strong><\/td>\n<td width=\"142\"><strong>HFDXXL360\/44TXX-3<\/strong><\/td>\n<td width=\"75\">18<\/td>\n<td width=\"82\">1,46<\/td>\n<td width=\"55\">0,73<\/td>\n<td width=\"58\">360<\/td>\n<td width=\"37\">44<\/td>\n<td width=\"63\">1,72<\/td>\n<td width=\"103\">400 &#8211; 850 kHz<\/td>\n<\/tr>\n<tr>\n<td width=\"142\"><strong>HFDXXL20\/34FXX-2<\/strong><\/td>\n<td width=\"142\"><strong>HFDXXL20\/34TXX-2<\/strong><\/td>\n<td width=\"75\">19<\/td>\n<td width=\"82\">0,91<\/td>\n<td width=\"55\">0,40<\/td>\n<td width=\"58\">20<\/td>\n<td width=\"37\">34<\/td>\n<td width=\"63\">1,12<\/td>\n<td width=\"103\">20 kHz<\/td>\n<\/tr>\n<tr>\n<td width=\"142\"><strong>HFDXXL20\/34FXX-3<\/strong><\/td>\n<td width=\"142\"><strong>HFDXXL20\/34TXX-3<\/strong><\/td>\n<td width=\"75\">19<\/td>\n<td width=\"82\">0,91<\/td>\n<td width=\"55\">0,40<\/td>\n<td width=\"58\">20<\/td>\n<td width=\"37\">34<\/td>\n<td width=\"63\">1,22<\/td>\n<td width=\"103\">20 kHz<\/td>\n<\/tr>\n<tr>\n<td width=\"142\"><strong>HFDXXL07\/30FXX-2<\/strong><\/td>\n<td width=\"142\"><strong>HFDXXL07\/30TXX-2<\/strong><\/td>\n<td width=\"75\">20<\/td>\n<td width=\"82\">0,84<\/td>\n<td width=\"55\">0,35<\/td>\n<td width=\"58\">7<\/td>\n<td width=\"37\">30<\/td>\n<td width=\"63\">1,04<\/td>\n<td width=\"103\">1-10 kHz<\/td>\n<\/tr>\n<tr>\n<td width=\"142\"><strong>HFDXXL07\/30FXX-3<\/strong><\/td>\n<td width=\"142\"><strong>HFDXXL07\/30TXX-3<\/strong><\/td>\n<td width=\"75\">20<\/td>\n<td width=\"82\">0,84<\/td>\n<td width=\"55\">0,35<\/td>\n<td width=\"58\">7<\/td>\n<td width=\"37\">30<\/td>\n<td width=\"63\">1,14<\/td>\n<td width=\"103\">1 -10 kHz<\/td>\n<\/tr>\n<tr>\n<td width=\"142\"><strong>HFDXXL19\/36FXX-2<\/strong><\/td>\n<td width=\"142\"><strong>HFDXXL19\/36TXX-2<\/strong><\/td>\n<td width=\"75\">21.5<\/td>\n<td width=\"82\">0,71<\/td>\n<td width=\"55\">0,24<\/td>\n<td width=\"58\">19<\/td>\n<td width=\"37\">36<\/td>\n<td width=\"63\">0,92<\/td>\n<td width=\"103\">20 &#8211; 50 kHz<\/td>\n<\/tr>\n<tr>\n<td width=\"142\"><strong>HFDXXL19\/36FXX-3<\/strong><\/td>\n<td width=\"142\"><strong>HFDXXL19\/36TXX-3<\/strong><\/td>\n<td width=\"75\">21.5<\/td>\n<td width=\"82\">0,71<\/td>\n<td width=\"55\">0,24<\/td>\n<td width=\"58\">19<\/td>\n<td width=\"37\">36<\/td>\n<td width=\"63\">1,02<\/td>\n<td width=\"103\">20 &#8211; 50 kHz<\/td>\n<\/tr>\n<tr>\n<td width=\"142\"><strong>HFDXXL07\/32FXX-2<\/strong><\/td>\n<td width=\"142\"><strong>HFDXXL07\/32TXX-2<\/strong><\/td>\n<td width=\"75\">21.5<\/td>\n<td width=\"82\">0,68<\/td>\n<td width=\"55\">0,23<\/td>\n<td width=\"58\">7<\/td>\n<td width=\"37\">32<\/td>\n<td width=\"63\">0,88<\/td>\n<td width=\"103\">10 kHz<\/td>\n<\/tr>\n<tr>\n<td width=\"142\"><strong>HFDXXL07\/32FXX-3<\/strong><\/td>\n<td width=\"142\"><strong>HFDXXL07\/32TXX-3<\/strong><\/td>\n<td width=\"75\">21.5<\/td>\n<td width=\"82\">0,68<\/td>\n<td width=\"55\">0,23<\/td>\n<td width=\"58\">7<\/td>\n<td width=\"37\">32<\/td>\n<td width=\"63\">0,98<\/td>\n<td width=\"103\">10 kHz<\/td>\n<\/tr>\n<tr>\n<td width=\"142\"><strong>HFDXXL40\/40FXX-2<\/strong><\/td>\n<td width=\"142\"><strong>HFDXXL40\/40TXX-2<\/strong><\/td>\n<td width=\"75\">22<\/td>\n<td width=\"82\">0,64<\/td>\n<td width=\"55\">0,20<\/td>\n<td width=\"58\">40<\/td>\n<td width=\"37\">40<\/td>\n<td width=\"63\">0,85<\/td>\n<td width=\"103\">100 &#8211; 200 kHz<\/td>\n<\/tr>\n<tr>\n<td width=\"142\"><strong>HFDXXL230\/44FXX-2<\/strong><\/td>\n<td width=\"142\"><strong>HFDXXL230\/44TXX-2<\/strong><\/td>\n<td width=\"75\">22<\/td>\n<td width=\"82\">1,13<\/td>\n<td width=\"55\">0,47<\/td>\n<td width=\"58\">230<\/td>\n<td width=\"37\">44<\/td>\n<td width=\"63\">1,33<\/td>\n<td width=\"103\">400 &#8211; 850 kHz<\/td>\n<\/tr>\n<tr>\n<td width=\"142\"><strong>HFDXXL05\/32FXX-2<\/strong><\/td>\n<td width=\"142\"><strong>HFDXXL05\/32TXX-2<\/strong><\/td>\n<td width=\"75\">23<\/td>\n<td width=\"82\">0,57<\/td>\n<td width=\"55\">0,16<\/td>\n<td width=\"58\">5<\/td>\n<td width=\"37\">32<\/td>\n<td width=\"63\">0,78<\/td>\n<td width=\"103\">10 kHz<\/td>\n<\/tr>\n<tr>\n<td colspan=\"9\" width=\"774\">&nbsp;<\/p>\n<p><strong>Indications :<\/strong><\/p>\n<p>Les dimensions indiqu\u00e9es ne repr\u00e9sentent qu&rsquo;une petite s\u00e9lection. Comme tous les torons pr\u00e9sentent des tol\u00e9rances dans leur structure, toutes les dimensions sont donn\u00e9es \u00e0 titre indicatif. Pour d&rsquo;autres dimensions ou des exigences de tol\u00e9rance sp\u00e9ciales, veuillez nous contacter pour plus de d\u00e9tails.<\/p>\n<p>&nbsp;<\/p>\n<p>&nbsp;<\/td>\n<\/tr>\n<\/tbody>\n<\/table>\n<p>&nbsp;<\/p>\n","protected":false},"excerpt":{"rendered":"<p>&nbsp;<\/p>\n<h5>Ces fils HF sont fabriqu\u00e9s en torsadant plusieurs brins de fil isol\u00e9 par un vernis. Cela permet d&rsquo;\u00e9liminer en grande partie l&rsquo;effet de peau qui se produit \u00e0 des fr\u00e9quences plus \u00e9lev\u00e9es.<\/h5>\n<p>&nbsp;<\/p>\n","protected":false},"featured_media":1846,"template":"","meta":{"_acf_changed":false},"product_brand":[],"product_cat":[148,275],"product_tag":[],"class_list":{"0":"post-5889","1":"product","2":"type-product","3":"status-publish","4":"has-post-thumbnail","6":"product_cat-fils-de-bobinage","7":"product_cat-torons-haute-frequence","9":"first","10":"instock","11":"shipping-taxable","12":"purchasable","13":"product-type-simple"},"acf":[],"_links":{"self":[{"href":"https:\/\/schupp.ch\/fr\/wp-json\/wp\/v2\/product\/5889","targetHints":{"allow":["GET"]}}],"collection":[{"href":"https:\/\/schupp.ch\/fr\/wp-json\/wp\/v2\/product"}],"about":[{"href":"https:\/\/schupp.ch\/fr\/wp-json\/wp\/v2\/types\/product"}],"wp:featuredmedia":[{"embeddable":true,"href":"https:\/\/schupp.ch\/fr\/wp-json\/wp\/v2\/media\/1846"}],"wp:attachment":[{"href":"https:\/\/schupp.ch\/fr\/wp-json\/wp\/v2\/media?parent=5889"}],"wp:term":[{"taxonomy":"product_brand","embeddable":true,"href":"https:\/\/schupp.ch\/fr\/wp-json\/wp\/v2\/product_brand?post=5889"},{"taxonomy":"product_cat","embeddable":true,"href":"https:\/\/schupp.ch\/fr\/wp-json\/wp\/v2\/product_cat?post=5889"},{"taxonomy":"product_tag","embeddable":true,"href":"https:\/\/schupp.ch\/fr\/wp-json\/wp\/v2\/product_tag?post=5889"}],"curies":[{"name":"wp","href":"https:\/\/api.w.org\/{rel}","templated":true}]}}