{"id":5894,"date":"2024-01-25T16:26:36","date_gmt":"2024-01-25T15:26:36","guid":{"rendered":"https:\/\/schupp.ch\/p\/pierres-de-nettoyage-sans-manche-pour-les-collecteurs-les-bagues-collectrices-et-pour-laffutage-de-nouvelles-brosses\/"},"modified":"2025-11-30T15:02:54","modified_gmt":"2025-11-30T14:02:54","slug":"pierres-de-nettoyage-sans-manche-pour-les-collecteurs-les-bagues-collectrices-et-pour-laffutage-de-nouvelles-brosses","status":"publish","type":"product","link":"https:\/\/schupp.ch\/fr\/p\/pierres-de-nettoyage-sans-manche-pour-les-collecteurs-les-bagues-collectrices-et-pour-laffutage-de-nouvelles-brosses\/","title":{"rendered":"Pierres de nettoyage pour commutateurs, bagues collectrices et pour roder de nouveaux balais"},"content":{"rendered":"<p>&nbsp;<\/p>\n<p><strong>Dimensions<\/strong><\/p>\n<table>\n<tbody>\n<tr>\n<td width=\"119\"><strong>Art. No.<\/strong><\/td>\n<td width=\"177\">Dimensions [mm]<\/td>\n<td width=\"106\">Type de stock<\/td>\n<td width=\"115\">Pi\u00e8ces\/emballage<\/td>\n<\/tr>\n<tr>\n<td width=\"119\"><strong>SPX13 <\/strong><strong>1)<\/strong><\/td>\n<td width=\"177\">6,4 x 6,4 x 120,7<\/td>\n<td width=\"106\">M<\/td>\n<td width=\"115\">6<\/td>\n<\/tr>\n<tr>\n<td width=\"119\"><strong>SPX12 <\/strong><strong>1)<\/strong><\/td>\n<td width=\"177\">12,7 x 6,4 x 120,7<\/td>\n<td width=\"106\">M<\/td>\n<td width=\"115\">4<\/td>\n<\/tr>\n<tr>\n<td width=\"119\"><strong>SPX15 <\/strong><strong>1)<\/strong><\/td>\n<td width=\"177\">9,5 x 9,5 x 120,7<\/td>\n<td width=\"106\">M<\/td>\n<td width=\"115\">4<\/td>\n<\/tr>\n<tr>\n<td width=\"119\"><strong>SPX10 <\/strong><strong>1)<\/strong><\/td>\n<td width=\"177\">12,7 x 9,5 x 120,7<\/td>\n<td width=\"106\">M<\/td>\n<td width=\"115\">2<\/td>\n<\/tr>\n<tr>\n<td width=\"119\"><strong>SPX09 <\/strong><strong>1)<\/strong><\/td>\n<td width=\"177\">12,7 x 12,7 x 120,7<\/td>\n<td width=\"106\">M<\/td>\n<td width=\"115\">2<\/td>\n<\/tr>\n<tr>\n<td width=\"119\"><strong>SPX28 <\/strong><strong>1)<\/strong><\/td>\n<td width=\"177\">15,9 x 12,7 x 120,7<\/td>\n<td width=\"106\">*<\/td>\n<td width=\"115\">4<\/td>\n<\/tr>\n<tr>\n<td width=\"119\"><strong>SPX08 <\/strong><strong>1)<\/strong><\/td>\n<td width=\"177\">19,1 x 12,7 x 120,7<\/td>\n<td width=\"106\">M<\/td>\n<td width=\"115\">4<\/td>\n<\/tr>\n<tr>\n<td width=\"119\"><strong>SPX05 <\/strong><strong>1)<\/strong><\/td>\n<td width=\"177\">25,4 x 15,9 x 120,7<\/td>\n<td width=\"106\">M<\/td>\n<td width=\"115\">4<\/td>\n<\/tr>\n<tr>\n<td width=\"119\"><strong>SPX06 <\/strong><strong>1)<\/strong><\/td>\n<td width=\"177\">12,7 x 25,4 x 120,7<\/td>\n<td width=\"106\">*<\/td>\n<td width=\"115\">4<\/td>\n<\/tr>\n<tr>\n<td width=\"119\"><strong>SPX16 <\/strong><strong>1)<\/strong><\/td>\n<td width=\"177\">25,4 x 25,4 x 120,7<\/td>\n<td width=\"106\">*<\/td>\n<td width=\"115\">4<\/td>\n<\/tr>\n<tr>\n<td width=\"119\"><strong>SPX17 <\/strong><strong>1)<\/strong><\/td>\n<td width=\"177\">50,8 x 25,4 x 120,7<\/td>\n<td width=\"106\">*<\/td>\n<td width=\"115\">2<\/td>\n<\/tr>\n<tr>\n<td width=\"119\"><strong>SPX21 <\/strong><strong>1)<\/strong><\/td>\n<td width=\"177\">76,2 x 50,8 x 152,4<\/td>\n<td width=\"106\">*<\/td>\n<td width=\"115\">1<\/td>\n<\/tr>\n<tr>\n<td width=\"119\"><strong>SPX20 <\/strong><strong>1)<\/strong><\/td>\n<td width=\"177\">76,2 x 50,8 x 203,2<\/td>\n<td width=\"106\">*<\/td>\n<td width=\"115\">1<\/td>\n<\/tr>\n<\/tbody>\n<\/table>\n<p>&nbsp;<\/p>\n<p>*) Sous r\u00e9serve de disponibilit\u00e9 (pas d&rsquo;article en stock)<\/p>\n<p>Lors d\u2019une commande, indiquez la duret\u00e9 apr\u00e8s le n\u00b0 d\u2019article. (par exemple <strong>SP23-004 S<\/strong>).<\/p>\n<p>Quantit\u00e9s minimales par commande: 1 paquet<\/p>\n<p>&nbsp;<\/p>\n<p>&nbsp;<\/p>\n<p><strong>Indications pour le choix de la dimension des pierres \u00e0 rectifier<\/strong><\/p>\n<p>Les dimensions des pierres \u00e0 rectifier sont toujours indiqu\u00e9es en longueur x largeur x hauteur ( l x b x h ). Pour chaque machine il faudrait toujours utiliser la plus grande surface de frottement possible ( longueur x largeur) La hauteur (h) de la pierre \u00e0 rectifier est d\u00e9termin\u00e9e par le rapport des diam\u00e8tres du collecteur et du bo\u00eetier.<\/p>\n<p>Pierre \u00e0 rectifier pour collecteur (n\u00b0 d\u2019article SP23-XXX) : Ces pierres \u00e0 rectifier doivent avoir une largeur (l) qui recouvre au moins \u00be de la longueur des lamelles, tant qu\u2019elles passe bien entre les culasses des brosses.<\/p>\n<p>Trois ou quatre diff\u00e9rentes grandeurs devraient suffir pour chacun des modes d\u2019exploitation normaux. Apr\u00e8s avoir d\u00e9termin\u00e9 les dimensions approximatives, on peut choisir le prochain n\u00b0 d\u2019article qui convient le mieux.<\/p>\n<p>&nbsp;<\/p>\n","protected":false},"excerpt":{"rendered":"<h5><\/h5>\n<h5>Pierre de nettoyage avec effet l\u00e9ger et d\u00e9licat. Grain tendre, faiblement agglom\u00e9r\u00e9. Pierre autonettoyante par abrasion. Pas d\u2019abrasion ou de rayure du cuivre. Aussi appel\u00e9e pierre ponce ou craie \u00e0 polir. Plus un effet de frottement que de pon\u00e7age. En ex\u00e9cutions S (tendre), M (moyen) et H (dur).<\/h5>\n<p>&nbsp;<\/p>\n","protected":false},"featured_media":1834,"template":"","meta":{"_acf_changed":false},"product_brand":[],"product_cat":[142,177],"product_tag":[],"class_list":{"0":"post-5894","1":"product","2":"type-product","3":"status-publish","4":"has-post-thumbnail","6":"product_cat-technique-de-bobinage","7":"product_cat-pierres-a-meuler-et-a-polir","9":"first","10":"instock","11":"shipping-taxable","12":"purchasable","13":"product-type-simple"},"acf":[],"_links":{"self":[{"href":"https:\/\/schupp.ch\/fr\/wp-json\/wp\/v2\/product\/5894","targetHints":{"allow":["GET"]}}],"collection":[{"href":"https:\/\/schupp.ch\/fr\/wp-json\/wp\/v2\/product"}],"about":[{"href":"https:\/\/schupp.ch\/fr\/wp-json\/wp\/v2\/types\/product"}],"wp:featuredmedia":[{"embeddable":true,"href":"https:\/\/schupp.ch\/fr\/wp-json\/wp\/v2\/media\/1834"}],"wp:attachment":[{"href":"https:\/\/schupp.ch\/fr\/wp-json\/wp\/v2\/media?parent=5894"}],"wp:term":[{"taxonomy":"product_brand","embeddable":true,"href":"https:\/\/schupp.ch\/fr\/wp-json\/wp\/v2\/product_brand?post=5894"},{"taxonomy":"product_cat","embeddable":true,"href":"https:\/\/schupp.ch\/fr\/wp-json\/wp\/v2\/product_cat?post=5894"},{"taxonomy":"product_tag","embeddable":true,"href":"https:\/\/schupp.ch\/fr\/wp-json\/wp\/v2\/product_tag?post=5894"}],"curies":[{"name":"wp","href":"https:\/\/api.w.org\/{rel}","templated":true}]}}