{"id":5898,"date":"2024-01-25T16:27:36","date_gmt":"2024-01-25T15:27:36","guid":{"rendered":"https:\/\/schupp.ch\/p\/fils-hf-triple-isolation-avec-fep-ou-etfe\/"},"modified":"2025-12-28T13:38:35","modified_gmt":"2025-12-28T12:38:35","slug":"fils-hf-triple-isolation-avec-fep-ou-etfe","status":"publish","type":"product","link":"https:\/\/schupp.ch\/fr\/p\/fils-hf-triple-isolation-avec-fep-ou-etfe\/","title":{"rendered":"Fils HF, triple isolation avec FEP ou ETFE"},"content":{"rendered":"<p>&nbsp;<\/p>\n<table>\n<tbody>\n<tr>\n<td width=\"149\"><strong>FEP<\/strong><\/td>\n<td width=\"149\"><strong>ETFE<\/strong><\/td>\n<td colspan=\"7\" rowspan=\"13\" width=\"528\"><strong><br \/>\nApplications<\/strong><\/p>\n<p><span style=\"font-family: inherit; font-size: inherit;\">&gt; Installations solaires<\/span><\/p>\n<p>&gt; Ballasts<\/p>\n<p>&gt; Appareils auditifs<\/p>\n<p>&gt; Syst\u00e8mes d&rsquo;identification<\/p>\n<p>&gt; \u00c9l\u00e9ments de chauffage inductif<\/p>\n<p>&gt; Alimentations \u00e9lectriques<\/p>\n<p>&gt; D\u00e9tecteur de proximit\u00e9<\/p>\n<p>&gt; Bobines<\/p>\n<p>&gt; Transformateurs<\/p>\n<p>&gt; G\u00e9n\u00e9rateur d&rsquo;ultrasons<\/td>\n<\/tr>\n<tr>\n<td colspan=\"2\" width=\"300\"><strong>Conducteur<\/strong><\/td>\n<\/tr>\n<tr>\n<td width=\"149\">Nema MW 79<\/td>\n<td width=\"149\">Nema MW 79<\/td>\n<\/tr>\n<tr>\n<td colspan=\"2\" width=\"300\"><strong>Classe de temp\u00e9rature<\/strong><\/td>\n<\/tr>\n<tr>\n<td colspan=\"2\" width=\"300\">155 \u00b0C<\/td>\n<\/tr>\n<tr>\n<td colspan=\"2\" width=\"300\"><strong>R\u00e9sistance \u00e0 la traction<\/strong><\/td>\n<\/tr>\n<tr>\n<td width=\"149\">20&rsquo;000 N\/mm2<\/td>\n<td width=\"149\">45&rsquo;000 N\/mm2<\/td>\n<\/tr>\n<tr>\n<td colspan=\"2\" width=\"300\"><strong>Tension de service<\/strong><\/td>\n<\/tr>\n<tr>\n<td width=\"149\">600 V<\/td>\n<td width=\"149\">UL : 600 V<\/p>\n<p>VDE : 1000 V<\/td>\n<\/tr>\n<tr>\n<td colspan=\"2\" width=\"300\"><strong>Isolation<\/strong><\/td>\n<\/tr>\n<tr>\n<td width=\"149\">FEP<\/td>\n<td width=\"149\">DuPont ETFE Tefzel<\/td>\n<\/tr>\n<tr>\n<td colspan=\"2\" width=\"300\"><strong>Approbations UL<\/strong><\/td>\n<\/tr>\n<tr>\n<td colspan=\"2\" width=\"300\">UL60950-1 (\u00e9dition 2), annexe U Approbation du syst\u00e8me UL1446 RXT-2, classe F<\/td>\n<\/tr>\n<tr>\n<td width=\"149\"><strong>Num\u00e9ro d&rsquo;article<\/strong><\/td>\n<td width=\"149\"><strong>Num\u00e9ro d&rsquo;article<\/strong><\/td>\n<td width=\"75\">\u00c9quivalent AWG<\/td>\n<td width=\"82\">\u00d8 du conducteur [mm]<\/td>\n<td width=\"86\">Coupe transversale [mm2]<\/td>\n<td width=\"58\">Nombre de fils<\/td>\n<td width=\"48\">AWG des fils<\/td>\n<td width=\"63\">\u00d8 ext\u00e9rieur [mm]<\/td>\n<td width=\"103\">Gamme de fr\u00e9quences recommand\u00e9e<\/td>\n<\/tr>\n<tr>\n<td width=\"149\"><strong>HFTXXL350\/38FXXX-2<\/strong><\/td>\n<td width=\"149\"><strong>HFTXXL350\/38TXXX-2<\/strong><\/td>\n<td width=\"75\">12<\/td>\n<td width=\"82\">2,83<\/td>\n<td width=\"86\">3,61<\/td>\n<td width=\"58\">350<\/td>\n<td width=\"48\">38<\/td>\n<td width=\"63\">2,71<\/td>\n<td width=\"103\">400 &#8211; 850 kHz<\/td>\n<\/tr>\n<tr>\n<td width=\"149\"><strong>HFTXXL350\/38FXXX-3<\/strong><\/td>\n<td width=\"149\"><strong>HFTXXL350\/38TXXX-3<\/strong><\/td>\n<td width=\"75\">12<\/td>\n<td width=\"82\">2,83<\/td>\n<td width=\"86\">3,61<\/td>\n<td width=\"58\">350<\/td>\n<td width=\"48\">38<\/td>\n<td width=\"63\">2,87<\/td>\n<td width=\"103\">400 &#8211; 850 kHz<\/td>\n<\/tr>\n<tr>\n<td width=\"149\"><strong>HFTXXL825\/44FXXX-2<\/strong><\/td>\n<td width=\"149\"><strong>HFTXXL825\/44TXXX-2<\/strong><\/td>\n<td width=\"75\">13<\/td>\n<td width=\"82\">1,67<\/td>\n<td width=\"86\">2,13<\/td>\n<td width=\"58\">825<\/td>\n<td width=\"48\">44<\/td>\n<td width=\"63\">2,45<\/td>\n<td width=\"103\">400 &#8211; 850 kHz<\/td>\n<\/tr>\n<tr>\n<td width=\"149\"><strong>HFTXXL825\/44FXXX-3<\/strong><\/td>\n<td width=\"149\"><strong>HFTXXL825\/44TXXX-3<\/strong><\/td>\n<td width=\"75\">13<\/td>\n<td width=\"82\">1,67<\/td>\n<td width=\"86\">2,13<\/td>\n<td width=\"58\">825<\/td>\n<td width=\"48\">44<\/td>\n<td width=\"63\">2,60<\/td>\n<td width=\"103\">400 &#8211; 850 kHz<\/td>\n<\/tr>\n<tr>\n<td width=\"149\"><strong>HFTXXL120\/38FXXX-2<\/strong><\/td>\n<td width=\"149\"><strong>HFTXXL120\/38TXXX-2<\/strong><\/td>\n<td width=\"75\">15<\/td>\n<td width=\"82\">0,97<\/td>\n<td width=\"86\">1,24<\/td>\n<td width=\"58\">120<\/td>\n<td width=\"48\">38<\/td>\n<td width=\"63\">1,74<\/td>\n<td width=\"103\">50 &#8211; 100 kHz<\/td>\n<\/tr>\n<tr>\n<td width=\"149\"><strong>HFTXXL120\/38FXXX-3<\/strong><\/td>\n<td width=\"149\"><strong>HFTXXL120\/38TXXX-3<\/strong><\/td>\n<td width=\"75\">15<\/td>\n<td width=\"82\">0,97<\/td>\n<td width=\"86\">1,24<\/td>\n<td width=\"58\">120<\/td>\n<td width=\"48\">38<\/td>\n<td width=\"63\">1,90<\/td>\n<td width=\"103\">50 &#8211; 100 kHz<\/td>\n<\/tr>\n<tr>\n<td width=\"149\"><strong>HFTXXL550\/44FXXX-2<\/strong><\/td>\n<td width=\"149\"><strong>HFTXXL550\/44TXXX-2<\/strong><\/td>\n<td width=\"75\">16<\/td>\n<td width=\"82\">1,11<\/td>\n<td width=\"86\">1,42<\/td>\n<td width=\"58\">550<\/td>\n<td width=\"48\">44<\/td>\n<td width=\"63\">2,05<\/td>\n<td width=\"103\">400 &#8211; 850 kHz<\/td>\n<\/tr>\n<tr>\n<td width=\"149\"><strong>HFTXXL550\/44FXXX-3<\/strong><\/td>\n<td width=\"149\"><strong>HFTXXL550\/44TXXX-3<\/strong><\/td>\n<td width=\"75\">16<\/td>\n<td width=\"82\">1,11<\/td>\n<td width=\"86\">1,42<\/td>\n<td width=\"58\">550<\/td>\n<td width=\"48\">44<\/td>\n<td width=\"63\">2,21<\/td>\n<td width=\"103\">400 &#8211; 850 kHz<\/td>\n<\/tr>\n<tr>\n<td width=\"149\"><strong>HFTXXL66\/38FXXX-2<\/strong><\/td>\n<td width=\"149\"><strong>HFTXXL66\/38TXXX-2<\/strong><\/td>\n<td width=\"75\">18<\/td>\n<td width=\"82\">0,54<\/td>\n<td width=\"86\">0,68<\/td>\n<td width=\"58\">66<\/td>\n<td width=\"48\">38<\/td>\n<td width=\"63\">1,4<\/td>\n<td width=\"103\">50 &#8211; 100 kHz<\/td>\n<\/tr>\n<tr>\n<td width=\"149\"><strong>HFTXXL66\/38FXXX-3<\/strong><\/td>\n<td width=\"149\"><strong>HFTXXL66\/38TXXX-3<\/strong><\/td>\n<td width=\"75\">18<\/td>\n<td width=\"82\">0,54<\/td>\n<td width=\"86\">0,68<\/td>\n<td width=\"58\">66<\/td>\n<td width=\"48\">38<\/td>\n<td width=\"63\">1,6<\/td>\n<td width=\"103\">50 &#8211; 100 kHz<\/td>\n<\/tr>\n<tr>\n<td width=\"149\"><strong>HFTXXL108\/40FXXX-2<\/strong><\/td>\n<td width=\"149\"><strong>HFTXXL108\/40TXXX-2<\/strong><\/td>\n<td width=\"75\">18<\/td>\n<td width=\"82\">0,53<\/td>\n<td width=\"86\">0,67<\/td>\n<td width=\"58\">108<\/td>\n<td width=\"48\">40<\/td>\n<td width=\"63\">1,36<\/td>\n<td width=\"103\">100 &#8211; 200 kHz<\/td>\n<\/tr>\n<tr>\n<td width=\"149\"><strong>HFTXXL108\/40FXXX-3<\/strong><\/td>\n<td width=\"149\"><strong>HFTXXL108\/40TXXX-3<\/strong><\/td>\n<td width=\"75\">18<\/td>\n<td width=\"82\">0,53<\/td>\n<td width=\"86\">0,67<\/td>\n<td width=\"58\">108<\/td>\n<td width=\"48\">40<\/td>\n<td width=\"63\">1,5<\/td>\n<td width=\"103\">100 &#8211; 200 kHz<\/td>\n<\/tr>\n<tr>\n<td width=\"149\"><strong>HFTXXL360\/44FXXX-2<\/strong><\/td>\n<td width=\"149\"><strong>HFTXXL360\/44TXXX-2<\/strong><\/td>\n<td width=\"75\">18<\/td>\n<td width=\"82\">0,73<\/td>\n<td width=\"86\">0,93<\/td>\n<td width=\"58\">360<\/td>\n<td width=\"48\">44<\/td>\n<td width=\"63\">1,72<\/td>\n<td width=\"103\">400 &#8211; 850 kHz<\/td>\n<\/tr>\n<tr>\n<td width=\"149\"><strong>HFTXXL360\/44FXXX-3<\/strong><\/td>\n<td width=\"149\"><strong>HFTXXL360\/44TXXX-3<\/strong><\/td>\n<td width=\"75\">18<\/td>\n<td width=\"82\">0,73<\/td>\n<td width=\"86\">0,93<\/td>\n<td width=\"58\">360<\/td>\n<td width=\"48\">44<\/td>\n<td width=\"63\">1,87<\/td>\n<td width=\"103\">400 &#8211; 850 kHz<\/td>\n<\/tr>\n<tr>\n<td width=\"149\"><strong>HFTXXL07\/28FXXX-2<\/strong><\/td>\n<td width=\"149\"><strong>HFTXXL07\/28TXXX-2<\/strong><\/td>\n<td width=\"75\">20<\/td>\n<td width=\"82\">0,56<\/td>\n<td width=\"86\">0,72<\/td>\n<td width=\"58\">7<\/td>\n<td width=\"48\">28<\/td>\n<td width=\"63\">1,35<\/td>\n<td width=\"103\">60 Hz &#8211; 1 kHz<\/td>\n<\/tr>\n<tr>\n<td width=\"149\"><strong>HFTXXL07\/28FXXX-3<\/strong><\/td>\n<td width=\"149\"><strong>HFTXXL07\/28TXXX-3<\/strong><\/td>\n<td width=\"75\">20<\/td>\n<td width=\"82\">0,56<\/td>\n<td width=\"86\">0,72<\/td>\n<td width=\"58\">7<\/td>\n<td width=\"48\">28<\/td>\n<td width=\"63\">1,51<\/td>\n<td width=\"103\">60 Hz &#8211; 1 kHz<\/td>\n<\/tr>\n<tr>\n<td width=\"149\"><strong>HFTXXL19\/36FXXX-2<\/strong><\/td>\n<td width=\"149\"><strong>HFTXXL19\/36TXXX-2<\/strong><\/td>\n<td width=\"75\">21<\/td>\n<td width=\"82\">0,24<\/td>\n<td width=\"86\">0,31<\/td>\n<td width=\"58\">19<\/td>\n<td width=\"48\">36<\/td>\n<td width=\"63\">1,0<\/td>\n<td width=\"103\">20 &#8211; 50 kHz<\/td>\n<\/tr>\n<tr>\n<td width=\"149\"><strong>HFTXXL19\/36FXXX-3<\/strong><\/td>\n<td width=\"149\"><strong>HFTXXL19\/36TXXX-3<\/strong><\/td>\n<td width=\"75\">21<\/td>\n<td width=\"82\">0,24<\/td>\n<td width=\"86\">0,31<\/td>\n<td width=\"58\">19<\/td>\n<td width=\"48\">36<\/td>\n<td width=\"63\">1,17<\/td>\n<td width=\"103\">20 &#8211; 50 kHz<\/td>\n<\/tr>\n<tr>\n<td width=\"149\"><strong>HFTXXL230\/44FXXX-2<\/strong><\/td>\n<td width=\"149\"><strong>HFTXXL230\/44TXXX-2<\/strong><\/td>\n<td width=\"75\">22<\/td>\n<td width=\"82\">0,47<\/td>\n<td width=\"86\">0,59<\/td>\n<td width=\"58\">230<\/td>\n<td width=\"48\">44<\/td>\n<td width=\"63\">1,43<\/td>\n<td width=\"103\">400 &#8211; 850 kHz<\/td>\n<\/tr>\n<tr>\n<td width=\"149\"><strong>HFTXXL230\/44FXXX-3<\/strong><\/td>\n<td width=\"149\"><strong>HFTXXL230\/44TXXX-3<\/strong><\/td>\n<td width=\"75\">22<\/td>\n<td width=\"82\">0,47<\/td>\n<td width=\"86\">0,59<\/td>\n<td width=\"58\">230<\/td>\n<td width=\"48\">44<\/td>\n<td width=\"63\">1,59<\/td>\n<td width=\"103\">400 &#8211; 850 kHz<\/td>\n<\/tr>\n<tr>\n<td width=\"149\"><strong>HFTXXL19\/34FXXX-2<\/strong><\/td>\n<td width=\"149\"><strong>HFTXXL19\/34TXXX-2<\/strong><\/td>\n<td width=\"75\">22<\/td>\n<td width=\"82\">0,38<\/td>\n<td width=\"86\">0,49<\/td>\n<td width=\"58\">19<\/td>\n<td width=\"48\">34<\/td>\n<td width=\"63\">1,20<\/td>\n<td width=\"103\">20 kHz<\/td>\n<\/tr>\n<tr>\n<td width=\"149\"><strong>HFTXXL19\/34FXXX-3<\/strong><\/td>\n<td width=\"149\"><strong>HFTXXL19\/34TXXX-3<\/strong><\/td>\n<td width=\"75\">22<\/td>\n<td width=\"82\">0,38<\/td>\n<td width=\"86\">0,49<\/td>\n<td width=\"58\">19<\/td>\n<td width=\"48\">34<\/td>\n<td width=\"63\">1,35<\/td>\n<td width=\"103\">20 kHz<\/td>\n<\/tr>\n<tr>\n<td width=\"149\"><strong>HFTXXL40\/40FXXX-2<\/strong><\/td>\n<td width=\"149\"><strong>HFTXXL40\/40TXXX-2<\/strong><\/td>\n<td width=\"75\">24<\/td>\n<td width=\"82\">0,20<\/td>\n<td width=\"86\">0,25<\/td>\n<td width=\"58\">40<\/td>\n<td width=\"48\">40<\/td>\n<td width=\"63\">0,95<\/td>\n<td width=\"103\">100 &#8211; 200 kHz<\/td>\n<\/tr>\n<tr>\n<td width=\"149\"><strong>HFTXXL07\/32FXXX-2<\/strong><\/td>\n<td width=\"149\"><strong>HFTXXL07\/32TXXX-2<\/strong><\/td>\n<td width=\"75\">24<\/td>\n<td width=\"82\">0,23<\/td>\n<td width=\"86\">0,29<\/td>\n<td width=\"58\">7<\/td>\n<td width=\"48\">32<\/td>\n<td width=\"63\">0,98<\/td>\n<td width=\"103\">10 kHz<\/td>\n<\/tr>\n<tr>\n<td colspan=\"9\" width=\"830\">&nbsp;<\/p>\n<p><strong>Indications :<\/strong><\/p>\n<p>Les dimensions indiqu\u00e9es ne repr\u00e9sentent qu&rsquo;une petite s\u00e9lection. Comme tous les torons pr\u00e9sentent des tol\u00e9rances dans leur structure, toutes les dimensions sont donn\u00e9es \u00e0 titre indicatif. Pour d&rsquo;autres dimensions ou des exigences de tol\u00e9rance sp\u00e9ciales, veuillez nous contacter pour plus de d\u00e9tails.<\/p>\n<p>&nbsp;<\/td>\n<\/tr>\n<\/tbody>\n<\/table>\n<p>&nbsp;<\/p>\n","protected":false},"excerpt":{"rendered":"<p>&nbsp;<\/p>\n<h5>Ces fils HF sont fabriqu\u00e9s en torsadant plusieurs brins de fil isol\u00e9 par un vernis. Cela permet d&rsquo;\u00e9liminer en grande partie l&rsquo;effet de peau qui se produit \u00e0 des fr\u00e9quences plus \u00e9lev\u00e9es.<\/h5>\n<p>&nbsp;<\/p>\n","protected":false},"featured_media":1850,"template":"","meta":{"_acf_changed":false},"product_brand":[],"product_cat":[148,275],"product_tag":[],"class_list":{"0":"post-5898","1":"product","2":"type-product","3":"status-publish","4":"has-post-thumbnail","6":"product_cat-fils-de-bobinage","7":"product_cat-torons-haute-frequence","9":"first","10":"instock","11":"shipping-taxable","12":"purchasable","13":"product-type-simple"},"acf":[],"_links":{"self":[{"href":"https:\/\/schupp.ch\/fr\/wp-json\/wp\/v2\/product\/5898","targetHints":{"allow":["GET"]}}],"collection":[{"href":"https:\/\/schupp.ch\/fr\/wp-json\/wp\/v2\/product"}],"about":[{"href":"https:\/\/schupp.ch\/fr\/wp-json\/wp\/v2\/types\/product"}],"wp:featuredmedia":[{"embeddable":true,"href":"https:\/\/schupp.ch\/fr\/wp-json\/wp\/v2\/media\/1850"}],"wp:attachment":[{"href":"https:\/\/schupp.ch\/fr\/wp-json\/wp\/v2\/media?parent=5898"}],"wp:term":[{"taxonomy":"product_brand","embeddable":true,"href":"https:\/\/schupp.ch\/fr\/wp-json\/wp\/v2\/product_brand?post=5898"},{"taxonomy":"product_cat","embeddable":true,"href":"https:\/\/schupp.ch\/fr\/wp-json\/wp\/v2\/product_cat?post=5898"},{"taxonomy":"product_tag","embeddable":true,"href":"https:\/\/schupp.ch\/fr\/wp-json\/wp\/v2\/product_tag?post=5898"}],"curies":[{"name":"wp","href":"https:\/\/api.w.org\/{rel}","templated":true}]}}