{"id":5902,"date":"2024-01-25T16:28:49","date_gmt":"2024-01-25T15:28:49","guid":{"rendered":"https:\/\/schupp.ch\/p\/fils-hf-triple-isolation-avec-tca3-etfe-modifie\/"},"modified":"2025-12-28T14:17:39","modified_gmt":"2025-12-28T13:17:39","slug":"fils-hf-triple-isolation-avec-tca3-etfe-modifie","status":"publish","type":"product","link":"https:\/\/schupp.ch\/fr\/p\/fils-hf-triple-isolation-avec-tca3-etfe-modifie\/","title":{"rendered":"Fils HF, triple isolation avec TCA3 (ETFE modifi\u00e9)"},"content":{"rendered":"<p>&nbsp;<\/p>\n<table>\n<tbody>\n<tr>\n<td width=\"130\"><strong>Conducteur :<\/strong><\/td>\n<td width=\"194\">Nema MW 79<\/td>\n<\/tr>\n<tr>\n<td width=\"130\"><strong>Isolation :<\/strong><\/td>\n<td width=\"194\">ETFE modifi\u00e9<\/td>\n<\/tr>\n<tr>\n<td width=\"130\"><strong>Classe de temp\u00e9rature :<\/strong><\/td>\n<td width=\"194\">155 \u00b0C<\/td>\n<\/tr>\n<tr>\n<td width=\"130\"><strong>Tension de service :<\/strong><\/td>\n<td width=\"194\">UL : 1500 V pour l&rsquo;\u00e9lectronique<br \/>\nUL : 707 V pour les appareils m\u00e9dicaux<br \/>\nVDE : 1000 V<\/td>\n<\/tr>\n<tr>\n<td width=\"130\"><strong>R\u00e9sistance \u00e0 la traction :<\/strong><\/td>\n<td width=\"194\">45&rsquo;000 <sup>N\/mm2<\/sup><\/td>\n<\/tr>\n<tr>\n<td colspan=\"2\" width=\"326\"><strong>Approbations<\/strong><\/td>\n<\/tr>\n<tr>\n<td colspan=\"2\" width=\"326\">UL60950-1 (\u00e9dition 2), annexe U\u00a0\u00a0 \/\u00a0\u00a0 Approbation du syst\u00e8me UL1446 RXT-2, classe F<\/td>\n<\/tr>\n<\/tbody>\n<\/table>\n<p>&nbsp;<\/p>\n<table width=\"643\">\n<tbody>\n<tr>\n<td width=\"103\"><strong>Num\u00e9ro d&rsquo;article<\/strong><\/td>\n<td width=\"75\">\u00c9quivalent AWG<\/td>\n<td width=\"82\">\u00d8 du conducteur [mm]<\/td>\n<td width=\"75\">Section [mm2]<\/td>\n<td width=\"58\">Nombre de fils<\/td>\n<td width=\"54\">AWG des fils<\/td>\n<td width=\"63\">\u00d8 ext\u00e9rieur [mm]<\/td>\n<td width=\"114\">Gamme de fr\u00e9quences recommand\u00e9e<\/td>\n<\/tr>\n<tr>\n<td width=\"103\"><strong>HFTCA3 15\/30<\/strong><\/td>\n<td width=\"75\">16<\/td>\n<td width=\"82\">1,29<\/td>\n<td width=\"75\">0,76<\/td>\n<td width=\"58\">15<\/td>\n<td width=\"54\">30<\/td>\n<td width=\"63\">1,52<\/td>\n<td width=\"114\">1 &#8211; 10 kHz<\/td>\n<\/tr>\n<tr>\n<td width=\"103\"><strong>HFTCA3 7\/30<\/strong><\/td>\n<td width=\"75\">22<\/td>\n<td width=\"82\">0,84<\/td>\n<td width=\"75\">0,35<\/td>\n<td width=\"58\">7<\/td>\n<td width=\"54\">30<\/td>\n<td width=\"63\">1,07<\/td>\n<td width=\"114\">1 &#8211; 10 kHz<\/td>\n<\/tr>\n<tr>\n<td width=\"103\"><strong>HFTCA3 40\/40<\/strong><\/td>\n<td width=\"75\">24<\/td>\n<td width=\"82\">0,65<\/td>\n<td width=\"75\">0,25<\/td>\n<td width=\"58\">40<\/td>\n<td width=\"54\">40<\/td>\n<td width=\"63\">0,87<\/td>\n<td width=\"114\">100 &#8211; 200 kHz<\/td>\n<\/tr>\n<tr>\n<td width=\"103\"><strong>HFTCA3 7\/32<\/strong><\/td>\n<td width=\"75\">24<\/td>\n<td width=\"82\">0,68<\/td>\n<td width=\"75\">0,20<\/td>\n<td width=\"58\">7<\/td>\n<td width=\"54\">32<\/td>\n<td width=\"63\">0,91<\/td>\n<td width=\"114\">10 kHz<\/td>\n<\/tr>\n<tr>\n<td width=\"103\"><strong>HFTCA3 19\/40<\/strong><\/td>\n<td width=\"75\">25<\/td>\n<td width=\"82\">0,45<\/td>\n<td width=\"75\">0,09<\/td>\n<td width=\"58\">19<\/td>\n<td width=\"54\">40<\/td>\n<td width=\"63\">0,68<\/td>\n<td width=\"114\">100 &#8211; 200 kHz<\/td>\n<\/tr>\n<tr>\n<td width=\"103\"><strong>HFTCA3 5\/32<\/strong><\/td>\n<td width=\"75\">26<\/td>\n<td width=\"82\">0,57<\/td>\n<td width=\"75\">0,16<\/td>\n<td width=\"58\">5<\/td>\n<td width=\"54\">32<\/td>\n<td width=\"63\">0,80<\/td>\n<td width=\"114\">10 kHz<\/td>\n<\/tr>\n<tr>\n<td width=\"103\"><strong>HFTCA3 16\/44<\/strong><\/td>\n<td width=\"75\">32<\/td>\n<td width=\"82\">0,20<\/td>\n<td width=\"75\">0,03<\/td>\n<td width=\"58\">16<\/td>\n<td width=\"54\">44<\/td>\n<td width=\"63\">0,43<\/td>\n<td width=\"114\">400 &#8211; 850 kHz<\/td>\n<\/tr>\n<tr>\n<td colspan=\"8\" width=\"639\">&nbsp;<\/p>\n<p><strong>Indications :<\/strong><\/p>\n<p>Les dimensions indiqu\u00e9es ne repr\u00e9sentent qu&rsquo;une petite s\u00e9lection. Comme tous les torons pr\u00e9sentent des tol\u00e9rances dans leur structure, toutes les dimensions sont donn\u00e9es \u00e0 titre indicatif. Pour d&rsquo;autres dimensions ou des exigences de tol\u00e9rance sp\u00e9ciales, veuillez nous contacter pour plus de d\u00e9tails.<\/p>\n<p>&nbsp;<\/td>\n<\/tr>\n<\/tbody>\n<\/table>\n<p>&nbsp;<\/p>\n","protected":false},"excerpt":{"rendered":"<p>&nbsp;<\/p>\n<h5>Ces fils HF sont fabriqu\u00e9s en torsadant plusieurs brins de fil isol\u00e9 par un vernis. Cela permet d&rsquo;\u00e9liminer en grande partie l&rsquo;effet de peau qui se produit \u00e0 des fr\u00e9quences plus \u00e9lev\u00e9es.<\/h5>\n<p>&nbsp;<\/p>\n","protected":false},"featured_media":1855,"template":"","meta":{"_acf_changed":false},"product_brand":[],"product_cat":[148,275],"product_tag":[],"class_list":{"0":"post-5902","1":"product","2":"type-product","3":"status-publish","4":"has-post-thumbnail","6":"product_cat-fils-de-bobinage","7":"product_cat-torons-haute-frequence","9":"first","10":"instock","11":"shipping-taxable","12":"purchasable","13":"product-type-simple"},"acf":[],"_links":{"self":[{"href":"https:\/\/schupp.ch\/fr\/wp-json\/wp\/v2\/product\/5902","targetHints":{"allow":["GET"]}}],"collection":[{"href":"https:\/\/schupp.ch\/fr\/wp-json\/wp\/v2\/product"}],"about":[{"href":"https:\/\/schupp.ch\/fr\/wp-json\/wp\/v2\/types\/product"}],"wp:featuredmedia":[{"embeddable":true,"href":"https:\/\/schupp.ch\/fr\/wp-json\/wp\/v2\/media\/1855"}],"wp:attachment":[{"href":"https:\/\/schupp.ch\/fr\/wp-json\/wp\/v2\/media?parent=5902"}],"wp:term":[{"taxonomy":"product_brand","embeddable":true,"href":"https:\/\/schupp.ch\/fr\/wp-json\/wp\/v2\/product_brand?post=5902"},{"taxonomy":"product_cat","embeddable":true,"href":"https:\/\/schupp.ch\/fr\/wp-json\/wp\/v2\/product_cat?post=5902"},{"taxonomy":"product_tag","embeddable":true,"href":"https:\/\/schupp.ch\/fr\/wp-json\/wp\/v2\/product_tag?post=5902"}],"curies":[{"name":"wp","href":"https:\/\/api.w.org\/{rel}","templated":true}]}}