{"id":5903,"date":"2024-01-25T16:38:35","date_gmt":"2024-01-25T15:38:35","guid":{"rendered":"https:\/\/schupp.ch\/p\/fil-de-commutation-ptfe-glace-tegl\/"},"modified":"2025-12-17T16:29:49","modified_gmt":"2025-12-17T15:29:49","slug":"fil-de-commutation-ptfe-glace-tegl","status":"publish","type":"product","link":"https:\/\/schupp.ch\/fr\/p\/fil-de-commutation-ptfe-glace-tegl\/","title":{"rendered":"C\u00e2bles PTFE\/Soie de verre &#8211; TEGL"},"content":{"rendered":"<p>&nbsp;<\/p>\n<h5><strong>Structure<\/strong><\/h5>\n<p>&nbsp;<\/p>\n<p><strong>Conducteur :<\/strong><br \/>\nToron en cuivre nickel\u00e9 ou nickel pur<\/p>\n<p><strong>Isolation :<\/strong><br \/>\nPTFE 5Y selon VDE 0207 partie 6 Tresse en fibre de verre impr\u00e9gn\u00e9e<\/p>\n<p><strong>Marquage :<\/strong><br \/>\nAu choix, par un fil de couleur<\/p>\n<p><strong>Plage de temp\u00e9rature :<\/strong><br \/>\n-50 \u00b0C \u00e0 + 260 \u00b0C, bri\u00e8vement 300 \u00b0C<\/p>\n<p><strong>Tension nominale :<\/strong><br \/>\n600 volts<\/p>\n<p><strong>Tension d&rsquo;essai :<\/strong><br \/>\n3,4 kV<\/p>\n<p>&nbsp;<\/p>\n<p><strong>Dimensions<\/strong><\/p>\n<table>\n<tbody>\n<tr>\n<td width=\"111\"><strong>Num\u00e9ro de souche<\/strong><\/td>\n<td width=\"89\"><strong>Section [mm2]<\/strong><\/td>\n<td width=\"89\"><strong>Structure des torons<\/strong><\/td>\n<td width=\"89\"><strong>max. \u00d8 du fil [mm]<\/strong><\/td>\n<td width=\"89\"><strong>\u00d8 ext\u00e9rieur [mm]<\/strong><\/td>\n<td width=\"81\"><strong>Nombre de Cu [kg\/km]<\/strong><\/td>\n<td width=\"84\"><strong>Poids environ [kg\/km]<\/strong><\/td>\n<\/tr>\n<tr>\n<td width=\"111\"><strong>SLTEGL0050<\/strong><\/td>\n<td width=\"89\">0,5<\/td>\n<td width=\"89\">16 x 0,203<\/td>\n<td width=\"89\">1<\/td>\n<td width=\"89\">2<\/td>\n<td width=\"81\">4,8<\/td>\n<td width=\"84\">10<\/td>\n<\/tr>\n<tr>\n<td width=\"111\"><strong>SLTEGL0075<\/strong><\/td>\n<td width=\"89\">0,75<\/td>\n<td width=\"89\">24 x 0,203<\/td>\n<td width=\"89\">1,25<\/td>\n<td width=\"89\">2,2<\/td>\n<td width=\"81\">7,5<\/td>\n<td width=\"84\">14<\/td>\n<\/tr>\n<tr>\n<td width=\"111\"><strong>SLTEGL0100<\/strong><\/td>\n<td width=\"89\">1<\/td>\n<td width=\"89\">32 x 0,203<\/td>\n<td width=\"89\">1,4<\/td>\n<td width=\"89\">2,4<\/td>\n<td width=\"81\">9,8<\/td>\n<td width=\"84\">16<\/td>\n<\/tr>\n<tr>\n<td width=\"111\"><strong>SLTEGL0150<\/strong><\/td>\n<td width=\"89\">1,5<\/td>\n<td width=\"89\">30 x 0,254<\/td>\n<td width=\"89\">1,7<\/td>\n<td width=\"89\">2,7<\/td>\n<td width=\"81\">14,4<\/td>\n<td width=\"84\">22<\/td>\n<\/tr>\n<tr>\n<td width=\"111\"><strong>SLTEGL0250<\/strong><\/td>\n<td width=\"89\">2,5<\/td>\n<td width=\"89\">50 x 0,254<\/td>\n<td width=\"89\">2,15<\/td>\n<td width=\"89\">3,3<\/td>\n<td width=\"81\">24,4<\/td>\n<td width=\"84\">36<\/td>\n<\/tr>\n<tr>\n<td width=\"111\"><strong>SLTEGL0400<\/strong><\/td>\n<td width=\"89\">4<\/td>\n<td width=\"89\">56 x 0,3<\/td>\n<td width=\"89\">2,7<\/td>\n<td width=\"89\">3,8<\/td>\n<td width=\"81\">38<\/td>\n<td width=\"84\">52<\/td>\n<\/tr>\n<tr>\n<td width=\"111\"><strong>SLTEGL0600<\/strong><\/td>\n<td width=\"89\">6<\/td>\n<td width=\"89\">84 x 0,3<\/td>\n<td width=\"89\">3,3<\/td>\n<td width=\"89\">4,5<\/td>\n<td width=\"81\">58<\/td>\n<td width=\"84\">71<\/td>\n<\/tr>\n<\/tbody>\n<\/table>\n<p>&nbsp;<\/p>\n<p><strong>Num\u00e9ro d&rsquo;article :<\/strong><\/p>\n<p>Num\u00e9ro de base Conducteur<br \/>\nN = Cu nickel\u00e9<br \/>\nR = Nickel pur<\/p>\n<p>Exemple :<br \/>\nSLTEGL0050N SLTEGL0050 = Num\u00e9ro de base<\/p>\n<p>&nbsp;<\/p>\n","protected":false},"excerpt":{"rendered":"<p>&nbsp;<\/p>\n<h5>Ce c\u00e2ble est adapt\u00e9 pour le c\u00e2blage dans des conditions de temp\u00e9ratures ambiantes \u00e9lev\u00e9es et de contraintes m\u00e9caniques accrues telles que:<\/h5>\n<p>&nbsp;<\/p>\n<h5><\/h5>\n<ul>\n<li>\n<h5>Appareils m\u00e9nagers (cuisini\u00e8res, plaques chauffantes, fours)<\/h5>\n<\/li>\n<li>\n<h5>Installations d&rsquo;extrusion et de s\u00e9chage<\/h5>\n<\/li>\n<li>\n<h5>chauffages \u00e9lectriques<\/h5>\n<\/li>\n<li>\n<h5>A\u00e9ronautique et espace<\/h5>\n<\/li>\n<li>\n<h5>Ing\u00e9nierie du trafic<\/h5>\n<\/li>\n<\/ul>\n<p>&nbsp;<\/p>\n<h5><strong>Informations en bref sur les isolations de c\u00e2bles en plastique fluor\u00e9<\/strong><\/h5>\n<p><a href=\"https:\/\/schupp.ch\/fr\/p\/breve-information-sur-les-isolations-de-cables-en-plastique-fluore\/\">D\u00e9tails<\/a><\/p>\n<h5><\/h5>\n<p>&nbsp;<\/p>\n","protected":false},"featured_media":1885,"template":"","meta":{"_acf_changed":false},"product_brand":[],"product_cat":[146,206],"product_tag":[],"class_list":{"0":"post-5903","1":"product","2":"type-product","3":"status-publish","4":"has-post-thumbnail","6":"product_cat-cables-electriques","7":"product_cat-conduites-a-haute-temperature","9":"first","10":"instock","11":"shipping-taxable","12":"purchasable","13":"product-type-simple"},"acf":[],"_links":{"self":[{"href":"https:\/\/schupp.ch\/fr\/wp-json\/wp\/v2\/product\/5903","targetHints":{"allow":["GET"]}}],"collection":[{"href":"https:\/\/schupp.ch\/fr\/wp-json\/wp\/v2\/product"}],"about":[{"href":"https:\/\/schupp.ch\/fr\/wp-json\/wp\/v2\/types\/product"}],"wp:featuredmedia":[{"embeddable":true,"href":"https:\/\/schupp.ch\/fr\/wp-json\/wp\/v2\/media\/1885"}],"wp:attachment":[{"href":"https:\/\/schupp.ch\/fr\/wp-json\/wp\/v2\/media?parent=5903"}],"wp:term":[{"taxonomy":"product_brand","embeddable":true,"href":"https:\/\/schupp.ch\/fr\/wp-json\/wp\/v2\/product_brand?post=5903"},{"taxonomy":"product_cat","embeddable":true,"href":"https:\/\/schupp.ch\/fr\/wp-json\/wp\/v2\/product_cat?post=5903"},{"taxonomy":"product_tag","embeddable":true,"href":"https:\/\/schupp.ch\/fr\/wp-json\/wp\/v2\/product_tag?post=5903"}],"curies":[{"name":"wp","href":"https:\/\/api.w.org\/{rel}","templated":true}]}}