{"id":5906,"date":"2024-01-25T16:42:20","date_gmt":"2024-01-25T15:42:20","guid":{"rendered":"https:\/\/schupp.ch\/p\/fils-de-cablage-en-mica-fibres-ceramiques-gliga\/"},"modified":"2025-12-17T15:25:59","modified_gmt":"2025-12-17T14:25:59","slug":"fils-de-cablage-en-mica-fibres-ceramiques-gliga","status":"publish","type":"product","link":"https:\/\/schupp.ch\/fr\/p\/fils-de-cablage-en-mica-fibres-ceramiques-gliga\/","title":{"rendered":"C\u00e2bles en mica\/fibres c\u00e9ramiques GLIGA"},"content":{"rendered":"<p>&nbsp;<\/p>\n<h5><strong>Structure du c\u00e2ble<\/strong><\/h5>\n<p>&nbsp;<\/p>\n<p><strong>Conducteur :<\/strong><br \/>\nToron de Cu nickel\u00e9, nickel pur ou alliage sp\u00e9cial<\/p>\n<p><strong>Isolation :<\/strong><br \/>\nRuban de mica tresse en fibres c\u00e9ramiques avec impr\u00e9gnation<\/p>\n<p><strong>Identification \/ Marquage :<\/strong><br \/>\nau choix par fil d&rsquo;identification color\u00e9<\/p>\n<p><strong>Plage de temp\u00e9rature<\/strong> :<br \/>\nCu nickel\u00e9\u00a0 \u00a0 \u00a0 &#8211; 50 \u00b0C \u00e0 + 400 \u00b0C<br \/>\nNickel pur\u00a0 \u00a0 \u00a0 &#8211; 50 \u00b0C \u00e0 + 700 \u00b0C\u00a7<br \/>\nNiCr8020\u00a0 \u00a0 \u00a0 \u00a0&#8211; 50 \u00b0C \u00e0 + 1250 \u00b0C Tension nominale : 300\/500 Volt Tension d&rsquo;essai : 2 kV<\/p>\n<p><strong>Tension nominale:<\/strong><br \/>\n300\/500 Volt<\/p>\n<p><strong>Tension d&rsquo;essai:<\/strong><br \/>\n2 kV<\/p>\n<p>&nbsp;<\/p>\n<p><strong>Dimensions:<\/strong><\/p>\n<table>\n<tbody>\n<tr>\n<td width=\"108\"><strong>Num\u00e9ro principal<\/strong><\/td>\n<td width=\"89\"><strong>Section [mm2]<\/strong><\/td>\n<td width=\"89\"><strong>Structure des torons<\/strong><\/td>\n<td width=\"89\"><strong>Max. \u00d8 du fil [mm]<\/strong><\/td>\n<td width=\"89\"><strong>\u00d8 ext\u00e9rieur [mm]*<\/strong><\/td>\n<td width=\"83\"><strong>Nombre de Cu [kg\/km]<\/strong><\/td>\n<td width=\"86\"><strong>Poids environ [kg\/km]<\/strong><\/td>\n<\/tr>\n<tr>\n<td width=\"108\"><strong>SLGLIGA0050<\/strong><\/td>\n<td width=\"89\">0,5<\/td>\n<td width=\"89\">16 x 0,203<\/td>\n<td width=\"89\">1<\/td>\n<td width=\"89\">2,4<\/td>\n<td width=\"83\">4,8<\/td>\n<td width=\"86\">11<\/td>\n<\/tr>\n<tr>\n<td width=\"108\"><strong>SLGLIGA0075<\/strong><\/td>\n<td width=\"89\">0,75<\/td>\n<td width=\"89\">24 x 0,203<\/td>\n<td width=\"89\">1,25<\/td>\n<td width=\"89\">2,5<\/td>\n<td width=\"83\">7,5<\/td>\n<td width=\"86\">18<\/td>\n<\/tr>\n<tr>\n<td width=\"108\"><strong>SLGLIGA0100<\/strong><\/td>\n<td width=\"89\">1<\/td>\n<td width=\"89\">32 x 0,203<\/td>\n<td width=\"89\">1,4<\/td>\n<td width=\"89\">3,2<\/td>\n<td width=\"83\">9,8<\/td>\n<td width=\"86\">23<\/td>\n<\/tr>\n<tr>\n<td width=\"108\"><strong>SLGLIGA0150<\/strong><\/td>\n<td width=\"89\">1,5<\/td>\n<td width=\"89\">30 x 0,254<\/td>\n<td width=\"89\">1,7<\/td>\n<td width=\"89\">3,6<\/td>\n<td width=\"83\">14,4<\/td>\n<td width=\"86\">28<\/td>\n<\/tr>\n<tr>\n<td width=\"108\"><strong>SLGLIGA0250<\/strong><\/td>\n<td width=\"89\">2,5<\/td>\n<td width=\"89\">50 x 0,254<\/td>\n<td width=\"89\">2,15<\/td>\n<td width=\"89\">3,9<\/td>\n<td width=\"83\">24,4<\/td>\n<td width=\"86\">46<\/td>\n<\/tr>\n<tr>\n<td width=\"108\"><strong>SLGLIGA0400<\/strong><\/td>\n<td width=\"89\">4<\/td>\n<td width=\"89\">56 x 0,30<\/td>\n<td width=\"89\">2,7<\/td>\n<td width=\"89\">5,2<\/td>\n<td width=\"83\">38<\/td>\n<td width=\"86\">70<\/td>\n<\/tr>\n<tr>\n<td width=\"108\"><strong>SLGLIGA0600<\/strong><\/td>\n<td width=\"89\">6<\/td>\n<td width=\"89\">84 x 0,30<\/td>\n<td width=\"89\">3,3<\/td>\n<td width=\"89\">6,0<\/td>\n<td width=\"83\">58<\/td>\n<td width=\"86\">104<\/td>\n<\/tr>\n<tr>\n<td width=\"108\"><strong>SLGLIGA1000<\/strong><\/td>\n<td width=\"89\">10<\/td>\n<td width=\"89\">80 x 0,4<\/td>\n<td width=\"89\">4,8<\/td>\n<td width=\"89\">7,4<\/td>\n<td width=\"83\">100<\/td>\n<td width=\"86\">147<\/td>\n<\/tr>\n<\/tbody>\n<\/table>\n<p>* Tol\u00e9rance sur le diam\u00e8tre de service de l&rsquo;utilisation pr\u00e9vue<\/p>\n<p>&nbsp;<\/p>\n<p><strong>Num\u00e9ro d&rsquo;article :<br \/>\n<\/strong>Num\u00e9ro principal :<br \/>\nNPC = Cu nickel\u00e9<br \/>\nR = Nickel pur<br \/>\nNiCr = NiCr8020<\/p>\n<p>Exemple : SKGLHGLP20022NPC<br \/>\nSKGLHGLP20022 = Num\u00e9ro principal<br \/>\nNPC = Cu nickel\u00e9<\/p>\n<p>&nbsp;<\/p>\n","protected":false},"excerpt":{"rendered":"<p>&nbsp;<\/p>\n<h5>Ce c\u00e2ble est adapt\u00e9 pour le c\u00e2blage dans des conditions de temp\u00e9ratures ambiantes \u00e9lev\u00e9es et de contraintes m\u00e9caniques accrues, par exemple:<\/h5>\n<p>&nbsp;<\/p>\n<ul>\n<li>\n<h5>Fabrication de verre et de c\u00e9ramique<\/h5>\n<\/li>\n<li>\n<h5>Fours industriels<\/h5>\n<\/li>\n<li>\n<h5>chauffages \u00e9lectriques<\/h5>\n<\/li>\n<\/ul>\n<h5><\/h5>\n","protected":false},"featured_media":1897,"template":"","meta":{"_acf_changed":false},"product_brand":[],"product_cat":[146,206],"product_tag":[],"class_list":{"0":"post-5906","1":"product","2":"type-product","3":"status-publish","4":"has-post-thumbnail","6":"product_cat-cables-electriques","7":"product_cat-conduites-a-haute-temperature","9":"first","10":"instock","11":"shipping-taxable","12":"purchasable","13":"product-type-simple"},"acf":[],"_links":{"self":[{"href":"https:\/\/schupp.ch\/fr\/wp-json\/wp\/v2\/product\/5906","targetHints":{"allow":["GET"]}}],"collection":[{"href":"https:\/\/schupp.ch\/fr\/wp-json\/wp\/v2\/product"}],"about":[{"href":"https:\/\/schupp.ch\/fr\/wp-json\/wp\/v2\/types\/product"}],"wp:featuredmedia":[{"embeddable":true,"href":"https:\/\/schupp.ch\/fr\/wp-json\/wp\/v2\/media\/1897"}],"wp:attachment":[{"href":"https:\/\/schupp.ch\/fr\/wp-json\/wp\/v2\/media?parent=5906"}],"wp:term":[{"taxonomy":"product_brand","embeddable":true,"href":"https:\/\/schupp.ch\/fr\/wp-json\/wp\/v2\/product_brand?post=5906"},{"taxonomy":"product_cat","embeddable":true,"href":"https:\/\/schupp.ch\/fr\/wp-json\/wp\/v2\/product_cat?post=5906"},{"taxonomy":"product_tag","embeddable":true,"href":"https:\/\/schupp.ch\/fr\/wp-json\/wp\/v2\/product_tag?post=5906"}],"curies":[{"name":"wp","href":"https:\/\/api.w.org\/{rel}","templated":true}]}}