{"id":5907,"date":"2024-01-25T16:39:40","date_gmt":"2024-01-25T15:39:40","guid":{"rendered":"https:\/\/schupp.ch\/p\/cable-de-commande-en-soie-de-verre-glhgl-multiconducteur\/"},"modified":"2025-12-17T14:38:25","modified_gmt":"2025-12-17T13:38:25","slug":"cable-de-commande-en-soie-de-verre-glhgl-multiconducteur","status":"publish","type":"product","link":"https:\/\/schupp.ch\/fr\/p\/cable-de-commande-en-soie-de-verre-glhgl-multiconducteur\/","title":{"rendered":"C\u00e2bles en soie de verre GLHGL, multiconducteur"},"content":{"rendered":"<p>&nbsp;<\/p>\n<h5><strong>Structure<\/strong><\/h5>\n<p><strong><br \/>\nConducteur :<\/strong><br \/>\nFil de litz cuivre nickel\u00e9 ou en nickel pur<\/p>\n<p><strong>Isolation:<\/strong><\/p>\n<ul>\n<li>1 feuille de s\u00e9paration,<\/li>\n<li>Filage de soie de verre,<\/li>\n<li>Tresse en soie de verre avec impr\u00e9gnation<\/li>\n<\/ul>\n<p><strong>Marquage :<\/strong><br \/>\nau choix par un fil d&rsquo;identification de couleur<\/p>\n<p><strong>Torsadage:<\/strong><br \/>\nen couches avec enfilage de soie de verre<\/p>\n<p><strong>Isolation ext\u00e9rieur:<\/strong><br \/>\ntressage de soie de verre avec impr\u00e9gnation tressage de fil d&rsquo;acier galvanis\u00e9 ou d&rsquo;acier inoxydable<\/p>\n<p><strong>Application<br \/>\n<\/strong>Pour le c\u00e2blage dans des conditions de temp\u00e9ratures ambiantes \u00e9lev\u00e9es et de contraintes m\u00e9caniques accrues telles que<\/p>\n<ul>\n<li>Installations d&rsquo;extrusion et de s\u00e9chage<\/li>\n<li>chauffages \u00e9lectriques<\/li>\n<li>Technique de l&rsquo;acier et de la m\u00e9tallurgie<\/li>\n<li>Fabrication de verre et de c\u00e9ramique<\/li>\n<\/ul>\n<p><strong>Donn\u00e9es techniques<br \/>\n<\/strong>Plage de temp\u00e9rature : -50 \u00b0C \u00e0 + 350 \u00b0C, bri\u00e8vement 500 \u00b0C<br \/>\nTension nominale : 300 \/ 300 volts<br \/>\nTension d&rsquo;essai : conducteur\/conducteur 1,5 kV<\/p>\n<p>&nbsp;<\/p>\n<p><strong>Abmessungen<\/strong><\/p>\n<table width=\"643\">\n<tbody>\n<tr>\n<td width=\"114\"><strong>Num\u00e9ro d&rsquo;article<\/strong><\/td>\n<td width=\"78\"><strong>Section<br \/>\n<\/strong><strong>[mm2]<\/strong><\/td>\n<td width=\"78\"><strong>Structure de fils souples<\/strong><\/td>\n<td width=\"82\"><strong>Max. \u00d8 du fil<br \/>\n<\/strong><strong>[mm]<\/strong><\/td>\n<td width=\"63\"><strong>\u00d8 du conducteur<br \/>\n<\/strong><strong>[mm]<\/strong><\/td>\n<td width=\"71\"><strong>\u00d8 ext\u00e9rieur<br \/>\n<\/strong><strong>[mm] *<\/strong><\/td>\n<td width=\"68\"><strong>Nombre de Cu<br \/>\n<\/strong><strong>[kg\/km]<\/strong><\/td>\n<td width=\"89\"><strong>Poids<br \/>\n<\/strong><strong>environ\u00a0 [kg\/km]<\/strong><\/td>\n<\/tr>\n<tr>\n<td width=\"114\"><strong>SKGLHGL20022<\/strong><\/td>\n<td width=\"78\">2 x 0,22<\/td>\n<td width=\"78\">7 x 0,20<\/td>\n<td width=\"82\">0,66<\/td>\n<td width=\"63\">1,1<\/td>\n<td width=\"71\">2,5<\/td>\n<td width=\"68\">4,4<\/td>\n<td width=\"89\">13<\/td>\n<\/tr>\n<tr>\n<td width=\"114\"><strong>SKGLHGL30022<\/strong><\/td>\n<td width=\"78\">3 x 0,22<\/td>\n<td width=\"78\">7 x 0,20<\/td>\n<td width=\"82\">0,66<\/td>\n<td width=\"63\">1,1<\/td>\n<td width=\"71\">2,7<\/td>\n<td width=\"68\">6,6<\/td>\n<td width=\"89\">15<\/td>\n<\/tr>\n<tr>\n<td width=\"114\"><strong>SKGLHGL40022<\/strong><\/td>\n<td width=\"78\">4 x 0,22<\/td>\n<td width=\"78\">7 x 0,20<\/td>\n<td width=\"82\">0,66<\/td>\n<td width=\"63\">1,1<\/td>\n<td width=\"71\">2,9<\/td>\n<td width=\"68\">8,8<\/td>\n<td width=\"89\">17<\/td>\n<\/tr>\n<tr>\n<td width=\"114\"><strong>SKGLHGL20034<\/strong><\/td>\n<td width=\"78\">2 x 0,34<\/td>\n<td width=\"78\">7 x 0,254<\/td>\n<td width=\"82\">0,82<\/td>\n<td width=\"63\">1,2<\/td>\n<td width=\"71\">3<\/td>\n<td width=\"68\">6,9<\/td>\n<td width=\"89\">19<\/td>\n<\/tr>\n<tr>\n<td width=\"114\"><strong>SKGLHGL30034<\/strong><\/td>\n<td width=\"78\">3 x 0,34<\/td>\n<td width=\"78\">7 x 0,254<\/td>\n<td width=\"82\">0,82<\/td>\n<td width=\"63\">1,2<\/td>\n<td width=\"71\">3,3<\/td>\n<td width=\"68\">11<\/td>\n<td width=\"89\">15<\/td>\n<\/tr>\n<tr>\n<td width=\"114\"><strong>SKGLHGL40034<\/strong><\/td>\n<td width=\"78\">4 x 0,34<\/td>\n<td width=\"78\">7 x 0,254<\/td>\n<td width=\"82\">0,82<\/td>\n<td width=\"63\">1,2<\/td>\n<td width=\"71\">3,5<\/td>\n<td width=\"68\">13,8<\/td>\n<td width=\"89\">33<\/td>\n<\/tr>\n<tr>\n<td width=\"114\"><strong>SKGLHGL20050<\/strong><\/td>\n<td width=\"78\">2 x 0,5<\/td>\n<td width=\"78\">16 x 0,203<\/td>\n<td width=\"82\">1<\/td>\n<td width=\"63\">1,5<\/td>\n<td width=\"71\">3,5<\/td>\n<td width=\"68\">9,7<\/td>\n<td width=\"89\">26<\/td>\n<\/tr>\n<tr>\n<td width=\"114\"><strong>SKGLHGL30050<\/strong><\/td>\n<td width=\"78\">3 x 0,5<\/td>\n<td width=\"78\">16 x 0,203<\/td>\n<td width=\"82\">1<\/td>\n<td width=\"63\">1,5<\/td>\n<td width=\"71\">3,7<\/td>\n<td width=\"68\">15<\/td>\n<td width=\"89\">36<\/td>\n<\/tr>\n<tr>\n<td width=\"114\"><strong>SKGLHGL40050<\/strong><\/td>\n<td width=\"78\">4 x 0,5<\/td>\n<td width=\"78\">16 x 0,203<\/td>\n<td width=\"82\">1<\/td>\n<td width=\"63\">1,5<\/td>\n<td width=\"71\">4<\/td>\n<td width=\"68\">20<\/td>\n<td width=\"89\">45<\/td>\n<\/tr>\n<tr>\n<td width=\"114\"><strong>SKGLHGL20075<\/strong><\/td>\n<td width=\"78\">2 x 0,75<\/td>\n<td width=\"78\">24 x 0,203<\/td>\n<td width=\"82\">1,25<\/td>\n<td width=\"63\">2,3<\/td>\n<td width=\"71\">5,1<\/td>\n<td width=\"68\">15<\/td>\n<td width=\"89\">44<\/td>\n<\/tr>\n<tr>\n<td width=\"114\"><strong>SKGLHGL30075<\/strong><\/td>\n<td width=\"78\">3 x 0,75<\/td>\n<td width=\"78\">24 x 0,203<\/td>\n<td width=\"82\">1,25<\/td>\n<td width=\"63\">2,3<\/td>\n<td width=\"71\">5,6<\/td>\n<td width=\"68\">23<\/td>\n<td width=\"89\">56<\/td>\n<\/tr>\n<tr>\n<td width=\"114\"><strong>SKGLHGL40075<\/strong><\/td>\n<td width=\"78\">4 x 0,75<\/td>\n<td width=\"78\">24 x 0,203<\/td>\n<td width=\"82\">1,25<\/td>\n<td width=\"63\">2,3<\/td>\n<td width=\"71\">6,1<\/td>\n<td width=\"68\">30<\/td>\n<td width=\"89\">83<\/td>\n<\/tr>\n<tr>\n<td width=\"114\"><strong>SKGLHGL20100<\/strong><\/td>\n<td width=\"78\">2 x 1<\/td>\n<td width=\"78\">32 x 0,203<\/td>\n<td width=\"82\">1,4<\/td>\n<td width=\"63\">2,5<\/td>\n<td width=\"71\">5,6<\/td>\n<td width=\"68\">20<\/td>\n<td width=\"89\">63<\/td>\n<\/tr>\n<tr>\n<td width=\"114\"><strong>SKGLHGL30100<\/strong><\/td>\n<td width=\"78\">3 x 1<\/td>\n<td width=\"78\">32 x 0,203<\/td>\n<td width=\"82\">1,4<\/td>\n<td width=\"63\">2,5<\/td>\n<td width=\"71\">6<\/td>\n<td width=\"68\">30<\/td>\n<td width=\"89\">88<\/td>\n<\/tr>\n<tr>\n<td width=\"114\"><strong>SKGLHGL40100<\/strong><\/td>\n<td width=\"78\">4 x 1<\/td>\n<td width=\"78\">32 x 0,203<\/td>\n<td width=\"82\">1,4<\/td>\n<td width=\"63\">2,5<\/td>\n<td width=\"71\">6,5<\/td>\n<td width=\"68\">40<\/td>\n<td width=\"89\">113<\/td>\n<\/tr>\n<tr>\n<td width=\"114\"><strong>SKGLHGL20150<\/strong><\/td>\n<td width=\"78\">2 x 1,5<\/td>\n<td width=\"78\">30 x 0,254<\/td>\n<td width=\"82\">1,7<\/td>\n<td width=\"63\">2,8<\/td>\n<td width=\"71\">6,4<\/td>\n<td width=\"68\">30<\/td>\n<td width=\"89\">74<\/td>\n<\/tr>\n<tr>\n<td width=\"114\"><strong>SKGLHGL30150<\/strong><\/td>\n<td width=\"78\">3 x 1,5<\/td>\n<td width=\"78\">30 x 0,254<\/td>\n<td width=\"82\">1,7<\/td>\n<td width=\"63\">2,8<\/td>\n<td width=\"71\">6,8<\/td>\n<td width=\"68\">45<\/td>\n<td width=\"89\">103<\/td>\n<\/tr>\n<tr>\n<td width=\"114\"><strong>SKGLHGL40150<\/strong><\/td>\n<td width=\"78\">4 x 1,5<\/td>\n<td width=\"78\">30 x 0,254<\/td>\n<td width=\"82\">1,7<\/td>\n<td width=\"63\">2,8<\/td>\n<td width=\"71\">7,4<\/td>\n<td width=\"68\">60<\/td>\n<td width=\"89\">133<\/td>\n<\/tr>\n<tr>\n<td width=\"114\"><strong>SKGLHGL20250<\/strong><\/td>\n<td width=\"78\">2 x 2,5**<\/td>\n<td width=\"78\">50 x 0,254<\/td>\n<td width=\"82\">2,15<\/td>\n<td width=\"63\">4,3<\/td>\n<td width=\"71\">8,3<\/td>\n<td width=\"68\">48<\/td>\n<td width=\"89\">142<\/td>\n<\/tr>\n<tr>\n<td width=\"114\"><strong>SKGLHGL30250<\/strong><\/td>\n<td width=\"78\">3 x 2,5**<\/td>\n<td width=\"78\">50 x 0,254<\/td>\n<td width=\"82\">2,15<\/td>\n<td width=\"63\">4,3<\/td>\n<td width=\"71\">10,2<\/td>\n<td width=\"68\">74<\/td>\n<td width=\"89\">172<\/td>\n<\/tr>\n<tr>\n<td width=\"114\"><strong>SKGLHGL40250<\/strong><\/td>\n<td width=\"78\">4 x 2,5**<\/td>\n<td width=\"78\">50 x 0,254<\/td>\n<td width=\"82\">2,15<\/td>\n<td width=\"63\">4,3<\/td>\n<td width=\"71\">11,3<\/td>\n<td width=\"68\">99<\/td>\n<td width=\"89\">225<\/td>\n<\/tr>\n<tr>\n<td width=\"114\"><strong>SKGLHGL20400<\/strong><\/td>\n<td width=\"78\">2 x 4**<\/td>\n<td width=\"78\">56 x 0,3<\/td>\n<td width=\"82\">2,7<\/td>\n<td width=\"63\">5<\/td>\n<td width=\"71\">11,1<\/td>\n<td width=\"68\">77<\/td>\n<td width=\"89\">184<\/td>\n<\/tr>\n<tr>\n<td width=\"114\"><strong>SKGLHGL30400<\/strong><\/td>\n<td width=\"78\">3 x 4**<\/td>\n<td width=\"78\">56 x 0,3<\/td>\n<td width=\"82\">2,7<\/td>\n<td width=\"63\">5<\/td>\n<td width=\"71\">11,9<\/td>\n<td width=\"68\">115<\/td>\n<td width=\"89\">225<\/td>\n<\/tr>\n<tr>\n<td width=\"114\"><strong>SKGLHGL40400<\/strong><\/td>\n<td width=\"78\">4 x 4**<\/td>\n<td width=\"78\">56 x 0,3<\/td>\n<td width=\"82\">2,7<\/td>\n<td width=\"63\">5<\/td>\n<td width=\"71\">13,2<\/td>\n<td width=\"68\">154<\/td>\n<td width=\"89\">310<\/td>\n<\/tr>\n<\/tbody>\n<\/table>\n<p>*) Tol\u00e9rance sur le diam\u00e8tre en fonction de l&rsquo;utilisation pr\u00e9vue<\/p>\n<p>** Version 300\/500 volts<\/p>\n<p>&nbsp;<\/p>\n<p><strong>Note<br \/>\n<\/strong>Sur demande, nous livrons \u00e9galement des versions \u00e0 2 fils sous forme de c\u00e2bles plats Les c\u00e2bles mentionn\u00e9s sont \u00e9galement disponibles sur demande avec de la soie de verre r\u00e9sistante aux temp\u00e9ratures \u00e9lev\u00e9es, pour des domaines d&rsquo;application allant jusqu&rsquo;\u00e0 530 \u00b0C<\/p>\n<p>&nbsp;<\/p>\n","protected":false},"excerpt":{"rendered":"<p>&nbsp;<\/p>\n<h5>Ce c\u00e2ble* fait partie de notre vaste gamme de c\u00e2bles r\u00e9sistants aux temp\u00e9ratures \u00e9lev\u00e9es, utilis\u00e9s dans des domaines d&rsquo;application exigeants. Notre gamme comprend des c\u00e2bles en soie de verre pour des temp\u00e9ratures d&rsquo;utilisation jusqu&rsquo;\u00e0 550 \u00b0C, ainsi que des c\u00e2bles sp\u00e9ciaux extr\u00eamement r\u00e9sistants \u00e0 la chaleur pour des temp\u00e9ratures continues jusqu&rsquo;\u00e0 800 \u00b0C ou des temp\u00e9ratures maximales jusqu&rsquo;\u00e0 1550 \u00b0C.<\/h5>\n<p>&nbsp;<\/p>\n<p>*) Fabriqu\u00e9 selon les sp\u00e9cifications du client<\/p>\n<p>&nbsp;<\/p>\n","protected":false},"featured_media":1889,"template":"","meta":{"_acf_changed":false},"product_brand":[],"product_cat":[146,206],"product_tag":[],"class_list":{"0":"post-5907","1":"product","2":"type-product","3":"status-publish","4":"has-post-thumbnail","6":"product_cat-cables-electriques","7":"product_cat-conduites-a-haute-temperature","9":"first","10":"instock","11":"shipping-taxable","12":"purchasable","13":"product-type-simple"},"acf":[],"_links":{"self":[{"href":"https:\/\/schupp.ch\/fr\/wp-json\/wp\/v2\/product\/5907","targetHints":{"allow":["GET"]}}],"collection":[{"href":"https:\/\/schupp.ch\/fr\/wp-json\/wp\/v2\/product"}],"about":[{"href":"https:\/\/schupp.ch\/fr\/wp-json\/wp\/v2\/types\/product"}],"wp:featuredmedia":[{"embeddable":true,"href":"https:\/\/schupp.ch\/fr\/wp-json\/wp\/v2\/media\/1889"}],"wp:attachment":[{"href":"https:\/\/schupp.ch\/fr\/wp-json\/wp\/v2\/media?parent=5907"}],"wp:term":[{"taxonomy":"product_brand","embeddable":true,"href":"https:\/\/schupp.ch\/fr\/wp-json\/wp\/v2\/product_brand?post=5907"},{"taxonomy":"product_cat","embeddable":true,"href":"https:\/\/schupp.ch\/fr\/wp-json\/wp\/v2\/product_cat?post=5907"},{"taxonomy":"product_tag","embeddable":true,"href":"https:\/\/schupp.ch\/fr\/wp-json\/wp\/v2\/product_tag?post=5907"}],"curies":[{"name":"wp","href":"https:\/\/api.w.org\/{rel}","templated":true}]}}