{"id":5909,"date":"2024-01-25T16:43:59","date_gmt":"2024-01-25T15:43:59","guid":{"rendered":"https:\/\/schupp.ch\/p\/cable-de-commande-multiconducteur-mica-fibre-ceramique-gligahgligap-avec-armure-en-fil-dacier\/"},"modified":"2025-12-17T16:12:45","modified_gmt":"2025-12-17T15:12:45","slug":"cable-de-commande-multiconducteur-mica-fibre-ceramique-gligahgligap-avec-armure-en-fil-dacier","status":"publish","type":"product","link":"https:\/\/schupp.ch\/fr\/p\/cable-de-commande-multiconducteur-mica-fibre-ceramique-gligahgligap-avec-armure-en-fil-dacier\/","title":{"rendered":"C\u00e2bles multiconducteurs mica\/fibre c\u00e9ramique GLIGAHGLIGA(P) avec armure en fil d&rsquo;acier"},"content":{"rendered":"<p>&nbsp;<\/p>\n<h5><strong>Structure du c\u00e2ble<\/strong><\/h5>\n<p>&nbsp;<\/p>\n<p><strong>Conducteur :<\/strong><br \/>\nToron en cuivre nickel\u00e9, nickel pur ou alliage sp\u00e9cial<\/p>\n<p><strong>Isolation :<\/strong><br \/>\n&#8211; Ruban de mica<br \/>\n&#8211; Tresse en fibre c\u00e9ramique impr\u00e9gn\u00e9e<\/p>\n<p><strong>Marquage :<\/strong><br \/>\nAu choix, par un fil de couleur.<\/p>\n<p><strong>Toronnage :<\/strong><br \/>\nEn couches avec c\u00e2blage.<\/p>\n<p><strong>Isolation ext\u00e9rieure :<\/strong><br \/>\nTresse en fibre c\u00e9ramique impr\u00e9gn\u00e9e<\/p>\n<p><strong>Armature :<\/strong><br \/>\nTresse en fil d&rsquo;acier galvanis\u00e9 ou en acier inoxydable<\/p>\n<p><strong>Range de temp\u00e9rature :<\/strong><br \/>\n-50 \u00b0C \u00e0 + 1250 \u00b0C<\/p>\n<p><strong>Tension nominale :<\/strong><br \/>\n380 V<\/p>\n<p><strong>Tension d&rsquo;essai :<\/strong><br \/>\nConducteur\/conducteur : 2 kV<\/p>\n<p>&nbsp;<\/p>\n<p><strong>Dimensions<\/strong><\/p>\n<table>\n<tbody>\n<tr>\n<td width=\"145\"><strong>Num\u00e9ro principal<\/strong><\/td>\n<td width=\"78\"><strong>Section [mm2]<\/strong><\/td>\n<td width=\"78\"><strong>Structure fils de litz<\/strong><\/td>\n<td width=\"68\"><strong>\u00d8 max. torons-mm<\/strong><\/td>\n<td width=\"66\"><strong>\u00d8 du conducteur [mm]<\/strong><\/td>\n<td width=\"66\"><strong>\u00d8 ext\u00e9rieur [mm]*<\/strong><\/td>\n<td width=\"68\"><strong>Nombre de Cu [kg\/km]<\/strong><\/td>\n<td width=\"63\"><strong>Poids environ [kg\/km]<\/strong><\/td>\n<\/tr>\n<tr>\n<td width=\"145\"><strong>SKGLIGAH20100<\/strong><\/td>\n<td width=\"78\">2 x 1<\/td>\n<td width=\"78\">32 x 0,203<\/td>\n<td width=\"68\">1,4<\/td>\n<td width=\"66\">3,4<\/td>\n<td width=\"66\">8,2<\/td>\n<td width=\"68\">20<\/td>\n<td width=\"63\">77<\/td>\n<\/tr>\n<tr>\n<td width=\"145\"><strong>SKGLIGAH30100<\/strong><\/td>\n<td width=\"78\">3 x 1<\/td>\n<td width=\"78\">32 x 0,203<\/td>\n<td width=\"68\">1,4<\/td>\n<td width=\"66\">3,4<\/td>\n<td width=\"66\">8,7<\/td>\n<td width=\"68\">30<\/td>\n<td width=\"63\">100<\/td>\n<\/tr>\n<tr>\n<td width=\"145\"><strong>SKGLIGAH40100<\/strong><\/td>\n<td width=\"78\">4 x 1<\/td>\n<td width=\"78\">32 x 0,203<\/td>\n<td width=\"68\">1,4<\/td>\n<td width=\"66\">3,4<\/td>\n<td width=\"66\">9,7<\/td>\n<td width=\"68\">40<\/td>\n<td width=\"63\">125<\/td>\n<\/tr>\n<tr>\n<td width=\"145\"><strong>SKGLIGAH50100<\/strong><\/td>\n<td width=\"78\">5 x 1<\/td>\n<td width=\"78\">32 x 0,203<\/td>\n<td width=\"68\">1,4<\/td>\n<td width=\"66\">3,4<\/td>\n<td width=\"66\">10,6<\/td>\n<td width=\"68\">50<\/td>\n<td width=\"63\">157<\/td>\n<\/tr>\n<tr>\n<td width=\"145\"><strong>SKGLIGAH20150<\/strong><\/td>\n<td width=\"78\">2 x 1,5<\/td>\n<td width=\"78\">30 x 0,254<\/td>\n<td width=\"68\">1,7<\/td>\n<td width=\"66\">3,7<\/td>\n<td width=\"66\">8,8<\/td>\n<td width=\"68\">29<\/td>\n<td width=\"63\">92<\/td>\n<\/tr>\n<tr>\n<td width=\"145\"><strong>SKGLIGAH30150<\/strong><\/td>\n<td width=\"78\">3 x 1,5<\/td>\n<td width=\"78\">30 x 0,254<\/td>\n<td width=\"68\">1,7<\/td>\n<td width=\"66\">3,7<\/td>\n<td width=\"66\">9,4<\/td>\n<td width=\"68\">44<\/td>\n<td width=\"63\">120<\/td>\n<\/tr>\n<tr>\n<td width=\"145\"><strong>SKGLIGAH40150<\/strong><\/td>\n<td width=\"78\">4 x 1,5<\/td>\n<td width=\"78\">30 x 0,254<\/td>\n<td width=\"68\">1,7<\/td>\n<td width=\"66\">3,7<\/td>\n<td width=\"66\">10,4<\/td>\n<td width=\"68\">58<\/td>\n<td width=\"63\">151<\/td>\n<\/tr>\n<tr>\n<td width=\"145\"><strong>SKGLIGAH50150<\/strong><\/td>\n<td width=\"78\">5 x 1,5<\/td>\n<td width=\"78\">30 x 0,254<\/td>\n<td width=\"68\">1,7<\/td>\n<td width=\"66\">3,7<\/td>\n<td width=\"66\">11,3<\/td>\n<td width=\"68\">73<\/td>\n<td width=\"63\">190<\/td>\n<\/tr>\n<tr>\n<td width=\"145\"><strong>SKGLIGAH50250<\/strong><\/td>\n<td width=\"78\">2 x 2,5<\/td>\n<td width=\"78\">50 x 0,254<\/td>\n<td width=\"68\">2,15<\/td>\n<td width=\"66\">4,0<\/td>\n<td width=\"66\">9,5<\/td>\n<td width=\"68\">49<\/td>\n<td width=\"63\">124<\/td>\n<\/tr>\n<tr>\n<td width=\"145\"><strong>SKGLIGAH30250<\/strong><\/td>\n<td width=\"78\">3 x 2,5<\/td>\n<td width=\"78\">50 x 0,254<\/td>\n<td width=\"68\">2,15<\/td>\n<td width=\"66\">4,0<\/td>\n<td width=\"66\">10,1<\/td>\n<td width=\"68\">74<\/td>\n<td width=\"63\">158<\/td>\n<\/tr>\n<tr>\n<td width=\"145\"><strong>SKGLIGAH40250<\/strong><\/td>\n<td width=\"78\">4 x 2,5<\/td>\n<td width=\"78\">50 x 0,254<\/td>\n<td width=\"68\">2,15<\/td>\n<td width=\"66\">4,0<\/td>\n<td width=\"66\">11,1<\/td>\n<td width=\"68\">99<\/td>\n<td width=\"63\">200<\/td>\n<\/tr>\n<tr>\n<td width=\"145\"><strong>SKGLIGAH50250<\/strong><\/td>\n<td width=\"78\">5 x 2,5<\/td>\n<td width=\"78\">50 x 0,254<\/td>\n<td width=\"68\">2,15<\/td>\n<td width=\"66\">4,0<\/td>\n<td width=\"66\">12,3<\/td>\n<td width=\"68\">124<\/td>\n<td width=\"63\">245<\/td>\n<\/tr>\n<tr>\n<td width=\"145\"><strong>SKGLIGAH20400<\/strong><\/td>\n<td width=\"78\">2 x 4<\/td>\n<td width=\"78\">56 x 0,3<\/td>\n<td width=\"68\">2,7<\/td>\n<td width=\"66\">4,8<\/td>\n<td width=\"66\">11,1<\/td>\n<td width=\"68\">77<\/td>\n<td width=\"63\">172<\/td>\n<\/tr>\n<tr>\n<td width=\"145\"><strong>SKGLIGAH30400<\/strong><\/td>\n<td width=\"78\">3 x 4<\/td>\n<td width=\"78\">56 x 0,3<\/td>\n<td width=\"68\">2,7<\/td>\n<td width=\"66\">4,8<\/td>\n<td width=\"66\">11,9<\/td>\n<td width=\"68\">116<\/td>\n<td width=\"63\">238<\/td>\n<\/tr>\n<tr>\n<td width=\"145\"><strong>SKGLIGAH40400<\/strong><\/td>\n<td width=\"78\">4 x 4<\/td>\n<td width=\"78\">56 x 0,3<\/td>\n<td width=\"68\">2,7<\/td>\n<td width=\"66\">4,8<\/td>\n<td width=\"66\">13,1<\/td>\n<td width=\"68\">154<\/td>\n<td width=\"63\">306<\/td>\n<\/tr>\n<tr>\n<td width=\"145\"><strong>SKGLIGAH50400<\/strong><\/td>\n<td width=\"78\">5 x 4<\/td>\n<td width=\"78\">56 x 0,3<\/td>\n<td width=\"68\">2,7<\/td>\n<td width=\"66\">4,8<\/td>\n<td width=\"66\">14,5<\/td>\n<td width=\"68\">193<\/td>\n<td width=\"63\">404<\/td>\n<\/tr>\n<tr>\n<td width=\"145\"><strong>SKGLIGAH20600<\/strong><\/td>\n<td width=\"78\">2 x 6<\/td>\n<td width=\"78\">84 x 0,3<\/td>\n<td width=\"68\">3,3<\/td>\n<td width=\"66\">5,4<\/td>\n<td width=\"66\">12,3<\/td>\n<td width=\"68\">118<\/td>\n<td width=\"63\">234<\/td>\n<\/tr>\n<tr>\n<td width=\"145\"><strong>SKGLIGAH30600<\/strong><\/td>\n<td width=\"78\">3 x 6<\/td>\n<td width=\"78\">84 x 0,3<\/td>\n<td width=\"68\">3,3<\/td>\n<td width=\"66\">5,4<\/td>\n<td width=\"66\">13,2<\/td>\n<td width=\"68\">176<\/td>\n<td width=\"63\">324<\/td>\n<\/tr>\n<tr>\n<td width=\"145\"><strong>SKGLIGAH40600<\/strong><\/td>\n<td width=\"78\">4 x 6<\/td>\n<td width=\"78\">84 x 0,3<\/td>\n<td width=\"68\">3,3<\/td>\n<td width=\"66\">5,4<\/td>\n<td width=\"66\">14,5<\/td>\n<td width=\"68\">235<\/td>\n<td width=\"63\">417<\/td>\n<\/tr>\n<tr>\n<td width=\"145\"><strong>SKGLIGAH50600<\/strong><\/td>\n<td width=\"78\">5 x 6<\/td>\n<td width=\"78\">84 x 0,3<\/td>\n<td width=\"68\">3,3<\/td>\n<td width=\"66\">5,4<\/td>\n<td width=\"66\">16,1<\/td>\n<td width=\"68\">295<\/td>\n<td width=\"63\">529<\/td>\n<\/tr>\n<\/tbody>\n<\/table>\n<p>* Tol\u00e9rance sur le diam\u00e8tre en fonction de l&rsquo;utilisation pr\u00e9vue<\/p>\n<p>&nbsp;<\/p>\n","protected":false},"excerpt":{"rendered":"<p>&nbsp;<\/p>\n<p>&nbsp;<\/p>\n<h5>Ce c\u00e2ble\u00a0 est adapt\u00e9 pour le c\u00e2blage dans des conditions de temp\u00e9ratures ambiantes \u00e9lev\u00e9es et de contraintes m\u00e9caniques accrues telles que:<\/h5>\n<p>&nbsp;<\/p>\n<h5><\/h5>\n<ul>\n<li>\n<h5>Fabrication de verre et de c\u00e9ramique<\/h5>\n<\/li>\n<li>\n<h5>Fours industriels<\/h5>\n<\/li>\n<li>\n<h5>chauffages \u00e9lectriques<\/h5>\n<\/li>\n<\/ul>\n<h5><\/h5>\n<p>&nbsp;<\/p>\n<h5>Les c\u00e2bles sont \u00e9galement disponibles sans armature sur demande.<\/h5>\n<h5><\/h5>\n","protected":false},"featured_media":1901,"template":"","meta":{"_acf_changed":false},"product_brand":[],"product_cat":[146,206],"product_tag":[],"class_list":{"0":"post-5909","1":"product","2":"type-product","3":"status-publish","4":"has-post-thumbnail","6":"product_cat-cables-electriques","7":"product_cat-conduites-a-haute-temperature","9":"first","10":"instock","11":"shipping-taxable","12":"purchasable","13":"product-type-simple"},"acf":[],"_links":{"self":[{"href":"https:\/\/schupp.ch\/fr\/wp-json\/wp\/v2\/product\/5909","targetHints":{"allow":["GET"]}}],"collection":[{"href":"https:\/\/schupp.ch\/fr\/wp-json\/wp\/v2\/product"}],"about":[{"href":"https:\/\/schupp.ch\/fr\/wp-json\/wp\/v2\/types\/product"}],"wp:featuredmedia":[{"embeddable":true,"href":"https:\/\/schupp.ch\/fr\/wp-json\/wp\/v2\/media\/1901"}],"wp:attachment":[{"href":"https:\/\/schupp.ch\/fr\/wp-json\/wp\/v2\/media?parent=5909"}],"wp:term":[{"taxonomy":"product_brand","embeddable":true,"href":"https:\/\/schupp.ch\/fr\/wp-json\/wp\/v2\/product_brand?post=5909"},{"taxonomy":"product_cat","embeddable":true,"href":"https:\/\/schupp.ch\/fr\/wp-json\/wp\/v2\/product_cat?post=5909"},{"taxonomy":"product_tag","embeddable":true,"href":"https:\/\/schupp.ch\/fr\/wp-json\/wp\/v2\/product_tag?post=5909"}],"curies":[{"name":"wp","href":"https:\/\/api.w.org\/{rel}","templated":true}]}}