{"id":5911,"date":"2024-01-25T16:40:39","date_gmt":"2024-01-25T15:40:39","guid":{"rendered":"https:\/\/schupp.ch\/p\/cable-de-commande-en-soie-de-verre-glhgp-avec-armure-en-fil-dacier-multiconducteur\/"},"modified":"2025-12-17T14:55:09","modified_gmt":"2025-12-17T13:55:09","slug":"cable-de-commande-en-soie-de-verre-glhgp-avec-armure-en-fil-dacier-multiconducteur","status":"publish","type":"product","link":"https:\/\/schupp.ch\/fr\/p\/cable-de-commande-en-soie-de-verre-glhgp-avec-armure-en-fil-dacier-multiconducteur\/","title":{"rendered":"C\u00e2bles en soie de verre GLHGP avec armure en fil d&rsquo;acier, multiconducteur"},"content":{"rendered":"<p>&nbsp;<\/p>\n<h5><strong>Structure du c\u00e2ble<\/strong><\/h5>\n<p>&nbsp;<\/p>\n<p><strong>Conducteur :<\/strong><br \/>\nToron en cuivre nickel\u00e9 ou nickel pur<\/p>\n<p><strong>Isolation :<\/strong><br \/>\nFilm s\u00e9parateur \/ gainage en fibre de verre \/ tresse en fibre de verre impr\u00e9gn\u00e9e<\/p>\n<p><strong>Marquage :<\/strong><br \/>\nAu choix, marqu\u00e9 par un fil de couleur<\/p>\n<p><strong>C\u00e2blage :<\/strong><br \/>\nEn couches avec fil d&rsquo;accompagnement en fibre de verre<\/p>\n<p><strong>Isolation ext\u00e9rieure :<\/strong><br \/>\nTresse en fibre de verre avec impr\u00e9gnation<\/p>\n<p><strong>Armature :<\/strong><br \/>\nTresse en fil d&rsquo;acier galvanis\u00e9 ou en acier inoxydable<\/p>\n<p><strong>Caract\u00e9ristiques techniques<\/strong><br \/>\n&#8211; Plage de temp\u00e9rature : &#8211; 50 \u00b0C \u00e0 + 350 \u00b0C, bri\u00e8vement 500 \u00b0C<br \/>\n&#8211; Tension nominale : 300 \/ 300 volts<br \/>\n&#8211; Tension d&rsquo;essai : conducteur\/conducteur 1,5 kV<\/p>\n<p>&nbsp;<\/p>\n<p><strong>Dimensions<\/strong><\/p>\n<table width=\"643\">\n<tbody>\n<tr>\n<td width=\"108\"><strong>Num\u00e9ro principal<\/strong><\/td>\n<td width=\"78\">Section [mm2]<\/td>\n<td width=\"78\">Structure des torons<\/td>\n<td width=\"82\">max. \u00d8 du fil [mm]<\/td>\n<td width=\"71\">\u00d8 du conducteur [mm]<\/td>\n<td width=\"78\">\u00d8 ext\u00e9rieur [mm]*<\/td>\n<td width=\"69\">Nombre de Cu [kg\/km]<\/td>\n<td width=\"78\">Poids environ [kg\/km]<\/td>\n<\/tr>\n<tr>\n<td width=\"108\"><strong>SKGLHGLP20022<\/strong><\/td>\n<td width=\"78\">2 x 0,22<\/td>\n<td width=\"78\">7 x 0,20<\/td>\n<td width=\"82\">0,66<\/td>\n<td width=\"71\">1,1<\/td>\n<td width=\"78\">3,3<\/td>\n<td width=\"69\">4,4<\/td>\n<td width=\"78\">25<\/td>\n<\/tr>\n<tr>\n<td width=\"108\"><strong>SKGLHGLP30022<\/strong><\/td>\n<td width=\"78\">3 x 0,22<\/td>\n<td width=\"78\">7 x 0,20<\/td>\n<td width=\"82\">0,66<\/td>\n<td width=\"71\">1,1<\/td>\n<td width=\"78\">3,5<\/td>\n<td width=\"69\">6,4<\/td>\n<td width=\"78\">30<\/td>\n<\/tr>\n<tr>\n<td width=\"108\"><strong>SKGLHGLP40022<\/strong><\/td>\n<td width=\"78\">4 x 0,22<\/td>\n<td width=\"78\">7x 0,20<\/td>\n<td width=\"82\">0,66<\/td>\n<td width=\"71\">1,1<\/td>\n<td width=\"78\">3,8<\/td>\n<td width=\"69\">8,8<\/td>\n<td width=\"78\">33<\/td>\n<\/tr>\n<tr>\n<td width=\"108\"><strong>SKGLHGLP20034<\/strong><\/td>\n<td width=\"78\">2 x 0,34<\/td>\n<td width=\"78\">7 x 0,254<\/td>\n<td width=\"82\">0,82<\/td>\n<td width=\"71\">1,2<\/td>\n<td width=\"78\">3,7<\/td>\n<td width=\"69\">7<\/td>\n<td width=\"78\">32<\/td>\n<\/tr>\n<tr>\n<td width=\"108\"><strong>SKGLHGLP30034<\/strong><\/td>\n<td width=\"78\">3 x 0,34<\/td>\n<td width=\"78\">7 x 0,254<\/td>\n<td width=\"82\">0,82<\/td>\n<td width=\"71\">1,2<\/td>\n<td width=\"78\">3,9<\/td>\n<td width=\"69\">10,4<\/td>\n<td width=\"78\">38<\/td>\n<\/tr>\n<tr>\n<td width=\"108\"><strong>SKGLHGLP40034<\/strong><\/td>\n<td width=\"78\">4 x 0,34<\/td>\n<td width=\"78\">7x 0,254<\/td>\n<td width=\"82\">0,82<\/td>\n<td width=\"71\">1,2<\/td>\n<td width=\"78\">4,2<\/td>\n<td width=\"69\">13,8<\/td>\n<td width=\"78\">49<\/td>\n<\/tr>\n<tr>\n<td width=\"108\"><strong>SKGLHGLP20050<\/strong><\/td>\n<td width=\"78\">2 x 0,5<\/td>\n<td width=\"78\">16 x 0,203<\/td>\n<td width=\"82\">1<\/td>\n<td width=\"71\">1,5<\/td>\n<td width=\"78\">4,2<\/td>\n<td width=\"69\">10<\/td>\n<td width=\"78\">42<\/td>\n<\/tr>\n<tr>\n<td width=\"108\"><strong>SKGLHGLP30050<\/strong><\/td>\n<td width=\"78\">3 x 0,5<\/td>\n<td width=\"78\">16 x 0,203<\/td>\n<td width=\"82\">1<\/td>\n<td width=\"71\">1,5<\/td>\n<td width=\"78\">4,4<\/td>\n<td width=\"69\">15<\/td>\n<td width=\"78\">52<\/td>\n<\/tr>\n<tr>\n<td width=\"108\"><strong>SKGLHGLP40050<\/strong><\/td>\n<td width=\"78\">4 x 0,5<\/td>\n<td width=\"78\">16 x 0,203<\/td>\n<td width=\"82\">1<\/td>\n<td width=\"71\">1,5<\/td>\n<td width=\"78\">4,8<\/td>\n<td width=\"69\">20<\/td>\n<td width=\"78\">62<\/td>\n<\/tr>\n<tr>\n<td width=\"108\"><strong>SKGLHGLP20075<\/strong><\/td>\n<td width=\"78\">2 x 0,75<\/td>\n<td width=\"78\">24 x 0,203<\/td>\n<td width=\"82\">1,25<\/td>\n<td width=\"71\">2,3<\/td>\n<td width=\"78\">5,8<\/td>\n<td width=\"69\">15<\/td>\n<td width=\"78\">68<\/td>\n<\/tr>\n<tr>\n<td width=\"108\"><strong>SKGLHGLP30075<\/strong><\/td>\n<td width=\"78\">3 x 0,75<\/td>\n<td width=\"78\">24 x 0,203<\/td>\n<td width=\"82\">1,25<\/td>\n<td width=\"71\">2,3<\/td>\n<td width=\"78\">6,3<\/td>\n<td width=\"69\">23<\/td>\n<td width=\"78\">88<\/td>\n<\/tr>\n<tr>\n<td width=\"108\"><strong>SKGLHGLP40075<\/strong><\/td>\n<td width=\"78\">4 x 0,75<\/td>\n<td width=\"78\">24 x 0,203<\/td>\n<td width=\"82\">1,25<\/td>\n<td width=\"71\">2,3<\/td>\n<td width=\"78\">6,8<\/td>\n<td width=\"69\">30<\/td>\n<td width=\"78\">106<\/td>\n<\/tr>\n<tr>\n<td width=\"108\"><strong>SKGLHGLP20100<\/strong><\/td>\n<td width=\"78\">2 x 1<\/td>\n<td width=\"78\">32 x 0,203<\/td>\n<td width=\"82\">1,4<\/td>\n<td width=\"71\">2,5<\/td>\n<td width=\"78\">6,3<\/td>\n<td width=\"69\">20<\/td>\n<td width=\"78\">86<\/td>\n<\/tr>\n<tr>\n<td width=\"108\"><strong>SKGLHGLP30100<\/strong><\/td>\n<td width=\"78\">3 x 1<\/td>\n<td width=\"78\">32 x 0,203<\/td>\n<td width=\"82\">1,4<\/td>\n<td width=\"71\">2,5<\/td>\n<td width=\"78\">6,7<\/td>\n<td width=\"69\">30<\/td>\n<td width=\"78\">111<\/td>\n<\/tr>\n<tr>\n<td width=\"108\"><strong>SKGLHGLP40100<\/strong><\/td>\n<td width=\"78\">4 x 1<\/td>\n<td width=\"78\">32 x 0,203<\/td>\n<td width=\"82\">1,4<\/td>\n<td width=\"71\">2,5<\/td>\n<td width=\"78\">7,2<\/td>\n<td width=\"69\">40,5<\/td>\n<td width=\"78\">142<\/td>\n<\/tr>\n<tr>\n<td width=\"108\"><strong>SKGLHGLP20150<\/strong><\/td>\n<td width=\"78\">2 x 1,5<\/td>\n<td width=\"78\">30 x 0,254<\/td>\n<td width=\"82\">1,7<\/td>\n<td width=\"71\">2,8<\/td>\n<td width=\"78\">7,1<\/td>\n<td width=\"69\">30<\/td>\n<td width=\"78\">97<\/td>\n<\/tr>\n<tr>\n<td width=\"108\"><strong>SKGLHGLP30150<\/strong><\/td>\n<td width=\"78\">3 x 1,5<\/td>\n<td width=\"78\">30 x 0,254<\/td>\n<td width=\"82\">1,7<\/td>\n<td width=\"71\">2,8<\/td>\n<td width=\"78\">7,5<\/td>\n<td width=\"69\">44,5<\/td>\n<td width=\"78\">133<\/td>\n<\/tr>\n<tr>\n<td width=\"108\"><strong>SKGLHGLP40150<\/strong><\/td>\n<td width=\"78\">4 x 1,5<\/td>\n<td width=\"78\">30x 0,254<\/td>\n<td width=\"82\">1,7<\/td>\n<td width=\"71\">2,8<\/td>\n<td width=\"78\">8,1<\/td>\n<td width=\"69\">59<\/td>\n<td width=\"78\">163<\/td>\n<\/tr>\n<tr>\n<td width=\"108\"><strong>SKGLHGLP20250<\/strong><\/td>\n<td width=\"78\">2 x 2,5**<\/td>\n<td width=\"78\">50 x 0,254<\/td>\n<td width=\"82\">2,15<\/td>\n<td width=\"71\">4,3<\/td>\n<td width=\"78\">8,8<\/td>\n<td width=\"69\">48<\/td>\n<td width=\"78\">175<\/td>\n<\/tr>\n<tr>\n<td width=\"108\"><strong>SKGLHGLP30250<\/strong><\/td>\n<td width=\"78\">3 x 2,5&Prime;\u00a0\u00bb<\/td>\n<td width=\"78\">50 x 0,254<\/td>\n<td width=\"82\">2,15<\/td>\n<td width=\"71\">4,3<\/td>\n<td width=\"78\">10,9<\/td>\n<td width=\"69\">74<\/td>\n<td width=\"78\">213<\/td>\n<\/tr>\n<tr>\n<td width=\"108\"><strong>SKGLHGLP40250<\/strong><\/td>\n<td width=\"78\">4 x 2,5**<\/td>\n<td width=\"78\">50 x 0,254<\/td>\n<td width=\"82\">2,15<\/td>\n<td width=\"71\">4,3<\/td>\n<td width=\"78\">12,3<\/td>\n<td width=\"69\">98<\/td>\n<td width=\"78\">297<\/td>\n<\/tr>\n<tr>\n<td width=\"108\"><strong>SKGLHGLP20400<\/strong><\/td>\n<td width=\"78\">2 x 4**<\/td>\n<td width=\"78\">56 x 0,3<\/td>\n<td width=\"82\">2,7<\/td>\n<td width=\"71\">5<\/td>\n<td width=\"78\">12,1<\/td>\n<td width=\"69\">77<\/td>\n<td width=\"78\">253<\/td>\n<\/tr>\n<tr>\n<td width=\"108\"><strong>SKGLHGLP30400<\/strong><\/td>\n<td width=\"78\">3 x 4**<\/td>\n<td width=\"78\">56 x 0,3<\/td>\n<td width=\"82\">2,7<\/td>\n<td width=\"71\">5<\/td>\n<td width=\"78\">12,9<\/td>\n<td width=\"69\">115<\/td>\n<td width=\"78\">295<\/td>\n<\/tr>\n<tr>\n<td width=\"108\"><strong>SKGLHGLP40400<\/strong><\/td>\n<td width=\"78\">4 x 4**<\/td>\n<td width=\"78\">56 x 0,3<\/td>\n<td width=\"82\">2,7<\/td>\n<td width=\"71\">5<\/td>\n<td width=\"78\">14,2<\/td>\n<td width=\"69\">154<\/td>\n<td width=\"78\">394<\/td>\n<\/tr>\n<\/tbody>\n<\/table>\n<p>*) Tol\u00e9rance sur le diam\u00e8tre en fonction de l&rsquo;utilisation pr\u00e9vue et sur demande<br \/>\n** Version 300\/500 volts<\/p>\n<p><strong>Note<br \/>\n<\/strong>Sur demande, nous livrons \u00e9galement des versions \u00e0 2 conducteurs sous forme de c\u00e2ble plat<br \/>\nLes c\u00e2bles mentionn\u00e9s sont \u00e9galement disponibles sur demande avec de la soie de verre r\u00e9sistante aux temp\u00e9ratures \u00e9lev\u00e9es, pour des domaines d&rsquo;application allant jusqu&rsquo;\u00e0 530 \u00b0C<\/p>\n<p>&nbsp;<\/p>\n","protected":false},"excerpt":{"rendered":"<p>&nbsp;<\/p>\n<p>&nbsp;<\/p>\n<h5>Ce c\u00e2ble peut \u00eatre utilis\u00e9 pour le c\u00e2blage dans des conditions de temp\u00e9ratures ambiantes \u00e9lev\u00e9es et de contraintes m\u00e9caniques accrues, par exemple:<\/h5>\n<p>&nbsp;<\/p>\n<ul>\n<li>\n<h5>Installations d&rsquo;extrusion et de s\u00e9chage<\/h5>\n<\/li>\n<li>\n<h5>Chauffages \u00e9lectriques<\/h5>\n<\/li>\n<li>\n<h5>Technique sid\u00e9rurgique et m\u00e9tallurgique<\/h5>\n<\/li>\n<li>\n<h5>Fabrication de verre et de c\u00e9ramique<\/h5>\n<\/li>\n<\/ul>\n<p>&nbsp;<\/p>\n","protected":false},"featured_media":1893,"template":"","meta":{"_acf_changed":false},"product_brand":[],"product_cat":[146,206],"product_tag":[],"class_list":{"0":"post-5911","1":"product","2":"type-product","3":"status-publish","4":"has-post-thumbnail","6":"product_cat-cables-electriques","7":"product_cat-conduites-a-haute-temperature","9":"first","10":"instock","11":"shipping-taxable","12":"purchasable","13":"product-type-simple"},"acf":[],"_links":{"self":[{"href":"https:\/\/schupp.ch\/fr\/wp-json\/wp\/v2\/product\/5911","targetHints":{"allow":["GET"]}}],"collection":[{"href":"https:\/\/schupp.ch\/fr\/wp-json\/wp\/v2\/product"}],"about":[{"href":"https:\/\/schupp.ch\/fr\/wp-json\/wp\/v2\/types\/product"}],"wp:featuredmedia":[{"embeddable":true,"href":"https:\/\/schupp.ch\/fr\/wp-json\/wp\/v2\/media\/1893"}],"wp:attachment":[{"href":"https:\/\/schupp.ch\/fr\/wp-json\/wp\/v2\/media?parent=5911"}],"wp:term":[{"taxonomy":"product_brand","embeddable":true,"href":"https:\/\/schupp.ch\/fr\/wp-json\/wp\/v2\/product_brand?post=5911"},{"taxonomy":"product_cat","embeddable":true,"href":"https:\/\/schupp.ch\/fr\/wp-json\/wp\/v2\/product_cat?post=5911"},{"taxonomy":"product_tag","embeddable":true,"href":"https:\/\/schupp.ch\/fr\/wp-json\/wp\/v2\/product_tag?post=5911"}],"curies":[{"name":"wp","href":"https:\/\/api.w.org\/{rel}","templated":true}]}}