{"id":5913,"date":"2024-01-25T17:00:24","date_gmt":"2024-01-25T16:00:24","guid":{"rendered":"https:\/\/schupp.ch\/p\/fils-de-bobinage-kd500-avec-isolation-ceramique-500c\/"},"modified":"2025-12-28T12:52:39","modified_gmt":"2025-12-28T11:52:39","slug":"fils-de-bobinage-kd500-avec-isolation-ceramique-500c","status":"publish","type":"product","link":"https:\/\/schupp.ch\/fr\/p\/fils-de-bobinage-kd500-avec-isolation-ceramique-500c\/","title":{"rendered":"Fils de bobinage KD500 avec isolation c\u00e9ramique ( 500\u00b0C )"},"content":{"rendered":"<p>&nbsp;<\/p>\n<p><strong>Applications :<\/strong><\/p>\n<p>Enroulements sp\u00e9ciaux de transformateurs, selfs, bobines ou capteurs qui doivent fonctionner en permanence \u00e0 des temp\u00e9ratures \u00e9lev\u00e9es jusqu&rsquo;\u00e0 500\u00b0C (pointes \u00e0 1000\u00b0C) dans le domaine de la basse tension. Diff\u00e9rentes applications de s\u00e9curit\u00e9 qui doivent r\u00e9sister \u00e0 un incendie jusqu&rsquo;\u00e0 600\u00b0C sans \u00eatre d\u00e9truites (\u00e9chauffement m\u00e9canique, court-circuit, risques li\u00e9s \u00e0 la chaleur, etc.)<\/p>\n<p><strong>Composition :<\/strong><\/p>\n<table>\n<tbody>\n<tr>\n<td width=\"128\"><strong>Conducteur :<\/strong><\/td>\n<td width=\"522\">Placage cuivre\/nickel 27<\/td>\n<\/tr>\n<tr>\n<td width=\"128\"><\/td>\n<td width=\"522\">Autres mat\u00e9riaux conducteurs sur demande. Il est \u00e9galement possible de traiter des mat\u00e9riaux conducteurs sp\u00e9ciaux fournis par le client. Les tests correspondants sont effectu\u00e9s en usine.<\/td>\n<\/tr>\n<tr>\n<td width=\"128\"><strong>Isolation :<\/strong><\/td>\n<td width=\"522\">C\u00e9ramique d&rsquo;une \u00e9paisseur de 5 \u00e0 20 \u00b5m<\/td>\n<\/tr>\n<tr>\n<td width=\"128\"><strong>couleur :<\/strong><\/td>\n<td width=\"522\">gris<\/td>\n<\/tr>\n<tr>\n<td width=\"128\"><strong>Dimensions :<\/strong><\/td>\n<td width=\"522\">AWG 41 \u00e0 AWG 18 ou 0,07 mm \u00e0 1,0 mm<\/td>\n<\/tr>\n<tr>\n<td width=\"128\"><strong>Densit\u00e9 lin\u00e9aire :<\/strong><\/td>\n<td width=\"522\">Comme celle du cuivre = 8,92 kg\/dm3 par km<\/td>\n<\/tr>\n<tr>\n<td width=\"128\"><strong>Migration du nickel :<\/strong><\/td>\n<td width=\"522\">A des temp\u00e9ratures &gt;315\u00b0C, le KD500 est sujet \u00e0 une p\u00e9n\u00e9tration du nickel dans le cuivre. Cet effet est n\u00e9gligeable pour les diam\u00e8tres plus importants, mais consid\u00e9rable pour les diam\u00e8tres de fil &lt;0,15 mm (AWG 34) apr\u00e8s 48 heures de fonctionnement, avec pour cons\u00e9quence une augmentation de la r\u00e9sistance.<\/td>\n<\/tr>\n<\/tbody>\n<\/table>\n<p>&nbsp;<\/p>\n<p><strong>R\u00e9sistance \u00e0 la temp\u00e9rature :<br \/>\n<\/strong>Permanent -90\u00b0C \u00e0 +500\u00b0C (2500 heures min.)<br \/>\nCourt terme jusqu&rsquo;\u00e0 800\u00b0C (test\u00e9 pendant 10 jours ou 240 heures) et pointes \u00e0 1000\u00b0C.<\/p>\n<p><strong>Valeurs \u00e9lectriques :<br \/>\n<\/strong>Tension d&rsquo;essai 150V AC, correspondant \u00e0 212V DC, test avec fil enroul\u00e9 Rayon de courbure = 20 x diam\u00e8tre. Pour rayon de courbure &lt; 20 x diam\u00e8tre, nous consulter<br \/>\nTension de claquage &gt;150V AC<br \/>\nR\u00e9sistance max. 3.10-6 \u03a9.cm \u00e0 20\u00b0 C apr\u00e8s vieillissement \u00e0 500\u00b0C<\/p>\n<p><strong>Autres caract\u00e9ristiques<\/strong><\/p>\n<table>\n<tbody>\n<tr>\n<td width=\"191\">R\u00e9sistance \u00e0 l&rsquo;humidit\u00e9 :<\/td>\n<td width=\"221\">La c\u00e9ramique est sensible \u00e0 l&rsquo;humidit\u00e9. Elle doit \u00e9ventuellement \u00eatre impr\u00e9gn\u00e9e \u00e0 l&rsquo;\u00e9tat fini.<\/td>\n<\/tr>\n<tr>\n<td width=\"191\">R\u00e9sistance aux produits chimiques :<\/td>\n<td width=\"221\">La c\u00e9ramique est tr\u00e8s r\u00e9sistante aux solvants et aux huiles organiques.<\/td>\n<\/tr>\n<tr>\n<td width=\"191\">R\u00e9sistance aux rayonnements :<\/td>\n<td width=\"221\">Haute r\u00e9sistance.<\/td>\n<\/tr>\n<tr>\n<td width=\"191\">Inflammabilit\u00e9 :<\/td>\n<td width=\"221\">Ininflammable. A des temp\u00e9ratures &gt;1000\u00b0C, le fil peut fondre mais ne pas br\u00fbler.<\/td>\n<\/tr>\n<tr>\n<td width=\"191\">Rayon de courbure :<\/td>\n<td width=\"221\">5x le diam\u00e8tre ext\u00e9rieur (voir tableau)<\/td>\n<\/tr>\n<tr>\n<td width=\"191\">Absence d&rsquo;halog\u00e8ne :<\/td>\n<td width=\"221\">Oui<\/td>\n<\/tr>\n<tr>\n<td width=\"191\">D\u00e9gagement de gaz :<\/td>\n<td width=\"221\">Aucun<\/td>\n<\/tr>\n<\/tbody>\n<\/table>\n<p>&nbsp;<\/p>\n<p><strong>Instructions de traitement<br \/>\n<\/strong>La c\u00e9ramique est tr\u00e8s diff\u00e9rente des isolants traditionnels en fil m\u00e9tallique. Elle est tr\u00e8s dure et sensible \u00e0 l&rsquo;humidit\u00e9. Elle n\u00e9cessite donc un soin particulier lors de son traitement.<\/p>\n<ul>\n<li>Le KD 500 doit imp\u00e9rativement \u00eatre stock\u00e9 et trait\u00e9 dans un environnement sec.<\/li>\n<li>L&rsquo;enroulement ne doit pas \u00eatre soumis \u00e0 des coups ou \u00e0 des chocs.<\/li>\n<li>Lors de l&rsquo;enroulement, il ne faut pas utiliser de forces de traction sup\u00e9rieures \u00e0 celles indiqu\u00e9es dans le tableau ci-dessous.<\/li>\n<li>Le rayon de courbure doit \u00eatre de 5 x le diam\u00e8tre ext\u00e9rieur du fil au maximum (voir tableau).<\/li>\n<li>Le fil ne doit pas \u00eatre d\u00e9roul\u00e9 \u00e0 l&rsquo;envers mais axialement, de pr\u00e9f\u00e9rence avec une force de traction constante.<\/li>\n<li>Les fils ne doivent en aucun cas \u00eatre pli\u00e9s. Contr\u00f4le visuel de l&rsquo;enroulement.<\/li>\n<li>Un rayon de courbure trop \u00e9troit ou un pliage du fil se reconna\u00eet g\u00e9n\u00e9ralement \u00e0 des fissures dans l&rsquo;isolation c\u00e9ramique, qui se traduisent par une coloration blanche de la surface.<\/li>\n<\/ul>\n<p><strong>D\u00e9nudage<br \/>\n<\/strong>Le rev\u00eatement c\u00e9ramique du KD500 est tr\u00e8s fin et adh\u00e8re au conducteur. Les outils de d\u00e9nudage traditionnels ne peuvent donc pas \u00eatre utilis\u00e9s. Le d\u00e9nudage peut \u00eatre effectu\u00e9 avec du papier abrasif fin.<\/p>\n<p><strong>Remarque<br \/>\n<\/strong>Lors du d\u00e9nudage m\u00e9canique de fils rev\u00eatus de nickel, ce rev\u00eatement ne doit pas \u00eatre retir\u00e9, sinon une bonne soudure n&rsquo;est plus garantie.<\/p>\n<p><strong>Connecter<br \/>\n<\/strong>La connexion des fils c\u00e9ramiques se fait soit par soudure \u00e0 l&rsquo;argent, soit par sertissage, soit par wrapping.<\/p>\n<p>&nbsp;<\/p>\n<p><strong>Dimensions :<\/strong><\/p>\n<table>\n<tbody>\n<tr>\n<td width=\"118\"><strong>Num\u00e9ro d&rsquo;article<\/strong><\/td>\n<td width=\"99\">Diam\u00e8tre [mm]<\/td>\n<td width=\"81\">AWG Taille<\/td>\n<td width=\"128\">Diam\u00e8tre ext\u00e9rieur [mm]<\/td>\n<td width=\"104\">Poids [g\/km]<\/td>\n<td width=\"100\">Longueur [m kg]<\/td>\n<\/tr>\n<tr>\n<td width=\"118\"><strong>KD500\/007RR<\/strong><\/td>\n<td width=\"99\">0,07<\/td>\n<td width=\"81\">41<\/td>\n<td width=\"128\">0,086<\/td>\n<td width=\"104\">34<\/td>\n<td width=\"100\">29 800<\/td>\n<\/tr>\n<tr>\n<td width=\"118\"><strong>KD500\/010RR<\/strong><\/td>\n<td width=\"99\">0,10<\/td>\n<td width=\"81\">38<\/td>\n<td width=\"128\">0,116<\/td>\n<td width=\"104\">71<\/td>\n<td width=\"100\">14 000<\/td>\n<\/tr>\n<tr>\n<td width=\"118\"><strong>KD500\/012RR<\/strong><\/td>\n<td width=\"99\">0,12<\/td>\n<td width=\"81\">36<\/td>\n<td width=\"128\">0,136<\/td>\n<td width=\"104\">101<\/td>\n<td width=\"100\">9 901<\/td>\n<\/tr>\n<tr>\n<td width=\"118\"><strong>KD500\/015RR<\/strong><\/td>\n<td width=\"99\">0,15<\/td>\n<td width=\"81\">34<\/td>\n<td width=\"128\">0,167<\/td>\n<td width=\"104\">161<\/td>\n<td width=\"100\">6 210<\/td>\n<\/tr>\n<tr>\n<td width=\"118\"><strong>KD500\/017RR<\/strong><\/td>\n<td width=\"99\">0,17<\/td>\n<td width=\"81\">33<\/td>\n<td width=\"128\">0,186<\/td>\n<td width=\"104\">202<\/td>\n<td width=\"100\">4 950<\/td>\n<\/tr>\n<tr>\n<td width=\"118\"><strong>KD500\/020RR<\/strong><\/td>\n<td width=\"99\">0,20<\/td>\n<td width=\"81\">32<\/td>\n<td width=\"128\">0,217<\/td>\n<td width=\"104\">286<\/td>\n<td width=\"100\">3 500<\/td>\n<\/tr>\n<tr>\n<td width=\"118\"><strong>KD500\/025RR<\/strong><\/td>\n<td width=\"99\">0,25<\/td>\n<td width=\"81\">30<\/td>\n<td width=\"128\">0,268<\/td>\n<td width=\"104\">446<\/td>\n<td width=\"100\">2 240<\/td>\n<\/tr>\n<tr>\n<td width=\"118\"><strong>KD500\/030RR<\/strong><\/td>\n<td width=\"99\">0,30<\/td>\n<td width=\"81\">28<\/td>\n<td width=\"128\">0,318<\/td>\n<td width=\"104\">637<\/td>\n<td width=\"100\">1 570<\/td>\n<\/tr>\n<tr>\n<td width=\"118\"><strong>KD500\/035RR<\/strong><\/td>\n<td width=\"99\">0,35<\/td>\n<td width=\"81\">27<\/td>\n<td width=\"128\">0,368<\/td>\n<td width=\"104\">862<\/td>\n<td width=\"100\">1 160<\/td>\n<\/tr>\n<tr>\n<td width=\"118\"><strong>KD500\/040RR<\/strong><\/td>\n<td width=\"99\">0,40<\/td>\n<td width=\"81\">26<\/td>\n<td width=\"128\">0,418<\/td>\n<td width=\"104\">1 136<\/td>\n<td width=\"100\">880<\/td>\n<\/tr>\n<tr>\n<td width=\"118\"><strong>KD500\/045RR<\/strong><\/td>\n<td width=\"99\">0,45<\/td>\n<td width=\"81\">25<\/td>\n<td width=\"128\">0,468<\/td>\n<td width=\"104\">1 433<\/td>\n<td width=\"100\">698<\/td>\n<\/tr>\n<tr>\n<td width=\"118\"><strong>KD500\/050RR<\/strong><\/td>\n<td width=\"99\">0,50<\/td>\n<td width=\"81\">24<\/td>\n<td width=\"128\">0,518<\/td>\n<td width=\"104\">1 754<\/td>\n<td width=\"100\">570<\/td>\n<\/tr>\n<tr>\n<td width=\"118\"><strong>KD500\/055RR<\/strong><\/td>\n<td width=\"99\">0,55<\/td>\n<td width=\"81\">23<\/td>\n<td width=\"128\">0,568<\/td>\n<td width=\"104\">2 105<\/td>\n<td width=\"100\">475<\/td>\n<\/tr>\n<tr>\n<td width=\"118\"><strong>KD500\/060RR<\/strong><\/td>\n<td width=\"99\">0,60<\/td>\n<td width=\"81\">22<\/td>\n<td width=\"128\">0,619<\/td>\n<td width=\"104\">2 500<\/td>\n<td width=\"100\">400<\/td>\n<\/tr>\n<tr>\n<td width=\"118\"><strong>KD500\/065RR<\/strong><\/td>\n<td width=\"99\">0,65<\/td>\n<td width=\"81\">22<\/td>\n<td width=\"128\">0,669<\/td>\n<td width=\"104\">2 899<\/td>\n<td width=\"100\">345<\/td>\n<\/tr>\n<tr>\n<td width=\"118\"><strong>KD500\/070RR<\/strong><\/td>\n<td width=\"99\">0,70<\/td>\n<td width=\"81\">21<\/td>\n<td width=\"128\">0,719<\/td>\n<td width=\"104\">3 356<\/td>\n<td width=\"100\">298<\/td>\n<\/tr>\n<tr>\n<td width=\"118\"><strong>KD500\/075RR<\/strong><\/td>\n<td width=\"99\">0,75<\/td>\n<td width=\"81\">20<\/td>\n<td width=\"128\">0,769<\/td>\n<td width=\"104\">3 846<\/td>\n<td width=\"100\">260<\/td>\n<\/tr>\n<tr>\n<td width=\"118\"><strong>KD500\/080RR<\/strong><\/td>\n<td width=\"99\">0,80<\/td>\n<td width=\"81\">20<\/td>\n<td width=\"128\">0,820<\/td>\n<td width=\"104\">4 348<\/td>\n<td width=\"100\">230<\/td>\n<\/tr>\n<tr>\n<td width=\"118\"><strong>KD500\/090RR<\/strong><\/td>\n<td width=\"99\">0,90<\/td>\n<td width=\"81\">19<\/td>\n<td width=\"128\">0,920<\/td>\n<td width=\"104\">5 814<\/td>\n<td width=\"100\">172<\/td>\n<\/tr>\n<tr>\n<td width=\"118\"><strong>KD500\/100RR<\/strong><\/td>\n<td width=\"99\">1,00<\/td>\n<td width=\"81\">18<\/td>\n<td width=\"128\">1,020<\/td>\n<td width=\"104\">7 194<\/td>\n<td width=\"100\">139<\/td>\n<\/tr>\n<\/tbody>\n<\/table>\n<p>&nbsp;<\/p>\n<table>\n<tbody>\n<tr>\n<td width=\"112\"><strong>Diam\u00e8tre [mm]<\/strong><\/td>\n<td width=\"193\">Max. force de traction autoris\u00e9e (N)<\/td>\n<td width=\"170\">Minim. Rayon de courbure [mm]<\/td>\n<td width=\"156\">R\u00e9sistance \u00e0\u00a020\u00b0C [\u03a9\/m]<\/td>\n<\/tr>\n<tr>\n<td width=\"112\">7\/100<\/td>\n<td width=\"193\">0,23<\/td>\n<td width=\"170\">0,45<\/td>\n<td width=\"156\">7,795<\/td>\n<\/tr>\n<tr>\n<td width=\"112\">10\/100<\/td>\n<td width=\"193\">0,47<\/td>\n<td width=\"170\">0,60<\/td>\n<td width=\"156\">3,818<\/td>\n<\/tr>\n<tr>\n<td width=\"112\">12\/100<\/td>\n<td width=\"193\">0,67<\/td>\n<td width=\"170\">0,70<\/td>\n<td width=\"156\">2,652<\/td>\n<\/tr>\n<tr>\n<td width=\"112\">15\/100<\/td>\n<td width=\"193\">1,06<\/td>\n<td width=\"170\">0,85<\/td>\n<td width=\"156\">1,697<\/td>\n<\/tr>\n<tr>\n<td width=\"112\">17\/100<\/td>\n<td width=\"193\">1,36<\/td>\n<td width=\"170\">0,93<\/td>\n<td width=\"156\">1,322<\/td>\n<\/tr>\n<tr>\n<td width=\"112\">20\/100<\/td>\n<td width=\"193\">1,88<\/td>\n<td width=\"170\">1,10<\/td>\n<td width=\"156\">0,954<\/td>\n<\/tr>\n<tr>\n<td width=\"112\">25\/100<\/td>\n<td width=\"193\">2,95<\/td>\n<td width=\"170\">1,35<\/td>\n<td width=\"156\">0,611<\/td>\n<\/tr>\n<tr>\n<td width=\"112\">30\/100<\/td>\n<td width=\"193\">4,24<\/td>\n<td width=\"170\">1,60<\/td>\n<td width=\"156\">0,424<\/td>\n<\/tr>\n<tr>\n<td width=\"112\">35\/100<\/td>\n<td width=\"193\">5,77<\/td>\n<td width=\"170\">1,85<\/td>\n<td width=\"156\">0,312<\/td>\n<\/tr>\n<tr>\n<td width=\"112\">40\/100<\/td>\n<td width=\"193\">7,54<\/td>\n<td width=\"170\">2,10<\/td>\n<td width=\"156\">0,239<\/td>\n<\/tr>\n<tr>\n<td width=\"112\">45\/100<\/td>\n<td width=\"193\">9,55<\/td>\n<td width=\"170\">2,35<\/td>\n<td width=\"156\">0,189<\/td>\n<\/tr>\n<tr>\n<td width=\"112\">50\/100<\/td>\n<td width=\"193\">11,78<\/td>\n<td width=\"170\">2,60<\/td>\n<td width=\"156\">0,153<\/td>\n<\/tr>\n<tr>\n<td width=\"112\">55\/100<\/td>\n<td width=\"193\">14,25<\/td>\n<td width=\"170\">2,85<\/td>\n<td width=\"156\">0,126<\/td>\n<\/tr>\n<tr>\n<td width=\"112\">60\/100<\/td>\n<td width=\"193\">16,96<\/td>\n<td width=\"170\">3,10<\/td>\n<td width=\"156\">0,106<\/td>\n<\/tr>\n<tr>\n<td width=\"112\">65\/100<\/td>\n<td width=\"193\">19,91<\/td>\n<td width=\"170\">3,35<\/td>\n<td width=\"156\">0,090<\/td>\n<\/tr>\n<tr>\n<td width=\"112\">70\/100<\/td>\n<td width=\"193\">23,09<\/td>\n<td width=\"170\">3,60<\/td>\n<td width=\"156\">0,078<\/td>\n<\/tr>\n<tr>\n<td width=\"112\">75\/100<\/td>\n<td width=\"193\">26,51<\/td>\n<td width=\"170\">3,85<\/td>\n<td width=\"156\">0,068<\/td>\n<\/tr>\n<tr>\n<td width=\"112\">80\/100<\/td>\n<td width=\"193\">30,16<\/td>\n<td width=\"170\">4,10<\/td>\n<td width=\"156\">0,059<\/td>\n<\/tr>\n<tr>\n<td width=\"112\">90\/100<\/td>\n<td width=\"193\">38,17<\/td>\n<td width=\"170\">4,60<\/td>\n<td width=\"156\">0,047<\/td>\n<\/tr>\n<tr>\n<td width=\"112\">100\/100<\/td>\n<td width=\"193\">47,12<\/td>\n<td width=\"170\">5,10<\/td>\n<td width=\"156\">0,038<\/td>\n<\/tr>\n<\/tbody>\n<\/table>\n<p>&nbsp;<\/p>\n","protected":false},"excerpt":{"rendered":"<h5><\/h5>\n<h5>Ce fil c\u00e9ramique a \u00e9t\u00e9 d\u00e9velopp\u00e9 pour produire des bobinages \u00e0 haute s\u00e9curit\u00e9 fonctionnelle, c&rsquo;est-\u00e0-dire des bobinages qui conservent leur fonctionnalit\u00e9 m\u00eame en cas de surcharge thermique (pics jusqu&rsquo;\u00e0 1000\u00b0C).<\/h5>\n<h5>La demande croissante pour le KD500 s&rsquo;explique par ses propri\u00e9t\u00e9s uniques qui permettent son utilisation dans de nombreuses applications de haute technologie, souvent pr\u00e9ventif dans des \u00e9l\u00e9ments de s\u00e9curit\u00e9 \u00e0 haute temp\u00e9rature.<\/h5>\n<h5><\/h5>\n<h5><\/h5>\n","protected":false},"featured_media":1946,"template":"","meta":{"_acf_changed":false},"product_brand":[],"product_cat":[278,148],"product_tag":[],"class_list":{"0":"post-5913","1":"product","2":"type-product","3":"status-publish","4":"has-post-thumbnail","6":"product_cat-fils-de-bobinage-isoles-en-ceramique","7":"product_cat-fils-de-bobinage","9":"first","10":"instock","11":"shipping-taxable","12":"purchasable","13":"product-type-simple"},"acf":[],"_links":{"self":[{"href":"https:\/\/schupp.ch\/fr\/wp-json\/wp\/v2\/product\/5913","targetHints":{"allow":["GET"]}}],"collection":[{"href":"https:\/\/schupp.ch\/fr\/wp-json\/wp\/v2\/product"}],"about":[{"href":"https:\/\/schupp.ch\/fr\/wp-json\/wp\/v2\/types\/product"}],"wp:featuredmedia":[{"embeddable":true,"href":"https:\/\/schupp.ch\/fr\/wp-json\/wp\/v2\/media\/1946"}],"wp:attachment":[{"href":"https:\/\/schupp.ch\/fr\/wp-json\/wp\/v2\/media?parent=5913"}],"wp:term":[{"taxonomy":"product_brand","embeddable":true,"href":"https:\/\/schupp.ch\/fr\/wp-json\/wp\/v2\/product_brand?post=5913"},{"taxonomy":"product_cat","embeddable":true,"href":"https:\/\/schupp.ch\/fr\/wp-json\/wp\/v2\/product_cat?post=5913"},{"taxonomy":"product_tag","embeddable":true,"href":"https:\/\/schupp.ch\/fr\/wp-json\/wp\/v2\/product_tag?post=5913"}],"curies":[{"name":"wp","href":"https:\/\/api.w.org\/{rel}","templated":true}]}}