{"id":5914,"date":"2024-01-26T09:17:08","date_gmt":"2024-01-26T08:17:08","guid":{"rendered":"https:\/\/schupp.ch\/p\/etiquettes-en-film-pvc-autodestructeur\/"},"modified":"2026-02-25T14:55:05","modified_gmt":"2026-02-25T13:55:05","slug":"etiquettes-en-film-pvc-autodestructeur","status":"publish","type":"product","link":"https:\/\/schupp.ch\/fr\/p\/etiquettes-en-film-pvc-autodestructeur\/","title":{"rendered":"\u00c9tiquettes en film PVC autodestructibles"},"content":{"rendered":"<p>&nbsp;<\/p>\n<p><strong>\u00c9tiquettes autodestructibles pour applications techniques<\/strong><\/p>\n<p>Notre mat\u00e9riau d&rsquo;\u00e9tiquetage se compose principalement d&rsquo;un film PVC ou polyester r\u00e9sistant \u00e0 la d\u00e9chirure, recouvert d&rsquo;une fine couche adh\u00e9sive pouvant \u00eatre imprim\u00e9e par transfert thermique. L&rsquo;adh\u00e9sif adh\u00e8re tr\u00e8s bien au silicone ou \u00e0 d&rsquo;autres surfaces \u00e0 faible \u00e9nergie telles que le t\u00e9flon.<\/p>\n<p>Si la demande est suffisante (nous fabriquons de 500 \u00e0 50 millions de pi\u00e8ces), des solutions personnalis\u00e9es peuvent \u00e9galement \u00eatre d\u00e9velopp\u00e9es et enduites. Un traitement suppl\u00e9mentaire sous forme de rouleaux ou de pi\u00e8ces d\u00e9coup\u00e9es est possible.<\/p>\n<p>N&rsquo;h\u00e9sitez pas \u00e0 nous <a href=\"https:\/\/schupp.ch\/fr\/contact\/\">contacter<\/a>, nous nous ferons un plaisir de vous conseiller.<\/p>\n<p>&nbsp;<\/p>\n","protected":false},"excerpt":{"rendered":"<p>&nbsp;<\/p>\n<h5>Nous fabriquons des \u00e9tiquettes autodestructrices en PVC et autres mat\u00e9riaux pour le marquage de produits techniques selon vos exigences sp\u00e9cifiques. Une s\u00e9lection compl\u00e8te de mat\u00e9riaux garantit que la qualit\u00e9 des \u00e9tiquettes r\u00e9pond aux exigences de votre application.<\/h5>\n<p>&nbsp;<\/p>\n","protected":false},"featured_media":1968,"template":"","meta":{"_acf_changed":false},"product_brand":[],"product_cat":[165,279],"product_tag":[],"class_list":{"0":"post-5914","1":"product","2":"type-product","3":"status-publish","4":"has-post-thumbnail","6":"product_cat-bandes-techniques","7":"product_cat-points-de-masquage-de-soudure-etiquettes-etc","9":"first","10":"instock","11":"shipping-taxable","12":"purchasable","13":"product-type-simple"},"acf":[],"_links":{"self":[{"href":"https:\/\/schupp.ch\/fr\/wp-json\/wp\/v2\/product\/5914","targetHints":{"allow":["GET"]}}],"collection":[{"href":"https:\/\/schupp.ch\/fr\/wp-json\/wp\/v2\/product"}],"about":[{"href":"https:\/\/schupp.ch\/fr\/wp-json\/wp\/v2\/types\/product"}],"wp:featuredmedia":[{"embeddable":true,"href":"https:\/\/schupp.ch\/fr\/wp-json\/wp\/v2\/media\/1968"}],"wp:attachment":[{"href":"https:\/\/schupp.ch\/fr\/wp-json\/wp\/v2\/media?parent=5914"}],"wp:term":[{"taxonomy":"product_brand","embeddable":true,"href":"https:\/\/schupp.ch\/fr\/wp-json\/wp\/v2\/product_brand?post=5914"},{"taxonomy":"product_cat","embeddable":true,"href":"https:\/\/schupp.ch\/fr\/wp-json\/wp\/v2\/product_cat?post=5914"},{"taxonomy":"product_tag","embeddable":true,"href":"https:\/\/schupp.ch\/fr\/wp-json\/wp\/v2\/product_tag?post=5914"}],"curies":[{"name":"wp","href":"https:\/\/api.w.org\/{rel}","templated":true}]}}