{"id":5915,"date":"2024-01-26T09:15:18","date_gmt":"2024-01-26T08:15:18","guid":{"rendered":"https:\/\/schupp.ch\/p\/points-de-masquage-pour-les-circuits-imprimes-lors-du-soudage-a-la-vague-classe-thermique-h-180-c\/"},"modified":"2025-11-16T15:39:55","modified_gmt":"2025-11-16T14:39:55","slug":"points-de-masquage-pour-les-circuits-imprimes-lors-du-soudage-a-la-vague-classe-thermique-h-180-c","status":"publish","type":"product","link":"https:\/\/schupp.ch\/fr\/p\/points-de-masquage-pour-les-circuits-imprimes-lors-du-soudage-a-la-vague-classe-thermique-h-180-c\/","title":{"rendered":"Points de masquage pour les circuits imprim\u00e9s lors du soudage, classe thermique H (180\u00b0 C)"},"content":{"rendered":"<p>&nbsp;<\/p>\n<p><strong>Donn\u00e9es techniques:<br \/>\n<\/strong>Pi\u00e8ces etamp\u00e9es en Kapton\u00ae (Polyimide, \u00e9paisseur 0,025mm) avec adh\u00e9sif en polysiloxane<br \/>\n\u00c9conomique, r\u00e9sistant \u00e0 la temp\u00e9rature, d\u00e9tachable sans r\u00e9sidus<br \/>\nLivr\u00e9 sur rouleaux de 1,000 pi\u00e8ces, r\u00e9sidus de poin\u00e7onnage \u00e9limin\u00e9s, fabriqu\u00e9 pour une meilleure maniabilit\u00e9<\/p>\n<table width=\"643\">\n<tbody>\n<tr>\n<td width=\"131\"><strong>Num\u00e9ro principal<\/strong><\/td>\n<td width=\"126\">Diam\u00e8tre [mm]<\/td>\n<td width=\"138\">Conditionnement<br \/>\nNo. des voies<\/td>\n<td width=\"122\">Conditionnement fendue<\/td>\n<td width=\"126\">Largeur[mm]<\/td>\n<\/tr>\n<tr>\n<td width=\"131\"><strong>LP25\/040<\/strong><\/td>\n<td width=\"126\">4<\/td>\n<td width=\"138\">3 voies<\/td>\n<td width=\"122\">non<\/td>\n<td width=\"126\">25<\/td>\n<\/tr>\n<tr>\n<td width=\"131\"><strong>LP25\/045<\/strong><\/td>\n<td width=\"126\">4,5<\/td>\n<td width=\"138\">3 voies<\/td>\n<td width=\"122\">non<\/td>\n<td width=\"126\">25<\/td>\n<\/tr>\n<tr>\n<td width=\"131\"><strong>LP25\/050<\/strong><\/td>\n<td width=\"126\">5<\/td>\n<td width=\"138\">3 voies<\/td>\n<td width=\"122\">non<\/td>\n<td width=\"126\">30<\/td>\n<\/tr>\n<tr>\n<td width=\"131\"><strong>LP25\/060<\/strong><\/td>\n<td width=\"126\">6<\/td>\n<td width=\"138\">3 voies<\/td>\n<td width=\"122\">oui<\/td>\n<td width=\"126\">30<\/td>\n<\/tr>\n<tr>\n<td width=\"131\"><strong>LP25\/065<\/strong><\/td>\n<td width=\"126\">6,5<\/td>\n<td width=\"138\">3 voies<\/td>\n<td width=\"122\">oui<\/td>\n<td width=\"126\">30<\/td>\n<\/tr>\n<tr>\n<td width=\"131\"><strong>LP25\/070<\/strong><\/td>\n<td width=\"126\">7<\/td>\n<td width=\"138\">3 voies<\/td>\n<td width=\"122\">oui<\/td>\n<td width=\"126\">30<\/td>\n<\/tr>\n<tr>\n<td width=\"131\"><strong>LP25\/080<\/strong><\/td>\n<td width=\"126\">8<\/td>\n<td width=\"138\">3 voies<\/td>\n<td width=\"122\">oui<\/td>\n<td width=\"126\">50<\/td>\n<\/tr>\n<tr>\n<td width=\"131\"><strong>LP25\/090<\/strong><\/td>\n<td width=\"126\">9<\/td>\n<td width=\"138\">3 voies<\/td>\n<td width=\"122\">oui<\/td>\n<td width=\"126\">38<\/td>\n<\/tr>\n<tr>\n<td width=\"131\"><strong>LP25\/100<\/strong><\/td>\n<td width=\"126\">10<\/td>\n<td width=\"138\">3 voies<\/td>\n<td width=\"122\">oui<\/td>\n<td width=\"126\">38<\/td>\n<\/tr>\n<tr>\n<td width=\"131\"><strong>LP25\/120<\/strong><\/td>\n<td width=\"126\">12<\/td>\n<td width=\"138\">3 voies<\/td>\n<td width=\"122\">oui<\/td>\n<td width=\"126\">50<\/td>\n<\/tr>\n<tr>\n<td width=\"131\"><strong>LP25\/160<\/strong><\/td>\n<td width=\"126\">16<\/td>\n<td width=\"138\">3 voies<\/td>\n<td width=\"122\">oui<\/td>\n<td width=\"126\">75<\/td>\n<\/tr>\n<\/tbody>\n<\/table>\n<p>&nbsp;<\/p>\n<p><strong>Donn\u00e9es techniques:<br \/>\n<\/strong>Pi\u00e8ces etamp\u00e9es en Kapton\u00ae (Polyimide, \u00e9paisseur 0,050mm) avec adh\u00e9sif polysiloxane<br \/>\nsur rouleau, r\u00e9sidus de poin\u00e7onnage \u00e9limin\u00e9s, fabriqu\u00e9 pour une meilleure maniabilit\u00e9,<br \/>\nLivr\u00e9 sur rouleaux de 1&rsquo;000 pi\u00e8ces<\/p>\n<table width=\"643\">\n<tbody>\n<tr>\n<td width=\"133\"><strong>Num\u00e9ro principal<\/strong><\/td>\n<td width=\"126\">Diam\u00e8tre<\/p>\n<p>[mm]<\/td>\n<td width=\"134\">Conditionnement<br \/>\nNo. des voies<\/td>\n<td width=\"124\">Conditionnement fendue<\/td>\n<td width=\"125\">Largeur<\/p>\n<p>[mm]<\/td>\n<\/tr>\n<tr>\n<td width=\"133\"><strong>LP50\/040<\/strong><\/td>\n<td width=\"126\">4<\/td>\n<td width=\"134\">3 voies<\/td>\n<td width=\"124\">non<\/td>\n<td width=\"125\">25<\/td>\n<\/tr>\n<tr>\n<td width=\"133\"><strong>LP50\/045<\/strong><\/td>\n<td width=\"126\">4,5<\/td>\n<td width=\"134\">3 voies<\/td>\n<td width=\"124\">non<\/td>\n<td width=\"125\">25<\/td>\n<\/tr>\n<tr>\n<td width=\"133\"><strong>LP50\/050<\/strong><\/td>\n<td width=\"126\">5<\/td>\n<td width=\"134\">3 voies<\/td>\n<td width=\"124\">non<\/td>\n<td width=\"125\">30<\/td>\n<\/tr>\n<tr>\n<td width=\"133\"><strong>LP50\/060<\/strong><\/td>\n<td width=\"126\">6<\/td>\n<td width=\"134\">3 voies<\/td>\n<td width=\"124\">oui<\/td>\n<td width=\"125\">30<\/td>\n<\/tr>\n<tr>\n<td width=\"133\"><strong>LP50\/065<\/strong><\/td>\n<td width=\"126\">6,5<\/td>\n<td width=\"134\">3 voies<\/td>\n<td width=\"124\">oui<\/td>\n<td width=\"125\">30<\/td>\n<\/tr>\n<tr>\n<td width=\"133\"><strong>LP50\/070<\/strong><\/td>\n<td width=\"126\">7<\/td>\n<td width=\"134\">3 voies<\/td>\n<td width=\"124\">oui<\/td>\n<td width=\"125\">30<\/td>\n<\/tr>\n<tr>\n<td width=\"133\"><strong>LP50\/080<\/strong><\/td>\n<td width=\"126\">8<\/td>\n<td width=\"134\">3 voies<\/td>\n<td width=\"124\">oui<\/td>\n<td width=\"125\">50<\/td>\n<\/tr>\n<tr>\n<td width=\"133\"><strong>LP50\/090<\/strong><\/td>\n<td width=\"126\">9<\/td>\n<td width=\"134\">3 voies<\/td>\n<td width=\"124\">oui<\/td>\n<td width=\"125\">38<\/td>\n<\/tr>\n<tr>\n<td width=\"133\"><strong>LP50\/100<\/strong><\/td>\n<td width=\"126\">10<\/td>\n<td width=\"134\">3 voies<\/td>\n<td width=\"124\">oui<\/td>\n<td width=\"125\">38<\/td>\n<\/tr>\n<tr>\n<td width=\"133\"><strong>LP50\/120<\/strong><\/td>\n<td width=\"126\">12<\/td>\n<td width=\"134\">3 voies<\/td>\n<td width=\"124\">oui<\/td>\n<td width=\"125\">50<\/td>\n<\/tr>\n<tr>\n<td width=\"133\"><strong>LP50\/160<\/strong><\/td>\n<td width=\"126\">16<\/td>\n<td width=\"134\">3 voies<\/td>\n<td width=\"124\">oui<\/td>\n<td width=\"125\">75<\/td>\n<\/tr>\n<\/tbody>\n<\/table>\n<p>&nbsp;<\/p>\n<p><strong>Quantit\u00e9s minimales d&rsquo;achat :<\/strong><\/p>\n<table>\n<tbody>\n<tr>\n<td width=\"153\">Diam\u00e8tre [mm}<\/td>\n<td width=\"102\"><\/td>\n<td width=\"142\">Diam\u00e8tre [mm}<\/td>\n<td width=\"104\"><\/td>\n<\/tr>\n<tr>\n<td width=\"153\">4<\/td>\n<td width=\"102\">10&rsquo;000 pcs.<\/td>\n<td width=\"142\">8<\/td>\n<td width=\"104\">5&rsquo;000 pcs.<\/td>\n<\/tr>\n<tr>\n<td width=\"153\">4,5<\/td>\n<td width=\"102\">10&rsquo;000 pcs.<\/td>\n<td width=\"142\">9<\/td>\n<td width=\"104\">5&rsquo;000 pcs.<\/td>\n<\/tr>\n<tr>\n<td width=\"153\">5<\/td>\n<td width=\"102\">10&rsquo;000 pcs.<\/td>\n<td width=\"142\">10<\/td>\n<td width=\"104\">5&rsquo;000 pcs.<\/td>\n<\/tr>\n<tr>\n<td width=\"153\">6<\/td>\n<td width=\"102\">10&rsquo;000 pcs.<\/td>\n<td width=\"142\">12<\/td>\n<td width=\"104\">5&rsquo;000 pcs.<\/td>\n<\/tr>\n<tr>\n<td width=\"153\">6,5<\/td>\n<td width=\"102\">10&rsquo;000 pcs.<\/td>\n<td width=\"142\">16<\/td>\n<td width=\"104\">5&rsquo;000 pcs.<\/td>\n<\/tr>\n<tr>\n<td width=\"153\">7<\/td>\n<td width=\"102\">10&rsquo;000 pi\u00e8ces<\/td>\n<td width=\"142\"><\/td>\n<td width=\"104\"><\/td>\n<\/tr>\n<\/tbody>\n<\/table>\n<p>&nbsp;<\/p>\n","protected":false},"excerpt":{"rendered":"<p>&nbsp;<\/p>\n<h5>Ces points de masquage en polyimide adh\u00e9sif (Kapton<strong>\u00ae<\/strong>) sont utilis\u00e9es dans les processus de soudage \u00e0 la vague et de refusion. L&rsquo;adh\u00e9sif polysiloxane garantit un retrait propre et s\u00fbr apr\u00e8s le traitement.<\/h5>\n<p>&nbsp;<\/p>\n<p>&nbsp;<\/p>\n","protected":false},"featured_media":1954,"template":"","meta":{"_acf_changed":false},"product_brand":[],"product_cat":[165,279],"product_tag":[],"class_list":{"0":"post-5915","1":"product","2":"type-product","3":"status-publish","4":"has-post-thumbnail","6":"product_cat-bandes-techniques","7":"product_cat-points-de-masquage-de-soudure-etiquettes-etc","9":"first","10":"instock","11":"shipping-taxable","12":"purchasable","13":"product-type-simple"},"acf":[],"_links":{"self":[{"href":"https:\/\/schupp.ch\/fr\/wp-json\/wp\/v2\/product\/5915","targetHints":{"allow":["GET"]}}],"collection":[{"href":"https:\/\/schupp.ch\/fr\/wp-json\/wp\/v2\/product"}],"about":[{"href":"https:\/\/schupp.ch\/fr\/wp-json\/wp\/v2\/types\/product"}],"wp:featuredmedia":[{"embeddable":true,"href":"https:\/\/schupp.ch\/fr\/wp-json\/wp\/v2\/media\/1954"}],"wp:attachment":[{"href":"https:\/\/schupp.ch\/fr\/wp-json\/wp\/v2\/media?parent=5915"}],"wp:term":[{"taxonomy":"product_brand","embeddable":true,"href":"https:\/\/schupp.ch\/fr\/wp-json\/wp\/v2\/product_brand?post=5915"},{"taxonomy":"product_cat","embeddable":true,"href":"https:\/\/schupp.ch\/fr\/wp-json\/wp\/v2\/product_cat?post=5915"},{"taxonomy":"product_tag","embeddable":true,"href":"https:\/\/schupp.ch\/fr\/wp-json\/wp\/v2\/product_tag?post=5915"}],"curies":[{"name":"wp","href":"https:\/\/api.w.org\/{rel}","templated":true}]}}