{"id":5916,"date":"2024-01-26T09:18:23","date_gmt":"2024-01-26T08:18:23","guid":{"rendered":"https:\/\/schupp.ch\/p\/etiquettes-repositionnables-pour-proteger-de-la-poussiere\/"},"modified":"2025-11-16T17:43:21","modified_gmt":"2025-11-16T16:43:21","slug":"etiquettes-repositionnables-pour-proteger-de-la-poussiere","status":"publish","type":"product","link":"https:\/\/schupp.ch\/fr\/p\/etiquettes-repositionnables-pour-proteger-de-la-poussiere\/","title":{"rendered":"\u00c9tiquettes repositionnables pour prot\u00e9ger de la poussi\u00e8re"},"content":{"rendered":"<p>&nbsp;<\/p>\n<p><strong>Propri\u00e9t\u00e9s<\/strong><\/p>\n<p>Nous fabriquons des \u00e9tiquettes pour le marquage ou pour des applications techniques selon vos indications de mat\u00e9riaux conformes \u00e0 vos sp\u00e9cifications ou selon les exigences techniques.<\/p>\n<p>Les \u00e9tiquettes sont rev\u00eatues d&rsquo;un adh\u00e9sif amovible qui peut \u00eatre retir\u00e9 sans laisser de r\u00e9sidus, m\u00eame apr\u00e8s une longue p\u00e9riode de stockage. La languette (zone blanche) facilite la manipulation. La languette permet notamment de retirer rapidement l&rsquo;\u00e9tiquette, notamment dans le cas d&rsquo;\u00e9tiquettes destin\u00e9es \u00e0 prot\u00e9ger les ouvertures de la poussi\u00e8re avant leur traitement ult\u00e9rieur (par exemple dans une autre usine).<\/p>\n<p>Le film transparent de 0,050 mm d&rsquo;\u00e9paisseur peut \u00eatre coll\u00e9 sur presque toutes les surfaces et retir\u00e9 ult\u00e9rieurement sans laisser de r\u00e9sidus. Le rev\u00eatement adh\u00e9sif doit \u00eatre constitu\u00e9 d&rsquo;un film polyester sp\u00e9cialement enduit.<\/p>\n<p>Nous vous fournissons le mat\u00e9riau de base (type 10617, pour les fabricants d&rsquo;\u00e9tiquettes), mais aussi des \u00e9tiquettes finies selon vos sp\u00e9cifications.<\/p>\n<p>Livraison en rouleaux de 10 mm \u00e0 1150 mm<br \/>\nFabrication \u00e0 partir de 500 jusqu&rsquo;\u00e0 50 millions de pi\u00e8ces<br \/>\nLongueur standard des rouleaux : 66 m, mais des longueurs sup\u00e9rieures sont \u00e9galement possibles<br \/>\nEnvoyez-nous votre dessin ou vos sp\u00e9cifications.<\/p>\n<p>&nbsp;<\/p>\n","protected":false},"excerpt":{"rendered":"<p>&nbsp;<\/p>\n<h5>Ces \u00e9tiquettes sont recouvertes d&rsquo;une colle amovible qui s&rsquo;enl\u00e8ve sans laisser de traces, m\u00eame apr\u00e8s un stockage prolong\u00e9. Les \u00e9tiquettes peuvent \u00eatre coll\u00e9es sur presque toutes les surfaces et retir\u00e9es ult\u00e9rieurement sans laisser de traces.<\/h5>\n<p>&nbsp;<\/p>\n<p>&nbsp;<\/p>\n","protected":false},"featured_media":1965,"template":"","meta":{"_acf_changed":false},"product_brand":[],"product_cat":[165,279],"product_tag":[],"class_list":{"0":"post-5916","1":"product","2":"type-product","3":"status-publish","4":"has-post-thumbnail","6":"product_cat-bandes-techniques","7":"product_cat-points-de-masquage-de-soudure-etiquettes-etc","9":"first","10":"instock","11":"shipping-taxable","12":"purchasable","13":"product-type-simple"},"acf":[],"_links":{"self":[{"href":"https:\/\/schupp.ch\/fr\/wp-json\/wp\/v2\/product\/5916","targetHints":{"allow":["GET"]}}],"collection":[{"href":"https:\/\/schupp.ch\/fr\/wp-json\/wp\/v2\/product"}],"about":[{"href":"https:\/\/schupp.ch\/fr\/wp-json\/wp\/v2\/types\/product"}],"wp:featuredmedia":[{"embeddable":true,"href":"https:\/\/schupp.ch\/fr\/wp-json\/wp\/v2\/media\/1965"}],"wp:attachment":[{"href":"https:\/\/schupp.ch\/fr\/wp-json\/wp\/v2\/media?parent=5916"}],"wp:term":[{"taxonomy":"product_brand","embeddable":true,"href":"https:\/\/schupp.ch\/fr\/wp-json\/wp\/v2\/product_brand?post=5916"},{"taxonomy":"product_cat","embeddable":true,"href":"https:\/\/schupp.ch\/fr\/wp-json\/wp\/v2\/product_cat?post=5916"},{"taxonomy":"product_tag","embeddable":true,"href":"https:\/\/schupp.ch\/fr\/wp-json\/wp\/v2\/product_tag?post=5916"}],"curies":[{"name":"wp","href":"https:\/\/api.w.org\/{rel}","templated":true}]}}