{"id":5917,"date":"2024-01-26T09:16:07","date_gmt":"2024-01-26T08:16:07","guid":{"rendered":"https:\/\/schupp.ch\/p\/etiquettes\/"},"modified":"2026-02-25T13:12:53","modified_gmt":"2026-02-25T12:12:53","slug":"etiquettes","status":"publish","type":"product","link":"https:\/\/schupp.ch\/fr\/p\/etiquettes\/","title":{"rendered":"\u00c9tiquettes pour applications techniques"},"content":{"rendered":"<h5>Films sp\u00e9ciaux pour les t\u00e2ches d&rsquo;\u00e9tiquetage<\/h5>\n<p>&nbsp;<\/p>\n<p>Notre mat\u00e9riau d&rsquo;\u00e9tiquetage se compose particuli\u00e8rement d&rsquo;un film polyester r\u00e9sistant \u00e0 la d\u00e9chirure, imprimable par transfert thermique, recouvert d&rsquo;une fine couche adh\u00e9sive. L&rsquo;adh\u00e9sif adh\u00e8re tr\u00e8s bien au silicone ou \u00e0 d&rsquo;autres surfaces \u00e0 faible \u00e9nergie telles que le t\u00e9flon.<\/p>\n<p>En cas de besoin suffisant (nous fabriquons de 500 \u00e0 50 millions de pi\u00e8ces), des solutions personnalis\u00e9es peuvent \u00e9galement \u00eatre d\u00e9velopp\u00e9es et rev\u00eatues. Un traitement ult\u00e9rieur sous forme de rouleaux ou de pi\u00e8ces d\u00e9coup\u00e9es est possible.<\/p>\n<p>N&rsquo;h\u00e9sitez pas \u00e0 nous<a href=\"https:\/\/schupp.ch\/fr\/contact\/\"> contacter<\/a>, nous nous ferons un plaisir de vous conseiller.<\/p>\n<p>&nbsp;<\/p>\n","protected":false},"excerpt":{"rendered":"<p>&nbsp;<\/p>\n<h5>Nous fabriquons des \u00e9tiquettes de diff\u00e9rents mat\u00e9riaux pour le marquage de produits techniques selon vos sp\u00e9cifications. Un large choix de mat\u00e9riaux garantit que la qualit\u00e9 des \u00e9tiquettes r\u00e9pond aux exigences de votre application.<\/h5>\n<p>&nbsp;<\/p>\n<p>&nbsp;<\/p>\n","protected":false},"featured_media":1971,"template":"","meta":{"_acf_changed":false},"product_brand":[],"product_cat":[165,279],"product_tag":[],"class_list":{"0":"post-5917","1":"product","2":"type-product","3":"status-publish","4":"has-post-thumbnail","6":"product_cat-bandes-techniques","7":"product_cat-points-de-masquage-de-soudure-etiquettes-etc","9":"first","10":"instock","11":"shipping-taxable","12":"purchasable","13":"product-type-simple"},"acf":[],"_links":{"self":[{"href":"https:\/\/schupp.ch\/fr\/wp-json\/wp\/v2\/product\/5917","targetHints":{"allow":["GET"]}}],"collection":[{"href":"https:\/\/schupp.ch\/fr\/wp-json\/wp\/v2\/product"}],"about":[{"href":"https:\/\/schupp.ch\/fr\/wp-json\/wp\/v2\/types\/product"}],"wp:featuredmedia":[{"embeddable":true,"href":"https:\/\/schupp.ch\/fr\/wp-json\/wp\/v2\/media\/1971"}],"wp:attachment":[{"href":"https:\/\/schupp.ch\/fr\/wp-json\/wp\/v2\/media?parent=5917"}],"wp:term":[{"taxonomy":"product_brand","embeddable":true,"href":"https:\/\/schupp.ch\/fr\/wp-json\/wp\/v2\/product_brand?post=5917"},{"taxonomy":"product_cat","embeddable":true,"href":"https:\/\/schupp.ch\/fr\/wp-json\/wp\/v2\/product_cat?post=5917"},{"taxonomy":"product_tag","embeddable":true,"href":"https:\/\/schupp.ch\/fr\/wp-json\/wp\/v2\/product_tag?post=5917"}],"curies":[{"name":"wp","href":"https:\/\/api.w.org\/{rel}","templated":true}]}}