{"id":5918,"date":"2024-01-26T09:23:34","date_gmt":"2024-01-26T08:23:34","guid":{"rendered":"https:\/\/schupp.ch\/p\/film-haute-temperature-pour-le-marquage\/"},"modified":"2026-02-24T19:09:17","modified_gmt":"2026-02-24T18:09:17","slug":"film-haute-temperature-pour-le-marquage","status":"publish","type":"product","link":"https:\/\/schupp.ch\/fr\/p\/film-haute-temperature-pour-le-marquage\/","title":{"rendered":"Film haute temp\u00e9rature pour le marquage"},"content":{"rendered":"<p>&nbsp;<\/p>\n<h5>Films sp\u00e9ciaux pour les applications d&rsquo;\u00e9tiquetage<\/h5>\n<p>&nbsp;<\/p>\n<p>Notre mat\u00e9riau d&rsquo;\u00e9tiquetage est constitu\u00e9 d&rsquo;un film polyester r\u00e9sistant \u00e0 la d\u00e9chirure avec un mince rev\u00eatement adh\u00e9sif qui peut \u00eatre imprim\u00e9 par transfert thermique. L&rsquo;adh\u00e9sif adh\u00e8re \u00e9galement tr\u00e8s bien au silicone ou \u00e0 d&rsquo;autres surfaces \u00e0 faible \u00e9nergie telles que le t\u00e9flon.<\/p>\n<p>Si la demande est suffisante, des solutions personnalis\u00e9es peuvent \u00e9galement \u00eatre d\u00e9velopp\u00e9es et rev\u00eatues. Un traitement suppl\u00e9mentaire sous forme de rouleaux ou de pi\u00e8ces \u00e9tamp\u00e9es est possible.<\/p>\n<p>N&rsquo;h\u00e9sitez pas \u00e0 nous <a href=\"https:\/\/schupp.ch\/fr\/contact\/\">contacter<\/a>.<\/p>\n<p>&nbsp;<\/p>\n","protected":false},"excerpt":{"rendered":"<p>&nbsp;<\/p>\n<h5>L&rsquo;application la plus typique de ce\u00a0 film est le marquage des circuits imprim\u00e9s avant leur traitement ult\u00e9rieur (par ex. soudage par refusion ou \u00e0 la vague). Il permet de personnaliser les circuits imprim\u00e9s avant leur assemblage.<\/h5>\n<h5>Ce film est propos\u00e9 en rouleaux ou en feuilles.<\/h5>\n<p>&nbsp;<\/p>\n","protected":false},"featured_media":1962,"template":"","meta":{"_acf_changed":false},"product_brand":[],"product_cat":[165,279,229],"product_tag":[],"class_list":{"0":"post-5918","1":"product","2":"type-product","3":"status-publish","4":"has-post-thumbnail","6":"product_cat-bandes-techniques","7":"product_cat-points-de-masquage-de-soudure-etiquettes-etc","8":"product_cat-bandes-et-applications-speciales","10":"first","11":"instock","12":"shipping-taxable","13":"purchasable","14":"product-type-simple"},"acf":[],"_links":{"self":[{"href":"https:\/\/schupp.ch\/fr\/wp-json\/wp\/v2\/product\/5918","targetHints":{"allow":["GET"]}}],"collection":[{"href":"https:\/\/schupp.ch\/fr\/wp-json\/wp\/v2\/product"}],"about":[{"href":"https:\/\/schupp.ch\/fr\/wp-json\/wp\/v2\/types\/product"}],"wp:featuredmedia":[{"embeddable":true,"href":"https:\/\/schupp.ch\/fr\/wp-json\/wp\/v2\/media\/1962"}],"wp:attachment":[{"href":"https:\/\/schupp.ch\/fr\/wp-json\/wp\/v2\/media?parent=5918"}],"wp:term":[{"taxonomy":"product_brand","embeddable":true,"href":"https:\/\/schupp.ch\/fr\/wp-json\/wp\/v2\/product_brand?post=5918"},{"taxonomy":"product_cat","embeddable":true,"href":"https:\/\/schupp.ch\/fr\/wp-json\/wp\/v2\/product_cat?post=5918"},{"taxonomy":"product_tag","embeddable":true,"href":"https:\/\/schupp.ch\/fr\/wp-json\/wp\/v2\/product_tag?post=5918"}],"curies":[{"name":"wp","href":"https:\/\/api.w.org\/{rel}","templated":true}]}}