{"id":5919,"date":"2024-01-26T13:00:48","date_gmt":"2024-01-26T12:00:48","guid":{"rendered":"https:\/\/schupp.ch\/p\/fils-de-commutation-en-silicone\/"},"modified":"2025-12-06T22:53:40","modified_gmt":"2025-12-06T21:53:40","slug":"fils-de-commutation-en-silicone","status":"publish","type":"product","link":"https:\/\/schupp.ch\/fr\/p\/fils-de-commutation-en-silicone\/","title":{"rendered":"Fils souples en silicone"},"content":{"rendered":"<p>&nbsp;<\/p>\n<h5>Propri\u00e9t\u00e9s<\/h5>\n<p>&nbsp;<\/p>\n<p><strong>Mat\u00e9riel :<br \/>\n<\/strong>Conducteur en cuivre \u00e9tam\u00e9<\/p>\n<p><strong>Isolation:<br \/>\n<\/strong>Caoutchouc silicone<\/p>\n<p><strong>Classe de temp\u00e9rature :<br \/>\n<\/strong>H (180\u00b0C)<\/p>\n<p><strong>Donn\u00e9es techniques :<br \/>\n<\/strong>R\u00e9sistance di\u00e9lectrique : 3000V\/mm<br \/>\nAllongement \u00e0 la rupture : 250-350%<br \/>\nAbsorption d&rsquo;eau : 1%<br \/>\nR\u00e9sistance \u00e0 l&rsquo;ozone : bonne<br \/>\nR\u00e9sistance chimique : bonne<br \/>\nFlexibilit\u00e9 : excellente<\/p>\n<p><strong>Conditionnement :<br \/>\n<\/strong>0,50 mm2 &#8211; 10,00 mm2 : torches de 100m<br \/>\n16,00 mm2 &#8211; 50,00 mm2 : torches de 50m<\/p>\n<p><strong>Applications :<br \/>\n<\/strong>Pour le c\u00e2blage interne \u00e0 des temp\u00e9ratures ambiantes \u00e9lev\u00e9es telles que<\/p>\n<ul>\n<li>Lampes et luminaires<\/li>\n<li>Appareils m\u00e9nagers<\/li>\n<li>Construction d&rsquo;instruments de mesure<\/li>\n<li>Construction de machines et d&rsquo;\u00e9quipements<\/li>\n<\/ul>\n<p>&nbsp;<\/p>\n<p><strong>Dimensions :<\/strong><\/p>\n<table>\n<tbody>\n<tr>\n<td rowspan=\"3\" width=\"88\"><strong>Num\u00e9ro principal<\/strong><\/td>\n<td colspan=\"3\" width=\"177\"><strong>Conducteur en cuivre<\/strong><\/td>\n<td colspan=\"2\" width=\"112\"><strong>Isolation<\/strong><\/td>\n<td colspan=\"11\" width=\"254\"><strong>Couleurs<\/strong><\/td>\n<\/tr>\n<tr>\n<td width=\"51\"><strong>Section<\/strong><\/td>\n<td width=\"70\"><strong>Nombre de fils x \u2205<\/strong><\/td>\n<td width=\"56\"><strong>Poids<\/strong><\/td>\n<td width=\"46\"><strong>\u00c9paisseur du paroi<\/strong><\/td>\n<td width=\"66\"><strong>\u00d8 ext\u00e9rieur<\/strong><\/td>\n<td width=\"20\"><strong>RT<\/strong><\/td>\n<td width=\"21\"><strong>BL<\/strong><\/td>\n<td width=\"25\"><strong>SW<\/strong><\/td>\n<td width=\"23\"><strong>WS<\/strong><\/td>\n<td width=\"23\"><strong>GN<\/strong><\/td>\n<td width=\"21\"><strong>GE<\/strong><\/td>\n<td width=\"21\"><strong>GR<\/strong><\/td>\n<td width=\"21\"><strong>BR<\/strong><\/td>\n<td width=\"21\"><strong>OR<\/strong><\/td>\n<td width=\"20\"><strong>VI<\/strong><\/td>\n<td width=\"39\"><strong>GNGE<\/strong><\/td>\n<\/tr>\n<tr>\n<td width=\"51\"><strong>[mm2]<\/strong><\/td>\n<td width=\"70\"><strong>[mm]<\/strong><\/td>\n<td width=\"56\"><strong>[kg\/km]<\/strong><\/td>\n<td width=\"46\"><strong>[mm]<\/strong><\/td>\n<td width=\"66\"><strong>[mm]<\/strong><\/td>\n<td width=\"20\"><\/td>\n<td width=\"21\"><\/td>\n<td width=\"25\"><\/td>\n<td width=\"23\"><\/td>\n<td width=\"23\"><\/td>\n<td width=\"21\"><\/td>\n<td width=\"21\"><\/td>\n<td width=\"21\"><\/td>\n<td width=\"21\"><\/td>\n<td width=\"20\"><\/td>\n<td width=\"39\"><\/td>\n<\/tr>\n<tr>\n<td width=\"88\"><strong>SLSI0050<\/strong><\/td>\n<td width=\"51\">0,50<\/td>\n<td width=\"70\">16 x 0,20<\/td>\n<td width=\"56\">4,8<\/td>\n<td width=\"46\">0,6<\/td>\n<td width=\"66\">2,2<\/td>\n<td width=\"20\"><span style=\"color: #ff6600;\">\u2666<\/span><\/td>\n<td width=\"21\"><span style=\"color: #ff6600;\">\u2666<\/span><\/td>\n<td width=\"25\"><span style=\"color: #ff6600;\">\u2666<\/span><\/td>\n<td width=\"23\"><span style=\"color: #ff6600;\">\u2666<\/span><\/td>\n<td width=\"23\"><span style=\"color: #ff6600;\">\u2666<\/span><\/td>\n<td width=\"21\"><span style=\"color: #ff6600;\">\u2666<\/span><\/td>\n<td width=\"21\"><span style=\"color: #ff6600;\">\u2666<\/span><\/td>\n<td width=\"21\"><span style=\"color: #ff6600;\">\u2666<\/span><\/td>\n<td width=\"21\"><span style=\"color: #ff6600;\">\u2666<\/span><\/td>\n<td width=\"20\">&#8211;<\/td>\n<td width=\"39\"><span style=\"color: #ff6600;\">\u2666<\/span><\/td>\n<\/tr>\n<tr>\n<td width=\"88\"><strong>SLSI0075<\/strong><\/td>\n<td width=\"51\">0,75<\/td>\n<td width=\"70\">24 x 0,20<\/td>\n<td width=\"56\">7,2<\/td>\n<td width=\"46\">0,6<\/td>\n<td width=\"66\">2,4<\/td>\n<td width=\"20\"><span style=\"color: #ff6600;\">\u2666<\/span><\/td>\n<td width=\"21\"><span style=\"color: #ff6600;\">\u2666<\/span><\/td>\n<td width=\"25\"><span style=\"color: #ff6600;\">\u2666<\/span><\/td>\n<td width=\"23\"><span style=\"color: #ff6600;\">\u2666<\/span><\/td>\n<td width=\"23\"><span style=\"color: #ff6600;\">\u2666<\/span><\/td>\n<td width=\"21\"><span style=\"color: #ff6600;\">\u2666<\/span><\/td>\n<td width=\"21\"><span style=\"color: #ff6600;\">\u2666<\/span><\/td>\n<td width=\"21\"><span style=\"color: #ff6600;\">\u2666<\/span><\/td>\n<td width=\"21\"><span style=\"color: #ff6600;\">\u2666<\/span><\/td>\n<td width=\"20\">&#8211;<\/td>\n<td width=\"39\"><span style=\"color: #ff6600;\">\u2666<\/span><\/td>\n<\/tr>\n<tr>\n<td width=\"88\"><strong>SLSI0100<\/strong><\/td>\n<td width=\"51\">1,00<\/td>\n<td width=\"70\">32 x 0,20<\/td>\n<td width=\"56\">9,6<\/td>\n<td width=\"46\">0,6<\/td>\n<td width=\"66\">2,6<\/td>\n<td width=\"20\"><span style=\"color: #ff6600;\">\u2666<\/span><\/td>\n<td width=\"21\"><span style=\"color: #ff6600;\">\u2666<\/span><\/td>\n<td width=\"25\"><span style=\"color: #ff6600;\">\u2666<\/span><\/td>\n<td width=\"23\"><span style=\"color: #ff6600;\">\u2666<\/span><\/td>\n<td width=\"23\"><span style=\"color: #ff6600;\">\u2666<\/span><\/td>\n<td width=\"21\"><span style=\"color: #ff6600;\">\u2666<\/span><\/td>\n<td width=\"21\"><span style=\"color: #ff6600;\">\u2666<\/span><\/td>\n<td width=\"21\"><span style=\"color: #ff6600;\">\u2666<\/span><\/td>\n<td width=\"21\"><span style=\"color: #ff6600;\">\u2666<\/span><\/td>\n<td width=\"20\">&#8211;<\/td>\n<td width=\"39\"><span style=\"color: #ff6600;\">\u2666<\/span><\/td>\n<\/tr>\n<tr>\n<td width=\"88\"><strong>SLSI0150<\/strong><\/td>\n<td width=\"51\">1,50<\/td>\n<td width=\"70\">30 x 0,25<\/td>\n<td width=\"56\">14,4<\/td>\n<td width=\"46\">0,7<\/td>\n<td width=\"66\">3,0<\/td>\n<td width=\"20\"><span style=\"color: #ff6600;\">\u2666<\/span><\/td>\n<td width=\"21\"><span style=\"color: #ff6600;\">\u2666<\/span><\/td>\n<td width=\"25\"><span style=\"color: #ff6600;\">\u2666<\/span><\/td>\n<td width=\"23\"><span style=\"color: #ff6600;\">\u2666<\/span><\/td>\n<td width=\"23\"><span style=\"color: #ff6600;\">\u2666<\/span><\/td>\n<td width=\"21\"><span style=\"color: #ff6600;\">\u2666<\/span><\/td>\n<td width=\"21\"><span style=\"color: #ff6600;\">\u2666<\/span><\/td>\n<td width=\"21\"><span style=\"color: #ff6600;\">\u2666<\/span><\/td>\n<td width=\"21\"><span style=\"color: #ff6600;\">\u2666<\/span><\/td>\n<td width=\"20\">&#8211;<\/td>\n<td width=\"39\"><span style=\"color: #ff6600;\">\u2666<\/span><\/td>\n<\/tr>\n<tr>\n<td width=\"88\"><strong>SLSI0250<\/strong><\/td>\n<td width=\"51\">2,50<\/td>\n<td width=\"70\">50 x 0,25<\/td>\n<td width=\"56\">24,0<\/td>\n<td width=\"46\">0,7<\/td>\n<td width=\"66\">3,4<\/td>\n<td width=\"20\"><span style=\"color: #ff6600;\">\u2666<\/span><\/td>\n<td width=\"21\"><span style=\"color: #ff6600;\">\u2666<\/span><\/td>\n<td width=\"25\"><span style=\"color: #ff6600;\">\u2666<\/span><\/td>\n<td width=\"23\"><span style=\"color: #ff6600;\">\u2666<\/span><\/td>\n<td width=\"23\"><span style=\"color: #ff6600;\">\u2666<\/span><\/td>\n<td width=\"21\"><span style=\"color: #ff6600;\">\u2666<\/span><\/td>\n<td width=\"21\"><span style=\"color: #ff6600;\">\u2666<\/span><\/td>\n<td width=\"21\"><span style=\"color: #ff6600;\">\u2666<\/span><\/td>\n<td width=\"21\"><span style=\"color: #ff6600;\">\u2666<\/span><\/td>\n<td width=\"20\">&#8211;<\/td>\n<td width=\"39\"><span style=\"color: #ff6600;\">\u2666<\/span><\/td>\n<\/tr>\n<tr>\n<td width=\"88\"><strong>SLSI0400<\/strong><\/td>\n<td width=\"51\">4,00<\/td>\n<td width=\"70\">56 x 0,30<\/td>\n<td width=\"56\">38,4<\/td>\n<td width=\"46\">0,8<\/td>\n<td width=\"66\">4,2<\/td>\n<td width=\"20\"><span style=\"color: #ff6600;\">\u2666<\/span><\/td>\n<td width=\"21\"><span style=\"color: #ff6600;\">\u2666<\/span><\/td>\n<td width=\"25\"><span style=\"color: #ff6600;\">\u2666<\/span><\/td>\n<td width=\"23\"><span style=\"color: #ff6600;\">\u2666<\/span><\/td>\n<td width=\"23\">&#8211;<\/td>\n<td width=\"21\">&#8211;<\/td>\n<td width=\"21\">&#8211;<\/td>\n<td width=\"21\">&#8211;<\/td>\n<td width=\"21\">&#8211;<\/td>\n<td width=\"20\">&#8211;<\/td>\n<td width=\"39\"><span style=\"color: #ff6600;\">\u2666<\/span><\/td>\n<\/tr>\n<tr>\n<td width=\"88\"><strong>SLSI0600<\/strong><\/td>\n<td width=\"51\">6,00<\/td>\n<td width=\"70\">84 x 0,30<\/td>\n<td width=\"56\">57,6<\/td>\n<td width=\"46\">0,8<\/td>\n<td width=\"66\">5,2<\/td>\n<td width=\"20\"><span style=\"color: #ff6600;\">\u2666<\/span><\/td>\n<td width=\"21\"><span style=\"color: #ff6600;\">\u2666<\/span><\/td>\n<td width=\"25\"><span style=\"color: #ff6600;\">\u2666<\/span><\/td>\n<td width=\"23\"><span style=\"color: #ff6600;\">\u2666<\/span><\/td>\n<td width=\"23\">&#8211;<\/td>\n<td width=\"21\">&#8211;<\/td>\n<td width=\"21\">&#8211;<\/td>\n<td width=\"21\">&#8211;<\/td>\n<td width=\"21\">&#8211;<\/td>\n<td width=\"20\">&#8211;<\/td>\n<td width=\"39\"><span style=\"color: #ff6600;\">\u2666<\/span><\/td>\n<\/tr>\n<tr>\n<td width=\"88\"><strong>SLSI1000<\/strong><\/td>\n<td width=\"51\">10,00<\/td>\n<td width=\"70\">80 x 0,40<\/td>\n<td width=\"56\">96,0<\/td>\n<td width=\"46\">1,0<\/td>\n<td width=\"66\">6,8<\/td>\n<td width=\"20\"><span style=\"color: #ff6600;\">\u2666<\/span><\/td>\n<td width=\"21\"><span style=\"color: #ff6600;\">\u2666<\/span><\/td>\n<td width=\"25\"><span style=\"color: #ff6600;\">\u2666<\/span><\/td>\n<td width=\"23\"><span style=\"color: #ff6600;\">\u2666<\/span><\/td>\n<td width=\"23\">&#8211;<\/td>\n<td width=\"21\">&#8211;<\/td>\n<td width=\"21\">&#8211;<\/td>\n<td width=\"21\">&#8211;<\/td>\n<td width=\"21\">&#8211;<\/td>\n<td width=\"20\">&#8211;<\/td>\n<td width=\"39\"><span style=\"color: #ff6600;\">\u2666<\/span><\/td>\n<\/tr>\n<tr>\n<td width=\"88\"><strong>SLSI1600<\/strong><\/td>\n<td width=\"51\">16,00<\/td>\n<td width=\"70\">128 x 0,40<\/td>\n<td width=\"56\">154<\/td>\n<td width=\"46\">1,2<\/td>\n<td width=\"66\">8,4<\/td>\n<td width=\"20\"><span style=\"color: #ff6600;\">\u2666<\/span><\/td>\n<td width=\"21\"><span style=\"color: #ff6600;\">\u2666<\/span><\/td>\n<td width=\"25\"><span style=\"color: #ff6600;\">\u2666<\/span><\/td>\n<td width=\"23\"><span style=\"color: #ff6600;\">\u2666<\/span><\/td>\n<td width=\"23\">&#8211;<\/td>\n<td width=\"21\">&#8211;<\/td>\n<td width=\"21\">&#8211;<\/td>\n<td width=\"21\">&#8211;<\/td>\n<td width=\"21\">&#8211;<\/td>\n<td width=\"20\">&#8211;<\/td>\n<td width=\"39\"><span style=\"color: #ff6600;\">\u2666<\/span><\/td>\n<\/tr>\n<tr>\n<td width=\"88\"><strong>SLSI2500<\/strong><\/td>\n<td width=\"51\">25,00<\/td>\n<td width=\"70\">200 x 0,40<\/td>\n<td width=\"56\">240<\/td>\n<td width=\"46\">1,4<\/td>\n<td width=\"66\">10,3<\/td>\n<td width=\"20\"><span style=\"color: #ff6600;\">\u2666<\/span><\/td>\n<td width=\"21\"><span style=\"color: #ff6600;\">\u2666<\/span><\/td>\n<td width=\"25\"><span style=\"color: #ff6600;\">\u2666<\/span><\/td>\n<td width=\"23\"><span style=\"color: #ff6600;\">\u2666<\/span><\/td>\n<td width=\"23\">&#8211;<\/td>\n<td width=\"21\">&#8211;<\/td>\n<td width=\"21\">&#8211;<\/td>\n<td width=\"21\">&#8211;<\/td>\n<td width=\"21\">&#8211;<\/td>\n<td width=\"20\">&#8211;<\/td>\n<td width=\"39\"><span style=\"color: #ff6600;\">\u2666<\/span><\/td>\n<\/tr>\n<tr>\n<td width=\"88\"><strong>SLSI3500<\/strong><\/td>\n<td width=\"51\">35,00<\/td>\n<td width=\"70\">280 x 0,40<\/td>\n<td width=\"56\">336<\/td>\n<td width=\"46\">1,4<\/td>\n<td width=\"66\">11,6<\/td>\n<td width=\"20\"><span style=\"color: #ff6600;\">\u2666<\/span><\/td>\n<td width=\"21\"><span style=\"color: #ff6600;\">\u2666<\/span><\/td>\n<td width=\"25\"><span style=\"color: #ff6600;\">\u2666<\/span><\/td>\n<td width=\"23\"><span style=\"color: #ff6600;\">\u2666<\/span><\/td>\n<td width=\"23\">&#8211;<\/td>\n<td width=\"21\">&#8211;<\/td>\n<td width=\"21\">&#8211;<\/td>\n<td width=\"21\">&#8211;<\/td>\n<td width=\"21\">&#8211;<\/td>\n<td width=\"20\">&#8211;<\/td>\n<td width=\"39\"><span style=\"color: #ff6600;\">\u2666<\/span><\/td>\n<\/tr>\n<tr>\n<td width=\"88\"><strong>SLSI5000<\/strong><\/td>\n<td width=\"51\">50,00<\/td>\n<td width=\"70\">400 x 0,40<\/td>\n<td width=\"56\">570<\/td>\n<td width=\"46\">&#8212;<\/td>\n<td width=\"66\">13,8<\/td>\n<td width=\"20\"><span style=\"color: #ff6600;\">\u2666<\/span><\/td>\n<td width=\"21\"><span style=\"color: #ff6600;\">\u2666<\/span><\/td>\n<td width=\"25\"><span style=\"color: #ff6600;\">\u2666<\/span><\/td>\n<td width=\"23\"><span style=\"color: #ff6600;\">\u2666<\/span><\/td>\n<td width=\"23\">&#8211;<\/td>\n<td width=\"21\">&#8211;<\/td>\n<td width=\"21\">&#8211;<\/td>\n<td width=\"21\">&#8211;<\/td>\n<td width=\"21\">&#8211;<\/td>\n<td width=\"20\">&#8211;<\/td>\n<td width=\"39\"><span style=\"color: #ff6600;\">\u2666<\/span><\/td>\n<\/tr>\n<\/tbody>\n<\/table>\n<p>\u2666 <span style=\"color: #ff6600;\">s<\/span>ur demande<\/p>\n<p>&nbsp;<\/p>\n<p><strong>Couleurs :<br \/>\n<\/strong>rouge (rt), bleu (bl), noir (sw), blanc (ws), vert (gn), jaune (ge), gris (gr), marron (br), orange (or), violet (vi), vert-jaune (gnge)<\/p>\n<p><strong>Num\u00e9ro d&rsquo;article<\/strong>:<br \/>\nExemple : SLSI0250BL<br \/>\nSLSI025 = num\u00e9ro de base<br \/>\nBL= couleur bleue<\/p>\n<p>&nbsp;<\/p>\n","protected":false},"excerpt":{"rendered":"<p>&nbsp;<\/p>\n<h5>Le fil souple en silicone est un c\u00e2ble flexible de classe de temp\u00e9rature H (180 \u00b0C), recouvert d&rsquo;une isolation en caoutchouc silicone extrud\u00e9. Il est sans halog\u00e8ne et offre une bonne r\u00e9sistance \u00e0 la perforation, m\u00eame en cas de surcharge thermique de courte dur\u00e9e.<\/h5>\n<p>&nbsp;<\/p>\n","protected":false},"featured_media":1988,"template":"","meta":{"_acf_changed":false},"product_brand":[],"product_cat":[146,150],"product_tag":[],"class_list":{"0":"post-5919","1":"product","2":"type-product","3":"status-publish","4":"has-post-thumbnail","6":"product_cat-cables-electriques","7":"product_cat-torons-et-fils-selon-la-classe-thermique-a-f-h","9":"first","10":"instock","11":"shipping-taxable","12":"purchasable","13":"product-type-simple"},"acf":[],"_links":{"self":[{"href":"https:\/\/schupp.ch\/fr\/wp-json\/wp\/v2\/product\/5919","targetHints":{"allow":["GET"]}}],"collection":[{"href":"https:\/\/schupp.ch\/fr\/wp-json\/wp\/v2\/product"}],"about":[{"href":"https:\/\/schupp.ch\/fr\/wp-json\/wp\/v2\/types\/product"}],"wp:featuredmedia":[{"embeddable":true,"href":"https:\/\/schupp.ch\/fr\/wp-json\/wp\/v2\/media\/1988"}],"wp:attachment":[{"href":"https:\/\/schupp.ch\/fr\/wp-json\/wp\/v2\/media?parent=5919"}],"wp:term":[{"taxonomy":"product_brand","embeddable":true,"href":"https:\/\/schupp.ch\/fr\/wp-json\/wp\/v2\/product_brand?post=5919"},{"taxonomy":"product_cat","embeddable":true,"href":"https:\/\/schupp.ch\/fr\/wp-json\/wp\/v2\/product_cat?post=5919"},{"taxonomy":"product_tag","embeddable":true,"href":"https:\/\/schupp.ch\/fr\/wp-json\/wp\/v2\/product_tag?post=5919"}],"curies":[{"name":"wp","href":"https:\/\/api.w.org\/{rel}","templated":true}]}}