{"id":5920,"date":"2024-01-26T11:16:11","date_gmt":"2024-01-26T10:16:11","guid":{"rendered":"https:\/\/schupp.ch\/p\/microconducteurs-cables-coaxiaux-microminiatures\/"},"modified":"2026-02-08T14:35:58","modified_gmt":"2026-02-08T13:35:58","slug":"microconducteurs-cables-coaxiaux-microminiatures","status":"publish","type":"product","link":"https:\/\/schupp.ch\/fr\/p\/microconducteurs-cables-coaxiaux-microminiatures\/","title":{"rendered":"Microc\u00e2bles"},"content":{"rendered":"<p>&nbsp;<\/p>\n<p><strong>Aper\u00e7u de vos avantages avec ces microproduits :<\/strong><\/p>\n<ul>\n<li>Know-How sp\u00e9cial, pr\u00e9cision et s\u00e9curit\u00e9 des produits<\/li>\n<li>Machines et m\u00e9thodes de fabrication individualis\u00e9es<\/li>\n<li>Mat\u00e9riaux de haute technologie<\/li>\n<li>Comp\u00e9tence dans l&rsquo;utilisation de mat\u00e9riaux sp\u00e9ciaux innovants<\/li>\n<li>Propri\u00e9t\u00e9s et constructions de conduites optimis\u00e9es pour les applications<\/li>\n<li>Solutions bas\u00e9es sur les meilleures pratiques<\/li>\n<li>Petits lots<\/li>\n<\/ul>\n<h3><\/h3>\n<p>&nbsp;<\/p>\n<p><strong>Micro-c\u00e2bles<\/strong><\/p>\n<p>Notre usine d\u00e9veloppe et produit des c\u00e2bles sp\u00e9cifiques aux applications avec des sections allant jusqu&rsquo;\u00e0 AWG 56 et des c\u00e2bles coaxiaux jusqu&rsquo;\u00e0 AWG 46. Ce qui est \u00e0 peine visible \u00e0 l&rsquo;\u0153il nu est pourtant absolument essentiel : des fonctions importantes telles que le faible niveau de bruit et la construction de c\u00e2bles tr\u00e8s flexibles sont garanties par l&rsquo;utilisation de mat\u00e9riaux haute performance et d&rsquo;alliages sp\u00e9ciaux. Des caract\u00e9ristiques telles qu&rsquo;un toucher optimis\u00e9 pour l&rsquo;application, la st\u00e9rilisation\/l&rsquo;autoclavage et la biocompatibilit\u00e9 selon ISO 10993 sont garanties par l&rsquo;utilisation des mat\u00e9riaux les plus modernes. Parmi les domaines d&rsquo;application exceptionnels, on trouve des applications tr\u00e8s sensibles telles que les techniques chirurgicales mini-invasives et d&rsquo;autres innovations dans le domaine de la m\u00e9decine et des capteurs. En voici quelques exemples : Un scalpel \u00e9lectronique permet au chirurgien de couper les tissus de mani\u00e8re cibl\u00e9e et d&rsquo;arr\u00eater simultan\u00e9ment les saignements qui en r\u00e9sultent. Des capteurs de SpO2 permettent de mesurer la saturation en oxyg\u00e8ne dans le sang. Les solutions individuelles de micro-c\u00e2bles sont \u00e9galement un \u00e9l\u00e9ment cl\u00e9 dans les proc\u00e9dures d&rsquo;imagerie telles que l&rsquo;imagerie par r\u00e9sonance magn\u00e9tique (IRM) ou l&rsquo;endoscopie (vid\u00e9o). Dans ce cas et dans de nombreuses autres applications sensibles, la qualit\u00e9 de ces microproduits donne aux utilisateurs un sentiment rassurant de fiabilit\u00e9 et de s\u00e9curit\u00e9 maximales.<\/p>\n<p>&nbsp;<\/p>\n<p><strong>C\u00e2bles pour le secteur m\u00e9dical <\/strong><\/p>\n<p>Les applications tr\u00e8s sensibles dans le domaine m\u00e9dical imposent des exigences particuli\u00e8res en mati\u00e8re de conception des c\u00e2bles. Ces c\u00e2bles doivent \u00eatre faciles \u00e0 manipuler, autoclavables et fiables. La conception, les mat\u00e9riaux et la fabrication des c\u00e2bles garantissent une flexibilit\u00e9 m\u00e9canique maximale, une r\u00e9sistance extr\u00eame \u00e0 la traction et un faible encombrement. Des mat\u00e9riaux hautes performances, des alliages sp\u00e9ciaux et des techniques de fabrication brevet\u00e9es garantissent en outre la biocompatibilit\u00e9 selon la norme DIN EN ISO 10993 et sont utilis\u00e9s entre autres dans les applications suivantes :<\/p>\n<ul>\n<li>Autoclaves<\/li>\n<li>D\u00e9fibrillateurs<\/li>\n<li>Technique dentaire<\/li>\n<li>Appareils d&rsquo;ECG et d&rsquo;EEG<\/li>\n<li>Endoscopie<\/li>\n<\/ul>\n<p>&nbsp;<\/p>\n<table data-tablestyle=\"Custom\" data-tablelook=\"0\" aria-rowcount=\"9\">\n<tbody>\n<tr aria-rowindex=\"1\">\n<td colspan=\"9\" data-celllook=\"256\"><strong>Propri\u00e9t\u00e9s des mat\u00e9riaux d&rsquo;isolation utilis\u00e9s<\/strong><\/td>\n<\/tr>\n<tr aria-rowindex=\"2\">\n<td colspan=\"1\" rowspan=\"2\" data-celllook=\"4369\"><\/td>\n<td colspan=\"5\" data-celllook=\"69905\"><strong>Fluoropolym\u00e8res<\/strong><\/td>\n<td colspan=\"2\" data-celllook=\"69905\"><strong>\u00c9lastom\u00e8res<\/strong><\/td>\n<td data-celllook=\"69905\"><strong>\u00c9lastom\u00e8res thermoplastiques<\/strong><\/td>\n<\/tr>\n<tr aria-rowindex=\"3\">\n<td data-celllook=\"4369\"><strong>ETFE<\/strong><\/td>\n<td data-celllook=\"4369\"><strong>FEP<\/strong><\/td>\n<td data-celllook=\"4369\"><strong>AMF<\/strong><\/td>\n<td data-celllook=\"4369\"><strong>PFA<\/strong><\/td>\n<td data-celllook=\"4369\"><strong>PTFE<\/strong><\/td>\n<td data-celllook=\"4369\"><strong>Silicone<\/strong><\/td>\n<td data-celllook=\"4369\"><strong>PUR<\/strong><\/td>\n<td data-celllook=\"4369\"><strong>Santoprene\u2122<\/strong><\/td>\n<\/tr>\n<tr aria-rowindex=\"4\">\n<td data-celllook=\"4369\"><span data-contrast=\"auto\">Temp\u00e9rature de service continu (20 000 h)<\/span><\/td>\n<td data-celllook=\"4369\"><span data-contrast=\"auto\">-100 \u00b0C<\/span><\/p>\n<p><span data-contrast=\"auto\">+150 \u00b0C<\/span><\/td>\n<td data-celllook=\"4369\"><span data-contrast=\"auto\">-100 \u00b0C<\/span><\/p>\n<p><span data-contrast=\"auto\">+200 \u00b0C<\/span><\/td>\n<td data-celllook=\"4369\"><span data-contrast=\"auto\">-100 \u00b0C<\/span><\/p>\n<p><span data-contrast=\"auto\">+230 \u00b0C<\/span><\/td>\n<td data-celllook=\"4369\"><span data-contrast=\"auto\">-190 \u00b0C<\/span><\/p>\n<p><span data-contrast=\"auto\">+250 \u00b0C<\/span><\/td>\n<td data-celllook=\"4369\"><span data-contrast=\"auto\">-190 \u00b0C<\/span><\/p>\n<p><span data-contrast=\"auto\">+260 \u00b0C<\/span><\/td>\n<td data-celllook=\"4369\"><span data-contrast=\"auto\">&#8211; 50 \u00b0C<\/span><\/p>\n<p><span data-contrast=\"auto\">+180 \u00b0C<\/span><\/td>\n<td data-celllook=\"4369\"><span data-contrast=\"auto\">&#8211; 50 \u00b0C<\/span><\/p>\n<p><span data-contrast=\"auto\">+90 \u00b0C<\/span><\/td>\n<td data-celllook=\"4369\"><span data-contrast=\"auto\">&#8211; 50 \u00b0C<\/span><\/p>\n<p><span data-contrast=\"auto\">+ 105 \u00b0C<\/span><\/td>\n<\/tr>\n<\/tbody>\n<\/table>\n<p>&nbsp;<\/p>\n<table width=\"642\">\n<tbody>\n<tr>\n<td colspan=\"9\" width=\"642\"><strong>Propri\u00e9t\u00e9s des mat\u00e9riaux d&rsquo;isolation utilis\u00e9s<\/strong><\/td>\n<\/tr>\n<tr>\n<td rowspan=\"2\" width=\"151\"><\/td>\n<td colspan=\"5\" width=\"246\"><strong>Fluoropolym\u00e8res<\/strong><\/td>\n<td colspan=\"2\" width=\"104\"><strong>\u00c9lastom\u00e8res<\/strong><\/td>\n<td width=\"142\"><strong>\u00c9lastom\u00e8res thermoplastiques<\/strong><\/td>\n<\/tr>\n<tr>\n<td width=\"56\"><strong>ETFE<\/strong><\/td>\n<td width=\"48\"><strong>FEP<\/strong><\/td>\n<td width=\"47\"><strong>AMF<\/strong><\/td>\n<td width=\"47\"><strong>PFA<\/strong><\/td>\n<td width=\"47\"><strong>PTFE<\/strong><\/td>\n<td width=\"47\"><strong>Silicone<\/strong><\/td>\n<td width=\"57\"><strong>PUR<\/strong><\/td>\n<td width=\"142\"><strong>Santoprene\u2122<\/strong><\/td>\n<\/tr>\n<tr>\n<td width=\"151\">Temp\u00e9rature de service continu (20 000 h)<\/td>\n<td width=\"56\">-100 \u00b0C<\/p>\n<p>+150 \u00b0C<\/td>\n<td width=\"48\">-100 \u00b0C<\/p>\n<p>+200 \u00b0C<\/td>\n<td width=\"47\">-100 \u00b0C<\/p>\n<p>+230 \u00b0C<\/td>\n<td width=\"47\">-190 \u00b0C<\/p>\n<p>+250 \u00b0C<\/td>\n<td width=\"47\">-190 \u00b0C<\/p>\n<p>+260 \u00b0C<\/td>\n<td width=\"47\">&#8211; 50 \u00b0C<\/p>\n<p>+180 \u00b0C<\/td>\n<td width=\"57\">&#8211; 50 \u00b0C<\/p>\n<p>+90 \u00b0C<\/td>\n<td width=\"142\">&#8211; 50 \u00b0C<\/p>\n<p>+ 105 \u00b0C<\/td>\n<\/tr>\n<tr>\n<td width=\"151\">Biocompatibilit\u00e9<\/td>\n<td width=\"56\">\u2714<\/td>\n<td width=\"48\">\u2714<\/td>\n<td width=\"47\">\u2714<\/td>\n<td width=\"47\">\u2714<\/td>\n<td width=\"47\">\u2714<\/td>\n<td width=\"47\">\u2714<\/td>\n<td width=\"57\">\u2714<\/td>\n<td width=\"142\">\u2714<\/td>\n<\/tr>\n<tr>\n<td width=\"151\">R\u00e9sistance aux d\u00e9sinfectants<\/td>\n<td width=\"56\"><strong>++<\/strong><\/td>\n<td width=\"48\"><strong>++<\/strong><\/td>\n<td width=\"47\"><strong>++<\/strong><\/td>\n<td width=\"47\"><strong>++<\/strong><\/td>\n<td width=\"47\"><strong>++<\/strong><\/td>\n<td width=\"47\"><strong>++<\/strong><\/td>\n<td width=\"57\"><strong>+<\/strong><\/td>\n<td width=\"142\"><strong>+<\/strong><\/td>\n<\/tr>\n<tr>\n<td width=\"151\">Absence d&rsquo;halog\u00e8ne<\/td>\n<td width=\"56\">x<\/td>\n<td width=\"48\">x<\/td>\n<td width=\"47\">x<\/td>\n<td width=\"47\">x<\/td>\n<td width=\"47\">x<\/td>\n<td width=\"47\">\u2714<\/td>\n<td width=\"57\">\u2714<\/td>\n<td width=\"142\">\u2714<\/td>\n<\/tr>\n<tr>\n<td width=\"151\">Conforme \u00e0 la directive RoHS<\/td>\n<td width=\"56\">\u2714<\/td>\n<td width=\"48\">\u2714<\/td>\n<td width=\"47\">\u2714<\/td>\n<td width=\"47\">\u2714<\/td>\n<td width=\"47\">\u2714<\/td>\n<td width=\"47\">\u2714<\/td>\n<td width=\"57\">\u2714<\/td>\n<td width=\"142\">\u2714<\/td>\n<\/tr>\n<tr>\n<td width=\"151\">Conforme \u00e0 REACH<\/td>\n<td width=\"56\">\u2714<\/td>\n<td width=\"48\">\u2714<\/td>\n<td width=\"47\">\u2714<\/td>\n<td width=\"47\">\u2714<\/td>\n<td width=\"47\">\u2714<\/td>\n<td width=\"47\">\u2714<\/td>\n<td width=\"57\">\u2714<\/td>\n<td width=\"142\">\u2714<\/td>\n<\/tr>\n<\/tbody>\n<\/table>\n<p>Santoprene\u2122 est une marque d\u00e9pos\u00e9e d&rsquo;Exxon Mobil Corporation.<\/p>\n<p>&nbsp;<\/p>\n<p><strong>Dimensions des conducteurs<\/strong><\/p>\n<table width=\"647\">\n<tbody>\n<tr>\n<td width=\"70\"><\/td>\n<td width=\"143\"><\/td>\n<td colspan=\"2\" width=\"293\"><strong>Diam\u00e8tre<\/strong><\/td>\n<td width=\"142\"><strong>Section<br \/>\n<\/strong><\/td>\n<\/tr>\n<tr>\n<td width=\"70\"><strong>AWG<\/strong><\/td>\n<td width=\"143\"><strong>min. (mm)<\/strong><\/td>\n<td width=\"132\"><strong>nom. (mm)<\/strong><\/td>\n<td width=\"161\"><strong>max. (mm)<\/strong><\/td>\n<td width=\"142\"><strong>mm<sup>2<\/sup><\/strong><\/td>\n<\/tr>\n<tr>\n<td width=\"70\">40<\/td>\n<td width=\"143\">0,076<\/td>\n<td width=\"132\">0,079<\/td>\n<td width=\"161\">0,081<\/td>\n<td width=\"142\">0,0049017<\/td>\n<\/tr>\n<tr>\n<td width=\"70\">42<\/td>\n<td width=\"143\">0,061<\/td>\n<td width=\"132\">0,064<\/td>\n<td width=\"161\">0,066<\/td>\n<td width=\"142\">0,0032170<\/td>\n<\/tr>\n<tr>\n<td width=\"70\">44<\/td>\n<td width=\"143\">0,048<\/td>\n<td width=\"132\">0,051<\/td>\n<td width=\"161\">0,053<\/td>\n<td width=\"142\">0,0020428<\/td>\n<\/tr>\n<tr>\n<td width=\"70\">46<\/td>\n<td width=\"143\">0,0384<\/td>\n<td width=\"132\">0,0399<\/td>\n<td width=\"161\">0,0417<\/td>\n<td width=\"142\">0,0012504<\/td>\n<\/tr>\n<tr>\n<td width=\"70\">48<\/td>\n<td width=\"143\">0,0302<\/td>\n<td width=\"132\">0,0315<\/td>\n<td width=\"161\">0,0328<\/td>\n<td width=\"142\">0,0007793<\/td>\n<\/tr>\n<tr>\n<td width=\"70\">50<\/td>\n<td width=\"143\">0,0241<\/td>\n<td width=\"132\">0,0251<\/td>\n<td width=\"161\">0,0262<\/td>\n<td width=\"142\">0,0004948<\/td>\n<\/tr>\n<tr>\n<td width=\"70\">51<\/td>\n<td width=\"143\">0,0216<\/td>\n<td width=\"132\">0,0224<\/td>\n<td width=\"161\">0,0234<\/td>\n<td width=\"142\">0,0003941<\/td>\n<\/tr>\n<tr>\n<td width=\"70\">52<\/td>\n<td width=\"143\">0,0191<\/td>\n<td width=\"132\">0,0198<\/td>\n<td width=\"161\">0,0206<\/td>\n<td width=\"142\">0,0003079<\/td>\n<\/tr>\n<tr>\n<td width=\"70\">53<\/td>\n<td width=\"143\">0,0170<\/td>\n<td width=\"132\">0,0178<\/td>\n<td width=\"161\">0,0185<\/td>\n<td width=\"142\">0,0002488<\/td>\n<\/tr>\n<tr>\n<td width=\"70\">54<\/td>\n<td width=\"143\">0,0152<\/td>\n<td width=\"132\">0,0157<\/td>\n<td width=\"161\">0,0165<\/td>\n<td width=\"142\">0,0001936<\/td>\n<\/tr>\n<tr>\n<td width=\"70\">55<\/td>\n<td width=\"143\">0,0135<\/td>\n<td width=\"132\">0,0140<\/td>\n<td width=\"161\">0,0145<\/td>\n<td width=\"142\">0,0001539<\/td>\n<\/tr>\n<tr>\n<td width=\"70\">56<\/td>\n<td width=\"143\">0,0119<\/td>\n<td width=\"132\">0,0124<\/td>\n<td width=\"161\">0,0130<\/td>\n<td width=\"142\">0.0001208<\/td>\n<\/tr>\n<\/tbody>\n<\/table>\n<p>&nbsp;<\/p>\n<p>&nbsp;<\/p>\n<h5><strong>C\u00e2ble coaxial microminiature<\/strong><\/h5>\n<p>Les c\u00e2bles coaxiaux microminiatures sont constitu\u00e9s d&rsquo;un di\u00e9lectrique solide ou expans\u00e9 en plastique fluor\u00e9 et sont sp\u00e9cialement adapt\u00e9s aux capteurs, aux techniques de mesure et \u00e0 la technique m\u00e9dicale.<\/p>\n<p>&nbsp;<\/p>\n<table>\n<tbody>\n<tr>\n<td width=\"108\"><strong>Num\u00e9ro d&rsquo;article<\/strong><\/td>\n<td width=\"34\"><strong>AWG<\/strong><\/td>\n<td width=\"114\"><strong>Toron : nombre de brins\/AWG<\/strong><\/td>\n<td width=\"80\"><strong>Diam\u00e8tre du di\u00e9lectrique [mm]<\/strong><\/td>\n<td width=\"80\"><strong>Blindage AWG<\/strong><\/td>\n<td width=\"81\"><strong>Type de blindage<\/strong><\/td>\n<td width=\"66\"><strong>\u00d8 ext\u00e9rieur<\/strong><br \/>\n<strong>[mm]<\/strong><\/td>\n<td width=\"66\"><strong>Capacit\u00e9 C<\/strong><br \/>\n<strong>[pF\/m]<\/strong><\/td>\n<\/tr>\n<tr>\n<td colspan=\"8\" width=\"631\"><strong>C\u00e2ble coaxial 50 ohms avec PFA fixe<\/strong><\/td>\n<\/tr>\n<tr>\n<td width=\"108\">KOPFA5042U<\/td>\n<td width=\"34\">42<\/td>\n<td width=\"114\">7\/50<\/td>\n<td width=\"80\">0,15<\/td>\n<td width=\"80\">44<\/td>\n<td width=\"81\">fil\u00e9<\/td>\n<td width=\"66\">0,51<\/td>\n<td width=\"66\">143,6<\/td>\n<\/tr>\n<tr>\n<td width=\"108\">KOPFA5040U<\/td>\n<td width=\"34\">40<\/td>\n<td width=\"114\">7\/48<\/td>\n<td width=\"80\">0,20<\/td>\n<td width=\"80\">44<\/td>\n<td width=\"81\">fil\u00e9<\/td>\n<td width=\"66\">0,56<\/td>\n<td width=\"66\">122,6<\/td>\n<\/tr>\n<tr>\n<td width=\"108\">KOPFA5038U<\/td>\n<td width=\"34\">38<\/td>\n<td width=\"114\">7\/46<\/td>\n<td width=\"80\">0,27<\/td>\n<td width=\"80\">44<\/td>\n<td width=\"81\">fil\u00e9<\/td>\n<td width=\"66\">0,64<\/td>\n<td width=\"66\">120,3<\/td>\n<\/tr>\n<tr>\n<td width=\"108\">KOPFA5038G<\/td>\n<td width=\"34\">38<\/td>\n<td width=\"114\">7\/46<\/td>\n<td width=\"80\">0,22<\/td>\n<td width=\"80\">44<\/td>\n<td width=\"81\">tress\u00e9<\/td>\n<td width=\"66\">0,69<\/td>\n<td width=\"66\">113,8<\/td>\n<\/tr>\n<tr>\n<td width=\"108\">KOPFA5036U<\/td>\n<td width=\"34\">36<\/td>\n<td width=\"114\">7\/44<\/td>\n<td width=\"80\">0,35<\/td>\n<td width=\"80\">44<\/td>\n<td width=\"81\">fil\u00e9<\/td>\n<td width=\"66\">0,71<\/td>\n<td width=\"66\">120,0<\/td>\n<\/tr>\n<tr>\n<td width=\"108\">KOPFA5036G<\/td>\n<td width=\"34\">36<\/td>\n<td width=\"114\">7\/44<\/td>\n<td width=\"80\">0,33<\/td>\n<td width=\"80\">44<\/td>\n<td width=\"81\">tress\u00e9<\/td>\n<td width=\"66\">0,79<\/td>\n<td width=\"66\">105,2<\/td>\n<\/tr>\n<tr>\n<td width=\"108\">KOPFA5034U<\/td>\n<td width=\"34\">34<\/td>\n<td width=\"114\">7\/42<\/td>\n<td width=\"80\">0,45<\/td>\n<td width=\"80\">44<\/td>\n<td width=\"81\">fil\u00e9<\/td>\n<td width=\"66\">0,81<\/td>\n<td width=\"66\">114,3<\/td>\n<\/tr>\n<tr>\n<td width=\"108\">KOPFA5034G<\/td>\n<td width=\"34\">34<\/td>\n<td width=\"114\">7\/42<\/td>\n<td width=\"80\">0,45<\/td>\n<td width=\"80\">44<\/td>\n<td width=\"81\">tress\u00e9<\/td>\n<td width=\"66\">0,91<\/td>\n<td width=\"66\">100,6<\/td>\n<\/tr>\n<tr>\n<td colspan=\"8\" width=\"631\"><strong>C\u00e2ble coaxial 75 ohms avec PFA fixe<\/strong><\/td>\n<\/tr>\n<tr>\n<td width=\"108\">KOPFA7542U<\/td>\n<td width=\"34\">42<\/td>\n<td width=\"114\">7\/50<\/td>\n<td width=\"80\">0,28<\/td>\n<td width=\"80\">44<\/td>\n<td width=\"81\">fil\u00e9<\/td>\n<td width=\"66\">0,69<\/td>\n<td width=\"66\">81,0<\/td>\n<\/tr>\n<tr>\n<td width=\"108\">KOPFA7542G<\/td>\n<td width=\"34\">42<\/td>\n<td width=\"114\">7\/50<\/td>\n<td width=\"80\">0,20<\/td>\n<td width=\"80\">44<\/td>\n<td width=\"81\">tress\u00e9<\/td>\n<td width=\"66\">0,71<\/td>\n<td width=\"66\">80,3<\/td>\n<\/tr>\n<tr>\n<td width=\"108\">KOPFA7540U<\/td>\n<td width=\"34\">40<\/td>\n<td width=\"114\">7\/48<\/td>\n<td width=\"80\">0,38<\/td>\n<td width=\"80\">44<\/td>\n<td width=\"81\">fil\u00e9<\/td>\n<td width=\"66\">0,79<\/td>\n<td width=\"66\">74,0<\/td>\n<\/tr>\n<tr>\n<td width=\"108\">KOPFA7540G<\/td>\n<td width=\"34\">40<\/td>\n<td width=\"114\">7\/48<\/td>\n<td width=\"80\">0,33<\/td>\n<td width=\"80\">44<\/td>\n<td width=\"81\">tress\u00e9<\/td>\n<td width=\"66\">0,84<\/td>\n<td width=\"66\">72,1<\/td>\n<\/tr>\n<tr>\n<td width=\"108\">KOPFA7538U<\/td>\n<td width=\"34\">38<\/td>\n<td width=\"114\">7\/46<\/td>\n<td width=\"80\">0,46<\/td>\n<td width=\"80\">44<\/td>\n<td width=\"81\">fil\u00e9<\/td>\n<td width=\"66\">0,87<\/td>\n<td width=\"66\">77,2<\/td>\n<\/tr>\n<tr>\n<td width=\"108\">KOPFA7538G<\/td>\n<td width=\"34\">38<\/td>\n<td width=\"114\">7\/46<\/td>\n<td width=\"80\">0,48<\/td>\n<td width=\"80\">44<\/td>\n<td width=\"81\">tress\u00e9<\/td>\n<td width=\"66\">0,99<\/td>\n<td width=\"66\">68,4<\/td>\n<\/tr>\n<tr>\n<td width=\"108\">KOPFA7536U<\/td>\n<td width=\"34\">36<\/td>\n<td width=\"114\">7\/44<\/td>\n<td width=\"80\">0,68<\/td>\n<td width=\"80\">44<\/td>\n<td width=\"81\">fil\u00e9<\/td>\n<td width=\"66\">1,09<\/td>\n<td width=\"66\">69,9<\/td>\n<\/tr>\n<tr>\n<td width=\"108\">KOPFA7536G<\/td>\n<td width=\"34\">36<\/td>\n<td width=\"114\">7\/44<\/td>\n<td width=\"80\">0,66<\/td>\n<td width=\"80\">44<\/td>\n<td width=\"81\">tress\u00e9<\/td>\n<td width=\"66\">1,17<\/td>\n<td width=\"66\">67,5<\/td>\n<\/tr>\n<tr>\n<td width=\"108\">KOPFA7534U<\/td>\n<td width=\"34\">34<\/td>\n<td width=\"114\">7\/42<\/td>\n<td width=\"80\">0,89<\/td>\n<td width=\"80\">44<\/td>\n<td width=\"81\">fil\u00e9<\/td>\n<td width=\"66\">1,29<\/td>\n<td width=\"66\">68,5<\/td>\n<\/tr>\n<tr>\n<td width=\"108\">KOPFA7534G<\/td>\n<td width=\"34\">34<\/td>\n<td width=\"114\">7\/42<\/td>\n<td width=\"80\">0,89<\/td>\n<td width=\"80\">44<\/td>\n<td width=\"81\">tress\u00e9<\/td>\n<td width=\"66\">1,40<\/td>\n<td width=\"66\">65,7<\/td>\n<\/tr>\n<tr>\n<td colspan=\"8\" width=\"631\"><strong>C\u00e2ble coaxial 50 ohms avec PFA fixe<\/strong><\/td>\n<\/tr>\n<tr>\n<td width=\"108\">KOPFA5032U<\/td>\n<td width=\"34\">32<\/td>\n<td width=\"114\">19\/44<\/td>\n<td width=\"80\">0,68<\/td>\n<td width=\"80\">40<\/td>\n<td width=\"81\">fil\u00e9<\/td>\n<td width=\"66\">1,19<\/td>\n<td width=\"66\">105,0<\/td>\n<\/tr>\n<tr>\n<td width=\"108\">KOPFA5032G<\/td>\n<td width=\"34\">32<\/td>\n<td width=\"114\">19\/44<\/td>\n<td width=\"80\">0,68<\/td>\n<td width=\"80\">40<\/td>\n<td width=\"81\">tress\u00e9<\/td>\n<td width=\"66\">1,29<\/td>\n<td width=\"66\">100,0<\/td>\n<\/tr>\n<tr>\n<td width=\"108\">KOPFA5030U<\/td>\n<td width=\"34\">30<\/td>\n<td width=\"114\">19\/42<\/td>\n<td width=\"80\">0,79<\/td>\n<td width=\"80\">40<\/td>\n<td width=\"81\">fil\u00e9<\/td>\n<td width=\"66\">1,29<\/td>\n<td width=\"66\">110,0<\/td>\n<\/tr>\n<tr>\n<td width=\"108\">KOPFA5030G<\/td>\n<td width=\"34\">30<\/td>\n<td width=\"114\">19\/42<\/td>\n<td width=\"80\">0,79<\/td>\n<td width=\"80\">40<\/td>\n<td width=\"81\">tress\u00e9<\/td>\n<td width=\"66\">1,45<\/td>\n<td width=\"66\">98,4<\/td>\n<\/tr>\n<tr>\n<td width=\"108\">KOPFA5028U<\/td>\n<td width=\"34\">28<\/td>\n<td width=\"114\">19\/40<\/td>\n<td width=\"80\">1,02<\/td>\n<td width=\"80\">40<\/td>\n<td width=\"81\">fil\u00e9<\/td>\n<td width=\"66\">1,52<\/td>\n<td width=\"66\">106,2<\/td>\n<\/tr>\n<tr>\n<td width=\"108\">KOPFA5028G<\/td>\n<td width=\"34\">28<\/td>\n<td width=\"114\">19\/40<\/td>\n<td width=\"80\">1,02<\/td>\n<td width=\"80\">40<\/td>\n<td width=\"81\">tress\u00e9<\/td>\n<td width=\"66\">1,68<\/td>\n<td width=\"66\">98,4<\/td>\n<\/tr>\n<tr>\n<td width=\"108\">KOPFA5026U<\/td>\n<td width=\"34\">26<\/td>\n<td width=\"114\">19\/38<\/td>\n<td width=\"80\">1,30<\/td>\n<td width=\"80\">40<\/td>\n<td width=\"81\">fil\u00e9<\/td>\n<td width=\"66\">1,80<\/td>\n<td width=\"66\">107,2<\/td>\n<\/tr>\n<tr>\n<td width=\"108\">KOPFA5026G<\/td>\n<td width=\"34\">26<\/td>\n<td width=\"114\">19\/36<\/td>\n<td width=\"80\">1,35<\/td>\n<td width=\"80\">40<\/td>\n<td width=\"81\">tress\u00e9<\/td>\n<td width=\"66\">2,01<\/td>\n<td width=\"66\">97,0<\/td>\n<\/tr>\n<tr>\n<td width=\"108\">KOPFA5024U<\/td>\n<td width=\"34\">24<\/td>\n<td width=\"114\">19\/36<\/td>\n<td width=\"80\">1,60<\/td>\n<td width=\"80\">40<\/td>\n<td width=\"81\">fil\u00e9<\/td>\n<td width=\"66\">2,11<\/td>\n<td width=\"66\">110,0<\/td>\n<\/tr>\n<tr>\n<td width=\"108\">KOPFA5024G<\/td>\n<td width=\"34\">24<\/td>\n<td width=\"114\">19\/36<\/td>\n<td width=\"80\">1,73<\/td>\n<td width=\"80\">40<\/td>\n<td width=\"81\">tress\u00e9<\/td>\n<td width=\"66\">2,39<\/td>\n<td width=\"66\">97,2<\/td>\n<\/tr>\n<\/tbody>\n<\/table>\n<p>Tous les c\u00e2bles coaxiaux sont sp\u00e9cifi\u00e9s et test\u00e9s \u00e0 10 MHz et pour la capacit\u00e9 \u00e0 1 kHz Ces c\u00e2bles coaxiaux peuvent \u00e9galement \u00eatre fabriqu\u00e9s \u00e0 partir de diff\u00e9rentes combinaisons de mat\u00e9riaux conducteurs, di\u00e9lectriques et d&rsquo;isolation ext\u00e9rieure, selon les exigences du client.<\/p>\n<p>&nbsp;<\/p>\n<table width=\"789\">\n<tbody>\n<tr>\n<td width=\"302\">&nbsp;<\/p>\n<p><strong>Propri\u00e9t\u00e9s des di\u00e9lectriques expans\u00e9s<\/strong><\/p>\n<p>Les di\u00e9lectriques expans\u00e9s emprisonnent beaucoup de bulles d&rsquo;air et leur comportement se rapproche donc de celui du di\u00e9lectrique air, dont le temps de propagation de groupe correspond presque \u00e0 la vitesse de la lumi\u00e8re.<\/td>\n<td rowspan=\"2\" width=\"302\"><img loading=\"lazy\" decoding=\"async\" class=\" wp-image-9857 aligncenter\" src=\"https:\/\/schupp.ch\/wp-content\/uploads\/2024\/01\/Micro_Cables_01_280208-300x300.jpg\" alt=\"\" width=\"375\" height=\"375\" srcset=\"https:\/\/schupp.ch\/wp-content\/uploads\/2024\/01\/Micro_Cables_01_280208-300x300.jpg 300w, https:\/\/schupp.ch\/wp-content\/uploads\/2024\/01\/Micro_Cables_01_280208-600x600.jpg 600w, https:\/\/schupp.ch\/wp-content\/uploads\/2024\/01\/Micro_Cables_01_280208-900x900.jpg 900w, https:\/\/schupp.ch\/wp-content\/uploads\/2024\/01\/Micro_Cables_01_280208-100x100.jpg 100w, https:\/\/schupp.ch\/wp-content\/uploads\/2024\/01\/Micro_Cables_01_280208-150x150.jpg 150w, https:\/\/schupp.ch\/wp-content\/uploads\/2024\/01\/Micro_Cables_01_280208-768x768.jpg 768w, https:\/\/schupp.ch\/wp-content\/uploads\/2024\/01\/Micro_Cables_01_280208-1024x1024.jpg 1024w\" sizes=\"auto, (max-width: 375px) 100vw, 375px\" \/><\/td>\n<\/tr>\n<tr>\n<td width=\"302\">&nbsp;<\/p>\n<table>\n<tbody>\n<tr>\n<td colspan=\"5\" width=\"604\"><strong>Properties of materials<\/strong><\/td>\n<\/tr>\n<tr>\n<td width=\"259\">Material<\/td>\n<td width=\"86\">-B04<\/td>\n<td width=\"86\">-B05<\/td>\n<td width=\"86\">-GX20<\/td>\n<td width=\"86\">-GX16<\/td>\n<\/tr>\n<tr>\n<td width=\"259\">Temperatur range<\/td>\n<td width=\"86\">80\u00b0 C<\/td>\n<td width=\"86\">80\u00b0 C<\/td>\n<td width=\"86\">120\u00b0 C<\/td>\n<td width=\"86\">200\u00b0 C<\/td>\n<\/tr>\n<tr>\n<td width=\"259\">Group time constant<\/td>\n<td width=\"86\">1,80<\/td>\n<td width=\"86\">1,60<\/td>\n<td width=\"86\">1,60<\/td>\n<td width=\"86\">1,45<\/td>\n<\/tr>\n<tr>\n<td width=\"259\">Dielectric constant<\/td>\n<td width=\"86\">74,5 %<\/td>\n<td width=\"86\">79,0 %<\/td>\n<td width=\"86\">79,0 %<\/td>\n<td width=\"86\">82,5 %<\/td>\n<\/tr>\n<\/tbody>\n<\/table>\n<p>&nbsp;<\/td>\n<\/tr>\n<\/tbody>\n<\/table>\n<p>&nbsp;<\/p>\n","protected":false},"excerpt":{"rendered":"<p>&nbsp;<\/p>\n<h5>En collaboration avec nos fournisseurs, nous d\u00e9veloppons et produisons des c\u00e2bles sp\u00e9cifiques \u00e0 certaines applications avec des sections allant jusqu&rsquo;\u00e0 AWG 56 et des c\u00e2bles coaxiaux jusqu&rsquo;\u00e0 AWG 46. Ce qui est \u00e0 peine visible \u00e0 l&rsquo;\u0153il nu n&rsquo;en est pas moins remarquable : des fonctions importantes telles que la faible bruit et la grande flexibilit\u00e9 des c\u00e2bles sont garanties par l&rsquo;utilisation de mat\u00e9riaux haute performance et d&rsquo;alliages sp\u00e9ciaux.<\/h5>\n<p>&nbsp;<\/p>\n","protected":false},"featured_media":1975,"template":"","meta":{"_acf_changed":false},"product_brand":[],"product_cat":[281,146],"product_tag":[],"class_list":{"0":"post-5920","1":"product","2":"type-product","3":"status-publish","4":"has-post-thumbnail","6":"product_cat-cables-coaxiaux-miniatures-microminiatures","7":"product_cat-cables-electriques","9":"first","10":"instock","11":"shipping-taxable","12":"purchasable","13":"product-type-simple"},"acf":[],"_links":{"self":[{"href":"https:\/\/schupp.ch\/fr\/wp-json\/wp\/v2\/product\/5920","targetHints":{"allow":["GET"]}}],"collection":[{"href":"https:\/\/schupp.ch\/fr\/wp-json\/wp\/v2\/product"}],"about":[{"href":"https:\/\/schupp.ch\/fr\/wp-json\/wp\/v2\/types\/product"}],"wp:featuredmedia":[{"embeddable":true,"href":"https:\/\/schupp.ch\/fr\/wp-json\/wp\/v2\/media\/1975"}],"wp:attachment":[{"href":"https:\/\/schupp.ch\/fr\/wp-json\/wp\/v2\/media?parent=5920"}],"wp:term":[{"taxonomy":"product_brand","embeddable":true,"href":"https:\/\/schupp.ch\/fr\/wp-json\/wp\/v2\/product_brand?post=5920"},{"taxonomy":"product_cat","embeddable":true,"href":"https:\/\/schupp.ch\/fr\/wp-json\/wp\/v2\/product_cat?post=5920"},{"taxonomy":"product_tag","embeddable":true,"href":"https:\/\/schupp.ch\/fr\/wp-json\/wp\/v2\/product_tag?post=5920"}],"curies":[{"name":"wp","href":"https:\/\/api.w.org\/{rel}","templated":true}]}}