{"id":5921,"date":"2024-01-26T13:39:23","date_gmt":"2024-01-26T12:39:23","guid":{"rendered":"https:\/\/schupp.ch\/p\/bandes-en-silicone-auto-soudantes-arlon-et-mox-tape\/"},"modified":"2025-11-17T20:10:18","modified_gmt":"2025-11-17T19:10:18","slug":"bandes-en-silicone-auto-soudantes-arlon-et-mox-tape","status":"publish","type":"product","link":"https:\/\/schupp.ch\/fr\/p\/bandes-en-silicone-auto-soudantes-arlon-et-mox-tape\/","title":{"rendered":"Ruban en silicone, auto-soudantes, Arlon et MOX-Tape\u00ae"},"content":{"rendered":"<h5><strong>Caract\u00e9ristiques particuli\u00e8res<\/strong><\/h5>\n<ul>\n<li>R\u00e9sistant \u00e0 l&rsquo;humidit\u00e9, \u00e0 l&rsquo;oxyg\u00e8ne et \u00e0 l&rsquo;ozone<\/li>\n<li>S&rsquo;adaptent parfaitement aux formes complexes<\/li>\n<li>Auto-soudable \u00e0 temp\u00e9rature ambiante dans les 24 heures<\/li>\n<li>Pas d&rsquo;adh\u00e9sivit\u00e9 au toucher et pas de collage sur les surfaces ou les substrats<\/li>\n<li>Isolent avec un seul enroulement, r\u00e9duisant ainsi le temps et les co\u00fbts de travail.<\/li>\n<li>Amortir les vibrations<\/li>\n<li>R\u00e9sistent \u00e0 la chaleur et aux chocs m\u00e9caniques ainsi qu&rsquo;\u00e0 l&rsquo;effet Corona<\/li>\n<li>Formation de cendres non conductrices en cas d&rsquo;incendie. Conforme au test de flamme FAR 25.853<\/li>\n<\/ul>\n<p>&nbsp;<\/p>\n<h5><strong>Applications<\/strong><\/h5>\n<p><strong>\u00c9lectrique<\/strong><\/p>\n<ul>\n<li>Isolation et \u00e9tanch\u00e9it\u00e9 des connexions \u00e9lectriques<\/li>\n<li>Isolation des d\u00e9rivations de bobines et des barres omnibus dans la distribution \u00e9lectrique<\/li>\n<li>Isolation \u00e9lectromagn\u00e9tique de la bobine<\/li>\n<li>Connexions des moteurs<\/li>\n<li>Banderolage des isolations us\u00e9es dans les moteurs \u00e9lectriques<\/li>\n<li>S\u00e9parations de c\u00e2bles souterraines<\/li>\n<\/ul>\n<p>&nbsp;<\/p>\n<p><strong>M\u00e9canique<\/strong><\/p>\n<ul>\n<li>Protection des bobines contre les vibrations<\/li>\n<li>Regroupement de faisceaux de c\u00e2bles dans les applications \u00e0 haute temp\u00e9rature<\/li>\n<li>Protection contre la corrosion, par ex. pour les tuyaux m\u00e9talliques<\/li>\n<li>Alternative aux gaines thermor\u00e9tractables et aux rubans adh\u00e9sifs \u00e9lectriques dans le domaine de l&rsquo;\u00e9lectricit\u00e9<\/li>\n<li>\u00c9tanch\u00e9it\u00e9 s\u00fbre de tous les tuyaux et c\u00e2bles dans le secteur automobile<\/li>\n<li>\u00c9tanch\u00e9it\u00e9 des tuyaux d&rsquo;eau, des tuyaux de chauffage, des conduites d&rsquo;air comprim\u00e9<\/li>\n<\/ul>\n<p>&nbsp;<\/p>\n<p><strong>Diff\u00e9rence entre Arlon-Tape et MOX-Tape\u00ae.<\/strong><\/p>\n<p>Les homologations suivantes sont \u00e9galement disponibles pour les rubans Mox-Tape\u00ae :<\/p>\n<p>&#8211; MIL-I-46853C, Type I &amp; Type I<br \/>\n&#8211; General Electric A50A493<br \/>\n&#8211; A-A-59163, Type I &amp; Type II<br \/>\n&#8211; General Electric A50E112<br \/>\n&#8211; MIL-I-22444C<br \/>\n&#8211; General Dynamics P5384<br \/>\n&#8211; Boeing DSM2186 Type 1 &amp; Type 2<br \/>\n&#8211; Rohr RMS315<br \/>\n&#8211; Lockheed Martin MMS J517<br \/>\n&#8211; FAR 25.853<br \/>\n&#8211; Lockheed Martin 5-00857<br \/>\n&#8211; UL File # E216531<\/p>\n<p>&nbsp;<\/p>\n","protected":false},"excerpt":{"rendered":"<p>&nbsp;<\/p>\n<h5>Ces rubans auto-soudants sont fabriqu\u00e9s \u00e0 partir d&rsquo;un caoutchouc de silicone sp\u00e9cialement formul\u00e9. Elles se soudent d&rsquo;elles-m\u00eames de mani\u00e8re indissociable et cr\u00e9ent une barri\u00e8re d&rsquo;isolation qui r\u00e9siste \u00e0 l&rsquo;humidit\u00e9, \u00e0 l&rsquo;oxyg\u00e8ne, \u00e0 l&rsquo;ozone et \u00e0 l&rsquo;effet Corona sur une large plage de temp\u00e9ratures (-54\u00b0C \u00e0 +260\u00b0C). Ils pr\u00e9sentent une excellente r\u00e9sistance \u00e0 l&rsquo;isolation \u00e9lectrique, avec une rigidit\u00e9 di\u00e9lectrique d&rsquo;au moins 12 kV\/mm \u00e0 180\u00b0C.<\/h5>\n<p>&nbsp;<\/p>\n","protected":false},"featured_media":1992,"template":"","meta":{"_acf_changed":false},"product_brand":[],"product_cat":[165,200],"product_tag":[],"class_list":{"0":"post-5921","1":"product","2":"type-product","3":"status-publish","4":"has-post-thumbnail","6":"product_cat-bandes-techniques","7":"product_cat-rubans-de-silicone-arlon-mox","9":"first","10":"instock","11":"shipping-taxable","12":"purchasable","13":"product-type-simple"},"acf":[],"_links":{"self":[{"href":"https:\/\/schupp.ch\/fr\/wp-json\/wp\/v2\/product\/5921","targetHints":{"allow":["GET"]}}],"collection":[{"href":"https:\/\/schupp.ch\/fr\/wp-json\/wp\/v2\/product"}],"about":[{"href":"https:\/\/schupp.ch\/fr\/wp-json\/wp\/v2\/types\/product"}],"wp:featuredmedia":[{"embeddable":true,"href":"https:\/\/schupp.ch\/fr\/wp-json\/wp\/v2\/media\/1992"}],"wp:attachment":[{"href":"https:\/\/schupp.ch\/fr\/wp-json\/wp\/v2\/media?parent=5921"}],"wp:term":[{"taxonomy":"product_brand","embeddable":true,"href":"https:\/\/schupp.ch\/fr\/wp-json\/wp\/v2\/product_brand?post=5921"},{"taxonomy":"product_cat","embeddable":true,"href":"https:\/\/schupp.ch\/fr\/wp-json\/wp\/v2\/product_cat?post=5921"},{"taxonomy":"product_tag","embeddable":true,"href":"https:\/\/schupp.ch\/fr\/wp-json\/wp\/v2\/product_tag?post=5921"}],"curies":[{"name":"wp","href":"https:\/\/api.w.org\/{rel}","templated":true}]}}